{"id":26,"date":"2023-03-06T12:24:32","date_gmt":"2023-03-06T11:24:32","guid":{"rendered":"http:\/\/agora.xtec.cat\/escola-francescmacia\/?page_id=26"},"modified":"2023-03-06T13:36:59","modified_gmt":"2023-03-06T12:36:59","slug":"historia","status":"publish","type":"page","link":"https:\/\/agora.xtec.cat\/escola-francescmacia\/lescola\/historia\/","title":{"rendered":"Documentaci\u00f3 Oficial de Centre"},"content":{"rendered":"<p>En els seg\u00fcents enlla\u00e7os trobareu la Documentaci\u00f3 Oficial de Centre.<\/p>\n<p><a href=\"https:\/\/agora.xtec.cat\/escola-francescmacia\/wp-content\/uploads\/usu1684\/2019\/02\/Projecte-Educatiu-de-Centre-Escola-Francesc-Maci\u00e0.pdf\">Projecte Educatiu de Centre Escola Francesc Maci\u00e0<\/a><\/p>\n<p><a href=\"https:\/\/agora.xtec.cat\/escola-francescmacia\/wp-content\/uploads\/usu1684\/2019\/02\/Projecte-Ling\u00fc\u00edstic-Escola-Francesc-Maci\u00e0.pdf\">Projecte Ling\u00fc\u00edstic Escola Francesc Maci\u00e0<\/a><\/p>\n<p><a href=\"https:\/\/agora.xtec.cat\/escola-francescmacia\/wp-content\/uploads\/usu1684\/2022\/09\/nofc-escola-francesc-macia.setembre-2022.pdf\">Normes d\u2019Organitzaci\u00f3 i Funcionament de Centre<\/a><\/p>\n<p><a href=\"https:\/\/drive.google.com\/file\/d\/19XJ81lnQoHOt85Z5Vh5hS-jKx784Rvdm\/view?usp=share_link\">Pla TAC<\/a><\/p>\n","protected":false},"excerpt":{"rendered":"<p>En els seg\u00fcents enlla\u00e7os trobareu la Documentaci\u00f3 Oficial de Centre.<br \/>\n<a href=\"https:\/\/agora.xtec.cat\/escola-francescmacia\/wp-content\/uploads\/usu1684\/2019\/02\/Projecte-Educatiu-de-Centre-Escola-Francesc-Maci\u00e0.pdf\">Projecte Educatiu de Centre Escola Francesc Maci\u00e0<\/a><br \/>\n<a href=\"https:\/\/agora.xtec.cat\/escola-francescmacia\/wp-content\/uploads\/usu1684\/2019\/02\/Projecte-Ling\u00fc\u00edstic-Escola-Francesc-Maci\u00e0.pdf\">Projecte Ling\u00fc\u00edstic Escola Francesc Maci\u00e0<\/a><br \/>\n<a href=\"https:\/\/agora.xtec.cat\/escola-francescmacia\/wp-content\/uploads\/usu1684\/2022\/09\/nofc-escola-francesc-macia.setembre-2022.pdf\">Normes d\u2019Organitzaci\u00f3 i Funcionament de Centre<\/a><br \/>\n<a href=\"https:\/\/drive.google.com\/file\/d\/19XJ81lnQoHOt85Z5Vh5hS-jKx784Rvdm\/view?usp=share_link\">Pla TAC<\/a><\/p>\n","protected":false},"author":1,"featured_media":0,"parent":22,"menu_order":20,"comment_status":"closed","ping_status":"closed","template":"page-templates\/side-menu.php","meta":{"_bbp_topic_count":0,"_bbp_reply_count":0,"_bbp_total_topic_count":0,"_bbp_total_reply_count":0,"_bbp_voice_count":0,"_bbp_anonymous_reply_count":0,"_bbp_topic_count_hidden":0,"_bbp_reply_count_hidden":0,"_bbp_forum_subforum_count":0,"footnotes":""},"class_list":["post-26","page","type-page","status-publish","hentry"],"post_mailing_queue_ids":[],"_links":{"self":[{"href":"https:\/\/agora.xtec.cat\/escola-francescmacia\/wp-json\/wp\/v2\/pages\/26","targetHints":{"allow":["GET"]}}],"collection":[{"href":"https:\/\/agora.xtec.cat\/escola-francescmacia\/wp-json\/wp\/v2\/pages"}],"about":[{"href":"https:\/\/agora.xtec.cat\/escola-francescmacia\/wp-json\/wp\/v2\/types\/page"}],"author":[{"embeddable":true,"href":"https:\/\/agora.xtec.cat\/escola-francescmacia\/wp-json\/wp\/v2\/users\/1"}],"replies":[{"embeddable":true,"href":"https:\/\/agora.xtec.cat\/escola-francescmacia\/wp-json\/wp\/v2\/comments?post=26"}],"version-history":[{"count":3,"href":"https:\/\/agora.xtec.cat\/escola-francescmacia\/wp-json\/wp\/v2\/pages\/26\/revisions"}],"predecessor-version":[{"id":3392,"href":"https:\/\/agora.xtec.cat\/escola-francescmacia\/wp-json\/wp\/v2\/pages\/26\/revisions\/3392"}],"up":[{"embeddable":true,"href":"https:\/\/agora.xtec.cat\/escola-francescmacia\/wp-json\/wp\/v2\/pages\/22"}],"wp:attachment":[{"href":"https:\/\/agora.xtec.cat\/escola-francescmacia\/wp-json\/wp\/v2\/media?parent=26"}],"curies":[{"name":"wp","href":"https:\/\/api.w.org\/{rel}","templated":true}]}}