{"id":2358,"date":"2021-03-22T15:03:43","date_gmt":"2021-03-22T14:03:43","guid":{"rendered":"http:\/\/agora.xtec.cat\/escola-francescmacia\/?page_id=2358"},"modified":"2025-09-03T11:03:05","modified_gmt":"2025-09-03T09:03:05","slug":"equip-docent","status":"publish","type":"page","link":"https:\/\/agora.xtec.cat\/escola-francescmacia\/lescola\/equip-docent\/","title":{"rendered":"Equip Docent"},"content":{"rendered":"<p style=\"text-align: left;\"><span style=\"font-weight: 400;\">Per poder tirar endavant una escola, \u00e9s necessari un equip hum\u00e0 format, no nom\u00e9s per l\u2019equip docent, <\/span><span style=\"font-weight: 400;\">sin\u00f3 per totes les persones que intervenen en el dia a dia del centre.<\/span><\/p>\n<p><span style=\"font-weight: 400;\">L\u2019equip d\u2019aquest curs 2025-2026 est\u00e0 format per:<\/span><\/p>\n<p>&nbsp;<\/p>\n<p><b>EQUIP DIRECTIU<\/b><\/p>\n<p><span style=\"font-weight: 400;\">DIRECTORA: Maria Pin<\/span><\/p>\n<p><span style=\"font-weight: 400;\">CAP D\u2019ESTUDIS: Igor Ceballos\u00a0<\/span><\/p>\n<p><span style=\"font-weight: 400;\">SECRET\u00c0RIA: S\u00f2nia Solanas<\/span><\/p>\n<p>&nbsp;<\/p>\n<p><b>EDUCACI\u00d3 INFANTIL:<\/b><\/p>\n<p><i><span style=\"font-weight: 400;\">Tutories:<\/span><\/i><\/p>\n<p><span style=\"font-weight: 400;\">I3: M\u00f2nica Rojas<\/span><\/p>\n<p>I4: Mireia Garcia<\/p>\n<p><span style=\"font-weight: 400;\">I5 A: Aleidis Arnau<\/span><\/p>\n<p>I5 B: Marta Mart\u00ednez<\/p>\n<p><span style=\"font-weight: 400;\">M. \u00c0ngels Torres (Suport)<\/span><\/p>\n<p>Marta Longares (Suport)<\/p>\n<p>Carla Martos (Suport)<\/p>\n<p>Montse Caellas i S\u00f2nia L\u00f3pez (TEEI)<\/p>\n<p>&nbsp;<\/p>\n<p><b style=\"font-family: inherit; font-size: 1em;\">EDUCACI\u00d3 PRIM\u00c0RIA:<\/b><\/p>\n<p><i><span style=\"font-weight: 400;\">Tutories:<\/span><\/i><\/p>\n<p><span style=\"font-weight: 400;\">1r A: N\u00faria Revert\u00e9<\/span><\/p>\n<p>1r B: Pep Hern\u00e1ndez<\/p>\n<p><span style=\"font-weight: 400;\">2n: N\u00faria Mart\u00ednez\u00a0<\/span><\/p>\n<p><span style=\"font-weight: 400;\">3r: Sara Moreno<\/span><\/p>\n<p><span style=\"font-weight: 400;\">4t: Noelia Morte<\/span><\/p>\n<p><span style=\"font-weight: 400;\">5\u00e8: Cristina Gorro<\/span><\/p>\n<p><span style=\"font-weight: 400;\">6\u00e8: Lidia Blay<\/span><\/p>\n<p><b>ESPECIALITATS:<\/b><\/p>\n<p><i><span style=\"font-weight: 400;\">M\u00fasica:\u00a0<\/span><\/i><\/p>\n<p><span style=\"font-weight: 400;\">Joana Bass\u00f3\u00a0<\/span><\/p>\n<p><i><span style=\"font-weight: 400;\">Educaci\u00f3 F\u00edsica:<\/span><\/i><\/p>\n<p><span style=\"font-weight: 400;\">Patri Delgado\u00a0<\/span><\/p>\n<p><i><span style=\"font-weight: 400;\">Educaci\u00f3 Especial:\u00a0<\/span><\/i><\/p>\n<p>Patr\u00edcia Mato<\/p>\n<p><i><span style=\"font-weight: 400;\">Angl\u00e8s:<\/span><\/i><\/p>\n<p><span style=\"font-weight: 400;\">Mari Ale\u00f1ar (de I4 a 6\u00e8.)<\/span><\/p>\n<p>Igor Ceballos (de 4t. a 6\u00e8.)<\/p>\n<p><i><span style=\"font-weight: 400;\">Religi\u00f3:<\/span><\/i><\/p>\n<p><span style=\"font-weight: 400;\">Nacho Herrando<\/span><\/p>\n<p>&nbsp;<\/p>\n<p><b>PERSONAL D\u2019ACCI\u00d3 EDUCATIVA:<\/b><\/p>\n<p><i><span style=\"font-weight: 400;\">T\u00e8cnica d&#8217;Educaci\u00f3 Infantil:<\/span><\/i><\/p>\n<p>Montse Caellas<\/p>\n<p><i><span style=\"font-weight: 400;\">T\u00e8cnic d&#8217;Integraci\u00f3 Social:<\/span><\/i><\/p>\n<p>Maria G\u00f3mez<\/p>\n<p><i><span style=\"font-weight: 400;\">Auxiliar d&#8217;Educaci\u00f3 Especial:<\/span><\/i><\/p>\n<p><span style=\"font-weight: 400;\">T\u00e0nia Coronel<\/span><\/p>\n<p>&nbsp;<\/p>\n<p><b>PERSONAL D\u2019ADMISTRACI\u00d3 I SERVEIS:<\/b><\/p>\n<p><i><span style=\"font-weight: 400;\">Conserge:<\/span><\/i><\/p>\n<p><span style=\"font-weight: 400;\">Manel Sola<\/span><\/p>\n<p><i><span style=\"font-weight: 400;\">Administrativa:<\/span><\/i><span style=\"font-weight: 400;\">\u00a0<\/span><\/p>\n<p><span style=\"font-weight: 400;\">Cristina Torres<\/span><\/p>\n<p><em>T\u00e8cnica d&#8217;Integraci\u00f3 Social:<\/em><\/p>\n<p>Maria Gomez<\/p>\n<p><i><span style=\"font-weight: 400;\">Coordinadora de menjador:\u00a0<\/span><\/i><\/p>\n<p><span style=\"font-weight: 400;\">Iman El Bouazzati<\/span><\/p>\n<p>&nbsp;<\/p>\n","protected":false},"excerpt":{"rendered":"<p>Per poder tirar endavant una escola, \u00e9s necessari un equip hum\u00e0 format, no nom\u00e9s per l\u2019equip docent, sin\u00f3 per totes les persones que intervenen en el dia a dia del centre.<br \/>\nL\u2019equip d\u2019aquest curs 2025-2026 est\u00e0 format per:<br \/>\n&nbsp;<br \/>\nEQUIP DIRECTIU<br \/>\nDIRECTORA: Maria Pin<br \/>\nCAP D\u2019ESTUDIS: Igor Ceballos\u00a0<br \/>\nSECRET\u00c0RIA: S\u00f2nia Solanas<br \/>\n&nbsp;<br \/>\nEDUCACI\u00d3&hellip;  <a href=\"https:\/\/agora.xtec.cat\/escola-francescmacia\/lescola\/equip-docent\/\" title=\"Read Equip Docent\">Llegeix m\u00e9s\u00bb<\/a><\/p>\n","protected":false},"author":1,"featured_media":0,"parent":22,"menu_order":0,"comment_status":"closed","ping_status":"closed","template":"","meta":{"_bbp_topic_count":0,"_bbp_reply_count":0,"_bbp_total_topic_count":0,"_bbp_total_reply_count":0,"_bbp_voice_count":0,"_bbp_anonymous_reply_count":0,"_bbp_topic_count_hidden":0,"_bbp_reply_count_hidden":0,"_bbp_forum_subforum_count":0,"footnotes":""},"class_list":["post-2358","page","type-page","status-publish","hentry"],"post_mailing_queue_ids":[],"_links":{"self":[{"href":"https:\/\/agora.xtec.cat\/escola-francescmacia\/wp-json\/wp\/v2\/pages\/2358","targetHints":{"allow":["GET"]}}],"collection":[{"href":"https:\/\/agora.xtec.cat\/escola-francescmacia\/wp-json\/wp\/v2\/pages"}],"about":[{"href":"https:\/\/agora.xtec.cat\/escola-francescmacia\/wp-json\/wp\/v2\/types\/page"}],"author":[{"embeddable":true,"href":"https:\/\/agora.xtec.cat\/escola-francescmacia\/wp-json\/wp\/v2\/users\/1"}],"replies":[{"embeddable":true,"href":"https:\/\/agora.xtec.cat\/escola-francescmacia\/wp-json\/wp\/v2\/comments?post=2358"}],"version-history":[{"count":7,"href":"https:\/\/agora.xtec.cat\/escola-francescmacia\/wp-json\/wp\/v2\/pages\/2358\/revisions"}],"predecessor-version":[{"id":4657,"href":"https:\/\/agora.xtec.cat\/escola-francescmacia\/wp-json\/wp\/v2\/pages\/2358\/revisions\/4657"}],"up":[{"embeddable":true,"href":"https:\/\/agora.xtec.cat\/escola-francescmacia\/wp-json\/wp\/v2\/pages\/22"}],"wp:attachment":[{"href":"https:\/\/agora.xtec.cat\/escola-francescmacia\/wp-json\/wp\/v2\/media?parent=2358"}],"curies":[{"name":"wp","href":"https:\/\/api.w.org\/{rel}","templated":true}]}}