{"id":1832,"date":"2020-01-13T15:23:42","date_gmt":"2020-01-13T14:23:42","guid":{"rendered":"http:\/\/agora.xtec.cat\/escola-francescmacia\/?page_id=1832"},"modified":"2020-01-14T16:01:48","modified_gmt":"2020-01-14T15:01:48","slug":"assemblea-dinfants","status":"publish","type":"page","link":"https:\/\/agora.xtec.cat\/escola-francescmacia\/lescola\/els-nostres-projectes\/amb-lalumnat\/assemblea-dinfants\/","title":{"rendered":"Assemblea d&#8217;infants"},"content":{"rendered":"<p>Un cop al trimestre es celebra l&#8217;assemblea d&#8217;infants.<\/p>\n<p>Aquesta assemblea est\u00e0 formada per 2 representants de cadascuna de les classes de l&#8217;escola (des de P5 fins a 6\u00e8), un mestre de cada comunitat i l&#8217;equip directiu al complet.<\/p>\n<p>L&#8217;objectiu d&#8217;aquestes trobades\/assemblees \u00e9s el de contar, explicar i compartir qu\u00e8 \u00e9s all\u00f2 que est\u00e0 treballant cadascuna de les classes i explicar els projectes que estan realitzant. A m\u00e9s, tamb\u00e9 sorgeixen propostes de millora per l&#8217;escola i per la classe.<\/p>\n<p>L&#8217;alumnat representant \u00e9s elegit mitjan\u00e7ant un sorteig p\u00fablic per a tota l&#8217;escola un dia a l&#8217;hora del pati. L&#8217;alumnat va rotant i amb la idea que al final de l&#8217;escolaritzaci\u00f3 tot l&#8217;alumnat hagi participat\u00a0 almenys un cop.<\/p>\n<p>&nbsp;<\/p>\n<p><a href=\"https:\/\/agora.xtec.cat\/escola-francescmacia\/wp-content\/uploads\/usu1684\/2019\/03\/IMG-20190227-WA0009.jpg\"><img loading=\"lazy\" decoding=\"async\" class=\"alignnone size-full wp-image-1424\" src=\"https:\/\/agora.xtec.cat\/escola-francescmacia\/wp-content\/uploads\/usu1684\/2019\/03\/IMG-20190227-WA0009.jpg\" alt=\"\" width=\"1599\" height=\"1200\" srcset=\"https:\/\/agora.xtec.cat\/escola-francescmacia\/wp-content\/uploads\/usu1684\/2019\/03\/IMG-20190227-WA0009.jpg 1599w, https:\/\/agora.xtec.cat\/escola-francescmacia\/wp-content\/uploads\/usu1684\/2019\/03\/IMG-20190227-WA0009-300x225.jpg 300w, https:\/\/agora.xtec.cat\/escola-francescmacia\/wp-content\/uploads\/usu1684\/2019\/03\/IMG-20190227-WA0009-768x576.jpg 768w, https:\/\/agora.xtec.cat\/escola-francescmacia\/wp-content\/uploads\/usu1684\/2019\/03\/IMG-20190227-WA0009-1024x768.jpg 1024w, https:\/\/agora.xtec.cat\/escola-francescmacia\/wp-content\/uploads\/usu1684\/2019\/03\/IMG-20190227-WA0009-200x150.jpg 200w\" sizes=\"auto, (max-width: 1599px) 100vw, 1599px\" \/><\/a><\/p>\n","protected":false},"excerpt":{"rendered":"<p>Un cop al trimestre es celebra l&#8217;assemblea d&#8217;infants.<br \/>\nAquesta assemblea est\u00e0 formada per 2 representants de cadascuna de les classes de l&#8217;escola (des de P5 fins a 6\u00e8), un mestre de cada comunitat i l&#8217;equip directiu al complet.<br \/>\nL&#8217;objectiu d&#8217;aquestes trobades\/assemblees \u00e9s el de contar, explicar i&hellip;  <a href=\"https:\/\/agora.xtec.cat\/escola-francescmacia\/lescola\/els-nostres-projectes\/amb-lalumnat\/assemblea-dinfants\/\" title=\"Read Assemblea d&#8217;infants\">Llegeix m\u00e9s\u00bb<\/a><\/p>\n","protected":false},"author":1,"featured_media":0,"parent":1823,"menu_order":0,"comment_status":"closed","ping_status":"closed","template":"","meta":{"_bbp_topic_count":0,"_bbp_reply_count":0,"_bbp_total_topic_count":0,"_bbp_total_reply_count":0,"_bbp_voice_count":0,"_bbp_anonymous_reply_count":0,"_bbp_topic_count_hidden":0,"_bbp_reply_count_hidden":0,"_bbp_forum_subforum_count":0,"footnotes":""},"class_list":["post-1832","page","type-page","status-publish","hentry"],"post_mailing_queue_ids":[],"_links":{"self":[{"href":"https:\/\/agora.xtec.cat\/escola-francescmacia\/wp-json\/wp\/v2\/pages\/1832","targetHints":{"allow":["GET"]}}],"collection":[{"href":"https:\/\/agora.xtec.cat\/escola-francescmacia\/wp-json\/wp\/v2\/pages"}],"about":[{"href":"https:\/\/agora.xtec.cat\/escola-francescmacia\/wp-json\/wp\/v2\/types\/page"}],"author":[{"embeddable":true,"href":"https:\/\/agora.xtec.cat\/escola-francescmacia\/wp-json\/wp\/v2\/users\/1"}],"replies":[{"embeddable":true,"href":"https:\/\/agora.xtec.cat\/escola-francescmacia\/wp-json\/wp\/v2\/comments?post=1832"}],"version-history":[{"count":2,"href":"https:\/\/agora.xtec.cat\/escola-francescmacia\/wp-json\/wp\/v2\/pages\/1832\/revisions"}],"predecessor-version":[{"id":1846,"href":"https:\/\/agora.xtec.cat\/escola-francescmacia\/wp-json\/wp\/v2\/pages\/1832\/revisions\/1846"}],"up":[{"embeddable":true,"href":"https:\/\/agora.xtec.cat\/escola-francescmacia\/wp-json\/wp\/v2\/pages\/1823"}],"wp:attachment":[{"href":"https:\/\/agora.xtec.cat\/escola-francescmacia\/wp-json\/wp\/v2\/media?parent=1832"}],"curies":[{"name":"wp","href":"https:\/\/api.w.org\/{rel}","templated":true}]}}