{"id":1827,"date":"2020-01-13T15:00:01","date_gmt":"2020-01-13T14:00:01","guid":{"rendered":"http:\/\/agora.xtec.cat\/escola-francescmacia\/?page_id=1827"},"modified":"2025-01-31T15:46:00","modified_gmt":"2025-01-31T14:46:00","slug":"amb-la-comunitat","status":"publish","type":"page","link":"https:\/\/agora.xtec.cat\/escola-francescmacia\/lescola\/els-nostres-projectes\/amb-la-comunitat\/","title":{"rendered":"Amb la comunitat"},"content":{"rendered":"<p>Els projectes que duem a terme amb la Comunitat (infants, fam\u00edlies i entitats) s\u00f3n els seg\u00fcents:<\/p>\n<ul>\n<li><a href=\"https:\/\/agora.xtec.cat\/escola-francescmacia\/lescola\/els-nostres-projectes\/amb-la-comunitat\/vincular-x-educar\/\">Vincular x Educar<\/a><\/li>\n<li><a href=\"https:\/\/agora.xtec.cat\/escola-francescmacia\/lescola\/els-nostres-projectes\/transformacio-educativa\/xarxes-pel-canvi\/\">Xarxes per al canvi<\/a><\/li>\n<li><a href=\"https:\/\/agora.xtec.cat\/escola-francescmacia\/lescola\/els-nostres-projectes\/amb-lalumnat\/exit\/\">\u00c8xit, acompanyament educatiu<\/a><\/li>\n<li><a href=\"https:\/\/agora.xtec.cat\/escola-francescmacia\/lescola\/els-nostres-projectes\/amb-lalumnat\/aprenem-compartint\/\">Aprenem Compartint<\/a><\/li>\n<\/ul>\n","protected":false},"excerpt":{"rendered":"<p>Els projectes que duem a terme amb la Comunitat (infants, fam\u00edlies i entitats) s\u00f3n els seg\u00fcents:<\/p>\n<ul>\n<li><a href=\"https:\/\/agora.xtec.cat\/escola-francescmacia\/lescola\/els-nostres-projectes\/amb-la-comunitat\/vincular-x-educar\/\">Vincular x Educar<\/a><\/li>\n<li><a href=\"https:\/\/agora.xtec.cat\/escola-francescmacia\/lescola\/els-nostres-projectes\/transformacio-educativa\/xarxes-pel-canvi\/\">Xarxes per al canvi<\/a><\/li>\n<li><a href=\"https:\/\/agora.xtec.cat\/escola-francescmacia\/lescola\/els-nostres-projectes\/amb-lalumnat\/exit\/\">\u00c8xit, acompanyament educatiu<\/a><\/li>\n<li><a href=\"https:\/\/agora.xtec.cat\/escola-francescmacia\/lescola\/els-nostres-projectes\/amb-lalumnat\/aprenem-compartint\/\">Aprenem Compartint<\/a><\/li>\n<\/ul>\n","protected":false},"author":1,"featured_media":0,"parent":1317,"menu_order":0,"comment_status":"closed","ping_status":"closed","template":"","meta":{"_bbp_topic_count":0,"_bbp_reply_count":0,"_bbp_total_topic_count":0,"_bbp_total_reply_count":0,"_bbp_voice_count":0,"_bbp_anonymous_reply_count":0,"_bbp_topic_count_hidden":0,"_bbp_reply_count_hidden":0,"_bbp_forum_subforum_count":0,"footnotes":""},"class_list":["post-1827","page","type-page","status-publish","hentry"],"post_mailing_queue_ids":[],"_links":{"self":[{"href":"https:\/\/agora.xtec.cat\/escola-francescmacia\/wp-json\/wp\/v2\/pages\/1827","targetHints":{"allow":["GET"]}}],"collection":[{"href":"https:\/\/agora.xtec.cat\/escola-francescmacia\/wp-json\/wp\/v2\/pages"}],"about":[{"href":"https:\/\/agora.xtec.cat\/escola-francescmacia\/wp-json\/wp\/v2\/types\/page"}],"author":[{"embeddable":true,"href":"https:\/\/agora.xtec.cat\/escola-francescmacia\/wp-json\/wp\/v2\/users\/1"}],"replies":[{"embeddable":true,"href":"https:\/\/agora.xtec.cat\/escola-francescmacia\/wp-json\/wp\/v2\/comments?post=1827"}],"version-history":[{"count":4,"href":"https:\/\/agora.xtec.cat\/escola-francescmacia\/wp-json\/wp\/v2\/pages\/1827\/revisions"}],"predecessor-version":[{"id":4520,"href":"https:\/\/agora.xtec.cat\/escola-francescmacia\/wp-json\/wp\/v2\/pages\/1827\/revisions\/4520"}],"up":[{"embeddable":true,"href":"https:\/\/agora.xtec.cat\/escola-francescmacia\/wp-json\/wp\/v2\/pages\/1317"}],"wp:attachment":[{"href":"https:\/\/agora.xtec.cat\/escola-francescmacia\/wp-json\/wp\/v2\/media?parent=1827"}],"curies":[{"name":"wp","href":"https:\/\/api.w.org\/{rel}","templated":true}]}}