{"id":1330,"date":"2019-02-25T13:20:36","date_gmt":"2019-02-25T12:20:36","guid":{"rendered":"http:\/\/agora.xtec.cat\/escola-francescmacia\/?page_id=1330"},"modified":"2020-01-13T15:03:22","modified_gmt":"2020-01-13T14:03:22","slug":"aprenem-compartint","status":"publish","type":"page","link":"https:\/\/agora.xtec.cat\/escola-francescmacia\/lescola\/els-nostres-projectes\/amb-lalumnat\/aprenem-compartint\/","title":{"rendered":"Aprenem Compartint"},"content":{"rendered":"<p>Aprenem compartint, un projecte que el Secretariat encap\u00e7ala amb col\u00b7laboraci\u00f3 del Districte de Sants-Montju\u00efc i la Diputaci\u00f3 de Barcelona, \u00e9s una activitat educativa que es planteja com una iniciativa de car\u00e0cter preventiu i com un recurs al servei de les escoles i les fam\u00edlies per millorar l\u2019aprenentatge, les actituds i la motivaci\u00f3 de l\u2019alumnat amb dificultats.<\/p>\n<p>Aquest projecte es va iniciar com a prova pilot amb alumnat de secund\u00e0ria al 2012. Actualment hi ha 12 grups en funcionament, 9 de prim\u00e0ria i 3 de secund\u00e0ria. S\u2019atenen 120 alumnes, hi ha 4 persones contractades i unes 60 persones volunt\u00e0ries de suport. Alhora, s\u2019ofereix a l\u2019alumnat de secund\u00e0ria la possibilitat de participar d\u2019una experi\u00e8ncia d\u2019Aprenentatge-Servei, realitzant tasques de suport als grups de prim\u00e0ria.<\/p>\n<p><strong>Com funciona?<\/strong><br \/>\nDues tardes a la setmana, durant una hora i mitja, una monitora i 2 o 3 persones volunt\u00e0ries acompanyen un grup d\u2019alumnes a l\u2019hora de resoldre dubtes, fer deures o preparar els ex\u00e0mens. A m\u00e9s, es treballa la consolidaci\u00f3 de coneixements, l\u2019autoestima i l\u2019autonomia; es fomenta la lectura; es treballen h\u00e0bits i es proporcionen eines i t\u00e8cniques d\u2019estudi.<\/p>\n<p>M\u00e9s enll\u00e0 de l\u2019\u00e0mbit acad\u00e8mic, el projecte fa un pas m\u00e9s i proposa activitats com ara sortides educatives i culturals, dues celebracions anuals amb totes les persones que participen al projecte (voluntariat, fam\u00edlies i alumnat, comunitat educativa&#8230;), implicaci\u00f3 amb el teixit associatiu del territori, etc.<\/p>\n<p>Una de les excel\u00b7l\u00e8ncies del projecte \u00e9s convidar l\u2019alumnat de secund\u00e0ria que fa els 16 anys a formar part de l\u2019equip que at\u00e9n els nens i nenes de prim\u00e0ria, podent oferir un retorn del servei que van rebre quan eren alumnes.<\/p>\n<p><a href=\"https:\/\/agora.xtec.cat\/escola-francescmacia\/wp-content\/uploads\/usu1684\/2019\/02\/Aprenem460x110.jpg\"><img loading=\"lazy\" decoding=\"async\" class=\"alignnone size-full wp-image-1401\" src=\"https:\/\/agora.xtec.cat\/escola-francescmacia\/wp-content\/uploads\/usu1684\/2019\/02\/Aprenem460x110.jpg\" alt=\"\" width=\"460\" height=\"110\" srcset=\"https:\/\/agora.xtec.cat\/escola-francescmacia\/wp-content\/uploads\/usu1684\/2019\/02\/Aprenem460x110.jpg 460w, https:\/\/agora.xtec.cat\/escola-francescmacia\/wp-content\/uploads\/usu1684\/2019\/02\/Aprenem460x110-300x72.jpg 300w\" sizes=\"auto, (max-width: 460px) 100vw, 460px\" \/><\/a><\/p>\n","protected":false},"excerpt":{"rendered":"<p>Aprenem compartint, un projecte que el Secretariat encap\u00e7ala amb col\u00b7laboraci\u00f3 del Districte de Sants-Montju\u00efc i la Diputaci\u00f3 de Barcelona, \u00e9s una activitat educativa que es planteja com una iniciativa de car\u00e0cter preventiu i com un recurs al servei de les escoles i les fam\u00edlies per&hellip;  <a href=\"https:\/\/agora.xtec.cat\/escola-francescmacia\/lescola\/els-nostres-projectes\/amb-lalumnat\/aprenem-compartint\/\" title=\"Read Aprenem Compartint\">Llegeix m\u00e9s\u00bb<\/a><\/p>\n","protected":false},"author":1,"featured_media":0,"parent":1823,"menu_order":0,"comment_status":"closed","ping_status":"closed","template":"","meta":{"_bbp_topic_count":0,"_bbp_reply_count":0,"_bbp_total_topic_count":0,"_bbp_total_reply_count":0,"_bbp_voice_count":0,"_bbp_anonymous_reply_count":0,"_bbp_topic_count_hidden":0,"_bbp_reply_count_hidden":0,"_bbp_forum_subforum_count":0,"footnotes":""},"class_list":["post-1330","page","type-page","status-publish","hentry"],"post_mailing_queue_ids":[],"_links":{"self":[{"href":"https:\/\/agora.xtec.cat\/escola-francescmacia\/wp-json\/wp\/v2\/pages\/1330","targetHints":{"allow":["GET"]}}],"collection":[{"href":"https:\/\/agora.xtec.cat\/escola-francescmacia\/wp-json\/wp\/v2\/pages"}],"about":[{"href":"https:\/\/agora.xtec.cat\/escola-francescmacia\/wp-json\/wp\/v2\/types\/page"}],"author":[{"embeddable":true,"href":"https:\/\/agora.xtec.cat\/escola-francescmacia\/wp-json\/wp\/v2\/users\/1"}],"replies":[{"embeddable":true,"href":"https:\/\/agora.xtec.cat\/escola-francescmacia\/wp-json\/wp\/v2\/comments?post=1330"}],"version-history":[{"count":3,"href":"https:\/\/agora.xtec.cat\/escola-francescmacia\/wp-json\/wp\/v2\/pages\/1330\/revisions"}],"predecessor-version":[{"id":1403,"href":"https:\/\/agora.xtec.cat\/escola-francescmacia\/wp-json\/wp\/v2\/pages\/1330\/revisions\/1403"}],"up":[{"embeddable":true,"href":"https:\/\/agora.xtec.cat\/escola-francescmacia\/wp-json\/wp\/v2\/pages\/1823"}],"wp:attachment":[{"href":"https:\/\/agora.xtec.cat\/escola-francescmacia\/wp-json\/wp\/v2\/media?parent=1330"}],"curies":[{"name":"wp","href":"https:\/\/api.w.org\/{rel}","templated":true}]}}