{"id":1284,"date":"2019-02-14T13:10:02","date_gmt":"2019-02-14T12:10:02","guid":{"rendered":"http:\/\/agora.xtec.cat\/escola-francescmacia\/?page_id=1284"},"modified":"2023-11-13T13:31:56","modified_gmt":"2023-11-13T12:31:56","slug":"projecte-linguistic","status":"publish","type":"page","link":"https:\/\/agora.xtec.cat\/escola-francescmacia\/lescola\/historia\/projecte-linguistic\/","title":{"rendered":"Projecte Ling\u00fc\u00edstic (PL)"},"content":{"rendered":"<p>En el seg\u00fcent enlla\u00e7 trobareu el Projecte Ling\u00fc\u00edstic de l&#8217;escola, que actualment est\u00e0 en revisi\u00f3.<\/p>\n<p><a href=\"https:\/\/agora.xtec.cat\/escola-francescmacia\/wp-content\/uploads\/usu1684\/2019\/02\/Projecte-Ling\u00fc\u00edstic-Escola-Francesc-Maci\u00e0.pdf\">Projecte Ling\u00fc\u00edstic Escola Francesc Maci\u00e0<\/a><\/p>\n<p>&nbsp;<\/p>\n","protected":false},"excerpt":{"rendered":"<p>En el seg\u00fcent enlla\u00e7 trobareu el Projecte Ling\u00fc\u00edstic de l&#8217;escola, que actualment est\u00e0 en revisi\u00f3.<br \/>\n<a href=\"https:\/\/agora.xtec.cat\/escola-francescmacia\/wp-content\/uploads\/usu1684\/2019\/02\/Projecte-Ling\u00fc\u00edstic-Escola-Francesc-Maci\u00e0.pdf\">Projecte Ling\u00fc\u00edstic Escola Francesc Maci\u00e0<\/a><br \/>\n&nbsp;<\/p>\n","protected":false},"author":1,"featured_media":0,"parent":26,"menu_order":0,"comment_status":"closed","ping_status":"closed","template":"page-templates\/side-menu.php","meta":{"_bbp_topic_count":0,"_bbp_reply_count":0,"_bbp_total_topic_count":0,"_bbp_total_reply_count":0,"_bbp_voice_count":0,"_bbp_anonymous_reply_count":0,"_bbp_topic_count_hidden":0,"_bbp_reply_count_hidden":0,"_bbp_forum_subforum_count":0,"footnotes":""},"class_list":["post-1284","page","type-page","status-publish","hentry"],"post_mailing_queue_ids":[],"_links":{"self":[{"href":"https:\/\/agora.xtec.cat\/escola-francescmacia\/wp-json\/wp\/v2\/pages\/1284","targetHints":{"allow":["GET"]}}],"collection":[{"href":"https:\/\/agora.xtec.cat\/escola-francescmacia\/wp-json\/wp\/v2\/pages"}],"about":[{"href":"https:\/\/agora.xtec.cat\/escola-francescmacia\/wp-json\/wp\/v2\/types\/page"}],"author":[{"embeddable":true,"href":"https:\/\/agora.xtec.cat\/escola-francescmacia\/wp-json\/wp\/v2\/users\/1"}],"replies":[{"embeddable":true,"href":"https:\/\/agora.xtec.cat\/escola-francescmacia\/wp-json\/wp\/v2\/comments?post=1284"}],"version-history":[{"count":3,"href":"https:\/\/agora.xtec.cat\/escola-francescmacia\/wp-json\/wp\/v2\/pages\/1284\/revisions"}],"predecessor-version":[{"id":3673,"href":"https:\/\/agora.xtec.cat\/escola-francescmacia\/wp-json\/wp\/v2\/pages\/1284\/revisions\/3673"}],"up":[{"embeddable":true,"href":"https:\/\/agora.xtec.cat\/escola-francescmacia\/wp-json\/wp\/v2\/pages\/26"}],"wp:attachment":[{"href":"https:\/\/agora.xtec.cat\/escola-francescmacia\/wp-json\/wp\/v2\/media?parent=1284"}],"curies":[{"name":"wp","href":"https:\/\/api.w.org\/{rel}","templated":true}]}}