{"id":1282,"date":"2019-02-14T13:09:18","date_gmt":"2019-02-14T12:09:18","guid":{"rendered":"http:\/\/agora.xtec.cat\/escola-francescmacia\/?page_id=1282"},"modified":"2019-02-14T13:19:23","modified_gmt":"2019-02-14T12:19:23","slug":"projecte-educatiu-de-centre-pec","status":"publish","type":"page","link":"https:\/\/agora.xtec.cat\/escola-francescmacia\/lescola\/historia\/projecte-educatiu-de-centre-pec\/","title":{"rendered":"Projecte Educatiu de Centre (PEC)"},"content":{"rendered":"<p>L\u2019escola va aprovar el 31 de gener del 2019 el nou Projecte Educatiu de Centre (PEC), document base a partir del qual es regula tot el funcionament del centre.<\/p>\n<p>El podeu consultar en el seg\u00fcent el seg\u00fcent enlla\u00e7.<\/p>\n<p><a href=\"https:\/\/agora.xtec.cat\/escola-francescmacia\/wp-content\/uploads\/usu1684\/2019\/02\/Projecte-Educatiu-de-Centre-Escola-Francesc-Maci\u00e0.pdf\">Projecte Educatiu de Centre Escola Francesc Maci\u00e0<\/a><\/p>\n<p>&nbsp;<\/p>\n","protected":false},"excerpt":{"rendered":"<p>L\u2019escola va aprovar el 31 de gener del 2019 el nou Projecte Educatiu de Centre (PEC), document base a partir del qual es regula tot el funcionament del centre.<br \/>\nEl podeu consultar en el seg\u00fcent el seg\u00fcent enlla\u00e7.<br \/>\n<a href=\"https:\/\/agora.xtec.cat\/escola-francescmacia\/wp-content\/uploads\/usu1684\/2019\/02\/Projecte-Educatiu-de-Centre-Escola-Francesc-Maci\u00e0.pdf\">Projecte Educatiu de Centre Escola Francesc Maci\u00e0<\/a><br \/>\n&nbsp;<\/p>\n","protected":false},"author":1,"featured_media":0,"parent":26,"menu_order":0,"comment_status":"closed","ping_status":"closed","template":"page-templates\/side-menu.php","meta":{"_bbp_topic_count":0,"_bbp_reply_count":0,"_bbp_total_topic_count":0,"_bbp_total_reply_count":0,"_bbp_voice_count":0,"_bbp_anonymous_reply_count":0,"_bbp_topic_count_hidden":0,"_bbp_reply_count_hidden":0,"_bbp_forum_subforum_count":0,"footnotes":""},"class_list":["post-1282","page","type-page","status-publish","hentry"],"post_mailing_queue_ids":[],"_links":{"self":[{"href":"https:\/\/agora.xtec.cat\/escola-francescmacia\/wp-json\/wp\/v2\/pages\/1282","targetHints":{"allow":["GET"]}}],"collection":[{"href":"https:\/\/agora.xtec.cat\/escola-francescmacia\/wp-json\/wp\/v2\/pages"}],"about":[{"href":"https:\/\/agora.xtec.cat\/escola-francescmacia\/wp-json\/wp\/v2\/types\/page"}],"author":[{"embeddable":true,"href":"https:\/\/agora.xtec.cat\/escola-francescmacia\/wp-json\/wp\/v2\/users\/1"}],"replies":[{"embeddable":true,"href":"https:\/\/agora.xtec.cat\/escola-francescmacia\/wp-json\/wp\/v2\/comments?post=1282"}],"version-history":[{"count":3,"href":"https:\/\/agora.xtec.cat\/escola-francescmacia\/wp-json\/wp\/v2\/pages\/1282\/revisions"}],"predecessor-version":[{"id":1289,"href":"https:\/\/agora.xtec.cat\/escola-francescmacia\/wp-json\/wp\/v2\/pages\/1282\/revisions\/1289"}],"up":[{"embeddable":true,"href":"https:\/\/agora.xtec.cat\/escola-francescmacia\/wp-json\/wp\/v2\/pages\/26"}],"wp:attachment":[{"href":"https:\/\/agora.xtec.cat\/escola-francescmacia\/wp-json\/wp\/v2\/media?parent=1282"}],"curies":[{"name":"wp","href":"https:\/\/api.w.org\/{rel}","templated":true}]}}