{"id":493,"date":"2018-09-17T16:12:24","date_gmt":"2018-09-17T14:12:24","guid":{"rendered":"http:\/\/agora.xtec.cat\/escola-forallac\/?page_id=493"},"modified":"2021-10-25T16:11:10","modified_gmt":"2021-10-25T14:11:10","slug":"gep","status":"publish","type":"page","link":"https:\/\/agora.xtec.cat\/escola-forallac\/projectes-descola\/gep\/","title":{"rendered":"Programa Generaci\u00f3 Pluriling\u00fce (GEP)"},"content":{"rendered":"<p style=\"text-align: justify;\">El curs 2018-2019 ens vam afegir al programa d\u2019innovaci\u00f3 pedag\u00f2gica <strong>Generaci\u00f3 Pluriling\u00fce (GEP)<\/strong>.<\/p>\n<p><a href=\"http:\/\/agora.xtec.cat\/escola-forallac\/wp-content\/uploads\/usu614\/2018\/09\/logo-GEP_ok.png\"><img loading=\"lazy\" decoding=\"async\" class=\"size-medium wp-image-502 aligncenter\" src=\"http:\/\/agora.xtec.cat\/escola-forallac\/wp-content\/uploads\/usu614\/2018\/09\/logo-GEP_ok-300x185.png\" alt=\"\" width=\"300\" height=\"185\" srcset=\"https:\/\/agora.xtec.cat\/escola-forallac\/wp-content\/uploads\/usu614\/2018\/09\/logo-GEP_ok-300x185.png 300w, https:\/\/agora.xtec.cat\/escola-forallac\/wp-content\/uploads\/usu614\/2018\/09\/logo-GEP_ok-768x473.png 768w, https:\/\/agora.xtec.cat\/escola-forallac\/wp-content\/uploads\/usu614\/2018\/09\/logo-GEP_ok.png 982w\" sizes=\"auto, (max-width: 300px) 100vw, 300px\" \/><\/a><\/p>\n<p style=\"text-align: justify;\">La finalitat d\u2019aquest programa \u00e9s millorar la compet\u00e8ncia en lleng\u00fces estrangeres de l\u2019alumnat, afavorint el seu creixement acad\u00e8mic i posterior inserci\u00f3 laboral, i capacitant-lo per interactuar amb el m\u00f3n en diverses lleng\u00fces i de manera cr\u00edtica.<\/p>\n<p style=\"text-align: justify;\">La durada del programa \u00e9s de tres cursos escolars. Durant aquest temps, docents del nostre centre van rebre una formaci\u00f3 sobre <strong>enfocaments\u00a0CLIL<\/strong> (aprenentatge integrat de contingut i llengua estrangera en angl\u00e8s).<\/p>\n<p style=\"text-align: justify;\">Centrant-nos en el nostre centre, hem introdu\u00eft la llengua anglesa a l&#8217;\u00e0rea de pl\u00e0stica a la <strong>comunitat de grans<\/strong>.<\/p>\n<p style=\"text-align: justify;\">En V\u00edctor i la L\u00eddia, tutors de cicle superior, van realitzar la formaci\u00f3 GEP. Podeu clicar <a href=\"https:\/\/sites.google.com\/site\/gepescolaforallac\/\">aqu\u00ed<\/a> per fer una ullada a algunes de les feines que van dur a terme.<\/p>\n","protected":false},"excerpt":{"rendered":"<p>El curs 2018-2019 ens vam afegir al programa d\u2019innovaci\u00f3 pedag\u00f2gica Generaci\u00f3 Pluriling\u00fce (GEP). La finalitat d\u2019aquest programa \u00e9s millorar la compet\u00e8ncia en lleng\u00fces estrangeres de l\u2019alumnat, afavorint el seu creixement acad\u00e8mic i posterior inserci\u00f3 laboral, i capacitant-lo per interactuar amb el m\u00f3n en diverses lleng\u00fces i de manera cr\u00edtica. La durada del programa \u00e9s de [&hellip;]<\/p>\n","protected":false},"author":1,"featured_media":0,"parent":490,"menu_order":0,"comment_status":"closed","ping_status":"closed","template":"page-templates\/side-menu.php","meta":{"_bbp_topic_count":0,"_bbp_reply_count":0,"_bbp_total_topic_count":0,"_bbp_total_reply_count":0,"_bbp_voice_count":0,"_bbp_anonymous_reply_count":0,"_bbp_topic_count_hidden":0,"_bbp_reply_count_hidden":0,"_bbp_forum_subforum_count":0,"site-sidebar-layout":"default","site-content-layout":"","ast-site-content-layout":"","site-content-style":"default","site-sidebar-style":"default","ast-global-header-display":"","ast-banner-title-visibility":"","ast-main-header-display":"","ast-hfb-above-header-display":"","ast-hfb-below-header-display":"","ast-hfb-mobile-header-display":"","site-post-title":"","ast-breadcrumbs-content":"","ast-featured-img":"","footer-sml-layout":"","theme-transparent-header-meta":"","adv-header-id-meta":"","stick-header-meta":"","header-above-stick-meta":"","header-main-stick-meta":"","header-below-stick-meta":"","astra-migrate-meta-layouts":"default","ast-page-background-enabled":"default","ast-page-background-meta":{"desktop":{"background-color":"var(--ast-global-color-4)","background-image":"","background-repeat":"repeat","background-position":"center center","background-size":"auto","background-attachment":"scroll","background-type":"","background-media":"","overlay-type":"","overlay-color":"","overlay-opacity":"","overlay-gradient":""},"tablet":{"background-color":"","background-image":"","background-repeat":"repeat","background-position":"center center","background-size":"auto","background-attachment":"scroll","background-type":"","background-media":"","overlay-type":"","overlay-color":"","overlay-opacity":"","overlay-gradient":""},"mobile":{"background-color":"","background-image":"","background-repeat":"repeat","background-position":"center center","background-size":"auto","background-attachment":"scroll","background-type":"","background-media":"","overlay-type":"","overlay-color":"","overlay-opacity":"","overlay-gradient":""}},"ast-content-background-meta":{"desktop":{"background-color":"var(--ast-global-color-5)","background-image":"","background-repeat":"repeat","background-position":"center center","background-size":"auto","background-attachment":"scroll","background-type":"","background-media":"","overlay-type":"","overlay-color":"","overlay-opacity":"","overlay-gradient":""},"tablet":{"background-color":"var(--ast-global-color-5)","background-image":"","background-repeat":"repeat","background-position":"center center","background-size":"auto","background-attachment":"scroll","background-type":"","background-media":"","overlay-type":"","overlay-color":"","overlay-opacity":"","overlay-gradient":""},"mobile":{"background-color":"var(--ast-global-color-5)","background-image":"","background-repeat":"repeat","background-position":"center center","background-size":"auto","background-attachment":"scroll","background-type":"","background-media":"","overlay-type":"","overlay-color":"","overlay-opacity":"","overlay-gradient":""}},"footnotes":""},"class_list":["post-493","page","type-page","status-publish","hentry"],"post_mailing_queue_ids":[],"_links":{"self":[{"href":"https:\/\/agora.xtec.cat\/escola-forallac\/wp-json\/wp\/v2\/pages\/493","targetHints":{"allow":["GET"]}}],"collection":[{"href":"https:\/\/agora.xtec.cat\/escola-forallac\/wp-json\/wp\/v2\/pages"}],"about":[{"href":"https:\/\/agora.xtec.cat\/escola-forallac\/wp-json\/wp\/v2\/types\/page"}],"author":[{"embeddable":true,"href":"https:\/\/agora.xtec.cat\/escola-forallac\/wp-json\/wp\/v2\/users\/1"}],"replies":[{"embeddable":true,"href":"https:\/\/agora.xtec.cat\/escola-forallac\/wp-json\/wp\/v2\/comments?post=493"}],"version-history":[{"count":3,"href":"https:\/\/agora.xtec.cat\/escola-forallac\/wp-json\/wp\/v2\/pages\/493\/revisions"}],"predecessor-version":[{"id":1394,"href":"https:\/\/agora.xtec.cat\/escola-forallac\/wp-json\/wp\/v2\/pages\/493\/revisions\/1394"}],"up":[{"embeddable":true,"href":"https:\/\/agora.xtec.cat\/escola-forallac\/wp-json\/wp\/v2\/pages\/490"}],"wp:attachment":[{"href":"https:\/\/agora.xtec.cat\/escola-forallac\/wp-json\/wp\/v2\/media?parent=493"}],"curies":[{"name":"wp","href":"https:\/\/api.w.org\/{rel}","templated":true}]}}