{"id":26,"date":"2014-09-18T12:24:32","date_gmt":"2014-09-18T11:24:32","guid":{"rendered":"http:\/\/agora.xtec.cat\/escola-forallac\/?page_id=26"},"modified":"2025-11-18T13:31:40","modified_gmt":"2025-11-18T12:31:40","slug":"historia","status":"publish","type":"page","link":"https:\/\/agora.xtec.cat\/escola-forallac\/lescola\/historia\/","title":{"rendered":"Qui som?"},"content":{"rendered":"<div style=\"text-align: justify;\"><\/div>\n<p>L&#8217;<strong><u>equip de mestres<\/u><\/strong> d&#8217;aquest curs 2025-2026 est\u00e0 format per:<\/p>\n<p>I3: Nuri Agust\u00ed<\/p>\n<p>I4: Anna Franco<\/p>\n<p>I5: Txell Pla<\/p>\n<p>Suport infantil: S\u00f2nia Matas<\/p>\n<p>1r: Adela Mas<\/p>\n<p>2n: Encarna Brea<\/p>\n<p>3r: karina Puigdevall<\/p>\n<p>4t: Laura Mont-ros<\/p>\n<p>5\u00e8: Judit Juli\u00e0 i Ignasi Planagum\u00e0<\/p>\n<p>6\u00e8: V\u00edctor Nieto<\/p>\n<p>Educaci\u00f3 f\u00edsica: L\u00eddia Magro<\/p>\n<p>Angl\u00e8s: Nuri Figueras<\/p>\n<p>M\u00fasica: Carlos Conca i M\u00f2nica Mart\u00ednez<\/p>\n<p>Biblioteca: Josep M\u00aa Prunell<\/p>\n<p>Educaci\u00f3 Especial: Helena Ganigu\u00e9<\/p>\n<p>Equip directiu: Josep M\u00aa Prunell, L\u00eddia Magro i Carlos Conca<\/p>\n","protected":false},"excerpt":{"rendered":"<p>L&#8217;equip de mestres d&#8217;aquest curs 2025-2026 est\u00e0 format per: I3: Nuri Agust\u00ed I4: Anna Franco I5: Txell Pla Suport infantil: S\u00f2nia Matas 1r: Adela Mas 2n: Encarna Brea 3r: karina Puigdevall 4t: Laura Mont-ros 5\u00e8: Judit Juli\u00e0 i Ignasi Planagum\u00e0 6\u00e8: V\u00edctor Nieto Educaci\u00f3 f\u00edsica: L\u00eddia Magro Angl\u00e8s: Nuri Figueras M\u00fasica: Carlos Conca i M\u00f2nica [&hellip;]<\/p>\n","protected":false},"author":1,"featured_media":0,"parent":22,"menu_order":20,"comment_status":"closed","ping_status":"closed","template":"page-templates\/side-menu.php","meta":{"_bbp_topic_count":0,"_bbp_reply_count":0,"_bbp_total_topic_count":0,"_bbp_total_reply_count":0,"_bbp_voice_count":0,"_bbp_anonymous_reply_count":0,"_bbp_topic_count_hidden":0,"_bbp_reply_count_hidden":0,"_bbp_forum_subforum_count":0,"site-sidebar-layout":"default","site-content-layout":"","ast-site-content-layout":"","site-content-style":"default","site-sidebar-style":"default","ast-global-header-display":"","ast-banner-title-visibility":"","ast-main-header-display":"","ast-hfb-above-header-display":"","ast-hfb-below-header-display":"","ast-hfb-mobile-header-display":"","site-post-title":"","ast-breadcrumbs-content":"","ast-featured-img":"","footer-sml-layout":"","theme-transparent-header-meta":"","adv-header-id-meta":"","stick-header-meta":"","header-above-stick-meta":"","header-main-stick-meta":"","header-below-stick-meta":"","astra-migrate-meta-layouts":"default","ast-page-background-enabled":"default","ast-page-background-meta":{"desktop":{"background-color":"var(--ast-global-color-4)","background-image":"","background-repeat":"repeat","background-position":"center center","background-size":"auto","background-attachment":"scroll","background-type":"","background-media":"","overlay-type":"","overlay-color":"","overlay-opacity":"","overlay-gradient":""},"tablet":{"background-color":"","background-image":"","background-repeat":"repeat","background-position":"center center","background-size":"auto","background-attachment":"scroll","background-type":"","background-media":"","overlay-type":"","overlay-color":"","overlay-opacity":"","overlay-gradient":""},"mobile":{"background-color":"","background-image":"","background-repeat":"repeat","background-position":"center center","background-size":"auto","background-attachment":"scroll","background-type":"","background-media":"","overlay-type":"","overlay-color":"","overlay-opacity":"","overlay-gradient":""}},"ast-content-background-meta":{"desktop":{"background-color":"var(--ast-global-color-5)","background-image":"","background-repeat":"repeat","background-position":"center center","background-size":"auto","background-attachment":"scroll","background-type":"","background-media":"","overlay-type":"","overlay-color":"","overlay-opacity":"","overlay-gradient":""},"tablet":{"background-color":"var(--ast-global-color-5)","background-image":"","background-repeat":"repeat","background-position":"center center","background-size":"auto","background-attachment":"scroll","background-type":"","background-media":"","overlay-type":"","overlay-color":"","overlay-opacity":"","overlay-gradient":""},"mobile":{"background-color":"var(--ast-global-color-5)","background-image":"","background-repeat":"repeat","background-position":"center center","background-size":"auto","background-attachment":"scroll","background-type":"","background-media":"","overlay-type":"","overlay-color":"","overlay-opacity":"","overlay-gradient":""}},"footnotes":""},"class_list":["post-26","page","type-page","status-publish","hentry"],"post_mailing_queue_ids":[],"_links":{"self":[{"href":"https:\/\/agora.xtec.cat\/escola-forallac\/wp-json\/wp\/v2\/pages\/26","targetHints":{"allow":["GET"]}}],"collection":[{"href":"https:\/\/agora.xtec.cat\/escola-forallac\/wp-json\/wp\/v2\/pages"}],"about":[{"href":"https:\/\/agora.xtec.cat\/escola-forallac\/wp-json\/wp\/v2\/types\/page"}],"author":[{"embeddable":true,"href":"https:\/\/agora.xtec.cat\/escola-forallac\/wp-json\/wp\/v2\/users\/1"}],"replies":[{"embeddable":true,"href":"https:\/\/agora.xtec.cat\/escola-forallac\/wp-json\/wp\/v2\/comments?post=26"}],"version-history":[{"count":7,"href":"https:\/\/agora.xtec.cat\/escola-forallac\/wp-json\/wp\/v2\/pages\/26\/revisions"}],"predecessor-version":[{"id":2345,"href":"https:\/\/agora.xtec.cat\/escola-forallac\/wp-json\/wp\/v2\/pages\/26\/revisions\/2345"}],"up":[{"embeddable":true,"href":"https:\/\/agora.xtec.cat\/escola-forallac\/wp-json\/wp\/v2\/pages\/22"}],"wp:attachment":[{"href":"https:\/\/agora.xtec.cat\/escola-forallac\/wp-json\/wp\/v2\/media?parent=26"}],"curies":[{"name":"wp","href":"https:\/\/api.w.org\/{rel}","templated":true}]}}