{"id":2413,"date":"2025-12-09T09:56:51","date_gmt":"2025-12-09T08:56:51","guid":{"rendered":"https:\/\/agora.xtec.cat\/escola-forallac\/?page_id=2413"},"modified":"2025-12-09T09:56:51","modified_gmt":"2025-12-09T08:56:51","slug":"menjador-escolar","status":"publish","type":"page","link":"https:\/\/agora.xtec.cat\/escola-forallac\/serveis\/menjador-escolar\/","title":{"rendered":"Menjador escolar"},"content":{"rendered":"<div id=\"comp-lmhvi756\" class=\"KcpHeO tz5f0K comp-lmhvi756 wixui-rich-text\" data-testid=\"richTextElement\">\n<p class=\"font_8 wixui-rich-text__text\">L\u2019empresa<em><strong>\u00a0Serhs Food<\/strong><\/em> gestiona el menjador escolar de l&#8217;escola, vetllant perqu\u00e8 la nutrici\u00f3 i el servei de monitoratge al menjador compleixin els nivells de qualitat i seguretat aliment\u00e0ria m\u00e9s exigents.<\/p>\n<p><span class=\"OYPEnA font-feature-liga-off font-feature-clig-off font-feature-calt-off text-decoration-none text-strikethrough-none\">A la seva p\u00e0gina web\u00a0<\/span><strong><span class=\"OYPEnA font-feature-liga-off font-feature-clig-off font-feature-calt-off text-decoration-none text-strikethrough-none\">iara.serhsfoodeduca.com<\/span><\/strong><span class=\"OYPEnA font-feature-liga-off font-feature-clig-off font-feature-calt-off text-decoration-none text-strikethrough-none\"> podeu realitzar la inscripci\u00f3 dels vostres fills i filles, requisit imprescindible perqu\u00e8 puguin fer \u00fas del menjador. Informaci\u00f3:<\/span>\u00a0<a class=\"wixui-rich-text__text\" href=\"https:\/\/a68d7553-a681-46b5-a25c-5fbc33982851.filesusr.com\/ugd\/b432ac_21361468947047af923f2510c4d4b066.pdf\" target=\"_blank\" rel=\"noopener\">dona\u2019t d\u2019alta<\/a>!<\/p>\n<p><span class=\"OYPEnA font-feature-liga-off font-feature-clig-off font-feature-calt-off text-decoration-none text-strikethrough-none\">Correu de contacte: <\/span><strong><span class=\"OYPEnA font-feature-liga-off font-feature-clig-off font-feature-calt-off text-decoration-none text-strikethrough-none\">serhsfoodeduca@serhs.com.\u00a0<\/span><\/strong><\/p>\n<p class=\"font_8 wixui-rich-text__text\">L\u2019horari del curs 2025\/2026 de servei de menjador \u00e9s:<\/p>\n<\/div>\n<div id=\"comp-lmhvi757\" class=\"KcpHeO tz5f0K comp-lmhvi757 wixui-rich-text\" data-testid=\"richTextElement\">\n<ul class=\"color_36 font_9 wixui-rich-text__text\">\n<li class=\"wixui-rich-text__text\">\n<p class=\"font_9 wixui-rich-text__text\"><strong><span class=\"wixui-rich-text__text\"><span class=\"color_36 wixui-rich-text__text\">Infantil i prim\u00e0ria<\/span><\/span><\/strong><\/p>\n<ul class=\"wixui-rich-text__text\">\n<li class=\"wixui-rich-text__text\">\n<p class=\"font_9 wixui-rich-text__text\"><span class=\"wixui-rich-text__text\"><span class=\"color_36 wixui-rich-text__text\">\u200bCada dia de 12:30 a les 15:00 h<\/span><\/span><\/p>\n<\/li>\n<\/ul>\n<\/li>\n<\/ul>\n<\/div>\n","protected":false},"excerpt":{"rendered":"<p>L\u2019empresa\u00a0Serhs Food gestiona el menjador escolar de l&#8217;escola, vetllant perqu\u00e8 la nutrici\u00f3 i el servei de monitoratge al menjador compleixin els nivells de qualitat i seguretat aliment\u00e0ria m\u00e9s exigents. A la seva p\u00e0gina web\u00a0iara.serhsfoodeduca.com podeu realitzar la inscripci\u00f3 dels vostres fills i filles, requisit imprescindible perqu\u00e8 puguin fer \u00fas del menjador. Informaci\u00f3:\u00a0dona\u2019t d\u2019alta! Correu de [&hellip;]<\/p>\n","protected":false},"author":1,"featured_media":0,"parent":66,"menu_order":0,"comment_status":"closed","ping_status":"closed","template":"","meta":{"_bbp_topic_count":0,"_bbp_reply_count":0,"_bbp_total_topic_count":0,"_bbp_total_reply_count":0,"_bbp_voice_count":0,"_bbp_anonymous_reply_count":0,"_bbp_topic_count_hidden":0,"_bbp_reply_count_hidden":0,"_bbp_forum_subforum_count":0,"site-sidebar-layout":"default","site-content-layout":"","ast-site-content-layout":"default","site-content-style":"default","site-sidebar-style":"default","ast-global-header-display":"","ast-banner-title-visibility":"","ast-main-header-display":"","ast-hfb-above-header-display":"","ast-hfb-below-header-display":"","ast-hfb-mobile-header-display":"","site-post-title":"","ast-breadcrumbs-content":"","ast-featured-img":"","footer-sml-layout":"","theme-transparent-header-meta":"default","adv-header-id-meta":"","stick-header-meta":"","header-above-stick-meta":"","header-main-stick-meta":"","header-below-stick-meta":"","astra-migrate-meta-layouts":"set","ast-page-background-enabled":"default","ast-page-background-meta":{"desktop":{"background-color":"var(--ast-global-color-4)","background-image":"","background-repeat":"repeat","background-position":"center center","background-size":"auto","background-attachment":"scroll","background-type":"","background-media":"","overlay-type":"","overlay-color":"","overlay-opacity":"","overlay-gradient":""},"tablet":{"background-color":"","background-image":"","background-repeat":"repeat","background-position":"center center","background-size":"auto","background-attachment":"scroll","background-type":"","background-media":"","overlay-type":"","overlay-color":"","overlay-opacity":"","overlay-gradient":""},"mobile":{"background-color":"","background-image":"","background-repeat":"repeat","background-position":"center center","background-size":"auto","background-attachment":"scroll","background-type":"","background-media":"","overlay-type":"","overlay-color":"","overlay-opacity":"","overlay-gradient":""}},"ast-content-background-meta":{"desktop":{"background-color":"var(--ast-global-color-5)","background-image":"","background-repeat":"repeat","background-position":"center center","background-size":"auto","background-attachment":"scroll","background-type":"","background-media":"","overlay-type":"","overlay-color":"","overlay-opacity":"","overlay-gradient":""},"tablet":{"background-color":"var(--ast-global-color-5)","background-image":"","background-repeat":"repeat","background-position":"center center","background-size":"auto","background-attachment":"scroll","background-type":"","background-media":"","overlay-type":"","overlay-color":"","overlay-opacity":"","overlay-gradient":""},"mobile":{"background-color":"var(--ast-global-color-5)","background-image":"","background-repeat":"repeat","background-position":"center center","background-size":"auto","background-attachment":"scroll","background-type":"","background-media":"","overlay-type":"","overlay-color":"","overlay-opacity":"","overlay-gradient":""}},"footnotes":""},"class_list":["post-2413","page","type-page","status-publish","hentry"],"post_mailing_queue_ids":[],"_links":{"self":[{"href":"https:\/\/agora.xtec.cat\/escola-forallac\/wp-json\/wp\/v2\/pages\/2413","targetHints":{"allow":["GET"]}}],"collection":[{"href":"https:\/\/agora.xtec.cat\/escola-forallac\/wp-json\/wp\/v2\/pages"}],"about":[{"href":"https:\/\/agora.xtec.cat\/escola-forallac\/wp-json\/wp\/v2\/types\/page"}],"author":[{"embeddable":true,"href":"https:\/\/agora.xtec.cat\/escola-forallac\/wp-json\/wp\/v2\/users\/1"}],"replies":[{"embeddable":true,"href":"https:\/\/agora.xtec.cat\/escola-forallac\/wp-json\/wp\/v2\/comments?post=2413"}],"version-history":[{"count":1,"href":"https:\/\/agora.xtec.cat\/escola-forallac\/wp-json\/wp\/v2\/pages\/2413\/revisions"}],"predecessor-version":[{"id":2414,"href":"https:\/\/agora.xtec.cat\/escola-forallac\/wp-json\/wp\/v2\/pages\/2413\/revisions\/2414"}],"up":[{"embeddable":true,"href":"https:\/\/agora.xtec.cat\/escola-forallac\/wp-json\/wp\/v2\/pages\/66"}],"wp:attachment":[{"href":"https:\/\/agora.xtec.cat\/escola-forallac\/wp-json\/wp\/v2\/media?parent=2413"}],"curies":[{"name":"wp","href":"https:\/\/api.w.org\/{rel}","templated":true}]}}