{"id":1385,"date":"2021-10-25T16:04:28","date_gmt":"2021-10-25T14:04:28","guid":{"rendered":"https:\/\/agora.xtec.cat\/escola-forallac\/?page_id=1385"},"modified":"2024-10-07T13:10:28","modified_gmt":"2024-10-07T11:10:28","slug":"cuina-i-anatomia-5e-i-6e","status":"publish","type":"page","link":"https:\/\/agora.xtec.cat\/escola-forallac\/projectes-descola\/cuina-i-anatomia-5e-i-6e\/","title":{"rendered":"Skate (5\u00e8) &#8211; Activitat subvencionada per l&#8217;AFA"},"content":{"rendered":"<p>Els infants de 5\u00e8, dins l&#8217;\u00e0rea d&#8217;Educaci\u00f3 F\u00edsica, realitzaran diverses sessions de skate. Aquestes aniran a c\u00e0rrec de Braveskate i tindran lloc a les seves instal\u00b7lacions de la Bisbal.<\/p>\n","protected":false},"excerpt":{"rendered":"<p>Els infants de 5\u00e8, dins l&#8217;\u00e0rea d&#8217;Educaci\u00f3 F\u00edsica, realitzaran diverses sessions de skate. Aquestes aniran a c\u00e0rrec de Braveskate i tindran lloc a les seves instal\u00b7lacions de la Bisbal.<\/p>\n","protected":false},"author":1,"featured_media":0,"parent":490,"menu_order":0,"comment_status":"closed","ping_status":"closed","template":"","meta":{"_bbp_topic_count":0,"_bbp_reply_count":0,"_bbp_total_topic_count":0,"_bbp_total_reply_count":0,"_bbp_voice_count":0,"_bbp_anonymous_reply_count":0,"_bbp_topic_count_hidden":0,"_bbp_reply_count_hidden":0,"_bbp_forum_subforum_count":0,"site-sidebar-layout":"default","site-content-layout":"","ast-site-content-layout":"","site-content-style":"default","site-sidebar-style":"default","ast-global-header-display":"","ast-banner-title-visibility":"","ast-main-header-display":"","ast-hfb-above-header-display":"","ast-hfb-below-header-display":"","ast-hfb-mobile-header-display":"","site-post-title":"","ast-breadcrumbs-content":"","ast-featured-img":"","footer-sml-layout":"","theme-transparent-header-meta":"","adv-header-id-meta":"","stick-header-meta":"","header-above-stick-meta":"","header-main-stick-meta":"","header-below-stick-meta":"","astra-migrate-meta-layouts":"default","ast-page-background-enabled":"default","ast-page-background-meta":{"desktop":{"background-color":"var(--ast-global-color-4)","background-image":"","background-repeat":"repeat","background-position":"center center","background-size":"auto","background-attachment":"scroll","background-type":"","background-media":"","overlay-type":"","overlay-color":"","overlay-opacity":"","overlay-gradient":""},"tablet":{"background-color":"","background-image":"","background-repeat":"repeat","background-position":"center center","background-size":"auto","background-attachment":"scroll","background-type":"","background-media":"","overlay-type":"","overlay-color":"","overlay-opacity":"","overlay-gradient":""},"mobile":{"background-color":"","background-image":"","background-repeat":"repeat","background-position":"center center","background-size":"auto","background-attachment":"scroll","background-type":"","background-media":"","overlay-type":"","overlay-color":"","overlay-opacity":"","overlay-gradient":""}},"ast-content-background-meta":{"desktop":{"background-color":"var(--ast-global-color-5)","background-image":"","background-repeat":"repeat","background-position":"center center","background-size":"auto","background-attachment":"scroll","background-type":"","background-media":"","overlay-type":"","overlay-color":"","overlay-opacity":"","overlay-gradient":""},"tablet":{"background-color":"var(--ast-global-color-5)","background-image":"","background-repeat":"repeat","background-position":"center center","background-size":"auto","background-attachment":"scroll","background-type":"","background-media":"","overlay-type":"","overlay-color":"","overlay-opacity":"","overlay-gradient":""},"mobile":{"background-color":"var(--ast-global-color-5)","background-image":"","background-repeat":"repeat","background-position":"center center","background-size":"auto","background-attachment":"scroll","background-type":"","background-media":"","overlay-type":"","overlay-color":"","overlay-opacity":"","overlay-gradient":""}},"footnotes":""},"class_list":["post-1385","page","type-page","status-publish","hentry"],"post_mailing_queue_ids":[],"_links":{"self":[{"href":"https:\/\/agora.xtec.cat\/escola-forallac\/wp-json\/wp\/v2\/pages\/1385","targetHints":{"allow":["GET"]}}],"collection":[{"href":"https:\/\/agora.xtec.cat\/escola-forallac\/wp-json\/wp\/v2\/pages"}],"about":[{"href":"https:\/\/agora.xtec.cat\/escola-forallac\/wp-json\/wp\/v2\/types\/page"}],"author":[{"embeddable":true,"href":"https:\/\/agora.xtec.cat\/escola-forallac\/wp-json\/wp\/v2\/users\/1"}],"replies":[{"embeddable":true,"href":"https:\/\/agora.xtec.cat\/escola-forallac\/wp-json\/wp\/v2\/comments?post=1385"}],"version-history":[{"count":4,"href":"https:\/\/agora.xtec.cat\/escola-forallac\/wp-json\/wp\/v2\/pages\/1385\/revisions"}],"predecessor-version":[{"id":2089,"href":"https:\/\/agora.xtec.cat\/escola-forallac\/wp-json\/wp\/v2\/pages\/1385\/revisions\/2089"}],"up":[{"embeddable":true,"href":"https:\/\/agora.xtec.cat\/escola-forallac\/wp-json\/wp\/v2\/pages\/490"}],"wp:attachment":[{"href":"https:\/\/agora.xtec.cat\/escola-forallac\/wp-json\/wp\/v2\/media?parent=1385"}],"curies":[{"name":"wp","href":"https:\/\/api.w.org\/{rel}","templated":true}]}}