{"id":38,"date":"2014-09-18T12:34:08","date_gmt":"2014-09-18T11:34:08","guid":{"rendered":"http:\/\/agora.xtec.cat\/escola-espiga-lleida\/\/?page_id=38"},"modified":"2023-06-27T11:32:50","modified_gmt":"2023-06-27T09:32:50","slug":"salut","status":"publish","type":"page","link":"https:\/\/agora.xtec.cat\/escola-espiga-lleida\/lescola\/salut\/","title":{"rendered":"Salut"},"content":{"rendered":"<p><img loading=\"lazy\" decoding=\"async\" class=\"alignleft wp-image-649\" src=\"http:\/\/agora.xtec.cat\/escola-espiga-lleida\/wp-content\/uploads\/usu273\/2014\/09\/Salut-150x150.jpg\" alt=\"Doctor shaking hand with patient\" width=\"200\" height=\"200\" srcset=\"https:\/\/agora.xtec.cat\/escola-espiga-lleida\/wp-content\/uploads\/usu273\/2014\/09\/Salut-150x150.jpg 150w, https:\/\/agora.xtec.cat\/escola-espiga-lleida\/wp-content\/uploads\/usu273\/2014\/09\/Salut-300x300.jpg 300w, https:\/\/agora.xtec.cat\/escola-espiga-lleida\/wp-content\/uploads\/usu273\/2014\/09\/Salut.jpg 414w\" sizes=\"auto, (max-width: 200px) 100vw, 200px\" \/><\/p>\n<p>&nbsp;<\/p>\n<p>El car\u00e0cter d&#8217;aquesta p\u00e0gina\u00a0\u00e9s\u00a0b\u00e0sicament informatiu.<\/p>\n<p>En aquesta secci\u00f3 es fa\u00a0una refer\u00e8ncia directa a q\u00fcestions de salut que afectin directament a\u00a0l&#8217;alumnat de l&#8217;Escola.<\/p>\n<p>&nbsp;<\/p>\n<p><strong>AUTORITZACI\u00d3 MEDICACI\u00d3<\/strong><\/p>\n<p>(1) <strong>Resoluci\u00f3 de 20 de juny de 2019,<\/strong> per la qual s\u2019aproven els documents per a l\u2019organitzaci\u00f3 i la gesti\u00f3 dels centres per al curs 2015-2016, diu textualment, al punt 1.2\u00a0de l&#8217;apartat\u00a0\u201cSeguretat i salut\u201d, el seg\u00fcent:<\/p>\n<p><em>\u201cPer poder administrar medicaments als alumnes, sempre que sigui imprescindible fer-ho\u00a0en horari lectiu, cal que els pares, mares o tutors legals aportin un informe m\u00e8dic on\u00a0consti el nom de l&#8217;alumne, el nom del medicament que ha de prendre i la pauta\u00a0d&#8217;administraci\u00f3. Aix\u00ed mateix, els pares, mares o tutors legals han d&#8217;aportar un\u00a0escrit on\u00a0es demani, al director o directora del centre educatiu, l&#8217;administraci\u00f3 al fill o filla del\u00a0medicament prescrit d&#8217;acord amb les pautes que constin en l&#8217;informe esmentat, i se\u00a0n&#8217;autoritzi l&#8217;administraci\u00f3 als docents del centre&#8230;\u00a0En aquest sentit cal assenyalar que els docents nom\u00e9s podran fer accions que no\u00a0requereixen cap titulaci\u00f3 sanit\u00e0ria i que les poden fer els pares, mares, familiars o\u00a0cuidadors en general, sempre que hagin tingut un ensinistrament previ&#8221;.<\/em><\/p>\n<p>Us recordem tamb\u00e9 que, segons les NOFC\u00a0de l\u2019Escola:<\/p>\n<ul>\n<li>El\/la nen\/a amb febre, polls o amb malalties infeccioses no pot venir a l\u2019escola.<\/li>\n<li>No podem guardar cap medicament a la nevera.<\/li>\n<\/ul>\n<p><strong>AL\u00b7L\u00c8RGIES \u00a0I\/O \u00a0INTOLER\u00c0NCIES<\/strong><\/p>\n<ul>\n<li>S\u2019ofereixen men\u00fas adaptats a les al\u00b7l\u00e8rgies i\/o intoler\u00e0ncies aliment\u00e0ries de l\u2019alumnat.<\/li>\n<li>\u00c9s imprescindible el certificat m\u00e8dic per poder atendre qualsevol tipus d\u2019al\u00b7l\u00e8rgia i\/o intoler\u00e0ncia. Tamb\u00e9 caldr\u00e0 l\u2019autoritzaci\u00f3 de la fam\u00edlia si cal seguir un protocol espec\u00edfic o administrar alguna medicaci\u00f3 (<a href=\"https:\/\/drive.google.com\/file\/d\/1_788WaTyUgzugfQBsGNLJr4QTFnz7wGe\/view\" target=\"_blank\" rel=\"noopener noreferrer\"><em><strong>Autoritzaci\u00f3 Medicaci\u00f3<\/strong><\/em><\/a>).<\/li>\n<\/ul>\n<p><a href=\"https:\/\/drive.google.com\/file\/d\/1p2i2DqwO3cJvPWQjxvluHZlx9ivWTxk-\/view?usp=sharing\" target=\"_blank\" rel=\"noopener\"><strong>TRACTAMENT PELS POLLS<\/strong><\/a><\/p>\n","protected":false},"excerpt":{"rendered":"<p>&nbsp;<br \/>\nEl car\u00e0cter d&#8217;aquesta p\u00e0gina\u00a0\u00e9s\u00a0b\u00e0sicament informatiu.<br \/>\nEn aquesta secci\u00f3 es fa\u00a0una refer\u00e8ncia directa a q\u00fcestions de salut que afectin directament a\u00a0l&#8217;alumnat de l&#8217;Escola.<br \/>\n&nbsp;<br \/>\nAUTORITZACI\u00d3 MEDICACI\u00d3<br \/>\n(1) Resoluci\u00f3 de 20 de juny de 2019, per la qual s\u2019aproven els documents per a l\u2019organitzaci\u00f3 i la gesti\u00f3 dels centres per al&hellip;  <a href=\"https:\/\/agora.xtec.cat\/escola-espiga-lleida\/lescola\/salut\/\" title=\"Read Salut\">Llegeix m\u00e9s\u00bb<\/a><\/p>\n","protected":false},"author":2,"featured_media":0,"parent":22,"menu_order":110,"comment_status":"closed","ping_status":"closed","template":"page-templates\/side-menu.php","meta":{"_bbp_topic_count":0,"_bbp_reply_count":0,"_bbp_total_topic_count":0,"_bbp_total_reply_count":0,"_bbp_voice_count":0,"_bbp_anonymous_reply_count":0,"_bbp_topic_count_hidden":0,"_bbp_reply_count_hidden":0,"_bbp_forum_subforum_count":0,"footnotes":""},"class_list":["post-38","page","type-page","status-publish","hentry"],"post_mailing_queue_ids":[],"_links":{"self":[{"href":"https:\/\/agora.xtec.cat\/escola-espiga-lleida\/wp-json\/wp\/v2\/pages\/38","targetHints":{"allow":["GET"]}}],"collection":[{"href":"https:\/\/agora.xtec.cat\/escola-espiga-lleida\/wp-json\/wp\/v2\/pages"}],"about":[{"href":"https:\/\/agora.xtec.cat\/escola-espiga-lleida\/wp-json\/wp\/v2\/types\/page"}],"author":[{"embeddable":true,"href":"https:\/\/agora.xtec.cat\/escola-espiga-lleida\/wp-json\/wp\/v2\/users\/2"}],"replies":[{"embeddable":true,"href":"https:\/\/agora.xtec.cat\/escola-espiga-lleida\/wp-json\/wp\/v2\/comments?post=38"}],"version-history":[{"count":4,"href":"https:\/\/agora.xtec.cat\/escola-espiga-lleida\/wp-json\/wp\/v2\/pages\/38\/revisions"}],"predecessor-version":[{"id":4181,"href":"https:\/\/agora.xtec.cat\/escola-espiga-lleida\/wp-json\/wp\/v2\/pages\/38\/revisions\/4181"}],"up":[{"embeddable":true,"href":"https:\/\/agora.xtec.cat\/escola-espiga-lleida\/wp-json\/wp\/v2\/pages\/22"}],"wp:attachment":[{"href":"https:\/\/agora.xtec.cat\/escola-espiga-lleida\/wp-json\/wp\/v2\/media?parent=38"}],"curies":[{"name":"wp","href":"https:\/\/api.w.org\/{rel}","templated":true}]}}