{"id":3712,"date":"2022-04-27T18:46:40","date_gmt":"2022-04-27T16:46:40","guid":{"rendered":"https:\/\/agora.xtec.cat\/escola-espiga-lleida\/?page_id=3712"},"modified":"2024-03-18T09:40:33","modified_gmt":"2024-03-18T08:40:33","slug":"competencia-professorat","status":"publish","type":"page","link":"https:\/\/agora.xtec.cat\/escola-espiga-lleida\/estrategia-digital-de-centre-edc\/cultura-digital\/competencia-professorat\/","title":{"rendered":"Acolliment"},"content":{"rendered":"<h2><span style=\"font-weight: 400;\">ACOLLIMENT DIGITAL<\/span><\/h2>\n<p><strong>L&#8217;acolliment digital forma part de l&#8217;acolliment general al centre.<\/strong><\/p>\n<p><img loading=\"lazy\" decoding=\"async\" class=\"alignnone wp-image-4096\" src=\"https:\/\/agora.xtec.cat\/escola-espiga-lleida\/wp-content\/uploads\/usu273\/2023\/04\/Adocents-acollida--300x81.jpg\" alt=\"\" width=\"500\" height=\"135\" srcset=\"https:\/\/agora.xtec.cat\/escola-espiga-lleida\/wp-content\/uploads\/usu273\/2023\/04\/Adocents-acollida--300x81.jpg 300w, https:\/\/agora.xtec.cat\/escola-espiga-lleida\/wp-content\/uploads\/usu273\/2023\/04\/Adocents-acollida--1024x277.jpg 1024w, https:\/\/agora.xtec.cat\/escola-espiga-lleida\/wp-content\/uploads\/usu273\/2023\/04\/Adocents-acollida--768x208.jpg 768w, https:\/\/agora.xtec.cat\/escola-espiga-lleida\/wp-content\/uploads\/usu273\/2023\/04\/Adocents-acollida-.jpg 1329w\" sizes=\"auto, (max-width: 500px) 100vw, 500px\" \/><\/p>\n<p><span style=\"font-weight: 400;\"><img loading=\"lazy\" decoding=\"async\" class=\"alignright\" src=\"https:\/\/projectes.xtec.cat\/edc\/wp-content\/uploads\/usu2268\/2020\/10\/lenovo2.jpg\" width=\"221\" height=\"221\" \/><\/span><\/p>\n<ul>\n<li><span style=\"font-weight: 400;\">L&#8217;equip docent ha de tenir actiu el correu Xtec i con\u00e8ixer la contrasenya GICAR. <\/span>En el cas que el\/la docent no disposi d\u2019usuari Xtec el\/la director\/a li gestionar\u00e0 l\u2019alta. Disposar d\u2019aquest usuari \u00e9s imprescindible per a la comunicaci\u00f3 corporativa del docent.<\/li>\n<li><span style=\"font-weight: 400;\">Es lliura el port\u00e0til de dotaci\u00f3 a cada docent i se li comprova l\u2019acc\u00e9s i la connectivitat i el nou docent signa el <a href=\"https:\/\/drive.google.com\/file\/d\/13tjuFAjmT0lZBhUwWv6_bAWTPqV9s3Vb\/view?usp=sharing\" target=\"_blank\" rel=\"noopener\">full de lliurament<\/a>. Quan deixi el centre haur\u00e0 de tornar-lo f\u00edsicament amb el carregador.<\/span><\/li>\n<li style=\"font-weight: 400;\" aria-level=\"1\"><span style=\"font-weight: 400;\">A l\u2019Escola disposem d\u2019un ordinador que fa de servidor. Aquest servidor est\u00e0 compartit amb tots els ordinadors del centre. Dins del seu disc hi trobem les diferents carpetes visibles segons els usuaris (prof, argo i migdia). L\u2019equip docent empra aquestes carpetes al centre tant per treballar com per guardar informaci\u00f3. Aquestes tamb\u00e9 estan disponibles fora de l\u2019Escola mitjan\u00e7ant la unitat virtual GoogleDrive instal\u00b7lada als port\u00e0tils docents. Aquestes carpetes s\u00f3n la:<\/span><\/li>\n<\/ul>\n<ul>\n<li style=\"list-style-type: none;\">\n<ul>\n<li style=\"list-style-type: none;\">\n<ul>\n<li style=\"list-style-type: none;\">\n<ul>\n<li style=\"list-style-type: none;\">\n<ul style=\"list-style-type: circle;\">\n<li style=\"font-weight: 400;\" aria-level=\"1\"><b>P<\/b><span style=\"font-weight: 400;\">, generalment utilitzada com a unitat per emmagatzemar informaci\u00f3 dels mestres.<\/span><\/li>\n<li style=\"font-weight: 400;\" aria-level=\"1\"><b>T<\/b><span style=\"font-weight: 400;\">, unitat destinada a l\u2019emmagatzematge dels alumnes.<\/span><\/li>\n<li style=\"font-weight: 400;\" aria-level=\"1\"><b>Z<\/b><span style=\"font-weight: 400;\">, emmagatzematge de fotos.<\/span><\/li>\n<li style=\"font-weight: 400;\" aria-level=\"1\"><b>V<\/b><span style=\"font-weight: 400;\">, emmagatzematge de v\u00eddeos.<\/span><\/li>\n<li style=\"font-weight: 400;\" aria-level=\"1\"><span style=\"font-weight: 400;\">I altres unitats destinades a direcci\u00f3, secretaria, administraci\u00f3, consergeria, AFA\u2026<\/span><\/li>\n<\/ul>\n<\/li>\n<\/ul>\n<\/li>\n<\/ul>\n<\/li>\n<\/ul>\n<\/li>\n<li style=\"font-weight: 400;\" aria-level=\"1\"><span style=\"font-weight: 400;\">Es dona a cada docent els codis per fer servir la fotocopiadora i entrar a la sessi\u00f3 Prof dels ordinadors.<\/span><\/li>\n<li style=\"font-weight: 400;\" aria-level=\"1\"><span style=\"font-weight: 400;\">Descriure, acotar i afegir als serveis que fem servir amb les diferents eines (correu electr\u00f2nic, Drive, whatsapp, calendaris&#8230;) i donar-los de baixa quan deixin el centre.<\/span><\/li>\n<li style=\"font-weight: 400;\" aria-level=\"1\"><span style=\"font-weight: 400;\">Presentar l\u2019espai web de l\u2019Escola i informar que cada cicle i especialitat t\u00e9 un blog i un\/a encarregat\/da de les publicacions d&#8217;aquest.<\/span><\/li>\n<li style=\"font-weight: 400;\" aria-level=\"1\"><span style=\"font-weight: 400;\">Assignar un correu electr\u00f2nic corporatiu d\u2019Escola (domini @escolaespiga.cat).<\/span><\/li>\n<li style=\"font-weight: 400;\" aria-level=\"1\"><span style=\"font-weight: 400;\">Compartir els correus electr\u00f2nics de l&#8217;alumnat i de les fam\u00edlies del curs assignat.<\/span><\/li>\n<li style=\"font-weight: 400;\" aria-level=\"1\"><span style=\"font-weight: 400;\">Si \u00e9s necessari, es dona d&#8217;alta als\/les mestres a les diverses plataformes del curs on s\u00f3n assignats.<\/span><\/li>\n<li style=\"font-weight: 400;\" aria-level=\"1\"><span style=\"font-weight: 400;\">S&#8217;assessora els docents en l&#8217;acc\u00e9s amb codi a l&#8217;aplicaci\u00f3 TokApp per poder gestionar amb les fam\u00edlies les autoritzacions i pagaments de sortides. En acabar el curs es dona de baixa del TokApp als mestres que marxen del centre.<\/span><\/li>\n<li style=\"font-weight: 400;\" aria-level=\"1\"><span style=\"font-weight: 400;\">A l\u2019arrel de la <\/span><b>P<\/b><span style=\"font-weight: 400;\"> hi ha un <a href=\"https:\/\/drive.google.com\/file\/d\/1iKBAgTlHLfoUQpM14M8jvjq3XXUAsTrk\/view?usp=sharing\" target=\"_blank\" rel=\"noopener\">document d\u2019incid\u00e8ncies t\u00e8cniques<\/a>. Cada migdia l\u2019inform\u00e0tic contractat per l\u2019AFA, el coordinador EDC i\/o el secretari de l\u2019Equip Directiu, i quinzenalment el personal preventiu del Departament, fan revisi\u00f3 del document i corregeixen les incid\u00e8ncies esmentades que es puguin.\u00a0<\/span><\/li>\n<li style=\"font-weight: 400;\" aria-level=\"1\"><span style=\"font-weight: 400;\">L&#8217;equip docent vetllar\u00e0 pel manteniment de les contrasenyes de l\u2019alumnat i les normes d&#8217;\u00fas \u00e8tic de la tecnologia.<\/span><\/li>\n<\/ul>\n<p>&nbsp;<\/p>\n<h2><img loading=\"lazy\" decoding=\"async\" class=\"alignnone wp-image-4097\" src=\"https:\/\/agora.xtec.cat\/escola-espiga-lleida\/wp-content\/uploads\/usu273\/2023\/04\/Alumnat-acollida--1024x314.jpg\" alt=\"\" width=\"500\" height=\"154\" srcset=\"https:\/\/agora.xtec.cat\/escola-espiga-lleida\/wp-content\/uploads\/usu273\/2023\/04\/Alumnat-acollida--1024x314.jpg 1024w, https:\/\/agora.xtec.cat\/escola-espiga-lleida\/wp-content\/uploads\/usu273\/2023\/04\/Alumnat-acollida--300x92.jpg 300w, https:\/\/agora.xtec.cat\/escola-espiga-lleida\/wp-content\/uploads\/usu273\/2023\/04\/Alumnat-acollida--768x236.jpg 768w, https:\/\/agora.xtec.cat\/escola-espiga-lleida\/wp-content\/uploads\/usu273\/2023\/04\/Alumnat-acollida-.jpg 1355w\" sizes=\"auto, (max-width: 500px) 100vw, 500px\" \/><\/h2>\n<p><img loading=\"lazy\" decoding=\"async\" class=\"alignright\" src=\"https:\/\/projectes.xtec.cat\/edc\/wp-content\/uploads\/usu2268\/2020\/10\/lenovo-300e-windows-hero.png\" width=\"267\" height=\"190\" \/><\/p>\n<ul>\n<li aria-level=\"1\"><span style=\"font-weight: 400;\">Es presenta a l&#8217;alumnat els dispositius que far\u00e0 servir a l&#8217;Escola: ordinadors, port\u00e0tils i robots.<\/span><\/li>\n<li style=\"font-weight: 400;\" aria-level=\"1\"><span style=\"font-weight: 400;\">En el cas de l&#8217;alumnat de CS, signaran el <a href=\"https:\/\/drive.google.com\/file\/d\/1JZ_YkNpatsGjYRITotbSqy_Bk2ffcInh\/view?usp=sharing\" target=\"_blank\" rel=\"noopener\">comprom\u00eds de bon \u00fas dels port\u00e0tils individuals<\/a>.<\/span><\/li>\n<li style=\"font-weight: 400;\" aria-level=\"1\"><span style=\"font-weight: 400;\">Es fa lliurament dels port\u00e0tils del Departament a l\u2019alumnat de CS.<\/span><\/li>\n<li style=\"font-weight: 400;\" aria-level=\"1\"><span style=\"font-weight: 400;\">Es presenten als alumnes els espais web del centre i els que serviran per al seu treball educatiu.<\/span><\/li>\n<li style=\"font-weight: 400;\" aria-level=\"1\"><span style=\"font-weight: 400;\">Es dona l\u2019usuari i contrasenya a l&#8217;alumnat de l&#8217;Entorn Virtual de l&#8217;Escola (Moodle) i les diferents aplicacions utilitzades en cada cas (Dictapp, NAVIO, Innovamat\u2026).<\/span><\/li>\n<li style=\"font-weight: 400;\" aria-level=\"1\"><span style=\"font-weight: 400;\">A CS es facilita el correu dels docents per poder comunicar-se o compartir tasques.<\/span><\/li>\n<li style=\"font-weight: 400;\" aria-level=\"1\"><span style=\"font-weight: 400;\">A CS es demana la conformitat del <a href=\"https:\/\/drive.google.com\/file\/d\/1J4zPRxfn9D7EGlAb7HtQIJbm1TqdgLid\/view?usp=sharing\" target=\"_blank\" rel=\"noopener\">bon \u00fas i de les pr\u00e0ctiques sancionables del correu electr\u00f2nic<\/a>.<\/span><\/li>\n<li style=\"font-weight: 400;\" aria-level=\"1\"><span style=\"font-weight: 400;\">S\u2019informa de la possibilitat de restablir les contrasenyes i resoldre problemes t\u00e8cnics demanant ajuda als docents.\u00a0<\/span><\/li>\n<\/ul>\n<p>&nbsp;<\/p>\n<h2><img loading=\"lazy\" decoding=\"async\" class=\"alignnone wp-image-4100\" src=\"https:\/\/agora.xtec.cat\/escola-espiga-lleida\/wp-content\/uploads\/usu273\/2023\/04\/Family-acollida--1024x312.jpg\" alt=\"\" width=\"500\" height=\"153\" srcset=\"https:\/\/agora.xtec.cat\/escola-espiga-lleida\/wp-content\/uploads\/usu273\/2023\/04\/Family-acollida--1024x312.jpg 1024w, https:\/\/agora.xtec.cat\/escola-espiga-lleida\/wp-content\/uploads\/usu273\/2023\/04\/Family-acollida--300x92.jpg 300w, https:\/\/agora.xtec.cat\/escola-espiga-lleida\/wp-content\/uploads\/usu273\/2023\/04\/Family-acollida--768x234.jpg 768w, https:\/\/agora.xtec.cat\/escola-espiga-lleida\/wp-content\/uploads\/usu273\/2023\/04\/Family-acollida-.jpg 1370w\" sizes=\"auto, (max-width: 500px) 100vw, 500px\" \/><\/h2>\n<p><img loading=\"lazy\" decoding=\"async\" class=\" wp-image-4113 alignright\" src=\"https:\/\/agora.xtec.cat\/escola-espiga-lleida\/wp-content\/uploads\/usu273\/2023\/04\/tauleta-web-1024x639.jpg\" alt=\"\" width=\"235\" height=\"147\" srcset=\"https:\/\/agora.xtec.cat\/escola-espiga-lleida\/wp-content\/uploads\/usu273\/2023\/04\/tauleta-web-1024x639.jpg 1024w, https:\/\/agora.xtec.cat\/escola-espiga-lleida\/wp-content\/uploads\/usu273\/2023\/04\/tauleta-web-300x187.jpg 300w, https:\/\/agora.xtec.cat\/escola-espiga-lleida\/wp-content\/uploads\/usu273\/2023\/04\/tauleta-web-768x479.jpg 768w, https:\/\/agora.xtec.cat\/escola-espiga-lleida\/wp-content\/uploads\/usu273\/2023\/04\/tauleta-web.jpg 1123w\" sizes=\"auto, (max-width: 235px) 100vw, 235px\" \/><\/p>\n<ul>\n<li style=\"font-weight: 400;\" aria-level=\"1\"><span style=\"font-weight: 400;\">Presentar els apartats del web de l&#8217;Escola a la reuni\u00f3 d&#8217;inici de curs, tot indicant els tel\u00e8fons i correu de contacte del centre.<\/span><\/li>\n<li style=\"font-weight: 400;\" aria-level=\"1\"><span style=\"font-weight: 400;\">Es crearan i presentaran tutorials de l\u2019Entorn Virtual d\u2019Aprenentatge (EVA) i de les aplicacions educatives utilitzades (Moodle, Dictapp, NAVIO, Innovamat\u2026).\u00a0<\/span><\/li>\n<li style=\"font-weight: 400;\" aria-level=\"1\"><span style=\"font-weight: 400;\">S\u2019explica el funcionament de la plataforma Tokapp.<\/span><\/li>\n<li style=\"font-weight: 400;\" aria-level=\"1\"><span style=\"font-weight: 400;\">Es facilita informaci\u00f3 d\u2019on trobar el correu dels docents amb el domini de l\u2019Escola per si cal contactar-hi.<\/span><\/li>\n<li style=\"font-weight: 400;\" aria-level=\"1\"><span style=\"font-weight: 400;\">Cada inici de cicle o nova matr\u00edcula, es donen les seg\u00fcents autoritzacions:<\/span>\n<ul>\n<li style=\"list-style-type: none;\">\n<ul>\n<li style=\"list-style-type: none;\">\n<ul>\n<li style=\"list-style-type: none;\">\n<ul style=\"list-style-type: circle;\">\n<li style=\"font-weight: 400;\" aria-level=\"2\"><a href=\"https:\/\/drive.google.com\/file\/d\/1Jw1pvq__j4X33suRUvSX4c5u9-DEceeK\/view\" target=\"_blank\" rel=\"noopener\"><span style=\"font-weight: 400;\">Relativa als alumnes menors de 14 anys: \u00fas d\u2019imatges, publicaci\u00f3 de dades de car\u00e0cter personal i de material que elaboren.<\/span><\/a><\/li>\n<li style=\"font-weight: 400;\" aria-level=\"2\"><a href=\"https:\/\/drive.google.com\/file\/d\/193_y9YBJTIyebO1XyFOgR-3XJCLF8TcF\/view\" target=\"_blank\" rel=\"noopener\"><span style=\"font-weight: 400;\">Relativa als alumnes de menys de 14 anys: \u00fas de serveis i recursos digitals a internet per treballar a l\u2019aula.<\/span><\/a><\/li>\n<li style=\"font-weight: 400;\" aria-level=\"2\"><a href=\"https:\/\/drive.google.com\/file\/d\/1t9R73ItwgyFSj2VwkY-UPyYdGsjyo5Sq\/view\" target=\"_blank\" rel=\"noopener\"><span style=\"font-weight: 400;\">Relativa als alumnes de menys de 14 anys: domini @escolaespiga.cat, eines Google i Canva. (Nom\u00e9s a Cicle Superior).\u00a0<\/span><\/a><\/li>\n<\/ul>\n<\/li>\n<\/ul>\n<\/li>\n<\/ul>\n<\/li>\n<\/ul>\n<\/li>\n<li style=\"font-weight: 400;\" aria-level=\"1\"><span style=\"font-weight: 400;\">A Cicle Superior es demana la conformitat del bon \u00fas i de les <a href=\"https:\/\/drive.google.com\/file\/d\/1J4zPRxfn9D7EGlAb7HtQIJbm1TqdgLid\/view?usp=sharing\" target=\"_blank\" rel=\"noopener\">pr\u00e0ctiques sancionables del correu electr\u00f2nic<\/a>.<\/span><\/li>\n<li style=\"font-weight: 400;\" aria-level=\"1\"><span style=\"font-weight: 400;\">En el cas de l&#8217;alumnat de cicle superior, signaran el comprom\u00eds de bon \u00fas dels port\u00e0tils individuals.<\/span><\/li>\n<\/ul>\n","protected":false},"excerpt":{"rendered":"<p>ACOLLIMENT DIGITAL<br \/>\nL&#8217;acolliment digital forma part de l&#8217;acolliment general al centre.<\/p>\n<ul>\n<li>L&#8217;equip docent ha de tenir actiu el correu Xtec i con\u00e8ixer la contrasenya GICAR. En el cas que el\/la docent no disposi d\u2019usuari Xtec el\/la director\/a li gestionar\u00e0 l\u2019alta. Disposar d\u2019aquest usuari \u00e9s imprescindible per a&hellip;  <a href=\"https:\/\/agora.xtec.cat\/escola-espiga-lleida\/estrategia-digital-de-centre-edc\/cultura-digital\/competencia-professorat\/\" title=\"Read Acolliment\">Llegeix m\u00e9s\u00bb<\/a><br \/>\n","protected":false},"author":1,"featured_media":0,"parent":3685,"menu_order":60,"comment_status":"closed","ping_status":"closed","template":"page-templates\/side-menu.php","meta":{"_bbp_topic_count":0,"_bbp_reply_count":0,"_bbp_total_topic_count":0,"_bbp_total_reply_count":0,"_bbp_voice_count":0,"_bbp_anonymous_reply_count":0,"_bbp_topic_count_hidden":0,"_bbp_reply_count_hidden":0,"_bbp_forum_subforum_count":0,"footnotes":""},"class_list":["post-3712","page","type-page","status-publish","hentry"],"post_mailing_queue_ids":[],"_links":{"self":[{"href":"https:\/\/agora.xtec.cat\/escola-espiga-lleida\/wp-json\/wp\/v2\/pages\/3712","targetHints":{"allow":["GET"]}}],"collection":[{"href":"https:\/\/agora.xtec.cat\/escola-espiga-lleida\/wp-json\/wp\/v2\/pages"}],"about":[{"href":"https:\/\/agora.xtec.cat\/escola-espiga-lleida\/wp-json\/wp\/v2\/types\/page"}],"author":[{"embeddable":true,"href":"https:\/\/agora.xtec.cat\/escola-espiga-lleida\/wp-json\/wp\/v2\/users\/1"}],"replies":[{"embeddable":true,"href":"https:\/\/agora.xtec.cat\/escola-espiga-lleida\/wp-json\/wp\/v2\/comments?post=3712"}],"version-history":[{"count":5,"href":"https:\/\/agora.xtec.cat\/escola-espiga-lleida\/wp-json\/wp\/v2\/pages\/3712\/revisions"}],"predecessor-version":[{"id":4477,"href":"https:\/\/agora.xtec.cat\/escola-espiga-lleida\/wp-json\/wp\/v2\/pages\/3712\/revisions\/4477"}],"up":[{"embeddable":true,"href":"https:\/\/agora.xtec.cat\/escola-espiga-lleida\/wp-json\/wp\/v2\/pages\/3685"}],"wp:attachment":[{"href":"https:\/\/agora.xtec.cat\/escola-espiga-lleida\/wp-json\/wp\/v2\/media?parent=3712"}],"curies":[{"name":"wp","href":"https:\/\/api.w.org\/{rel}","templated":true}]}}