{"id":3710,"date":"2022-04-27T18:46:26","date_gmt":"2022-04-27T16:46:26","guid":{"rendered":"https:\/\/agora.xtec.cat\/escola-espiga-lleida\/?page_id=3710"},"modified":"2023-06-08T18:22:10","modified_gmt":"2023-06-08T16:22:10","slug":"competencia-alumnat","status":"publish","type":"page","link":"https:\/\/agora.xtec.cat\/escola-espiga-lleida\/estrategia-digital-de-centre-edc\/cultura-digital\/competencia-alumnat\/","title":{"rendered":"Compet\u00e8ncia"},"content":{"rendered":"<p>L&#8217;objectiu de les accions formatives de compet\u00e8ncia digital i de suport a la transformaci\u00f3 digital dels centres organitzades per la Direcci\u00f3 General d&#8217;Innovaci\u00f3, Digitalitzaci\u00f3 i Recerca Educativa \u00e9s garantir la millora dels resultats educatius de l&#8217;alumnat, i en particular, l&#8217;assoliment de la compet\u00e8ncia digital, tant de l&#8217;alumnat com del professorat. La formaci\u00f3 de cultura digital est\u00e0 alineada amb les diferents dimensions i nivells de la\u00a0<a href=\"https:\/\/educacio.gencat.cat\/ca\/departament\/publicacions\/colleccions\/pla-educacio-digital\/marc-referencia-competencia-digital-docent\/\" data-saferedirecturl=\"https:\/\/www.google.com\/url?q=http:\/\/educacio.gencat.cat\/web\/.content\/home\/departament\/publicacions\/monografies\/competencia-digital-docent\/competencia-digital-docent.pdf&amp;source=gmail&amp;ust=1626931366626000&amp;usg=AFQjCNGWXjpbYqVE3O8MQsXDxO8PHfuxyg\">Compet\u00e8ncia digital docent\u00a0<\/a>i emmarcada en l\u2019eix 2, professorat digitalment competent, del Pla d\u2019Educaci\u00f3 Digital de Catalunya (PEDC).<\/p>\n<p><img loading=\"lazy\" decoding=\"async\" class=\"aligncenter wp-image-4160 size-full\" src=\"https:\/\/agora.xtec.cat\/escola-espiga-lleida\/wp-content\/uploads\/usu273\/2023\/06\/Captura-de-Pantalla-2022-09-23-a-les-13.10.00.png\" alt=\"\" width=\"852\" height=\"429\" srcset=\"https:\/\/agora.xtec.cat\/escola-espiga-lleida\/wp-content\/uploads\/usu273\/2023\/06\/Captura-de-Pantalla-2022-09-23-a-les-13.10.00.png 852w, https:\/\/agora.xtec.cat\/escola-espiga-lleida\/wp-content\/uploads\/usu273\/2023\/06\/Captura-de-Pantalla-2022-09-23-a-les-13.10.00-300x151.png 300w, https:\/\/agora.xtec.cat\/escola-espiga-lleida\/wp-content\/uploads\/usu273\/2023\/06\/Captura-de-Pantalla-2022-09-23-a-les-13.10.00-768x387.png 768w\" sizes=\"auto, (max-width: 852px) 100vw, 852px\" \/><\/p>\n<p style=\"text-align: center;\"><em>(Imatge extreta de &#8220;https:\/\/projectes.xtec.cat\/xtcd\/competencia-digital-docent\/&#8221;)<\/em><\/p>\n<p><strong>LA COMPET\u00c8NCIA DIGITAL DOCENT<\/strong><\/p>\n<p>La compet\u00e8ncia docent \u00e9s un dels factors m\u00e9s determinants en la qualitat de l&#8217;acci\u00f3 educativa. En la seva pr\u00e0ctica di\u00e0ria, el professorat ha de desenvolupar la compet\u00e8ncia digital docent de manera integral.<\/p>\n<p>Durant el curs 2022-2023 s&#8217;ha realitzat la Formaci\u00f3 a centre (FIC) &#8220;Elaboraci\u00f3 de l&#8217;Estrat\u00e8gia digital de centre i situacions d&#8217;aprenentatge&#8221; de 40\u202fh.<\/p>\n<ul>\n<li><a href=\"https:\/\/xtec.gencat.cat\/ca\/formacio\/formaciogeneralprofessorat\/cultura-digital\/planificacio-oferta-formativa-modalitats\/\">Oferta formativa docent.<\/a><\/li>\n<\/ul>\n<p><strong>LA COMPET\u00c8NCIA DIGITAL DE L\u2019ALUMNAT<\/strong><\/p>\n<p>L\u2019assoliment de la compet\u00e8ncia digital de l\u2019alumnat \u00e9s un dels objectius principals de l\u2019EDC. Aquest assoliment s\u2019ha d\u2019aconseguir de forma transversal amb la implicaci\u00f3 de totes les mat\u00e8ries o \u00e0mbits.<\/p>\n<p>L&#8217;Escola planifica el seu desplegament i la seva avaluaci\u00f3 en els diferents nivells i cursos.<\/p>\n<p>Durant el curs 2023-2024, s&#8217;actualitzar\u00e0 d&#8217;acord amb el nou curr\u00edculum.<\/p>\n","protected":false},"excerpt":{"rendered":"<p>L&#8217;objectiu de les accions formatives de compet\u00e8ncia digital i de suport a la transformaci\u00f3 digital dels centres organitzades per la Direcci\u00f3 General d&#8217;Innovaci\u00f3, Digitalitzaci\u00f3 i Recerca Educativa \u00e9s garantir la millora dels resultats educatius de l&#8217;alumnat, i en particular, l&#8217;assoliment de la compet\u00e8ncia digital, tant&hellip;  <a href=\"https:\/\/agora.xtec.cat\/escola-espiga-lleida\/estrategia-digital-de-centre-edc\/cultura-digital\/competencia-alumnat\/\" title=\"Read Compet\u00e8ncia\">Llegeix m\u00e9s\u00bb<\/a><\/p>\n","protected":false},"author":1,"featured_media":0,"parent":3685,"menu_order":75,"comment_status":"closed","ping_status":"closed","template":"page-templates\/side-menu.php","meta":{"_bbp_topic_count":0,"_bbp_reply_count":0,"_bbp_total_topic_count":0,"_bbp_total_reply_count":0,"_bbp_voice_count":0,"_bbp_anonymous_reply_count":0,"_bbp_topic_count_hidden":0,"_bbp_reply_count_hidden":0,"_bbp_forum_subforum_count":0,"footnotes":""},"class_list":["post-3710","page","type-page","status-publish","hentry"],"post_mailing_queue_ids":[],"_links":{"self":[{"href":"https:\/\/agora.xtec.cat\/escola-espiga-lleida\/wp-json\/wp\/v2\/pages\/3710","targetHints":{"allow":["GET"]}}],"collection":[{"href":"https:\/\/agora.xtec.cat\/escola-espiga-lleida\/wp-json\/wp\/v2\/pages"}],"about":[{"href":"https:\/\/agora.xtec.cat\/escola-espiga-lleida\/wp-json\/wp\/v2\/types\/page"}],"author":[{"embeddable":true,"href":"https:\/\/agora.xtec.cat\/escola-espiga-lleida\/wp-json\/wp\/v2\/users\/1"}],"replies":[{"embeddable":true,"href":"https:\/\/agora.xtec.cat\/escola-espiga-lleida\/wp-json\/wp\/v2\/comments?post=3710"}],"version-history":[{"count":3,"href":"https:\/\/agora.xtec.cat\/escola-espiga-lleida\/wp-json\/wp\/v2\/pages\/3710\/revisions"}],"predecessor-version":[{"id":4158,"href":"https:\/\/agora.xtec.cat\/escola-espiga-lleida\/wp-json\/wp\/v2\/pages\/3710\/revisions\/4158"}],"up":[{"embeddable":true,"href":"https:\/\/agora.xtec.cat\/escola-espiga-lleida\/wp-json\/wp\/v2\/pages\/3685"}],"wp:attachment":[{"href":"https:\/\/agora.xtec.cat\/escola-espiga-lleida\/wp-json\/wp\/v2\/media?parent=3710"}],"curies":[{"name":"wp","href":"https:\/\/api.w.org\/{rel}","templated":true}]}}