{"id":3708,"date":"2022-04-27T18:46:00","date_gmt":"2022-04-27T16:46:00","guid":{"rendered":"https:\/\/agora.xtec.cat\/escola-espiga-lleida\/?page_id=3708"},"modified":"2023-06-28T18:57:47","modified_gmt":"2023-06-28T16:57:47","slug":"comunicacio","status":"publish","type":"page","link":"https:\/\/agora.xtec.cat\/escola-espiga-lleida\/estrategia-digital-de-centre-edc\/cultura-digital\/comunicacio\/","title":{"rendered":"Pla de Comunicaci\u00f3"},"content":{"rendered":"<p><span style=\"font-weight: 400;\"><img loading=\"lazy\" decoding=\"async\" class=\"wp-image-4208 alignleft\" src=\"https:\/\/agora.xtec.cat\/escola-espiga-lleida\/wp-content\/uploads\/usu273\/2023\/06\/Logo-ESPIGA-3-300x100.jpg\" alt=\"\" width=\"201\" height=\"67\" srcset=\"https:\/\/agora.xtec.cat\/escola-espiga-lleida\/wp-content\/uploads\/usu273\/2023\/06\/Logo-ESPIGA-3-300x100.jpg 300w, https:\/\/agora.xtec.cat\/escola-espiga-lleida\/wp-content\/uploads\/usu273\/2023\/06\/Logo-ESPIGA-3-1024x342.jpg 1024w, https:\/\/agora.xtec.cat\/escola-espiga-lleida\/wp-content\/uploads\/usu273\/2023\/06\/Logo-ESPIGA-3-768x257.jpg 768w, https:\/\/agora.xtec.cat\/escola-espiga-lleida\/wp-content\/uploads\/usu273\/2023\/06\/Logo-ESPIGA-3.jpg 1486w\" sizes=\"auto, (max-width: 201px) 100vw, 201px\" \/>L\u2019Escola t\u00e9 establerta la imatge de centre per materials impresos de l\u2019alumnat, inici i peus de p\u00e0gina de documents, signatura al correu de centre, circulars\u2026<\/span><\/p>\n<p><span style=\"font-weight: 400;\">L\u2019equip directiu del centre vetlla per preservar el dret a la desconnexi\u00f3 digital dels docents i la resta de persones i entitats amb qui mantenim comunicaci\u00f3. En conseq\u00fc\u00e8ncia, s\u2019evita enviar correus electr\u00f2nics o missatgeria instant\u00e0nia en dies no laborables i fora del marc horari establert pel Departament d\u2019Educaci\u00f3 per les Escoles (9h a 17h). Amb aquesta finalitat, la funci\u00f3 de programar l\u2019enviament de correus electr\u00f2nics en una data i hora espec\u00edfiques ens permet respectar aquest dret sense fer minvar l\u2019efici\u00e8ncia en la gesti\u00f3 administrativa, econ\u00f2mica i acad\u00e8mica del centre.<\/span><\/p>\n<p><span style=\"font-weight: 400;\">El centre disposa de diversos canals de comunicaci\u00f3 entre les fam\u00edlies, l\u2019Escola i l\u2019alumnat. En aquestes comunicacions, se segueix el protocol establert amb la normativa de protecci\u00f3 de dades pel tractament de dades personals i l\u2019\u00fas d\u2019imatge i veu.<\/span><\/p>\n<p><img loading=\"lazy\" decoding=\"async\" class=\"aligncenter size-large wp-image-4216\" src=\"https:\/\/agora.xtec.cat\/escola-espiga-lleida\/wp-content\/uploads\/usu273\/2023\/06\/Comunicacio-1-1024x768.png\" alt=\"\" width=\"1024\" height=\"768\" srcset=\"https:\/\/agora.xtec.cat\/escola-espiga-lleida\/wp-content\/uploads\/usu273\/2023\/06\/Comunicacio-1-1024x768.png 1024w, https:\/\/agora.xtec.cat\/escola-espiga-lleida\/wp-content\/uploads\/usu273\/2023\/06\/Comunicacio-1-300x225.png 300w, https:\/\/agora.xtec.cat\/escola-espiga-lleida\/wp-content\/uploads\/usu273\/2023\/06\/Comunicacio-1-768x576.png 768w, https:\/\/agora.xtec.cat\/escola-espiga-lleida\/wp-content\/uploads\/usu273\/2023\/06\/Comunicacio-1-1536x1152.png 1536w, https:\/\/agora.xtec.cat\/escola-espiga-lleida\/wp-content\/uploads\/usu273\/2023\/06\/Comunicacio-1-2048x1536.png 2048w, https:\/\/agora.xtec.cat\/escola-espiga-lleida\/wp-content\/uploads\/usu273\/2023\/06\/Comunicacio-1-200x150.png 200w\" sizes=\"auto, (max-width: 1024px) 100vw, 1024px\" \/> <img loading=\"lazy\" decoding=\"async\" class=\"aligncenter size-large wp-image-4217\" src=\"https:\/\/agora.xtec.cat\/escola-espiga-lleida\/wp-content\/uploads\/usu273\/2023\/06\/Comunicacio-2-1024x768.png\" alt=\"\" width=\"1024\" height=\"768\" srcset=\"https:\/\/agora.xtec.cat\/escola-espiga-lleida\/wp-content\/uploads\/usu273\/2023\/06\/Comunicacio-2-1024x768.png 1024w, https:\/\/agora.xtec.cat\/escola-espiga-lleida\/wp-content\/uploads\/usu273\/2023\/06\/Comunicacio-2-300x225.png 300w, https:\/\/agora.xtec.cat\/escola-espiga-lleida\/wp-content\/uploads\/usu273\/2023\/06\/Comunicacio-2-768x576.png 768w, https:\/\/agora.xtec.cat\/escola-espiga-lleida\/wp-content\/uploads\/usu273\/2023\/06\/Comunicacio-2-1536x1152.png 1536w, https:\/\/agora.xtec.cat\/escola-espiga-lleida\/wp-content\/uploads\/usu273\/2023\/06\/Comunicacio-2-2048x1536.png 2048w, https:\/\/agora.xtec.cat\/escola-espiga-lleida\/wp-content\/uploads\/usu273\/2023\/06\/Comunicacio-2-200x150.png 200w\" sizes=\"auto, (max-width: 1024px) 100vw, 1024px\" \/> <img loading=\"lazy\" decoding=\"async\" class=\"aligncenter size-large wp-image-4218\" src=\"https:\/\/agora.xtec.cat\/escola-espiga-lleida\/wp-content\/uploads\/usu273\/2023\/06\/Comunicacio-3-1024x768.png\" alt=\"\" width=\"1024\" height=\"768\" srcset=\"https:\/\/agora.xtec.cat\/escola-espiga-lleida\/wp-content\/uploads\/usu273\/2023\/06\/Comunicacio-3-1024x768.png 1024w, https:\/\/agora.xtec.cat\/escola-espiga-lleida\/wp-content\/uploads\/usu273\/2023\/06\/Comunicacio-3-300x225.png 300w, https:\/\/agora.xtec.cat\/escola-espiga-lleida\/wp-content\/uploads\/usu273\/2023\/06\/Comunicacio-3-768x576.png 768w, https:\/\/agora.xtec.cat\/escola-espiga-lleida\/wp-content\/uploads\/usu273\/2023\/06\/Comunicacio-3-1536x1152.png 1536w, https:\/\/agora.xtec.cat\/escola-espiga-lleida\/wp-content\/uploads\/usu273\/2023\/06\/Comunicacio-3-2048x1536.png 2048w, https:\/\/agora.xtec.cat\/escola-espiga-lleida\/wp-content\/uploads\/usu273\/2023\/06\/Comunicacio-3-200x150.png 200w\" sizes=\"auto, (max-width: 1024px) 100vw, 1024px\" \/> <img loading=\"lazy\" decoding=\"async\" class=\"aligncenter size-large wp-image-4219\" src=\"https:\/\/agora.xtec.cat\/escola-espiga-lleida\/wp-content\/uploads\/usu273\/2023\/06\/Comunicacio-4-1024x768.png\" alt=\"\" width=\"1024\" height=\"768\" srcset=\"https:\/\/agora.xtec.cat\/escola-espiga-lleida\/wp-content\/uploads\/usu273\/2023\/06\/Comunicacio-4-1024x768.png 1024w, https:\/\/agora.xtec.cat\/escola-espiga-lleida\/wp-content\/uploads\/usu273\/2023\/06\/Comunicacio-4-300x225.png 300w, https:\/\/agora.xtec.cat\/escola-espiga-lleida\/wp-content\/uploads\/usu273\/2023\/06\/Comunicacio-4-768x576.png 768w, https:\/\/agora.xtec.cat\/escola-espiga-lleida\/wp-content\/uploads\/usu273\/2023\/06\/Comunicacio-4-1536x1152.png 1536w, https:\/\/agora.xtec.cat\/escola-espiga-lleida\/wp-content\/uploads\/usu273\/2023\/06\/Comunicacio-4-2048x1536.png 2048w, https:\/\/agora.xtec.cat\/escola-espiga-lleida\/wp-content\/uploads\/usu273\/2023\/06\/Comunicacio-4-200x150.png 200w\" sizes=\"auto, (max-width: 1024px) 100vw, 1024px\" \/><\/p>\n","protected":false},"excerpt":{"rendered":"<p>L\u2019Escola t\u00e9 establerta la imatge de centre per materials impresos de l\u2019alumnat, inici i peus de p\u00e0gina de documents, signatura al correu de centre, circulars\u2026<br \/>\nL\u2019equip directiu del centre vetlla per preservar el dret a la desconnexi\u00f3 digital dels docents i la resta de persones i&hellip;  <a href=\"https:\/\/agora.xtec.cat\/escola-espiga-lleida\/estrategia-digital-de-centre-edc\/cultura-digital\/comunicacio\/\" title=\"Read Pla de Comunicaci\u00f3\">Llegeix m\u00e9s\u00bb<\/a><\/p>\n","protected":false},"author":1,"featured_media":0,"parent":3685,"menu_order":65,"comment_status":"closed","ping_status":"closed","template":"page-templates\/side-menu.php","meta":{"_bbp_topic_count":0,"_bbp_reply_count":0,"_bbp_total_topic_count":0,"_bbp_total_reply_count":0,"_bbp_voice_count":0,"_bbp_anonymous_reply_count":0,"_bbp_topic_count_hidden":0,"_bbp_reply_count_hidden":0,"_bbp_forum_subforum_count":0,"footnotes":""},"class_list":["post-3708","page","type-page","status-publish","hentry"],"post_mailing_queue_ids":[],"_links":{"self":[{"href":"https:\/\/agora.xtec.cat\/escola-espiga-lleida\/wp-json\/wp\/v2\/pages\/3708","targetHints":{"allow":["GET"]}}],"collection":[{"href":"https:\/\/agora.xtec.cat\/escola-espiga-lleida\/wp-json\/wp\/v2\/pages"}],"about":[{"href":"https:\/\/agora.xtec.cat\/escola-espiga-lleida\/wp-json\/wp\/v2\/types\/page"}],"author":[{"embeddable":true,"href":"https:\/\/agora.xtec.cat\/escola-espiga-lleida\/wp-json\/wp\/v2\/users\/1"}],"replies":[{"embeddable":true,"href":"https:\/\/agora.xtec.cat\/escola-espiga-lleida\/wp-json\/wp\/v2\/comments?post=3708"}],"version-history":[{"count":3,"href":"https:\/\/agora.xtec.cat\/escola-espiga-lleida\/wp-json\/wp\/v2\/pages\/3708\/revisions"}],"predecessor-version":[{"id":4220,"href":"https:\/\/agora.xtec.cat\/escola-espiga-lleida\/wp-json\/wp\/v2\/pages\/3708\/revisions\/4220"}],"up":[{"embeddable":true,"href":"https:\/\/agora.xtec.cat\/escola-espiga-lleida\/wp-json\/wp\/v2\/pages\/3685"}],"wp:attachment":[{"href":"https:\/\/agora.xtec.cat\/escola-espiga-lleida\/wp-json\/wp\/v2\/media?parent=3708"}],"curies":[{"name":"wp","href":"https:\/\/api.w.org\/{rel}","templated":true}]}}