{"id":3704,"date":"2022-04-27T18:45:04","date_gmt":"2022-04-27T16:45:04","guid":{"rendered":"https:\/\/agora.xtec.cat\/escola-espiga-lleida\/?page_id=3704"},"modified":"2023-03-08T13:59:41","modified_gmt":"2023-03-08T12:59:41","slug":"documentacio-basica","status":"publish","type":"page","link":"https:\/\/agora.xtec.cat\/escola-espiga-lleida\/estrategia-digital-de-centre-edc\/cultura-digital\/documentacio-basica\/","title":{"rendered":"Documentaci\u00f3 b\u00e0sica"},"content":{"rendered":"<p>En diferents documents de l\u2019Escola (alguns en revisi\u00f3), podem trobar refer\u00e8ncies a la cultura digital:<\/p>\n<table style=\"border-collapse: collapse; width: 100%;\">\n<tbody>\n<tr>\n<td style=\"width: 100%; background-color: #00ffff; border-color: #ffffff;\">\n<h1><strong><span style=\"color: #0000ff;\">PROJECTE DE DIRECCI\u00d3 (PdD)<\/span><\/strong><\/h1>\n<\/td>\n<\/tr>\n<\/tbody>\n<\/table>\n<h4>2.- CONTEXTUALITZACI\u00d3<\/h4>\n<h5>2.2.- RECURSOS<\/h5>\n<h6>2.2.3.- FUNCIONALS:<\/h6>\n<p>Entenem com a recursos funcionals tots aquells documents que formen part de l\u2019organitzaci\u00f3 i bon funcionament del centre, com el PEC, PGA, PL, PLA, PLA ATENCI\u00d3 A LA DIVERSITAT, NOFC, PROJECTES D\u2019ESCOLA, PLA TAC.<\/p>\n<h5><\/h5>\n<h5>2.4 ORGANITZACI\u00d3:<\/h5>\n<p>&#8211; Equips de treball: s\u00f3n equips formats per mestres de tots els cicles i amb temes concrets a treballar: TAC, Biblioteca, Agenda 21, PCEE, Angl\u00e8s, Pedag\u00f2gic, CAD. Ens trobem quinzenalment.<\/p>\n<p>&nbsp;<\/p>\n<h4>3 DIAGN\u00d2SI &#8211; DAFO:<\/h4>\n<p>Tamb\u00e9 \u00e9s una fortalesa molt important la col\u00b7laboraci\u00f3, implicaci\u00f3 i participaci\u00f3 de tota la Comunitat Educativa. No podem deixar de banda que la dotaci\u00f3 de recursos humans amb especialitats en atenci\u00f3 a la diversitat, angl\u00e8s i TAC, ens facilita poder atendre aquests aspectes dedicant m\u00e9s recursos materials: hores, espais, recursos humans.<\/p>\n<h5>3.1 MATRIU DE FACTORS:<\/h5>\n<p><strong>DEBILITATS<\/strong>:<\/p>\n<ul>\n<li>D5-Millora de l\u2019\u00fas de les TAC com a eines d\u2019aprenentatge: mSchools, pensament computacional, rob\u00f2tica.<\/li>\n<\/ul>\n<p><strong>OPORTUNITATS<\/strong>:<\/p>\n<ul>\n<li>O5- Disponibilitat de docents amb formaci\u00f3 TAC, AICLE, i ATENCI\u00d3 ESPECIALITAT, a cada cicle.<\/li>\n<\/ul>\n<h5><\/h5>\n<h5>3.2 DAFO-ESTRAT\u00c8GIES:<\/h5>\n<p><strong>OPORTUNITATS<\/strong><\/p>\n<ul>\n<li>O6- Disponibilitat de docents per millorar la formaci\u00f3 TAC, i AICLE, m\u00e8tode cient\u00edfic-investigaci\u00f3.<\/li>\n<\/ul>\n<p><strong>DEBILITATS<\/strong><\/p>\n<ul>\n<li>D5-Millora de l\u2019\u00fas de les TAC com a eines d\u2019aprenentatge: mSchools, pensament computacional, rob\u00f2tica, m\u00e8tode cient\u00edfic-investigaci\u00f3.<\/li>\n<\/ul>\n<p><strong>ESTRAT\u00c8GIA ADAPTATIVA<\/strong><\/p>\n<ul>\n<li>Formaci\u00f3 en centre en metodologia basada en pensament computacional, rob\u00f2tica, mschools, Mobile history maps, m\u00e8tode cient\u00edfic-investigaci\u00f3.<\/li>\n<li>Proposta de treball amb TAC en les \u00e0rees. medi, lleng\u00fces, matem\u00e0tiques.<\/li>\n<\/ul>\n<p>&nbsp;<\/p>\n<h4>4 OBJECTIUS, ESTRAT\u00c8GIES I ACTUACIONS:<\/h4>\n<p><strong>OBJECTIUS \u00c0MBIT PEDAG\u00d2GIC-DID\u00c0CTIC: MILLORAR ELS RESULTATS.<\/strong><\/p>\n<ul>\n<li><strong>OBJECTIU 1:<\/strong> MILLORAR ELS RESULTATS ACAD\u00c8MICS DE TOTS ELS ALUMNES EN APRENENTATGES COMPETENCIALS, FENT \u00daS DE METODOLOGIES GLOBALITZADES: PROJECTES, PENSAMENT COMPUTACIONAL I NOVES TECNOLOGIES, M\u00c8TODE CIENT\u00cdFIC-INVESTIGACI\u00d3.\n<ul>\n<li><strong>ESTRAT\u00c8GIA 1.1:<\/strong>\u00a0Programaci\u00f3 de FIC sobre desenvolupament de metodologia globalitzades, pensament computacional, rob\u00f2tica, m\u00e8tode cient\u00edfic-investigaci\u00f3.\n<ul>\n<li><strong>ACTIVITAT 1.1.1:<\/strong> Participar, gradualment, en cursos FIC de metodologies globalitzades, pensament computacional, rob\u00f2tica, m\u00e8tode cient\u00edfic-investigaci\u00f3.<\/li>\n<\/ul>\n<\/li>\n<\/ul>\n<\/li>\n<\/ul>\n<p><strong>OBJECTIUS \u00c0MBIT ORGANITZATIU I DE GESTI\u00d3<\/strong><\/p>\n<ul>\n<li><strong>OBJECTIU 1:<\/strong> ORGANITZAR EL CENTRE AMB UN FUNCIONAMENT OBERT.\n<ul>\n<li><strong>ESTRAT\u00c8GIA 1.1: <\/strong>Organitzaci\u00f3 del claustre tenint en compte un lideratge distribu\u00eft.\n<ul>\n<li><strong>ACTIVITAT 1.1.1:<\/strong> Creaci\u00f3 de grups de treball intercicle amb la funci\u00f3 de revisar i actualitzar els documents de centre: NOFC, Pla TAC, PEC.<\/li>\n<\/ul>\n<\/li>\n<\/ul>\n<\/li>\n<\/ul>\n<p>&nbsp;<\/p>\n<table style=\"border-collapse: collapse; width: 100%;\">\n<tbody>\n<tr>\n<td style=\"width: 100%; background-color: #00ffff; border-color: #ffffff;\">\n<h1><strong><span style=\"color: #0000ff;\">PROJECTE ESCOLAR DE CENTRE (PEC)<\/span><\/strong><\/h1>\n<\/td>\n<\/tr>\n<\/tbody>\n<\/table>\n<h4>3. OBJECTIUS DE CENTRE (QU\u00c8 PRETENEM)<\/h4>\n<h5>3.1- PLANTEJAMENTS EDUCATIUS<\/h5>\n<h6>3.1.5.- OBJECTIUS PEDAG\u00d2GICS DE L\u2019ESCOLA ESPIGA<\/h6>\n<ul>\n<li>&#8230;<\/li>\n<li><strong>5 &#8211; Compet\u00e8ncia digital<\/strong>\n<ul>\n<li>5.1.- Dominar habilitats digitals per interactuar en la societat.<\/li>\n<li>5.2.-\u00a0 Utilitzar instruments i aplicacions digitals.<\/li>\n<li>5.3.- Seleccionar fonts d\u2019informaci\u00f3 i comprendre el sentit profund dels missatges.<\/li>\n<li>5.4.- Analitzar i organitzar dades d\u2019entorns digitals.<\/li>\n<li>5.5.- Dominar plataformes interactives.<\/li>\n<li>5.6.- Adquirir uns h\u00e0bits de civisme en la identitat digital i en la comunicaci\u00f3 interpersonal.<\/li>\n<\/ul>\n<\/li>\n<\/ul>\n<p>&nbsp;<\/p>\n<h4>4. CONCRECI\u00d3 I DESENVOLUPAMENT DEL PROJECTE (COM HO FEM)<\/h4>\n<h5>4.1. CRITERIS D\u2019ORGANITZACI\u00d3 PEDAG\u00d2GICA<\/h5>\n<h6>4.1.6. CRITERIS DE DEFINICI\u00d3 DE LLOCS DE LA PLANTILLA DOCENT AMB PERFILS PROFESSIONALS SINGULARS.<\/h6>\n<p>La plantilla del centre ha sofert en pocs anys molts canvis de personal motivats per jubilacions. D&#8217;aix\u00f2 se&#8217;n deriva un elevat grau de personal provisional. Un objectiu del PdD \u00e9s vetllar per configurar una plantilla competent i estable per donar resposta als objectius del PEC. D\u2019entre aquests objectius, destaquen com a prioritaris la millora de la compet\u00e8ncia en llengua anglesa, l\u2019atenci\u00f3 a la diversitat, la millora de la compet\u00e8ncia digital tant de l\u2019equip docent com de l\u2019alumnat i la millora de la compet\u00e8ncia lectora. La descripci\u00f3 de perfils professionals \u00e9s una eina que facilita aquest proc\u00e9s.<\/p>\n<p><strong>Les TAC a l\u2019Escola ESPIGA<\/strong><\/p>\n<p>L&#8217;alumnat i les fam\u00edlies de l&#8217;Escola tenen un bon nivell en l&#8217;\u00fas de les TIC. Cal aprofitar aquesta fortalesa i aprofundir en\u00a0 el domini i \u00fas de les noves tecnologies en el proc\u00e9s d&#8217;ensenyament-aprenentatge. Es requereix docents formats en compet\u00e8ncia digital.<\/p>\n<p>El centre compta amb una dotaci\u00f3 important de recursos de noves tecnologies (l&#8217;AMPA de l&#8217;Escola complementa la dotaci\u00f3 del Departament). Cal fer-ne \u00fas i tenir un bon domini en diferents \u00e0mbits.<\/p>\n<p>\u00c9s prioritat de l&#8217;Escola i aix\u00ed es contempla en el PEC i en el PdD la compet\u00e8ncia digital de l&#8217;equip docent i de l&#8217;alumnat. Per aquest motiu s\u2019han perfilat dos llocs de treball:<\/p>\n<ul>\n<li>Perfil PAN &#8211; TIC.<\/li>\n<li>Perfil PMU &#8211; TIC.<\/li>\n<\/ul>\n<p>&nbsp;<\/p>\n<h4>ANNEX 4<\/h4>\n<h5>LES COMPET\u00c8NCIES B\u00c0SIQUES<\/h5>\n<p>Les compet\u00e8ncies b\u00e0siques que s\u2019han d\u2019adquirir en finalitzar l\u2019educaci\u00f3 obligat\u00f2ria s\u00f3n les seg\u00fcents:<\/p>\n<ul>\n<li><strong>5.- Compet\u00e8ncia digital<\/strong>\n<ul>\n<li>\u00c9s l\u2019adquisici\u00f3 d\u2019habilitats imprescindibles per interactuar amb normalitat en la societat digital en qu\u00e8 es viu. Inclou destreses referides a instruments i aplicacions digitals; al tractament de la informaci\u00f3 i organitzaci\u00f3 dels entorns digitals de treball i d\u2019aprenentatge; a la comunicaci\u00f3 interpersonal i a la col\u00b7laboraci\u00f3 en entorns digitals; i als h\u00e0bits, civisme i identitat digital.<\/li>\n<\/ul>\n<\/li>\n<\/ul>\n<p>&nbsp;<\/p>\n<table style=\"border-collapse: collapse; width: 100%;\">\n<tbody>\n<tr>\n<td style=\"width: 100%; border-color: #ffffff; background-color: #00ffff;\">\n<h1><strong><span style=\"color: #0000ff;\">NORMES D&#8217;ORGANITZACI\u00d3 I FUNCIONAMENT DE CENTRE (NOFC)<\/span><\/strong><\/h1>\n<\/td>\n<\/tr>\n<\/tbody>\n<\/table>\n<h4>CAP\u00cdTOL 5. \u00d2RGANS DE COORDINACI\u00d3.<\/h4>\n<h5>Art. 52.\u00a0 S\u00f3n \u00f2rgans de coordinaci\u00f3 del centre els seg\u00fcents:<\/h5>\n<h6>52.1. Col\u00b7legiats:<\/h6>\n<ul>\n<li>&#8230;<\/li>\n<li>Comissions de treball:\n<ul>\n<li>&#8230;<\/li>\n<li>Comissi\u00f3 TAC.<\/li>\n<li><\/li>\n<\/ul>\n<\/li>\n<\/ul>\n<h6>52.2. Unipersonals:<\/h6>\n<ul>\n<li style=\"list-style-type: none;\">\n<ul>\n<li>&#8230;<\/li>\n<li>Coordinaci\u00f3 TAC.<\/li>\n<\/ul>\n<\/li>\n<\/ul>\n","protected":false},"excerpt":{"rendered":"<p>En diferents documents de l\u2019Escola (alguns en revisi\u00f3), podem trobar refer\u00e8ncies a la cultura digital:<\/p>\n<p>PROJECTE DE DIRECCI\u00d3 (PdD)<\/p>\n<p>2.- CONTEXTUALITZACI\u00d3<br \/>\n2.2.- RECURSOS<br \/>\n2.2.3.- FUNCIONALS:<br \/>\nEntenem com a recursos funcionals tots aquells documents que formen part de l\u2019organitzaci\u00f3 i bon funcionament del centre, com el PEC, PGA, PL, PLA, PLA&hellip;  <a href=\"https:\/\/agora.xtec.cat\/escola-espiga-lleida\/estrategia-digital-de-centre-edc\/cultura-digital\/documentacio-basica\/\" title=\"Read Documentaci\u00f3 b\u00e0sica\">Llegeix m\u00e9s\u00bb<\/a><\/p>\n","protected":false},"author":1,"featured_media":0,"parent":3685,"menu_order":55,"comment_status":"closed","ping_status":"closed","template":"page-templates\/side-menu.php","meta":{"_bbp_topic_count":0,"_bbp_reply_count":0,"_bbp_total_topic_count":0,"_bbp_total_reply_count":0,"_bbp_voice_count":0,"_bbp_anonymous_reply_count":0,"_bbp_topic_count_hidden":0,"_bbp_reply_count_hidden":0,"_bbp_forum_subforum_count":0,"footnotes":""},"class_list":["post-3704","page","type-page","status-publish","hentry"],"post_mailing_queue_ids":[],"_links":{"self":[{"href":"https:\/\/agora.xtec.cat\/escola-espiga-lleida\/wp-json\/wp\/v2\/pages\/3704","targetHints":{"allow":["GET"]}}],"collection":[{"href":"https:\/\/agora.xtec.cat\/escola-espiga-lleida\/wp-json\/wp\/v2\/pages"}],"about":[{"href":"https:\/\/agora.xtec.cat\/escola-espiga-lleida\/wp-json\/wp\/v2\/types\/page"}],"author":[{"embeddable":true,"href":"https:\/\/agora.xtec.cat\/escola-espiga-lleida\/wp-json\/wp\/v2\/users\/1"}],"replies":[{"embeddable":true,"href":"https:\/\/agora.xtec.cat\/escola-espiga-lleida\/wp-json\/wp\/v2\/comments?post=3704"}],"version-history":[{"count":3,"href":"https:\/\/agora.xtec.cat\/escola-espiga-lleida\/wp-json\/wp\/v2\/pages\/3704\/revisions"}],"predecessor-version":[{"id":4080,"href":"https:\/\/agora.xtec.cat\/escola-espiga-lleida\/wp-json\/wp\/v2\/pages\/3704\/revisions\/4080"}],"up":[{"embeddable":true,"href":"https:\/\/agora.xtec.cat\/escola-espiga-lleida\/wp-json\/wp\/v2\/pages\/3685"}],"wp:attachment":[{"href":"https:\/\/agora.xtec.cat\/escola-espiga-lleida\/wp-json\/wp\/v2\/media?parent=3704"}],"curies":[{"name":"wp","href":"https:\/\/api.w.org\/{rel}","templated":true}]}}