{"id":3690,"date":"2022-04-27T18:40:17","date_gmt":"2022-04-27T16:40:17","guid":{"rendered":"https:\/\/agora.xtec.cat\/escola-espiga-lleida\/?page_id=3690"},"modified":"2026-03-20T10:32:42","modified_gmt":"2026-03-20T09:32:42","slug":"diagnosi","status":"publish","type":"page","link":"https:\/\/agora.xtec.cat\/escola-espiga-lleida\/estrategia-digital-de-centre-edc\/part-estrategica\/diagnosi\/","title":{"rendered":"Diagnosi"},"content":{"rendered":"<p><img loading=\"lazy\" decoding=\"async\" class=\" wp-image-3763 alignright\" src=\"https:\/\/agora.xtec.cat\/escola-espiga-lleida\/wp-content\/uploads\/usu273\/2022\/05\/pexels-clement-nivesse-3074542-1-1024x768.jpg\" alt=\"\" width=\"357\" height=\"268\" srcset=\"https:\/\/agora.xtec.cat\/escola-espiga-lleida\/wp-content\/uploads\/usu273\/2022\/05\/pexels-clement-nivesse-3074542-1-1024x768.jpg 1024w, https:\/\/agora.xtec.cat\/escola-espiga-lleida\/wp-content\/uploads\/usu273\/2022\/05\/pexels-clement-nivesse-3074542-1-300x225.jpg 300w, https:\/\/agora.xtec.cat\/escola-espiga-lleida\/wp-content\/uploads\/usu273\/2022\/05\/pexels-clement-nivesse-3074542-1-768x576.jpg 768w, https:\/\/agora.xtec.cat\/escola-espiga-lleida\/wp-content\/uploads\/usu273\/2022\/05\/pexels-clement-nivesse-3074542-1-1536x1152.jpg 1536w, https:\/\/agora.xtec.cat\/escola-espiga-lleida\/wp-content\/uploads\/usu273\/2022\/05\/pexels-clement-nivesse-3074542-1-2048x1536.jpg 2048w, https:\/\/agora.xtec.cat\/escola-espiga-lleida\/wp-content\/uploads\/usu273\/2022\/05\/pexels-clement-nivesse-3074542-1-200x150.jpg 200w\" sizes=\"auto, (max-width: 357px) 100vw, 357px\" \/><\/p>\n<p>D\u2019acord amb els resultats obtinguts dels indicadors de l\u2019Estrat\u00e8gia digital 2022-2025 i despr\u00e9s d\u2019un proc\u00e9s de reflexi\u00f3 compartida amb tots els membres de la comissi\u00f3 digital, s\u2019han definit els <strong>objectius estrat\u00e8gics per al per\u00edode 2025-2029<\/strong> amb la voluntat de consolidar els aven\u00e7os assolits i donar resposta als nous reptes detectats.<\/p>\n<p>Aquests objectius orientaran les actuacions, els indicadors i els plans d\u2019acci\u00f3 del per\u00edode 2025-2029, amb una mirada centrada en la qualitat educativa, el benestar digital i la millora cont\u00ednua del centre.<\/p>\n","protected":false},"excerpt":{"rendered":"<p>D\u2019acord amb els resultats obtinguts dels indicadors de l\u2019Estrat\u00e8gia digital 2022-2025 i despr\u00e9s d\u2019un proc\u00e9s de reflexi\u00f3 compartida amb tots els membres de la comissi\u00f3 digital, s\u2019han definit els objectius estrat\u00e8gics per al per\u00edode 2025-2029 amb la voluntat de consolidar els aven\u00e7os assolits i donar&hellip;  <a href=\"https:\/\/agora.xtec.cat\/escola-espiga-lleida\/estrategia-digital-de-centre-edc\/part-estrategica\/diagnosi\/\" title=\"Read Diagnosi\">Llegeix m\u00e9s\u00bb<\/a><\/p>\n","protected":false},"author":1,"featured_media":0,"parent":3683,"menu_order":15,"comment_status":"closed","ping_status":"closed","template":"page-templates\/side-menu.php","meta":{"_bbp_topic_count":0,"_bbp_reply_count":0,"_bbp_total_topic_count":0,"_bbp_total_reply_count":0,"_bbp_voice_count":0,"_bbp_anonymous_reply_count":0,"_bbp_topic_count_hidden":0,"_bbp_reply_count_hidden":0,"_bbp_forum_subforum_count":0,"footnotes":""},"class_list":["post-3690","page","type-page","status-publish","hentry"],"post_mailing_queue_ids":[],"_links":{"self":[{"href":"https:\/\/agora.xtec.cat\/escola-espiga-lleida\/wp-json\/wp\/v2\/pages\/3690","targetHints":{"allow":["GET"]}}],"collection":[{"href":"https:\/\/agora.xtec.cat\/escola-espiga-lleida\/wp-json\/wp\/v2\/pages"}],"about":[{"href":"https:\/\/agora.xtec.cat\/escola-espiga-lleida\/wp-json\/wp\/v2\/types\/page"}],"author":[{"embeddable":true,"href":"https:\/\/agora.xtec.cat\/escola-espiga-lleida\/wp-json\/wp\/v2\/users\/1"}],"replies":[{"embeddable":true,"href":"https:\/\/agora.xtec.cat\/escola-espiga-lleida\/wp-json\/wp\/v2\/comments?post=3690"}],"version-history":[{"count":4,"href":"https:\/\/agora.xtec.cat\/escola-espiga-lleida\/wp-json\/wp\/v2\/pages\/3690\/revisions"}],"predecessor-version":[{"id":5075,"href":"https:\/\/agora.xtec.cat\/escola-espiga-lleida\/wp-json\/wp\/v2\/pages\/3690\/revisions\/5075"}],"up":[{"embeddable":true,"href":"https:\/\/agora.xtec.cat\/escola-espiga-lleida\/wp-json\/wp\/v2\/pages\/3683"}],"wp:attachment":[{"href":"https:\/\/agora.xtec.cat\/escola-espiga-lleida\/wp-json\/wp\/v2\/media?parent=3690"}],"curies":[{"name":"wp","href":"https:\/\/api.w.org\/{rel}","templated":true}]}}