{"id":3679,"date":"2022-04-27T18:31:53","date_gmt":"2022-04-27T16:31:53","guid":{"rendered":"https:\/\/agora.xtec.cat\/escola-espiga-lleida\/?page_id=3679"},"modified":"2022-05-23T14:42:54","modified_gmt":"2022-05-23T12:42:54","slug":"estrategia-digital-de-centre-edc","status":"publish","type":"page","link":"https:\/\/agora.xtec.cat\/escola-espiga-lleida\/estrategia-digital-de-centre-edc\/","title":{"rendered":"ESTRAT\u00c8GIA DIGITAL DE CENTRE (EDC)"},"content":{"rendered":"<p><img loading=\"lazy\" decoding=\"async\" class=\"aligncenter wp-image-3732\" src=\"https:\/\/agora.xtec.cat\/escola-espiga-lleida\/wp-content\/uploads\/usu273\/2022\/04\/Obres-1024x687.jpg\" alt=\"\" width=\"263\" height=\"176\" srcset=\"https:\/\/agora.xtec.cat\/escola-espiga-lleida\/wp-content\/uploads\/usu273\/2022\/04\/Obres-1024x687.jpg 1024w, https:\/\/agora.xtec.cat\/escola-espiga-lleida\/wp-content\/uploads\/usu273\/2022\/04\/Obres-300x201.jpg 300w, https:\/\/agora.xtec.cat\/escola-espiga-lleida\/wp-content\/uploads\/usu273\/2022\/04\/Obres-768x515.jpg 768w, https:\/\/agora.xtec.cat\/escola-espiga-lleida\/wp-content\/uploads\/usu273\/2022\/04\/Obres-1536x1030.jpg 1536w, https:\/\/agora.xtec.cat\/escola-espiga-lleida\/wp-content\/uploads\/usu273\/2022\/04\/Obres-2048x1373.jpg 2048w\" sizes=\"auto, (max-width: 263px) 100vw, 263px\" \/><\/p>\n<p><strong>L\u2019Estrat\u00e8gia Digital de Centre (EDC)<\/strong> delimita i concreta les accions que es duen a terme a la nostra Escola per assolir la m\u00e0xima compet\u00e8ncia digital de l\u2019alumnat, del professorat i del centre educatiu. L\u2019EDC cobreix tots els \u00e0mbits del centre: organitzatius, <span style=\"font-family: inherit; font-size: 1em;\">metodol\u00f2gics, <\/span><span style=\"font-family: inherit; font-size: 1em;\">curriculars <\/span><span style=\"font-family: inherit; font-size: 1em;\">i comunicatius.<\/span><\/p>\n<p>L\u2019EDC compr\u00e8n dos apartats:<\/p>\n<ul>\n<li><strong>Estrat\u00e8gia<\/strong>:\n<ul>\n<li>Partint de la <strong>diagnosi <\/strong>del centre\u00a0(per con\u00e8ixer d\u2019on partim), dels objectius que marca el PEC i dels objectius que marca el Pla d&#8217;Educaci\u00f3 Digital de Catalunya, seleccionarem i prioritzarem els\u00a0<strong>objectius <\/strong>a mitj\u00e0 termini (3 o 4 anys).<\/li>\n<li>Despr\u00e9s farem la <strong>planificaci\u00f3 <\/strong>de les accions concretes per arribar a aconseguir aquests objectius.<\/li>\n<li>Peri\u00f2dicament, farem l&#8217;<strong>avaluaci\u00f3 <\/strong>del seguiment de tot aquest proc\u00e9s per si cal modificar i millorar l&#8217;EDC.<\/li>\n<\/ul>\n<\/li>\n<li><strong>Cultura Digital<\/strong>:\n<ul>\n<li>On es recolliran les accions ja consolidades a l\u2019Escola, plans, protocols, normatives, etc.<\/li>\n<\/ul>\n<\/li>\n<\/ul>\n","protected":false},"excerpt":{"rendered":"<p>L\u2019Estrat\u00e8gia Digital de Centre (EDC) delimita i concreta les accions que es duen a terme a la nostra Escola per assolir la m\u00e0xima compet\u00e8ncia digital de l\u2019alumnat, del professorat i del centre educatiu. L\u2019EDC cobreix tots els \u00e0mbits del centre: organitzatius, metodol\u00f2gics, curriculars i comunicatius.<br \/>\nL\u2019EDC&hellip;  <a href=\"https:\/\/agora.xtec.cat\/escola-espiga-lleida\/estrategia-digital-de-centre-edc\/\" title=\"Read ESTRAT\u00c8GIA DIGITAL DE CENTRE (EDC)\">Llegeix m\u00e9s\u00bb<\/a><\/p>\n","protected":false},"author":1,"featured_media":0,"parent":0,"menu_order":0,"comment_status":"closed","ping_status":"closed","template":"page-templates\/side-menu.php","meta":{"_bbp_topic_count":0,"_bbp_reply_count":0,"_bbp_total_topic_count":0,"_bbp_total_reply_count":0,"_bbp_voice_count":0,"_bbp_anonymous_reply_count":0,"_bbp_topic_count_hidden":0,"_bbp_reply_count_hidden":0,"_bbp_forum_subforum_count":0,"footnotes":""},"class_list":["post-3679","page","type-page","status-publish","hentry"],"post_mailing_queue_ids":[],"_links":{"self":[{"href":"https:\/\/agora.xtec.cat\/escola-espiga-lleida\/wp-json\/wp\/v2\/pages\/3679","targetHints":{"allow":["GET"]}}],"collection":[{"href":"https:\/\/agora.xtec.cat\/escola-espiga-lleida\/wp-json\/wp\/v2\/pages"}],"about":[{"href":"https:\/\/agora.xtec.cat\/escola-espiga-lleida\/wp-json\/wp\/v2\/types\/page"}],"author":[{"embeddable":true,"href":"https:\/\/agora.xtec.cat\/escola-espiga-lleida\/wp-json\/wp\/v2\/users\/1"}],"replies":[{"embeddable":true,"href":"https:\/\/agora.xtec.cat\/escola-espiga-lleida\/wp-json\/wp\/v2\/comments?post=3679"}],"version-history":[{"count":4,"href":"https:\/\/agora.xtec.cat\/escola-espiga-lleida\/wp-json\/wp\/v2\/pages\/3679\/revisions"}],"predecessor-version":[{"id":3734,"href":"https:\/\/agora.xtec.cat\/escola-espiga-lleida\/wp-json\/wp\/v2\/pages\/3679\/revisions\/3734"}],"wp:attachment":[{"href":"https:\/\/agora.xtec.cat\/escola-espiga-lleida\/wp-json\/wp\/v2\/media?parent=3679"}],"curies":[{"name":"wp","href":"https:\/\/api.w.org\/{rel}","templated":true}]}}