{"id":36,"date":"2014-09-18T12:33:11","date_gmt":"2014-09-18T11:33:11","guid":{"rendered":"http:\/\/agora.xtec.cat\/escola-espiga-lleida\/\/?page_id=36"},"modified":"2025-07-07T11:54:56","modified_gmt":"2025-07-07T09:54:56","slug":"material-escolar","status":"publish","type":"page","link":"https:\/\/agora.xtec.cat\/escola-espiga-lleida\/lescola\/material-escolar\/","title":{"rendered":"Llibres de text i Material escolar"},"content":{"rendered":"<p style=\"text-align: justify;\"><img loading=\"lazy\" decoding=\"async\" class=\"alignleft wp-image-654\" src=\"http:\/\/agora.xtec.cat\/escola-espiga-lleida\/wp-content\/uploads\/usu273\/2014\/09\/Llibres-150x150.jpg\" alt=\"Llibres\" width=\"200\" height=\"267\" \/>Descripci\u00f3 i enumeraci\u00f3 dels <strong>llibres de text i material escolar<\/strong> que l&#8217;alumnat i fam\u00edlies necessitaran per al nivell educatiu corresponent del <strong>curs 2025-2026<\/strong>:<\/p>\n<ul>\n<li><a href=\"https:\/\/drive.google.com\/file\/d\/1gv_bl5gsvww-hfuWt9gRLydp_HCOvypN\/view?usp=sharing\" target=\"_blank\" rel=\"noopener\"><strong class=\"Estilo5\"><span class=\"Estilo9\">LLIBRES DE TEXT i\u00a0<\/span><\/strong><strong><span class=\"Estilo9\">MATERIAL\u00a0ESCOLAR<\/span><\/strong><\/a><\/li>\n<\/ul>\n","protected":false},"excerpt":{"rendered":"<p>Descripci\u00f3 i enumeraci\u00f3 dels llibres de text i material escolar que l&#8217;alumnat i fam\u00edlies necessitaran per al nivell educatiu corresponent del curs 2025-2026:<\/p>\n<ul>\n<li><a href=\"https:\/\/drive.google.com\/file\/d\/1gv_bl5gsvww-hfuWt9gRLydp_HCOvypN\/view?usp=sharing\" target=\"_blank\" rel=\"noopener\">LLIBRES DE TEXT i\u00a0MATERIAL\u00a0ESCOLAR<\/a><\/li>\n<\/ul>\n","protected":false},"author":2,"featured_media":0,"parent":22,"menu_order":90,"comment_status":"closed","ping_status":"closed","template":"page-templates\/side-menu.php","meta":{"_bbp_topic_count":0,"_bbp_reply_count":0,"_bbp_total_topic_count":0,"_bbp_total_reply_count":0,"_bbp_voice_count":0,"_bbp_anonymous_reply_count":0,"_bbp_topic_count_hidden":0,"_bbp_reply_count_hidden":0,"_bbp_forum_subforum_count":0,"footnotes":""},"class_list":["post-36","page","type-page","status-publish","hentry"],"post_mailing_queue_ids":[],"_links":{"self":[{"href":"https:\/\/agora.xtec.cat\/escola-espiga-lleida\/wp-json\/wp\/v2\/pages\/36","targetHints":{"allow":["GET"]}}],"collection":[{"href":"https:\/\/agora.xtec.cat\/escola-espiga-lleida\/wp-json\/wp\/v2\/pages"}],"about":[{"href":"https:\/\/agora.xtec.cat\/escola-espiga-lleida\/wp-json\/wp\/v2\/types\/page"}],"author":[{"embeddable":true,"href":"https:\/\/agora.xtec.cat\/escola-espiga-lleida\/wp-json\/wp\/v2\/users\/2"}],"replies":[{"embeddable":true,"href":"https:\/\/agora.xtec.cat\/escola-espiga-lleida\/wp-json\/wp\/v2\/comments?post=36"}],"version-history":[{"count":6,"href":"https:\/\/agora.xtec.cat\/escola-espiga-lleida\/wp-json\/wp\/v2\/pages\/36\/revisions"}],"predecessor-version":[{"id":4872,"href":"https:\/\/agora.xtec.cat\/escola-espiga-lleida\/wp-json\/wp\/v2\/pages\/36\/revisions\/4872"}],"up":[{"embeddable":true,"href":"https:\/\/agora.xtec.cat\/escola-espiga-lleida\/wp-json\/wp\/v2\/pages\/22"}],"wp:attachment":[{"href":"https:\/\/agora.xtec.cat\/escola-espiga-lleida\/wp-json\/wp\/v2\/media?parent=36"}],"curies":[{"name":"wp","href":"https:\/\/api.w.org\/{rel}","templated":true}]}}