{"id":32,"date":"2014-09-18T12:31:33","date_gmt":"2014-09-18T10:31:33","guid":{"rendered":"http:\/\/agora.xtec.cat\/escola-espiga-lleida\/\/?page_id=32"},"modified":"2025-07-07T11:42:16","modified_gmt":"2025-07-07T09:42:16","slug":"calendari-del-curs","status":"publish","type":"page","link":"https:\/\/agora.xtec.cat\/escola-espiga-lleida\/lescola\/calendari-del-curs\/","title":{"rendered":"Calendari Escolar"},"content":{"rendered":"<p><img loading=\"lazy\" decoding=\"async\" class=\"aligncenter size-large wp-image-4868\" src=\"https:\/\/agora.xtec.cat\/escola-espiga-lleida\/wp-content\/uploads\/usu273\/2025\/07\/Calendari-Escolar-2025-2026-1024x724.jpg\" alt=\"\" width=\"1024\" height=\"724\" srcset=\"https:\/\/agora.xtec.cat\/escola-espiga-lleida\/wp-content\/uploads\/usu273\/2025\/07\/Calendari-Escolar-2025-2026-1024x724.jpg 1024w, https:\/\/agora.xtec.cat\/escola-espiga-lleida\/wp-content\/uploads\/usu273\/2025\/07\/Calendari-Escolar-2025-2026-300x212.jpg 300w, https:\/\/agora.xtec.cat\/escola-espiga-lleida\/wp-content\/uploads\/usu273\/2025\/07\/Calendari-Escolar-2025-2026-768x543.jpg 768w, https:\/\/agora.xtec.cat\/escola-espiga-lleida\/wp-content\/uploads\/usu273\/2025\/07\/Calendari-Escolar-2025-2026-1536x1086.jpg 1536w, https:\/\/agora.xtec.cat\/escola-espiga-lleida\/wp-content\/uploads\/usu273\/2025\/07\/Calendari-Escolar-2025-2026-2048x1448.jpg 2048w\" sizes=\"auto, (max-width: 1024px) 100vw, 1024px\" \/><\/p>\n<p><strong><img loading=\"lazy\" decoding=\"async\" class=\"wp-image-1076 alignleft\" src=\"http:\/\/agora.xtec.cat\/escola-espiga-lleida\/wp-content\/uploads\/usu273\/2014\/09\/Calendari.jpg\" alt=\"Calendari\" width=\"157\" height=\"118\" \/><\/strong><\/p>\n<p><strong>Inici de curs:<\/strong><\/p>\n<p>8 de setembre de 2025.<\/p>\n<p><strong>Horari:<\/strong><\/p>\n<p>L\u2019<strong>horari lectiu<\/strong> de l&#8217;Escola ESPIGA \u00e9s de les 9:00h a les 12:30h (mat\u00ed) i de les 15:00h a les 16:30h (tarda).<\/p>\n<p>Per l&#8217;alumnat que inicia l\u2019escolaritzaci\u00f3 a I3 s\u2019organitza un breu per\u00edode d\u2019adaptaci\u00f3 que suposa una certa modificaci\u00f3 dels horaris dels primers dies de classe (del 8 al 10 de setembre), i que es fa saber a les fam\u00edlies en les reunions pr\u00e8vies corresponents.<\/p>\n<p><strong>Vacances:<\/strong><\/p>\n<p>Del 20 de desembre de 2025 al 7 de gener de 2026 (ambd\u00f3s inclosos).<\/p>\n<p>Del 28 de mar\u00e7 al 6 d\u2019abril de 2026 (ambd\u00f3s inclosos).<\/p>\n<p>A partir del 20 de juny de 2026.<\/p>\n<p><strong>Dies festius de lliure disposici\u00f3:<\/strong><\/p>\n<p>31 d&#8217;octubre de 2025.<\/p>\n<p>9 de desembre de 2025.<\/p>\n<p>13 de febrer de 2026.<\/p>\n<p>30 d&#8217;abril de 2026.<\/p>\n<p><strong>Jornada continuada:<\/strong><\/p>\n<p>El 19 de desembre de 2025 i del 8 al 19 de juny de 2026 es realitza jornada continuada de 9 a 13h.<\/p>\n","protected":false},"excerpt":{"rendered":"<p>Inici de curs:<br \/>\n8 de setembre de 2025.<br \/>\nHorari:<br \/>\nL\u2019horari lectiu de l&#8217;Escola ESPIGA \u00e9s de les 9:00h a les 12:30h (mat\u00ed) i de les 15:00h a les 16:30h (tarda).<br \/>\nPer l&#8217;alumnat que inicia l\u2019escolaritzaci\u00f3 a I3 s\u2019organitza un breu per\u00edode d\u2019adaptaci\u00f3 que suposa una certa modificaci\u00f3 dels horaris&hellip;  <a href=\"https:\/\/agora.xtec.cat\/escola-espiga-lleida\/lescola\/calendari-del-curs\/\" title=\"Read Calendari Escolar\">Llegeix m\u00e9s\u00bb<\/a><\/p>\n","protected":false},"author":2,"featured_media":0,"parent":22,"menu_order":70,"comment_status":"closed","ping_status":"closed","template":"page-templates\/side-menu.php","meta":{"_bbp_topic_count":0,"_bbp_reply_count":0,"_bbp_total_topic_count":0,"_bbp_total_reply_count":0,"_bbp_voice_count":0,"_bbp_anonymous_reply_count":0,"_bbp_topic_count_hidden":0,"_bbp_reply_count_hidden":0,"_bbp_forum_subforum_count":0,"footnotes":""},"class_list":["post-32","page","type-page","status-publish","hentry"],"post_mailing_queue_ids":[],"_links":{"self":[{"href":"https:\/\/agora.xtec.cat\/escola-espiga-lleida\/wp-json\/wp\/v2\/pages\/32","targetHints":{"allow":["GET"]}}],"collection":[{"href":"https:\/\/agora.xtec.cat\/escola-espiga-lleida\/wp-json\/wp\/v2\/pages"}],"about":[{"href":"https:\/\/agora.xtec.cat\/escola-espiga-lleida\/wp-json\/wp\/v2\/types\/page"}],"author":[{"embeddable":true,"href":"https:\/\/agora.xtec.cat\/escola-espiga-lleida\/wp-json\/wp\/v2\/users\/2"}],"replies":[{"embeddable":true,"href":"https:\/\/agora.xtec.cat\/escola-espiga-lleida\/wp-json\/wp\/v2\/comments?post=32"}],"version-history":[{"count":5,"href":"https:\/\/agora.xtec.cat\/escola-espiga-lleida\/wp-json\/wp\/v2\/pages\/32\/revisions"}],"predecessor-version":[{"id":4869,"href":"https:\/\/agora.xtec.cat\/escola-espiga-lleida\/wp-json\/wp\/v2\/pages\/32\/revisions\/4869"}],"up":[{"embeddable":true,"href":"https:\/\/agora.xtec.cat\/escola-espiga-lleida\/wp-json\/wp\/v2\/pages\/22"}],"wp:attachment":[{"href":"https:\/\/agora.xtec.cat\/escola-espiga-lleida\/wp-json\/wp\/v2\/media?parent=32"}],"curies":[{"name":"wp","href":"https:\/\/api.w.org\/{rel}","templated":true}]}}