{"id":26,"date":"2014-09-18T12:24:32","date_gmt":"2014-09-18T11:24:32","guid":{"rendered":"http:\/\/agora.xtec.cat\/escola-espiga-lleida\/\/?page_id=26"},"modified":"2024-07-01T18:23:33","modified_gmt":"2024-07-01T16:23:33","slug":"historia","status":"publish","type":"page","link":"https:\/\/agora.xtec.cat\/escola-espiga-lleida\/lescola\/historia\/","title":{"rendered":"Hist\u00f2ria"},"content":{"rendered":"<p style=\"text-align: justify;\"><img loading=\"lazy\" decoding=\"async\" class=\" size-thumbnail wp-image-351 alignleft\" src=\"http:\/\/agora.xtec.cat\/escola-espiga-lleida\/wp-content\/uploads\/usu273\/2014\/09\/hist\u00f2ria-150x150.jpg\" alt=\"hist\u00f2ria\" width=\"150\" height=\"150\" srcset=\"https:\/\/agora.xtec.cat\/escola-espiga-lleida\/wp-content\/uploads\/usu273\/2014\/09\/hist\u00f2ria-150x150.jpg 150w, https:\/\/agora.xtec.cat\/escola-espiga-lleida\/wp-content\/uploads\/usu273\/2014\/09\/hist\u00f2ria.jpg 225w\" sizes=\"auto, (max-width: 150px) 100vw, 150px\" \/>L&#8217;any 1965, un grup de persones de Lleida, preocupades per la situaci\u00f3 sociocultural i l&#8217;estat de l&#8217;ensenyament a la ciutat, promouen la creaci\u00f3 de l&#8217;Escola Espiga, amb la intenci\u00f3 de recuperar la tasca educativa feta abans per la Mancomunitat i Generalitat de Catalunya, amb un marcat caire de servei a la societat. Aquestes persones varen ser: Jaume Barrull, Jaume Magre i Maria R\u00fabies; que juntament amb Llu\u00eds Dom\u00e8nech, Carme Girbau, Josep Segarra, Josep Solans, Rosa Papiol, Antoni Sas, Josep Ball i J\u00falia Grau formaren inicialment l&#8217;entitat Garba Espiga S.A.<\/p>\n<p style=\"text-align: justify;\"><a href=\"http:\/\/agora.xtec.cat\/escola-espiga-lleida\/wp-content\/uploads\/usu273\/2014\/09\/Garba-1.jpg\"><img loading=\"lazy\" decoding=\"async\" class=\" alignright wp-image-264\" src=\"http:\/\/agora.xtec.cat\/escola-espiga-lleida\/wp-content\/uploads\/usu273\/2014\/09\/Garba-1-300x200.jpg\" alt=\"Garba-1\" width=\"524\" height=\"349\" srcset=\"https:\/\/agora.xtec.cat\/escola-espiga-lleida\/wp-content\/uploads\/usu273\/2014\/09\/Garba-1-300x200.jpg 300w, https:\/\/agora.xtec.cat\/escola-espiga-lleida\/wp-content\/uploads\/usu273\/2014\/09\/Garba-1-1024x683.jpg 1024w\" sizes=\"auto, (max-width: 524px) 100vw, 524px\" \/><\/a>En la l\u00ednia de les escoles actives i catalanes del grup de Coordinaci\u00f3 Escolar de Rosa Sensat de Barcelona es cre\u00e0 l&#8217;Escola Espiga l&#8217;any 1967 als baixos de l&#8217;immoble n\u00fam. 26, del carrer Ciutat de Fraga de Lleida.<\/p>\n<p style=\"text-align: justify;\">Els seus &#8220;principis b\u00e0sics&#8221;, es poden resumir en: escola catalana, de pedagogia activa, de treball en equip, amb participaci\u00f3 de les fam\u00edlies, democr\u00e0tica i amb car\u00e0cter p\u00fablic: sense discriminaci\u00f3 de l&#8217;alumnat per raons de sexe, econ\u00f2miques, religioses, pol\u00edtiques, ling\u00fc\u00edstiques o intel\u00b7lectuals.<\/p>\n<p style=\"text-align: justify;\">Es cre\u00e0 tamb\u00e9 una Associaci\u00f3 de Pares i Amics de l&#8217;Escola Espiga.<\/p>\n<p style=\"text-align: justify;\">El creixement de l&#8217;Escola dugu\u00e9 a adquirir (amb aportacions volunt\u00e0ries de fam\u00edlies, mestres, simpatitzants i col\u00b7laboracions diverses) un terreny al cam\u00ed de Montcada i que la Caixa de Catalunya hi constru\u00eds una escola nova.<\/p>\n<p style=\"text-align: justify;\">El projecte de la nova escola el dugueren a terme els arquitectes: Enric Mias, Antoni Sas i Josep Segarra, seguint els conceptes de pedagogia activa en espais oberts.<\/p>\n<p style=\"text-align: justify;\">L&#8217;Escola Espiga s&#8217;inaugur\u00e0 l&#8217;any 1973.<\/p>\n<p style=\"text-align: justify;\">Integrada al <a href=\"http:\/\/www.enciclopedia.cat\/EC-GEC-0246368.xml\" target=\"_blank\" rel=\"noopener\">Col\u00b7lectiu d&#8217;Escoles per l&#8217;Ensenyament P\u00fablic Catal\u00e0<\/a> (CEPEPC) des de feia uns quants anys, quan s&#8217;aprov\u00e0 la Llei que contemplava la integraci\u00f3 d&#8217;aquestes escoles dins la Xarxa P\u00fablica Catalana, l&#8217;Escola Espiga, pass\u00e0 a formar part de la Xarxa d&#8217;Escoles P\u00fabliques de la Generalitat de Catalunya l&#8217;any 1983.<\/p>\n<h2 class=\"entry-title\">Articles<\/h2>\n<ul>\n<li><a href=\"https:\/\/drive.google.com\/file\/d\/1AkCMgkH7aiK3CVFzoxpML0AMublN9S49\/view?usp=sharing\" target=\"_blank\" rel=\"noopener\"><strong>GARBA-ESPIGA: RECORDANT L&#8217;ESPIGA.<\/strong><\/a><\/li>\n<li><a href=\"https:\/\/www.ccma.cat\/324\/es-feia-tot-el-que-estava-prohibit-la-historia-poc-coneguda-de-les-escoles-del-cepepc\/noticia\/3297508\/\" target=\"_blank\" rel=\"noopener\"><strong>&#8220;ES FEIA TOT EL QUE ESTAVA PROHIBIT&#8221;: LA HIST\u00d2RIA POC CONEGUDA DE LES ESCOLES DEL CEPEPC.<\/strong><\/a><\/li>\n<\/ul>\n<h2 class=\"entry-title\">25 Anys d&#8217;Escola ESPIGA<\/h2>\n<p><a href=\"https:\/\/es.calameo.com\/read\/001402178a010113cbb15\"><img loading=\"lazy\" decoding=\"async\" class=\"aligncenter wp-image-1239 size-medium\" src=\"http:\/\/agora.xtec.cat\/escola-espiga-lleida\/wp-content\/uploads\/usu273\/2014\/09\/Tapa-206x300.jpg\" alt=\"tapa\" width=\"206\" height=\"300\" srcset=\"https:\/\/agora.xtec.cat\/escola-espiga-lleida\/wp-content\/uploads\/usu273\/2014\/09\/Tapa-206x300.jpg 206w, https:\/\/agora.xtec.cat\/escola-espiga-lleida\/wp-content\/uploads\/usu273\/2014\/09\/Tapa-768x1117.jpg 768w, https:\/\/agora.xtec.cat\/escola-espiga-lleida\/wp-content\/uploads\/usu273\/2014\/09\/Tapa-704x1024.jpg 704w, https:\/\/agora.xtec.cat\/escola-espiga-lleida\/wp-content\/uploads\/usu273\/2014\/09\/Tapa.jpg 1948w\" sizes=\"auto, (max-width: 206px) 100vw, 206px\" \/><\/a><\/p>\n<h2 class=\"entry-title\">50 Anys d&#8217;Escola ESPIGA<\/h2>\n<h2><a href=\"https:\/\/en.calameo.com\/read\/001402178644148ba77f5\" target=\"_blank\" rel=\"noopener\"><img loading=\"lazy\" decoding=\"async\" class=\"aligncenter wp-image-3262\" src=\"https:\/\/agora.xtec.cat\/escola-espiga-lleida\/wp-content\/uploads\/usu273\/2021\/10\/Llibre50A.Esc_.Espiga-Tapa-1024x1024-1-1024x1024.jpg\" alt=\"\" width=\"289\" height=\"289\" srcset=\"https:\/\/agora.xtec.cat\/escola-espiga-lleida\/wp-content\/uploads\/usu273\/2021\/10\/Llibre50A.Esc_.Espiga-Tapa-1024x1024-1.jpg 1024w, https:\/\/agora.xtec.cat\/escola-espiga-lleida\/wp-content\/uploads\/usu273\/2021\/10\/Llibre50A.Esc_.Espiga-Tapa-1024x1024-1-300x300.jpg 300w, https:\/\/agora.xtec.cat\/escola-espiga-lleida\/wp-content\/uploads\/usu273\/2021\/10\/Llibre50A.Esc_.Espiga-Tapa-1024x1024-1-150x150.jpg 150w, https:\/\/agora.xtec.cat\/escola-espiga-lleida\/wp-content\/uploads\/usu273\/2021\/10\/Llibre50A.Esc_.Espiga-Tapa-1024x1024-1-768x768.jpg 768w\" sizes=\"auto, (max-width: 289px) 100vw, 289px\" \/><\/a><\/h2>\n<h2 class=\"entry-title\">Homenatge a GARBA ESPIGA<\/h2>\n<div class=\"entry-meta\">Aquest curs s\u2019ha homenatjat a l\u2019entitat Garba Espiga amb la\u00a0Placa de la Paeria a persones i entitats que han excel\u00b7lit en la seva tasca per a Lleida.<\/div>\n<div class=\"entry-content\">\n<p><iframe loading=\"lazy\" src=\"https:\/\/www.youtube.com\/embed\/xBXGzXOJvgg\" width=\"560\" height=\"315\" frameborder=\"0\" allowfullscreen=\"allowfullscreen\"><\/iframe><\/p>\n<p>La Placa vol recon\u00e8ixer la seva traject\u00f2ria pedag\u00f2gica i educativa i l\u2019empenta dels lleidatans que la varen impulsar des de Garba Espiga. Jaume Barrull, Jaume Magre i Maria R\u00fabies; juntament amb Llu\u00eds Dom\u00e8nech, Carme Girbau, Josep Segarra, Josep Solans, Rosa Papiol, Antoni Sas, Josep Ball i J\u00falia Grau.<br \/>\nAquest reconeixement s\u2019ha realitzat:<\/p>\n<ul>\n<li>en <strong>l\u2019acte de Sant Jordi del Consell Escolar Municipal <\/strong>del dilluns 27 d\u2019abril, que s\u2019organitza des de la regidoria <span lang=\"ES\">d\u2019Educaci\u00f3 i Inf\u00e0ncia.<\/span><\/li>\n<\/ul>\n<p><a href=\"http:\/\/blocs.xtec.cat\/escolaespigadireccio\/files\/2015\/07\/Garba-Consell.jpg\"><img loading=\"lazy\" decoding=\"async\" class=\"aligncenter wp-image-755 size-medium\" src=\"http:\/\/blocs.xtec.cat\/escolaespigadireccio\/files\/2015\/07\/Garba-Consell-300x184.jpg\" alt=\"Garba Consell\" width=\"300\" height=\"184\" \/><\/a><\/p>\n<ul>\n<li>en<strong> l\u2019acte solemne del preg\u00f3 de les Festes de maig<\/strong>\u00a0del divendres 8 de maig, al Sal\u00f3 de Sessions del Palau de la Paeria.<\/li>\n<\/ul>\n<p><a href=\"http:\/\/blocs.xtec.cat\/escolaespigadireccio\/files\/2015\/07\/Garba-Ajuntament.jpg\"><img loading=\"lazy\" decoding=\"async\" class=\"aligncenter wp-image-756 size-medium\" src=\"http:\/\/blocs.xtec.cat\/escolaespigadireccio\/files\/2015\/07\/Garba-Ajuntament-300x199.jpg\" alt=\"Garba Ajuntament\" width=\"300\" height=\"199\" \/><\/a><\/p>\n<ul>\n<li>en <strong>l\u2019acte de lliurament a l\u2019Escola Espiga de la Placa de la Paeria<\/strong> per part de Garba Espiga, del dilluns 29 de juny.<\/li>\n<\/ul>\n<p><a href=\"http:\/\/blocs.xtec.cat\/escolaespigadireccio\/files\/2015\/07\/Garba-Escola.jpg\"><img loading=\"lazy\" decoding=\"async\" class=\"aligncenter wp-image-757 size-medium\" src=\"http:\/\/blocs.xtec.cat\/escolaespigadireccio\/files\/2015\/07\/Garba-Escola-300x199.jpg\" alt=\"Garba Escola\" width=\"300\" height=\"199\" \/><\/a><\/p>\n<p><strong>Moltes FELICITATS !!!<\/strong><\/p>\n<h2 class=\"entry-title\">Records de l&#8217;ESPIGA<\/h2>\n<table class=\" aligncenter\" style=\"height: 870px; width: 100%; border-collapse: collapse; border-color: #ffffff; background-color: #ffffff;\">\n<tbody>\n<tr style=\"height: 359px;\">\n<td style=\"width: 33.3333%; height: 359px; border-color: #ffffff; background-color: #ffffff; text-align: center; vertical-align: middle;\"><a href=\"https:\/\/drive.google.com\/file\/d\/1tHQQD8XLepdnf5vNoOd4HCHs7RXxgPxl\/view?usp=sharing\" target=\"_blank\" rel=\"noopener\"><img loading=\"lazy\" decoding=\"async\" class=\"alignright wp-image-3374 \" src=\"https:\/\/agora.xtec.cat\/escola-espiga-lleida\/wp-content\/uploads\/usu273\/2021\/11\/50-anys-dEspiga-1024x538.jpg\" alt=\"\" width=\"626\" height=\"329\" srcset=\"https:\/\/agora.xtec.cat\/escola-espiga-lleida\/wp-content\/uploads\/usu273\/2021\/11\/50-anys-dEspiga-1024x538.jpg 1024w, https:\/\/agora.xtec.cat\/escola-espiga-lleida\/wp-content\/uploads\/usu273\/2021\/11\/50-anys-dEspiga-300x158.jpg 300w, https:\/\/agora.xtec.cat\/escola-espiga-lleida\/wp-content\/uploads\/usu273\/2021\/11\/50-anys-dEspiga-768x404.jpg 768w, https:\/\/agora.xtec.cat\/escola-espiga-lleida\/wp-content\/uploads\/usu273\/2021\/11\/50-anys-dEspiga.jpg 1157w\" sizes=\"auto, (max-width: 626px) 100vw, 626px\" \/><\/a><\/td>\n<td style=\"width: 33.3333%; height: 359px; border-color: #ffffff; background-color: #ffffff; text-align: center; vertical-align: middle;\"><a href=\"https:\/\/drive.google.com\/file\/d\/1QW2PR8Y25PNZvxWkApjJzx0Yy3eYudHZ\/view?usp=sharing\" target=\"_blank\" rel=\"noopener\"><img loading=\"lazy\" decoding=\"async\" class=\"wp-image-3375 alignnone\" src=\"https:\/\/agora.xtec.cat\/escola-espiga-lleida\/wp-content\/uploads\/usu273\/2021\/11\/Anecdotari-ESPIGA-50-anys-1024x519.jpg\" alt=\"\" width=\"602\" height=\"305\" srcset=\"https:\/\/agora.xtec.cat\/escola-espiga-lleida\/wp-content\/uploads\/usu273\/2021\/11\/Anecdotari-ESPIGA-50-anys-1024x519.jpg 1024w, https:\/\/agora.xtec.cat\/escola-espiga-lleida\/wp-content\/uploads\/usu273\/2021\/11\/Anecdotari-ESPIGA-50-anys-300x152.jpg 300w, https:\/\/agora.xtec.cat\/escola-espiga-lleida\/wp-content\/uploads\/usu273\/2021\/11\/Anecdotari-ESPIGA-50-anys-768x389.jpg 768w, https:\/\/agora.xtec.cat\/escola-espiga-lleida\/wp-content\/uploads\/usu273\/2021\/11\/Anecdotari-ESPIGA-50-anys-1536x779.jpg 1536w, https:\/\/agora.xtec.cat\/escola-espiga-lleida\/wp-content\/uploads\/usu273\/2021\/11\/Anecdotari-ESPIGA-50-anys.jpg 1862w\" sizes=\"auto, (max-width: 602px) 100vw, 602px\" \/><\/a><\/td>\n<\/tr>\n<tr style=\"height: 41px; border-color: #ffffff; background-color: #ffffff;\">\n<td style=\"width: 33.3333%; text-align: center; height: 41px; border-color: #ffffff; background-color: #ffffff; vertical-align: middle;\"><strong>50 anys d&#8217;Escola ESPIGA<\/strong><\/td>\n<td style=\"width: 33.3333%; text-align: center; height: 41px; border-color: #ffffff; background-color: #ffffff; vertical-align: middle;\"><strong>50 anys de Records i An\u00e8cdotes<\/strong><\/td>\n<\/tr>\n<tr style=\"height: 382px;\">\n<td style=\"width: 33.3333%; text-align: center; height: 382px; border-color: #ffffff; background-color: #ffffff; vertical-align: middle;\"><a href=\"https:\/\/drive.google.com\/file\/d\/1ozFsd4gGOMwI4_cLYmn4t3fsobxMCaKX\/view?usp=sharing\" target=\"_blank\" rel=\"noopener\"><img loading=\"lazy\" decoding=\"async\" class=\"wp-image-3377 alignright\" src=\"https:\/\/agora.xtec.cat\/escola-espiga-lleida\/wp-content\/uploads\/usu273\/2021\/11\/Escola-ESPIGA-CEM-1024x576.jpg\" alt=\"\" width=\"625\" height=\"351\" srcset=\"https:\/\/agora.xtec.cat\/escola-espiga-lleida\/wp-content\/uploads\/usu273\/2021\/11\/Escola-ESPIGA-CEM-1024x576.jpg 1024w, https:\/\/agora.xtec.cat\/escola-espiga-lleida\/wp-content\/uploads\/usu273\/2021\/11\/Escola-ESPIGA-CEM-300x169.jpg 300w, https:\/\/agora.xtec.cat\/escola-espiga-lleida\/wp-content\/uploads\/usu273\/2021\/11\/Escola-ESPIGA-CEM-768x432.jpg 768w, https:\/\/agora.xtec.cat\/escola-espiga-lleida\/wp-content\/uploads\/usu273\/2021\/11\/Escola-ESPIGA-CEM-1536x864.jpg 1536w, https:\/\/agora.xtec.cat\/escola-espiga-lleida\/wp-content\/uploads\/usu273\/2021\/11\/Escola-ESPIGA-CEM.jpg 1920w\" sizes=\"auto, (max-width: 625px) 100vw, 625px\" \/><\/a><\/td>\n<td style=\"width: 33.3333%; text-align: center; height: 382px; border-color: #ffffff; background-color: #ffffff; vertical-align: middle;\"><a href=\"https:\/\/drive.google.com\/file\/d\/1Rj01nyhD1_Yf7ynBtZxSB_j-JaNOYs-4\/view?usp=sharing\" target=\"_blank\" rel=\"noopener\"><img loading=\"lazy\" decoding=\"async\" class=\"wp-image-3376 alignleft\" src=\"https:\/\/agora.xtec.cat\/escola-espiga-lleida\/wp-content\/uploads\/usu273\/2021\/11\/Sant-Jordi-2018-1024x596.jpg\" alt=\"\" width=\"604\" height=\"351\" srcset=\"https:\/\/agora.xtec.cat\/escola-espiga-lleida\/wp-content\/uploads\/usu273\/2021\/11\/Sant-Jordi-2018-1024x596.jpg 1024w, https:\/\/agora.xtec.cat\/escola-espiga-lleida\/wp-content\/uploads\/usu273\/2021\/11\/Sant-Jordi-2018-300x175.jpg 300w, https:\/\/agora.xtec.cat\/escola-espiga-lleida\/wp-content\/uploads\/usu273\/2021\/11\/Sant-Jordi-2018-768x447.jpg 768w, https:\/\/agora.xtec.cat\/escola-espiga-lleida\/wp-content\/uploads\/usu273\/2021\/11\/Sant-Jordi-2018-1536x894.jpg 1536w, https:\/\/agora.xtec.cat\/escola-espiga-lleida\/wp-content\/uploads\/usu273\/2021\/11\/Sant-Jordi-2018.jpg 1564w\" sizes=\"auto, (max-width: 604px) 100vw, 604px\" \/><\/a><\/td>\n<\/tr>\n<tr style=\"height: 32px;\">\n<td style=\"width: 33.3333%; text-align: center; height: 32px; border-color: #ffffff; background-color: #ffffff; vertical-align: middle;\"><strong>Acte de Sant Jordi 2018 &#8211; Consell Escolar Municipal<\/strong><\/td>\n<td style=\"width: 33.3333%; text-align: center; height: 32px; border-color: #ffffff; background-color: #ffffff; vertical-align: middle;\"><strong>Can\u00e7\u00f3 &#8220;50 anys d&#8217;Espiga &#8211; Sant Jordi 2018<\/strong><\/td>\n<\/tr>\n<\/tbody>\n<\/table>\n<\/div>\n","protected":false},"excerpt":{"rendered":"<p>L&#8217;any 1965, un grup de persones de Lleida, preocupades per la situaci\u00f3 sociocultural i l&#8217;estat de l&#8217;ensenyament a la ciutat, promouen la creaci\u00f3 de l&#8217;Escola Espiga, amb la intenci\u00f3 de recuperar la tasca educativa feta abans per la Mancomunitat i Generalitat de Catalunya, amb un&hellip;  <a href=\"https:\/\/agora.xtec.cat\/escola-espiga-lleida\/lescola\/historia\/\" title=\"Read Hist\u00f2ria\">Llegeix m\u00e9s\u00bb<\/a><\/p>\n","protected":false},"author":2,"featured_media":0,"parent":22,"menu_order":20,"comment_status":"closed","ping_status":"closed","template":"page-templates\/side-menu.php","meta":{"_bbp_topic_count":0,"_bbp_reply_count":0,"_bbp_total_topic_count":0,"_bbp_total_reply_count":0,"_bbp_voice_count":0,"_bbp_anonymous_reply_count":0,"_bbp_topic_count_hidden":0,"_bbp_reply_count_hidden":0,"_bbp_forum_subforum_count":0,"footnotes":""},"class_list":["post-26","page","type-page","status-publish","hentry"],"post_mailing_queue_ids":[],"_links":{"self":[{"href":"https:\/\/agora.xtec.cat\/escola-espiga-lleida\/wp-json\/wp\/v2\/pages\/26","targetHints":{"allow":["GET"]}}],"collection":[{"href":"https:\/\/agora.xtec.cat\/escola-espiga-lleida\/wp-json\/wp\/v2\/pages"}],"about":[{"href":"https:\/\/agora.xtec.cat\/escola-espiga-lleida\/wp-json\/wp\/v2\/types\/page"}],"author":[{"embeddable":true,"href":"https:\/\/agora.xtec.cat\/escola-espiga-lleida\/wp-json\/wp\/v2\/users\/2"}],"replies":[{"embeddable":true,"href":"https:\/\/agora.xtec.cat\/escola-espiga-lleida\/wp-json\/wp\/v2\/comments?post=26"}],"version-history":[{"count":6,"href":"https:\/\/agora.xtec.cat\/escola-espiga-lleida\/wp-json\/wp\/v2\/pages\/26\/revisions"}],"predecessor-version":[{"id":4570,"href":"https:\/\/agora.xtec.cat\/escola-espiga-lleida\/wp-json\/wp\/v2\/pages\/26\/revisions\/4570"}],"up":[{"embeddable":true,"href":"https:\/\/agora.xtec.cat\/escola-espiga-lleida\/wp-json\/wp\/v2\/pages\/22"}],"wp:attachment":[{"href":"https:\/\/agora.xtec.cat\/escola-espiga-lleida\/wp-json\/wp\/v2\/media?parent=26"}],"curies":[{"name":"wp","href":"https:\/\/api.w.org\/{rel}","templated":true}]}}