{"id":256,"date":"2017-09-01T11:17:17","date_gmt":"2017-09-01T09:17:17","guid":{"rendered":"http:\/\/agora.xtec.cat\/escola-espiga-lleida\/?page_id=256"},"modified":"2025-12-10T16:28:45","modified_gmt":"2025-12-10T15:28:45","slug":"claustre","status":"publish","type":"page","link":"https:\/\/agora.xtec.cat\/escola-espiga-lleida\/lescola\/claustre\/","title":{"rendered":"Claustre"},"content":{"rendered":"<p><img loading=\"lazy\" decoding=\"async\" class=\"alignleft wp-image-360\" src=\"http:\/\/agora.xtec.cat\/escola-espiga-lleida\/wp-content\/uploads\/usu273\/2015\/07\/Claustre-150x150.jpg\" alt=\"Claustre\" width=\"200\" height=\"151\" \/><\/p>\n<p>&nbsp;<\/p>\n<p>El <strong>Claustre de Mestres<\/strong> \u00e9s l&#8217;\u00f2rgan propi de participaci\u00f3 dels docents, t\u00e9 la responsabilitat de planificar, coordinar i decidir sobre tots els aspectes pedag\u00f2gics del centre.<\/p>\n<p><img loading=\"lazy\" decoding=\"async\" class=\"aligncenter size-large wp-image-4978\" src=\"https:\/\/agora.xtec.cat\/escola-espiga-lleida\/wp-content\/uploads\/usu273\/2025\/12\/Equip-Docent-Web-2025-2026-724x1024.jpg\" alt=\"\" width=\"724\" height=\"1024\" srcset=\"https:\/\/agora.xtec.cat\/escola-espiga-lleida\/wp-content\/uploads\/usu273\/2025\/12\/Equip-Docent-Web-2025-2026-724x1024.jpg 724w, https:\/\/agora.xtec.cat\/escola-espiga-lleida\/wp-content\/uploads\/usu273\/2025\/12\/Equip-Docent-Web-2025-2026-212x300.jpg 212w, https:\/\/agora.xtec.cat\/escola-espiga-lleida\/wp-content\/uploads\/usu273\/2025\/12\/Equip-Docent-Web-2025-2026-768x1086.jpg 768w, https:\/\/agora.xtec.cat\/escola-espiga-lleida\/wp-content\/uploads\/usu273\/2025\/12\/Equip-Docent-Web-2025-2026-1086x1536.jpg 1086w, https:\/\/agora.xtec.cat\/escola-espiga-lleida\/wp-content\/uploads\/usu273\/2025\/12\/Equip-Docent-Web-2025-2026-1449x2048.jpg 1449w, https:\/\/agora.xtec.cat\/escola-espiga-lleida\/wp-content\/uploads\/usu273\/2025\/12\/Equip-Docent-Web-2025-2026.jpg 1646w\" sizes=\"auto, (max-width: 724px) 100vw, 724px\" \/><\/p>\n","protected":false},"excerpt":{"rendered":"<p>&nbsp;<br \/>\nEl Claustre de Mestres \u00e9s l&#8217;\u00f2rgan propi de participaci\u00f3 dels docents, t\u00e9 la responsabilitat de planificar, coordinar i decidir sobre tots els aspectes pedag\u00f2gics del centre.<\/p>\n","protected":false},"author":1,"featured_media":0,"parent":22,"menu_order":50,"comment_status":"closed","ping_status":"closed","template":"page-templates\/side-menu.php","meta":{"_bbp_topic_count":0,"_bbp_reply_count":0,"_bbp_total_topic_count":0,"_bbp_total_reply_count":0,"_bbp_voice_count":0,"_bbp_anonymous_reply_count":0,"_bbp_topic_count_hidden":0,"_bbp_reply_count_hidden":0,"_bbp_forum_subforum_count":0,"footnotes":""},"class_list":["post-256","page","type-page","status-publish","hentry"],"post_mailing_queue_ids":[],"_links":{"self":[{"href":"https:\/\/agora.xtec.cat\/escola-espiga-lleida\/wp-json\/wp\/v2\/pages\/256","targetHints":{"allow":["GET"]}}],"collection":[{"href":"https:\/\/agora.xtec.cat\/escola-espiga-lleida\/wp-json\/wp\/v2\/pages"}],"about":[{"href":"https:\/\/agora.xtec.cat\/escola-espiga-lleida\/wp-json\/wp\/v2\/types\/page"}],"author":[{"embeddable":true,"href":"https:\/\/agora.xtec.cat\/escola-espiga-lleida\/wp-json\/wp\/v2\/users\/1"}],"replies":[{"embeddable":true,"href":"https:\/\/agora.xtec.cat\/escola-espiga-lleida\/wp-json\/wp\/v2\/comments?post=256"}],"version-history":[{"count":6,"href":"https:\/\/agora.xtec.cat\/escola-espiga-lleida\/wp-json\/wp\/v2\/pages\/256\/revisions"}],"predecessor-version":[{"id":1155,"href":"https:\/\/agora.xtec.cat\/escola-espiga-lleida\/wp-json\/wp\/v2\/pages\/256\/revisions\/1155"}],"up":[{"embeddable":true,"href":"https:\/\/agora.xtec.cat\/escola-espiga-lleida\/wp-json\/wp\/v2\/pages\/22"}],"wp:attachment":[{"href":"https:\/\/agora.xtec.cat\/escola-espiga-lleida\/wp-json\/wp\/v2\/media?parent=256"}],"curies":[{"name":"wp","href":"https:\/\/api.w.org\/{rel}","templated":true}]}}