{"id":796,"date":"2019-09-30T15:39:47","date_gmt":"2019-09-30T13:39:47","guid":{"rendered":"http:\/\/agora.xtec.cat\/escola-elsganxets\/?page_id=796"},"modified":"2020-01-09T10:15:53","modified_gmt":"2020-01-09T09:15:53","slug":"projecte-linguistic","status":"publish","type":"page","link":"https:\/\/agora.xtec.cat\/escola-elsganxets\/projecte-educatiu\/projecte-linguistic\/","title":{"rendered":"PROJECTE LING\u00dc\u00cdSTIC"},"content":{"rendered":"<p>El projecte ling\u00fc\u00edstic \u00e9s el document que recull els aspectes relatius a l&#8217;ensenyament i a l&#8217;\u00fas de les lleng\u00fces a la nostra escola.<\/p>\n<p>En aquest document queden definits el tractament de la llengua catalana com a llengua vehicular i d&#8217;aprenentatge, el proc\u00e9s d&#8217;ensenyament i aprenentatge de la llengua castellana, la metodologia en l&#8217;ensenyament de la llengua anglesa i els criteris generals per a les adequacions de les lleng\u00fces a la realitat socioling\u00fc\u00edstica del centre.<\/p>\n","protected":false},"excerpt":{"rendered":"<p>El projecte ling\u00fc\u00edstic \u00e9s el document que recull els aspectes relatius a l&#8217;ensenyament i a l&#8217;\u00fas de les lleng\u00fces a la nostra escola.<br \/>\nEn aquest document queden definits el tractament de la llengua catalana com a llengua vehicular i d&#8217;aprenentatge, el proc\u00e9s d&#8217;ensenyament i aprenentatge de&hellip;  <a href=\"https:\/\/agora.xtec.cat\/escola-elsganxets\/projecte-educatiu\/projecte-linguistic\/\" title=\"Read PROJECTE LING\u00dc\u00cdSTIC\">Llegeix m\u00e9s\u00bb<\/a><\/p>\n","protected":false},"author":1,"featured_media":0,"parent":64,"menu_order":0,"comment_status":"closed","ping_status":"closed","template":"","meta":{"_bbp_topic_count":0,"_bbp_reply_count":0,"_bbp_total_topic_count":0,"_bbp_total_reply_count":0,"_bbp_voice_count":0,"_bbp_anonymous_reply_count":0,"_bbp_topic_count_hidden":0,"_bbp_reply_count_hidden":0,"_bbp_forum_subforum_count":0,"footnotes":""},"class_list":["post-796","page","type-page","status-publish","hentry"],"post_mailing_queue_ids":[],"_links":{"self":[{"href":"https:\/\/agora.xtec.cat\/escola-elsganxets\/wp-json\/wp\/v2\/pages\/796","targetHints":{"allow":["GET"]}}],"collection":[{"href":"https:\/\/agora.xtec.cat\/escola-elsganxets\/wp-json\/wp\/v2\/pages"}],"about":[{"href":"https:\/\/agora.xtec.cat\/escola-elsganxets\/wp-json\/wp\/v2\/types\/page"}],"author":[{"embeddable":true,"href":"https:\/\/agora.xtec.cat\/escola-elsganxets\/wp-json\/wp\/v2\/users\/1"}],"replies":[{"embeddable":true,"href":"https:\/\/agora.xtec.cat\/escola-elsganxets\/wp-json\/wp\/v2\/comments?post=796"}],"version-history":[{"count":3,"href":"https:\/\/agora.xtec.cat\/escola-elsganxets\/wp-json\/wp\/v2\/pages\/796\/revisions"}],"predecessor-version":[{"id":964,"href":"https:\/\/agora.xtec.cat\/escola-elsganxets\/wp-json\/wp\/v2\/pages\/796\/revisions\/964"}],"up":[{"embeddable":true,"href":"https:\/\/agora.xtec.cat\/escola-elsganxets\/wp-json\/wp\/v2\/pages\/64"}],"wp:attachment":[{"href":"https:\/\/agora.xtec.cat\/escola-elsganxets\/wp-json\/wp\/v2\/media?parent=796"}],"curies":[{"name":"wp","href":"https:\/\/api.w.org\/{rel}","templated":true}]}}