{"id":2721,"date":"2023-02-22T15:59:28","date_gmt":"2023-02-22T14:59:28","guid":{"rendered":"https:\/\/agora.xtec.cat\/escola-elsganxets\/?page_id=2721"},"modified":"2024-05-29T15:02:17","modified_gmt":"2024-05-29T13:02:17","slug":"desplegament-de-la-competencia-digital","status":"publish","type":"page","link":"https:\/\/agora.xtec.cat\/escola-elsganxets\/edc-estrategia-digital-de-centre\/desplegament-de-la-competencia-digital\/","title":{"rendered":"Desplegament de la compet\u00e8ncia digital"},"content":{"rendered":"<p><em>Aquesta p\u00e0gina s&#8217;est\u00e0 actualitzant&#8230;<\/em><\/p>\n","protected":false},"excerpt":{"rendered":"<p>Aquesta p\u00e0gina s&#8217;est\u00e0 actualitzant&#8230;<\/p>\n","protected":false},"author":12,"featured_media":0,"parent":2686,"menu_order":0,"comment_status":"closed","ping_status":"closed","template":"","meta":{"_bbp_topic_count":0,"_bbp_reply_count":0,"_bbp_total_topic_count":0,"_bbp_total_reply_count":0,"_bbp_voice_count":0,"_bbp_anonymous_reply_count":0,"_bbp_topic_count_hidden":0,"_bbp_reply_count_hidden":0,"_bbp_forum_subforum_count":0,"footnotes":""},"class_list":["post-2721","page","type-page","status-publish","hentry"],"post_mailing_queue_ids":[],"_links":{"self":[{"href":"https:\/\/agora.xtec.cat\/escola-elsganxets\/wp-json\/wp\/v2\/pages\/2721","targetHints":{"allow":["GET"]}}],"collection":[{"href":"https:\/\/agora.xtec.cat\/escola-elsganxets\/wp-json\/wp\/v2\/pages"}],"about":[{"href":"https:\/\/agora.xtec.cat\/escola-elsganxets\/wp-json\/wp\/v2\/types\/page"}],"author":[{"embeddable":true,"href":"https:\/\/agora.xtec.cat\/escola-elsganxets\/wp-json\/wp\/v2\/users\/12"}],"replies":[{"embeddable":true,"href":"https:\/\/agora.xtec.cat\/escola-elsganxets\/wp-json\/wp\/v2\/comments?post=2721"}],"version-history":[{"count":2,"href":"https:\/\/agora.xtec.cat\/escola-elsganxets\/wp-json\/wp\/v2\/pages\/2721\/revisions"}],"predecessor-version":[{"id":3222,"href":"https:\/\/agora.xtec.cat\/escola-elsganxets\/wp-json\/wp\/v2\/pages\/2721\/revisions\/3222"}],"up":[{"embeddable":true,"href":"https:\/\/agora.xtec.cat\/escola-elsganxets\/wp-json\/wp\/v2\/pages\/2686"}],"wp:attachment":[{"href":"https:\/\/agora.xtec.cat\/escola-elsganxets\/wp-json\/wp\/v2\/media?parent=2721"}],"curies":[{"name":"wp","href":"https:\/\/api.w.org\/{rel}","templated":true}]}}