{"id":2714,"date":"2023-02-22T15:57:33","date_gmt":"2023-02-22T14:57:33","guid":{"rendered":"https:\/\/agora.xtec.cat\/escola-elsganxets\/?page_id=2714"},"modified":"2023-06-05T13:00:01","modified_gmt":"2023-06-05T11:00:01","slug":"avaluacio-i-millora","status":"publish","type":"page","link":"https:\/\/agora.xtec.cat\/escola-elsganxets\/edc-estrategia-digital-de-centre\/avaluacio-i-millora\/","title":{"rendered":"Avaluaci\u00f3 i millora"},"content":{"rendered":"<p><img decoding=\"async\" src=\"https:\/\/projectes.xtec.cat\/edc-suport\/wp-content\/uploads\/usu2435\/2021\/03\/edc2.jpg\" alt=\"Guia d'elaboraci\u00f3 de l'EDC | Suport EDC\" \/><\/p>\n<p>L&#8217;EDC s&#8217;avaluar\u00e0 de forma peri\u00f2dica, revisant objectius i activitats planificades per tal de determinar el grau d&#8217;assoliment. Si \u00e9s necessari, es modificaran els objectius, les actuacions o la temporalitzaci\u00f3 segons l&#8217;avaluaci\u00f3 obtinguda.<br \/>\nEls criteris i indicadors d\u2019avaluaci\u00f3 s&#8217;han establert en funci\u00f3 dels objectius propis de centre i s\u2019han fixat a partir dels punts a millorar.<\/p>\n<p>Aquests indicadors s\u2019avaluaran al finalitzar cada curs escolar integrant-los a la Mem\u00f2ria de la PGA.<\/p>\n<p>\u00c9s a dir, al llarg de tot el proc\u00e9s d&#8217;implementaci\u00f3 de l&#8217;EDC, s&#8217;aniran recollint dades vinculades amb les actuacions per valorar en quin grau es compleixen les expectatives d&#8217;assoliment.<\/p>\n<p>Cada curs escolar es far\u00e0 la valoraci\u00f3 dels resultats, i s&#8217;aniran fent les adaptacions que es considerin adients per garantir que la nostra escola va construint i consolidant l&#8217;estrat\u00e8gia digital de manera efica\u00e7.<\/p>\n<p>Quan l&#8217;EDC arribi al final de la planificaci\u00f3, caldr\u00e0 realitzar una nova diagnosi per actualitzar-la, proposar nous objectius i actuacions en funci\u00f3 de les noves necessitats de la comunitat educativa.<\/p>\n<p>&nbsp;<\/p>\n","protected":false},"excerpt":{"rendered":"<p>L&#8217;EDC s&#8217;avaluar\u00e0 de forma peri\u00f2dica, revisant objectius i activitats planificades per tal de determinar el grau d&#8217;assoliment. Si \u00e9s necessari, es modificaran els objectius, les actuacions o la temporalitzaci\u00f3 segons l&#8217;avaluaci\u00f3 obtinguda.<br \/>\nEls criteris i indicadors d\u2019avaluaci\u00f3 s&#8217;han establert en funci\u00f3 dels objectius propis de centre&hellip;  <a href=\"https:\/\/agora.xtec.cat\/escola-elsganxets\/edc-estrategia-digital-de-centre\/avaluacio-i-millora\/\" title=\"Read Avaluaci\u00f3 i millora\">Llegeix m\u00e9s\u00bb<\/a><\/p>\n","protected":false},"author":12,"featured_media":0,"parent":2686,"menu_order":0,"comment_status":"closed","ping_status":"closed","template":"","meta":{"_bbp_topic_count":0,"_bbp_reply_count":0,"_bbp_total_topic_count":0,"_bbp_total_reply_count":0,"_bbp_voice_count":0,"_bbp_anonymous_reply_count":0,"_bbp_topic_count_hidden":0,"_bbp_reply_count_hidden":0,"_bbp_forum_subforum_count":0,"footnotes":""},"class_list":["post-2714","page","type-page","status-publish","hentry"],"post_mailing_queue_ids":[],"_links":{"self":[{"href":"https:\/\/agora.xtec.cat\/escola-elsganxets\/wp-json\/wp\/v2\/pages\/2714","targetHints":{"allow":["GET"]}}],"collection":[{"href":"https:\/\/agora.xtec.cat\/escola-elsganxets\/wp-json\/wp\/v2\/pages"}],"about":[{"href":"https:\/\/agora.xtec.cat\/escola-elsganxets\/wp-json\/wp\/v2\/types\/page"}],"author":[{"embeddable":true,"href":"https:\/\/agora.xtec.cat\/escola-elsganxets\/wp-json\/wp\/v2\/users\/12"}],"replies":[{"embeddable":true,"href":"https:\/\/agora.xtec.cat\/escola-elsganxets\/wp-json\/wp\/v2\/comments?post=2714"}],"version-history":[{"count":3,"href":"https:\/\/agora.xtec.cat\/escola-elsganxets\/wp-json\/wp\/v2\/pages\/2714\/revisions"}],"predecessor-version":[{"id":2832,"href":"https:\/\/agora.xtec.cat\/escola-elsganxets\/wp-json\/wp\/v2\/pages\/2714\/revisions\/2832"}],"up":[{"embeddable":true,"href":"https:\/\/agora.xtec.cat\/escola-elsganxets\/wp-json\/wp\/v2\/pages\/2686"}],"wp:attachment":[{"href":"https:\/\/agora.xtec.cat\/escola-elsganxets\/wp-json\/wp\/v2\/media?parent=2714"}],"curies":[{"name":"wp","href":"https:\/\/api.w.org\/{rel}","templated":true}]}}