{"id":2686,"date":"2023-02-22T15:51:44","date_gmt":"2023-02-22T14:51:44","guid":{"rendered":"https:\/\/agora.xtec.cat\/escola-elsganxets\/?page_id=2686"},"modified":"2023-03-07T13:19:33","modified_gmt":"2023-03-07T12:19:33","slug":"edc-estrategia-digital-de-centre","status":"publish","type":"page","link":"https:\/\/agora.xtec.cat\/escola-elsganxets\/edc-estrategia-digital-de-centre\/","title":{"rendered":"EDC &#8211; Estrat\u00e8gia Digital de Centre"},"content":{"rendered":"<p style=\"text-align: justify;\">L\u2019Estrat\u00e8gia Digital de Centre (EDC) recull totes les accions que es realitzen en un centre i les que es realitzaran a mitj\u00e0 termini, per aconseguir la m\u00e0xima compet\u00e8ncia digital de l\u2019alumnat, del professorat i del centre educatiu. Ha de tenir com a referent el Pla d\u2019educaci\u00f3 digital de Catalunya (PEDC), on s\u2019indica la necessitat d\u2019assolir la fita d\u2019una societat digitalment competent, fent \u00e8mfasi en l\u2019equitat i tenint en compte l\u2019evoluci\u00f3 del context social i tecnol\u00f2gic.<\/p>\n<table style=\"border-collapse: collapse; width: 100%; background-color: #f66264; height: 32px;\">\n<tbody>\n<tr style=\"height: 32px;\">\n<td style=\"width: 100%; height: 32px;\"><span style=\"color: #ffffff; font-size: 21px;\"><strong>PART ESTRAT\u00c8GICA<\/strong><\/span><\/td>\n<\/tr>\n<\/tbody>\n<\/table>\n<table style=\"margin-left: 20px; border-collapse: collapse; width: 50%; background-color: #f2f2f2; height: 32px;\">\n<tbody>\n<tr style=\"height: 32px;\">\n<td style=\"width: 100%; height: 32px;\"><span style=\"color: #000; font-size: 14px;\"><strong>\ud83d\udd17 <a href=\"https:\/\/agora.xtec.cat\/escola-elsganxets\/edc-estrategia-digital-de-centre\/diagnosi\/\">Diagnosi<\/a><\/strong><\/span><\/td>\n<\/tr>\n<\/tbody>\n<\/table>\n<table style=\"margin-left: 20px; border-collapse: collapse; width: 50%; background-color: #f2f2f2; height: 32px;\">\n<tbody>\n<tr style=\"height: 32px;\">\n<td style=\"width: 100%; height: 32px;\"><span style=\"color: #000; font-size: 14px;\"><strong>\ud83d\udd17 <a href=\"https:\/\/agora.xtec.cat\/escola-elsganxets\/edc-estrategia-digital-de-centre\/objectius\/\">Objectius, planificaci\u00f3 i seguiment<\/a><\/strong><\/span><\/td>\n<\/tr>\n<\/tbody>\n<\/table>\n<table style=\"margin-left: 20px; border-collapse: collapse; width: 50%; background-color: #f2f2f2; height: 32px;\">\n<tbody>\n<tr style=\"height: 32px;\">\n<td style=\"width: 100%; height: 32px;\"><span style=\"color: #000; font-size: 14px;\"><strong>\ud83d\udd17 <a href=\"https:\/\/agora.xtec.cat\/escola-elsganxets\/edc-estrategia-digital-de-centre\/avaluacio-i-millora\/\">Avaluaci\u00f3 i millora<\/a><\/strong><\/span><\/td>\n<\/tr>\n<\/tbody>\n<\/table>\n<table style=\"border-collapse: collapse; width: 100%; background-color: #f66264; height: 32px;\">\n<tbody>\n<tr style=\"height: 32px;\">\n<td style=\"width: 100%; height: 32px;\"><span style=\"color: #ffffff; font-size: 21px;\"><strong>CULTURA DIGITAL<\/strong><\/span><\/td>\n<\/tr>\n<\/tbody>\n<\/table>\n<table style=\"margin-left: 20px; border-collapse: collapse; width: 50%; background-color: #f2f2f2; height: 32px;\">\n<tbody>\n<tr style=\"height: 32px;\">\n<td style=\"width: 100%; height: 32px;\"><span style=\"color: #000; font-size: 14px;\"><strong>\ud83d\udd17 <a href=\"https:\/\/agora.xtec.cat\/escola-elsganxets\/edc-estrategia-digital-de-centre\/documentacio-basica\/\">Documentaci\u00f3 b\u00e0sica<\/a><\/strong><\/span><\/td>\n<\/tr>\n<\/tbody>\n<\/table>\n<table style=\"margin-left: 20px; border-collapse: collapse; width: 50%; background-color: #f2f2f2; height: 32px;\">\n<tbody>\n<tr style=\"height: 32px;\">\n<td style=\"width: 100%; height: 32px;\"><span style=\"color: #000; font-size: 14px;\"><strong>\ud83d\udd17 <a href=\"https:\/\/agora.xtec.cat\/escola-elsganxets\/edc-estrategia-digital-de-centre\/pla-de-comunicacio\/\">Pla de comunicaci\u00f3<\/a><\/strong><\/span><\/td>\n<\/tr>\n<\/tbody>\n<\/table>\n<table style=\"margin-left: 20px; border-collapse: collapse; width: 50%; background-color: #f2f2f2; height: 32px;\">\n<tbody>\n<tr style=\"height: 32px;\">\n<td style=\"width: 100%; height: 32px;\"><span style=\"color: #000; font-size: 14px;\"><strong>\ud83d\udd17 <a href=\"https:\/\/agora.xtec.cat\/escola-elsganxets\/edc-estrategia-digital-de-centre\/desplegament-de-la-competencia-digital\/\">Desplegament de la compet\u00e8ncia digital<\/a><\/strong><\/span><\/td>\n<\/tr>\n<\/tbody>\n<\/table>\n<table style=\"margin-left: 20px; border-collapse: collapse; width: 50%; background-color: #f2f2f2; height: 32px;\">\n<tbody>\n<tr style=\"height: 32px;\">\n<td style=\"width: 100%; height: 32px;\"><span style=\"color: #000; font-size: 14px;\"><strong>\ud83d\udd17 <a href=\"https:\/\/agora.xtec.cat\/escola-elsganxets\/edc-estrategia-digital-de-centre\/acollida-digital\/\">Acollida digital<\/a><\/strong><\/span><\/td>\n<\/tr>\n<\/tbody>\n<\/table>\n<table style=\"margin-left: 20px; border-collapse: collapse; width: 50%; background-color: #f2f2f2; height: 32px;\">\n<tbody>\n<tr style=\"height: 32px;\">\n<td style=\"width: 100%; height: 32px;\"><span style=\"color: #000; font-size: 14px;\"><strong>\ud83d\udd17 <a href=\"https:\/\/agora.xtec.cat\/escola-elsganxets\/edc-estrategia-digital-de-centre\/recursos-digitals-i-maquinari\/\">Recursos digitals i maquinari<\/a><\/strong><\/span><\/td>\n<\/tr>\n<\/tbody>\n<\/table>\n<p>&nbsp;<\/p>\n","protected":false},"excerpt":{"rendered":"<p>L\u2019Estrat\u00e8gia Digital de Centre (EDC) recull totes les accions que es realitzen en un centre i les que es realitzaran a mitj\u00e0 termini, per aconseguir la m\u00e0xima compet\u00e8ncia digital de l\u2019alumnat, del professorat i del centre educatiu. Ha de tenir com a referent el Pla&hellip;  <a href=\"https:\/\/agora.xtec.cat\/escola-elsganxets\/edc-estrategia-digital-de-centre\/\" title=\"Read EDC &#8211; Estrat\u00e8gia Digital de Centre\">Llegeix m\u00e9s\u00bb<\/a><\/p>\n","protected":false},"author":12,"featured_media":0,"parent":0,"menu_order":0,"comment_status":"closed","ping_status":"closed","template":"page-templates\/side-menu.php","meta":{"_bbp_topic_count":0,"_bbp_reply_count":0,"_bbp_total_topic_count":0,"_bbp_total_reply_count":0,"_bbp_voice_count":0,"_bbp_anonymous_reply_count":0,"_bbp_topic_count_hidden":0,"_bbp_reply_count_hidden":0,"_bbp_forum_subforum_count":0,"footnotes":""},"class_list":["post-2686","page","type-page","status-publish","hentry"],"post_mailing_queue_ids":[],"_links":{"self":[{"href":"https:\/\/agora.xtec.cat\/escola-elsganxets\/wp-json\/wp\/v2\/pages\/2686","targetHints":{"allow":["GET"]}}],"collection":[{"href":"https:\/\/agora.xtec.cat\/escola-elsganxets\/wp-json\/wp\/v2\/pages"}],"about":[{"href":"https:\/\/agora.xtec.cat\/escola-elsganxets\/wp-json\/wp\/v2\/types\/page"}],"author":[{"embeddable":true,"href":"https:\/\/agora.xtec.cat\/escola-elsganxets\/wp-json\/wp\/v2\/users\/12"}],"replies":[{"embeddable":true,"href":"https:\/\/agora.xtec.cat\/escola-elsganxets\/wp-json\/wp\/v2\/comments?post=2686"}],"version-history":[{"count":2,"href":"https:\/\/agora.xtec.cat\/escola-elsganxets\/wp-json\/wp\/v2\/pages\/2686\/revisions"}],"predecessor-version":[{"id":2736,"href":"https:\/\/agora.xtec.cat\/escola-elsganxets\/wp-json\/wp\/v2\/pages\/2686\/revisions\/2736"}],"wp:attachment":[{"href":"https:\/\/agora.xtec.cat\/escola-elsganxets\/wp-json\/wp\/v2\/media?parent=2686"}],"curies":[{"name":"wp","href":"https:\/\/api.w.org\/{rel}","templated":true}]}}