{"id":26,"date":"2014-09-18T12:24:32","date_gmt":"2014-09-18T10:24:32","guid":{"rendered":"http:\/\/agora.xtec.cat\/escola-elsganxets\/?page_id=26"},"modified":"2025-01-28T21:21:18","modified_gmt":"2025-01-28T20:21:18","slug":"historia","status":"publish","type":"page","link":"https:\/\/agora.xtec.cat\/escola-elsganxets\/lescola\/historia\/","title":{"rendered":"Hist\u00f2ria"},"content":{"rendered":"<div class=\"sites-embed-content sites-embed-type-text\">\n<div class=\"sites-embed-content-textbox\">\n<div dir=\"ltr\">\n<div>\n<div class=\"sites-embed-align-center-wrapping-off\">\n<div class=\"sites-embed-border-on sites-embed sites-embed-full-width\">\n<div class=\"sites-embed-content sites-embed-type-text\">\n<div class=\"sites-embed-content-textbox\">\n<p dir=\"ltr\"><span style=\"font-weight: 400;\">L\u2019escola Els Ganxets \u00e9s un centre p\u00fablic situat a la zona Nord de la ciutat de Reus que es va crear el curs 2007-2008 preveient un augment de poblaci\u00f3 en aquesta zona de la ciutat. \u00c9s una escola d\u2019aularis prefabricats i en proc\u00e9s de trasllat a un edifici que s\u2019ha de reformar en un barri proper a l\u2019escola actual. <\/span><\/p>\n<p dir=\"ltr\"><span style=\"font-weight: 400;\">La zona actual est\u00e0 ubicada en un barri poc urbanitzat i en un entorn natural molt tranquil.<\/span><\/p>\n<p dir=\"ltr\"><span style=\"font-weight: 400;\">El centre ha anat ampliant progressivament els seus espais i actualment disposa d\u2019un total de 10 aularis distribu\u00efts en aules ordin\u00e0ries, sala de mestres, menjador, aula de psicomotricitat, aula de m\u00fasica, biblioteca, aula d\u2019usos m\u00faltiples, aula d\u2019experimentaci\u00f3 d\u2019infantil, aula d\u2019angl\u00e8s, secretaria, direcci\u00f3 i depend\u00e8ncies m\u00e9s redu\u00efdes que es fan servir per aula d\u2019EE, despatx AMPA, tutories, consergeria, aula de material, espai per servei de neteja i els lavabos corresponents. El pati tan gran i envoltat de natura permet una estona d&#8217;esbarjo tranquil\u00b7la.<\/span><\/p>\n<p dir=\"ltr\">Actualment l&#8217;escola t\u00e9 aproximadament 202 alumnes.<\/p>\n<p dir=\"ltr\"><img loading=\"lazy\" decoding=\"async\" class=\"aligncenter size-full wp-image-2439\" src=\"https:\/\/agora.xtec.cat\/escola-elsganxets\/wp-content\/uploads\/usu331\/2022\/07\/ganxets.jpg\" alt=\"\" width=\"750\" height=\"525\" \/><\/p>\n<\/div>\n<\/div>\n<\/div>\n<\/div>\n<\/div>\n<div><\/div>\n<\/div>\n<\/div>\n<\/div>\n","protected":false},"excerpt":{"rendered":"<p>L\u2019escola Els Ganxets \u00e9s un centre p\u00fablic situat a la zona Nord de la ciutat de Reus que es va crear el curs 2007-2008 preveient un augment de poblaci\u00f3 en aquesta zona de la ciutat. \u00c9s una escola d\u2019aularis prefabricats i en proc\u00e9s de trasllat&hellip;  <a href=\"https:\/\/agora.xtec.cat\/escola-elsganxets\/lescola\/historia\/\" title=\"Read Hist\u00f2ria\">Llegeix m\u00e9s\u00bb<\/a><\/p>\n","protected":false},"author":2,"featured_media":0,"parent":22,"menu_order":2,"comment_status":"closed","ping_status":"closed","template":"page-templates\/side-menu.php","meta":{"_bbp_topic_count":0,"_bbp_reply_count":0,"_bbp_total_topic_count":0,"_bbp_total_reply_count":0,"_bbp_voice_count":0,"_bbp_anonymous_reply_count":0,"_bbp_topic_count_hidden":0,"_bbp_reply_count_hidden":0,"_bbp_forum_subforum_count":0,"footnotes":""},"class_list":["post-26","page","type-page","status-publish","hentry"],"post_mailing_queue_ids":[],"_links":{"self":[{"href":"https:\/\/agora.xtec.cat\/escola-elsganxets\/wp-json\/wp\/v2\/pages\/26","targetHints":{"allow":["GET"]}}],"collection":[{"href":"https:\/\/agora.xtec.cat\/escola-elsganxets\/wp-json\/wp\/v2\/pages"}],"about":[{"href":"https:\/\/agora.xtec.cat\/escola-elsganxets\/wp-json\/wp\/v2\/types\/page"}],"author":[{"embeddable":true,"href":"https:\/\/agora.xtec.cat\/escola-elsganxets\/wp-json\/wp\/v2\/users\/2"}],"replies":[{"embeddable":true,"href":"https:\/\/agora.xtec.cat\/escola-elsganxets\/wp-json\/wp\/v2\/comments?post=26"}],"version-history":[{"count":7,"href":"https:\/\/agora.xtec.cat\/escola-elsganxets\/wp-json\/wp\/v2\/pages\/26\/revisions"}],"predecessor-version":[{"id":3341,"href":"https:\/\/agora.xtec.cat\/escola-elsganxets\/wp-json\/wp\/v2\/pages\/26\/revisions\/3341"}],"up":[{"embeddable":true,"href":"https:\/\/agora.xtec.cat\/escola-elsganxets\/wp-json\/wp\/v2\/pages\/22"}],"wp:attachment":[{"href":"https:\/\/agora.xtec.cat\/escola-elsganxets\/wp-json\/wp\/v2\/media?parent=26"}],"curies":[{"name":"wp","href":"https:\/\/api.w.org\/{rel}","templated":true}]}}