{"id":1867,"date":"2022-01-19T22:36:56","date_gmt":"2022-01-19T21:36:56","guid":{"rendered":"https:\/\/agora.xtec.cat\/escola-elsganxets\/?page_id=1867"},"modified":"2022-01-19T22:37:54","modified_gmt":"2022-01-19T21:37:54","slug":"percussio-corporal-a-lescola","status":"publish","type":"page","link":"https:\/\/agora.xtec.cat\/escola-elsganxets\/percussio-corporal-a-lescola\/","title":{"rendered":"PERCUSSI\u00d3 CORPORAL A L&#8217;ESCOLA"},"content":{"rendered":"<p><b>\u201cLa m\u00fasica \u00e9s una gimn\u00e0stica impressionant per al cervell\u201d<\/b><span style=\"font-weight: 400;\">\u00a0<\/span><span style=\"font-weight: 400;\">David Bueno<\/span><\/p>\n<p><span style=\"font-weight: 400;\">David Bueno, professor de gen\u00e8tica especialitzat en neuroci\u00e8ncia, sempre posa de manifest com influeix positivament la m\u00fasica al cervell. Avui parlarem doncs de neuroci\u00e8ncia, m\u00fasica, moviment i ritme.<\/span><\/p>\n<p><span style=\"font-weight: 400;\">Segons la neuroci\u00e8ncia, el cervell m\u00e9s pl\u00e0stic \u00e9s el dels infants, per tant, com m\u00e9s estimulat estigui m\u00e9s connexions noves podr\u00e0 fer i millor ser\u00e0 el desenvolupament de les habilitats cognitives. Segons estudis realitzats, la <\/span><b>m\u00fasica<\/b> <b>estimula el cervell<\/b><span style=\"font-weight: 400;\"> i ens ajuda a poder fer moltes <\/span><b>connexions neuronals<\/b><span style=\"font-weight: 400;\">.<\/span><\/p>\n<p><span style=\"font-weight: 400;\">A classe de m\u00fasica treballem molt la <\/span><b>m\u00fasica relacionada amb el moviment<\/b><span style=\"font-weight: 400;\">, juntes afavoreixen aquest <\/span><b>increment de connexions <\/b><span style=\"font-weight: 400;\">entre diferents \u00e0rees del cervell i si les dues activitats es realitzen simult\u00e0niament es potencien m\u00e9s els beneficis cognitius.\u00a0<\/span><span style=\"font-weight: 400;\">Partint d\u2019aqu\u00ed una de les moltes activitats que fem \u00e9s la <\/span><b>percussi\u00f3 corporal<\/b><span style=\"font-weight: 400;\">, \u00e9s a dir, fer sons i ritmes amb el nostre cos.<\/span><\/p>\n<p><span style=\"font-weight: 400;\">Aquesta activitat t\u00e9 molts <\/span><b>beneficis<\/b><span style=\"font-weight: 400;\">, aqu\u00ed en teniu alguns dels m\u00e9s importants:<\/span><\/p>\n<ul>\n<li style=\"font-weight: 400;\" aria-level=\"1\"><span style=\"font-weight: 400;\">Genera la <\/span><b>participaci\u00f3 activa<\/b><span style=\"font-weight: 400;\">, on cadasc\u00fa utilitza tant el cos, com la ment i l\u2019emoci\u00f3.<\/span><\/li>\n<li style=\"font-weight: 400;\" aria-level=\"1\"><span style=\"font-weight: 400;\">Treballa la <\/span><b>consci\u00e8ncia corporal, <\/b><span style=\"font-weight: 400;\">la<\/span><b> lateralitat <\/b><span style=\"font-weight: 400;\">i la<\/span><b> coordinaci\u00f3<\/b><span style=\"font-weight: 400;\">.<\/span><\/li>\n<li style=\"font-weight: 400;\" aria-level=\"1\"><span style=\"font-weight: 400;\">Potencia les <\/span><b>relacions interpersonals<\/b><span style=\"font-weight: 400;\">.<\/span><\/li>\n<li style=\"font-weight: 400;\" aria-level=\"1\"><span style=\"font-weight: 400;\">Augmenta l\u2019<\/span><b>autoestima <\/b><span style=\"font-weight: 400;\">i l\u2019<\/span><b>autorealitzaci\u00f3.<\/b><\/li>\n<li style=\"font-weight: 400;\" aria-level=\"1\"><span style=\"font-weight: 400;\">Exercita la <\/span><b>mem\u00f2ria, <\/b><span style=\"font-weight: 400;\">l<\/span><b>\u2019atenci\u00f3<\/b><span style=\"font-weight: 400;\"> i la<\/span><b> concentraci\u00f3<\/b><span style=\"font-weight: 400;\">.<\/span><\/li>\n<li style=\"font-weight: 400;\" aria-level=\"1\"><span style=\"font-weight: 400;\">Fomenta la<\/span><b> creativitat<\/b><span style=\"font-weight: 400;\"> i el <\/span><b>sentit est\u00e8tic<\/b><span style=\"font-weight: 400;\">.<\/span><\/li>\n<\/ul>\n<p><img loading=\"lazy\" decoding=\"async\" class=\"size-full wp-image-1869 aligncenter\" src=\"https:\/\/agora.xtec.cat\/escola-elsganxets\/wp-content\/uploads\/usu331\/2022\/01\/7.jpg\" alt=\"\" width=\"174\" height=\"230\" \/><\/p>\n<p><span style=\"font-weight: 400;\">Per arribar a crear una coreografia de percussi\u00f3 corporal anem seguint un m\u00e8tode d\u2019aprenentatge <b style=\"font-family: inherit; font-size: 1em;\">Senyalitzaci\u00f3, seq\u00fcenciaci\u00f3 i m\u00fasica<\/b> <b style=\"font-family: inherit; font-size: 1em;\">(SSM)<\/b><span style=\"font-weight: 400;\">. Aquest m\u00e8tode va ser creat pel gran percussionista Santi Serratosa i es basa en que quan aprenem la percussi\u00f3 corporal, les indicacions s\u00f3n a temps real, tenen una estructura molt seq\u00fcenciada i sistematitzada amb estructures regulars que ajuden a assolir els objectius. I no podem deixar de banda la m\u00fasica, amb la qual ens expressarem, crearem i sentirem durant tot el proc\u00e9s.<\/span><\/span><\/p>\n<p><span style=\"font-weight: 400;\">Per acabar, no voldria deixar-me dues paraules molt importants,<\/span><b> emoci\u00f3 <\/b><span style=\"font-weight: 400;\">i <\/span><b>motivaci\u00f3<\/b><span style=\"font-weight: 400;\">. L\u2019emoci\u00f3 \u00e9s necess\u00e0ria per l\u2019aprenentatge per la qual cosa un estat positiu far\u00e0 que l\u2019aprenentatge sigui efectiu i si afegim la motivaci\u00f3 en aquest cas, amb una m\u00fasica actual amb la qual els i les alumnes hi connectin el resultat no podr\u00e0 ser millor.<\/span><\/p>\n<p><span style=\"font-weight: 400;\">VISCA LA M\u00daSICA!<\/span><\/p>\n","protected":false},"excerpt":{"rendered":"<p>\u201cLa m\u00fasica \u00e9s una gimn\u00e0stica impressionant per al cervell\u201d\u00a0David Bueno<br \/>\nDavid Bueno, professor de gen\u00e8tica especialitzat en neuroci\u00e8ncia, sempre posa de manifest com influeix positivament la m\u00fasica al cervell. Avui parlarem doncs de neuroci\u00e8ncia, m\u00fasica, moviment i ritme.<br \/>\nSegons la neuroci\u00e8ncia, el cervell m\u00e9s pl\u00e0stic \u00e9s el&hellip;  <a href=\"https:\/\/agora.xtec.cat\/escola-elsganxets\/percussio-corporal-a-lescola\/\" title=\"Read PERCUSSI\u00d3 CORPORAL A L&#8217;ESCOLA\">Llegeix m\u00e9s\u00bb<\/a><\/p>\n","protected":false},"author":14,"featured_media":0,"parent":0,"menu_order":0,"comment_status":"closed","ping_status":"closed","template":"","meta":{"_bbp_topic_count":0,"_bbp_reply_count":0,"_bbp_total_topic_count":0,"_bbp_total_reply_count":0,"_bbp_voice_count":0,"_bbp_anonymous_reply_count":0,"_bbp_topic_count_hidden":0,"_bbp_reply_count_hidden":0,"_bbp_forum_subforum_count":0,"footnotes":""},"class_list":["post-1867","page","type-page","status-publish","hentry"],"post_mailing_queue_ids":[],"_links":{"self":[{"href":"https:\/\/agora.xtec.cat\/escola-elsganxets\/wp-json\/wp\/v2\/pages\/1867","targetHints":{"allow":["GET"]}}],"collection":[{"href":"https:\/\/agora.xtec.cat\/escola-elsganxets\/wp-json\/wp\/v2\/pages"}],"about":[{"href":"https:\/\/agora.xtec.cat\/escola-elsganxets\/wp-json\/wp\/v2\/types\/page"}],"author":[{"embeddable":true,"href":"https:\/\/agora.xtec.cat\/escola-elsganxets\/wp-json\/wp\/v2\/users\/14"}],"replies":[{"embeddable":true,"href":"https:\/\/agora.xtec.cat\/escola-elsganxets\/wp-json\/wp\/v2\/comments?post=1867"}],"version-history":[{"count":1,"href":"https:\/\/agora.xtec.cat\/escola-elsganxets\/wp-json\/wp\/v2\/pages\/1867\/revisions"}],"predecessor-version":[{"id":1870,"href":"https:\/\/agora.xtec.cat\/escola-elsganxets\/wp-json\/wp\/v2\/pages\/1867\/revisions\/1870"}],"wp:attachment":[{"href":"https:\/\/agora.xtec.cat\/escola-elsganxets\/wp-json\/wp\/v2\/media?parent=1867"}],"curies":[{"name":"wp","href":"https:\/\/api.w.org\/{rel}","templated":true}]}}