{"id":77,"date":"2014-09-18T14:05:08","date_gmt":"2014-09-18T14:05:08","guid":{"rendered":"http:\/\/agora.xtec.cat\/escola-elsestanys\/?page_id=77"},"modified":"2025-10-01T11:50:00","modified_gmt":"2025-10-01T09:50:00","slug":"acollida","status":"publish","type":"page","link":"https:\/\/agora.xtec.cat\/escola-elsestanys\/serveis\/acollida\/","title":{"rendered":"Servei d&#8217;acollida"},"content":{"rendered":"<h4><img loading=\"lazy\" decoding=\"async\" class=\"alignnone \" src=\"https:\/\/www.nexxe.cat\/wp-content\/uploads\/2019\/08\/logo-nexxe-ok.png\" width=\"179\" height=\"68\" \/><\/h4>\n<h4 class=\"s1\" style=\"padding-top: 6pt; padding-left: 6pt; text-indent: 0pt; text-align: left;\">Proc\u00e9s inscripci\u00f3<\/h4>\n<p class=\"s2\" style=\"padding-top: 7pt; padding-left: 6pt; text-indent: 0pt; text-align: left;\">El proc\u00e9s d\u2019inscripci\u00f3 es fa mitjan\u00e7ant la p\u00e0gina web <a href=\"https:\/\/www.nexxe.cat\/\" target=\"_blank\" rel=\"noopener\"><span style=\"color: #1154cc;\">www.nexxe.cat<\/span><\/a>\u00a0l\u2019apartat d\u2019inscripcions.<\/p>\n<h2 class=\"s2\" style=\"padding-top: 7pt; padding-left: 6pt; text-indent: 0pt; text-align: left;\"><span style=\"color: #800000;\">Codi de centre: EST114<\/span><\/h2>\n<p class=\"s2\" style=\"padding-top: 7pt; padding-left: 6pt; text-indent: 0pt; text-align: justify;\">Un cop hagi accedit a l\u2019escola, podr\u00e0 escollir els serveis i\/o activitats extraescolars disponibles i els horaris. A la vegada tindr\u00e0 tota la informaci\u00f3 de l\u2019activitat extraescolar a la web.<\/p>\n<h4 class=\"s8\" style=\"padding-left: 5pt; text-indent: 0pt; text-align: left;\">Horaris i preus del servei d\u2019acollida<\/h4>\n<table style=\"border-collapse: collapse; margin-left: 76.5pt;\" cellspacing=\"0\">\n<tbody>\n<tr style=\"height: 24pt;\">\n<td style=\"width: 98pt; border: 3pt solid #FFFFFF;\" bgcolor=\"#F9CB9C\">\n<p class=\"s9\" style=\"padding-top: 4pt; padding-left: 6pt; padding-right: 3pt; text-indent: 0pt; text-align: center;\">Horari acollida<\/p>\n<\/td>\n<td style=\"width: 92pt; border: 3pt solid #FFFFFF;\" bgcolor=\"#F9CB9C\">\n<p class=\"s9\" style=\"padding-top: 4pt; padding-left: 6pt; padding-right: 3pt; text-indent: 0pt; text-align: center;\">preu acollida<\/p>\n<\/td>\n<\/tr>\n<tr style=\"height: 24pt;\">\n<td style=\"width: 98pt; border: 3pt solid #FFFFFF;\" bgcolor=\"#F9CB9C\">\n<p class=\"s9\" style=\"padding-top: 4pt; padding-left: 6pt; padding-right: 3pt; text-indent: 0pt; text-align: center;\">8.00 a 9.00<\/p>\n<\/td>\n<td style=\"width: 92pt; border: 3pt solid #FFFFFF;\" bgcolor=\"#F9CB9C\">\n<p class=\"s9\" style=\"padding-top: 4pt; padding-left: 6pt; padding-right: 3pt; text-indent: 0pt; text-align: center;\">4\u20ac<\/p>\n<\/td>\n<\/tr>\n<tr style=\"height: 24pt;\">\n<td style=\"width: 98pt; border: 3pt solid #FFFFFF;\" bgcolor=\"#F9CB9C\">\n<p class=\"s9\" style=\"padding-top: 4pt; padding-left: 6pt; padding-right: 3pt; text-indent: 0pt; text-align: center;\">8.30 a 9.00<\/p>\n<\/td>\n<td style=\"width: 92pt; border: 3pt solid #FFFFFF;\" bgcolor=\"#F9CB9C\">\n<p class=\"s9\" style=\"padding-top: 4pt; padding-left: 6pt; padding-right: 3pt; text-indent: 0pt; text-align: center;\">2\u20ac<\/p>\n<\/td>\n<\/tr>\n<tr style=\"height: 24pt;\">\n<td style=\"width: 98pt; border: 3pt solid #FFFFFF;\" bgcolor=\"#F9CB9C\">\n<p class=\"s9\" style=\"padding-top: 4pt; padding-left: 6pt; padding-right: 3pt; text-indent: 0pt; text-align: center;\">16.00 a 16.30<\/p>\n<\/td>\n<td style=\"width: 92pt; border: 3pt solid #FFFFFF;\" bgcolor=\"#F9CB9C\">\n<p class=\"s9\" style=\"padding-top: 4pt; padding-left: 6pt; padding-right: 3pt; text-indent: 0pt; text-align: center;\">2\u20ac<\/p>\n<\/td>\n<\/tr>\n<\/tbody>\n<\/table>\n<h4 class=\"s8\" style=\"padding-left: 5pt; text-indent: 0pt; text-align: left;\"><span style=\"font-size: 2.3125em; text-indent: 0pt;\">Cobrament del servei<\/span><\/h4>\n<p style=\"padding-left: 6pt; text-indent: 0pt; text-align: left;\">El cobrament dels rebuts als alumnes es far\u00e0 mitjan\u00e7ant domiciliaci\u00f3 banc\u00e0ria i per mes ven\u00e7ut.<\/p>\n<p style=\"padding-top: 6pt; padding-left: 6pt; text-indent: 0pt; line-height: 107%; text-align: left;\">L\u2019import del rebut de cada mes ser\u00e0 el resultat de multiplicar el preu del servei pels dies d\u2019assist\u00e8ncia.<\/p>\n<h2 style=\"padding-left: 5pt; text-indent: 0pt; text-align: left;\">Tractament dels rebuts impagats<\/h2>\n<p style=\"padding-top: 1pt; padding-left: 5pt; text-indent: 0pt; text-align: justify;\">En els casos de rebuts retornats es far\u00e0 arribar un comunicat a la fam\u00edlia i aquesta disposar\u00e0 de 5 dies laborables per fer un ingr\u00e9s al n\u00famero de compte facilitat.<\/p>\n<p style=\"padding-top: 6pt; padding-left: 6pt; text-indent: 0pt; text-align: left;\">Si el rebut retornat no ha estat pagat durant aquest 5 dies, l\u2019alumne no es podr\u00e0 quedar al servei d\u2019acollida fins que saldi aquest deute.<\/p>\n<p style=\"padding-top: 6pt; padding-left: 6pt; text-indent: 0pt; line-height: 107%; text-align: left;\">Els alumnes amb rebuts pendents de pagament no podran fer \u00fas del servei d\u2019acollida fins que no hagin pagat el que deuen.<\/p>\n","protected":false},"excerpt":{"rendered":"<p>Proc\u00e9s inscripci\u00f3 El proc\u00e9s d\u2019inscripci\u00f3 es fa mitjan\u00e7ant la p\u00e0gina web www.nexxe.cat\u00a0l\u2019apartat d\u2019inscripcions. Codi de centre: EST114 Un cop hagi accedit a l\u2019escola, podr\u00e0 escollir els serveis i\/o activitats extraescolars disponibles i els horaris. A la vegada tindr\u00e0 tota la informaci\u00f3 de l\u2019activitat extraescolar a la web. Horaris i preus del servei d\u2019acollida Horari acollida [&hellip;]<\/p>\n","protected":false},"author":2,"featured_media":0,"parent":66,"menu_order":10,"comment_status":"closed","ping_status":"closed","template":"","meta":{"_bbp_topic_count":0,"_bbp_reply_count":0,"_bbp_total_topic_count":0,"_bbp_total_reply_count":0,"_bbp_voice_count":0,"_bbp_anonymous_reply_count":0,"_bbp_topic_count_hidden":0,"_bbp_reply_count_hidden":0,"_bbp_forum_subforum_count":0,"site-sidebar-layout":"left-sidebar","site-content-layout":"","ast-site-content-layout":"default","site-content-style":"default","site-sidebar-style":"default","ast-global-header-display":"","ast-banner-title-visibility":"","ast-main-header-display":"","ast-hfb-above-header-display":"","ast-hfb-below-header-display":"","ast-hfb-mobile-header-display":"","site-post-title":"","ast-breadcrumbs-content":"","ast-featured-img":"","footer-sml-layout":"","theme-transparent-header-meta":"","adv-header-id-meta":"","stick-header-meta":"","header-above-stick-meta":"","header-main-stick-meta":"","header-below-stick-meta":"","astra-migrate-meta-layouts":"set","ast-page-background-enabled":"default","ast-page-background-meta":{"desktop":{"background-color":"var(--ast-global-color-4)","background-image":"","background-repeat":"repeat","background-position":"center center","background-size":"auto","background-attachment":"scroll","background-type":"","background-media":"","overlay-type":"","overlay-color":"","overlay-opacity":"","overlay-gradient":""},"tablet":{"background-color":"","background-image":"","background-repeat":"repeat","background-position":"center center","background-size":"auto","background-attachment":"scroll","background-type":"","background-media":"","overlay-type":"","overlay-color":"","overlay-opacity":"","overlay-gradient":""},"mobile":{"background-color":"","background-image":"","background-repeat":"repeat","background-position":"center center","background-size":"auto","background-attachment":"scroll","background-type":"","background-media":"","overlay-type":"","overlay-color":"","overlay-opacity":"","overlay-gradient":""}},"ast-content-background-meta":{"desktop":{"background-color":"var(--ast-global-color-5)","background-image":"","background-repeat":"repeat","background-position":"center center","background-size":"auto","background-attachment":"scroll","background-type":"","background-media":"","overlay-type":"","overlay-color":"","overlay-opacity":"","overlay-gradient":""},"tablet":{"background-color":"var(--ast-global-color-5)","background-image":"","background-repeat":"repeat","background-position":"center center","background-size":"auto","background-attachment":"scroll","background-type":"","background-media":"","overlay-type":"","overlay-color":"","overlay-opacity":"","overlay-gradient":""},"mobile":{"background-color":"var(--ast-global-color-5)","background-image":"","background-repeat":"repeat","background-position":"center center","background-size":"auto","background-attachment":"scroll","background-type":"","background-media":"","overlay-type":"","overlay-color":"","overlay-opacity":"","overlay-gradient":""}},"footnotes":""},"class_list":["post-77","page","type-page","status-publish","hentry"],"post_mailing_queue_ids":[],"_links":{"self":[{"href":"https:\/\/agora.xtec.cat\/escola-elsestanys\/wp-json\/wp\/v2\/pages\/77","targetHints":{"allow":["GET"]}}],"collection":[{"href":"https:\/\/agora.xtec.cat\/escola-elsestanys\/wp-json\/wp\/v2\/pages"}],"about":[{"href":"https:\/\/agora.xtec.cat\/escola-elsestanys\/wp-json\/wp\/v2\/types\/page"}],"author":[{"embeddable":true,"href":"https:\/\/agora.xtec.cat\/escola-elsestanys\/wp-json\/wp\/v2\/users\/2"}],"replies":[{"embeddable":true,"href":"https:\/\/agora.xtec.cat\/escola-elsestanys\/wp-json\/wp\/v2\/comments?post=77"}],"version-history":[{"count":4,"href":"https:\/\/agora.xtec.cat\/escola-elsestanys\/wp-json\/wp\/v2\/pages\/77\/revisions"}],"predecessor-version":[{"id":26745,"href":"https:\/\/agora.xtec.cat\/escola-elsestanys\/wp-json\/wp\/v2\/pages\/77\/revisions\/26745"}],"up":[{"embeddable":true,"href":"https:\/\/agora.xtec.cat\/escola-elsestanys\/wp-json\/wp\/v2\/pages\/66"}],"wp:attachment":[{"href":"https:\/\/agora.xtec.cat\/escola-elsestanys\/wp-json\/wp\/v2\/media?parent=77"}],"curies":[{"name":"wp","href":"https:\/\/api.w.org\/{rel}","templated":true}]}}