{"id":309,"date":"2015-11-30T14:03:59","date_gmt":"2015-11-30T13:03:59","guid":{"rendered":"http:\/\/agora.xtec.cat\/escola-elsestanys\/?page_id=309"},"modified":"2025-10-07T13:51:21","modified_gmt":"2025-10-07T11:51:21","slug":"claustre","status":"publish","type":"page","link":"https:\/\/agora.xtec.cat\/escola-elsestanys\/lescola\/claustre\/","title":{"rendered":"Claustre"},"content":{"rendered":"<h3>MESTRES CURS 2025-2026<\/h3>\n<h4><strong>EQUIP DIRECTIU<\/strong><\/h4>\n<table style=\"width: 99.7508%; height: 97px;\">\n<tbody>\n<tr style=\"height: 45px;\">\n<td style=\"width: 28.8238%; text-align: left; height: 24px;\">\n<h5>Esther Verd\u00fa Ventura<\/h5>\n<\/td>\n<td style=\"width: 29.761%; height: 24px;\">\n<h5>Directora<\/h5>\n<\/td>\n<td style=\"width: 134.402%; height: 24px;\">\n<h5><a href=\"https:\/\/drive.google.com\/file\/d\/1l16Dev2-CC4_wwVxNGYBDZODtvZb-D_c\/view?usp=sharing\" target=\"_blank\" rel=\"noopener\">Perfil professional<\/a><\/h5>\n<\/td>\n<\/tr>\n<tr style=\"height: 45px;\">\n<td style=\"width: 28.8238%; height: 28px;\">\n<h5>Sandra Fern\u00e1ndez Par\u00eds<\/h5>\n<\/td>\n<td style=\"width: 29.761%; height: 28px;\">\n<h5>Cap d&#8217;estudis<\/h5>\n<\/td>\n<td style=\"width: 134.402%; height: 28px;\">\n<h5><a href=\"https:\/\/drive.google.com\/file\/d\/1WTyHK1EA3rZq6_mohundlPL7hUY219dL\/view?usp=share_link\" target=\"_blank\" rel=\"noopener\">Perfil professional<\/a><\/h5>\n<\/td>\n<\/tr>\n<tr style=\"height: 45px;\">\n<td style=\"width: 28.8238%; height: 45px;\">\n<h5>Marta Corominas Arxer<\/h5>\n<\/td>\n<td style=\"width: 29.761%; height: 45px;\">\n<h5>Secret\u00e0ria<\/h5>\n<\/td>\n<td style=\"width: 134.402%; height: 45px;\">\n<h5><a href=\"https:\/\/drive.google.com\/file\/d\/19NoylHSxwdmX8-4IbgRIG2OHNKdIYv8A\/view?usp=share_link\" target=\"_blank\" rel=\"noopener\">Perfil professional<\/a><\/h5>\n<\/td>\n<\/tr>\n<\/tbody>\n<\/table>\n<h4><strong>EDUCACI\u00d3 INFANTIL<\/strong><\/h4>\n<table style=\"width: 99.8341%; height: 291px;\">\n<tbody>\n<tr style=\"height: 31px;\">\n<td style=\"width: 28.8942%; height: 31px;\">Imma Mart\u00ednez Tornay<\/td>\n<td style=\"width: 29.5471%; height: 31px;\">I3A<\/td>\n<td style=\"width: 192.799%; height: 31px;\"><\/td>\n<\/tr>\n<tr style=\"height: 31px;\">\n<td style=\"width: 28.8942%; height: 31px;\">Mireia Figueras Casta\u00f1\u00e9<\/td>\n<td style=\"width: 29.5471%; height: 31px;\"><span style=\"background-color: #ffffff;\">I3B<\/span><\/td>\n<td style=\"width: 192.799%; height: 31px;\"><\/td>\n<\/tr>\n<tr style=\"height: 31px;\">\n<td style=\"width: 28.8942%; height: 31px;\">Elena Molina Hern\u00e1ndez<\/td>\n<td style=\"width: 29.5471%; height: 31px;\"><span style=\"background-color: #ffffff;\">I4A<\/span><\/td>\n<td style=\"width: 192.799%; height: 31px;\"><span style=\"background-color: #ffffff;\">\u00a0<\/span><\/td>\n<\/tr>\n<tr style=\"height: 31px;\">\n<td style=\"width: 28.8942%; height: 31px;\"><span style=\"background-color: #ffffff;\"><span style=\"font-weight: 400;\"> Merc\u00e8 Roqueta Miralles<\/span><\/span><\/td>\n<td style=\"width: 29.5471%; height: 31px;\">I4B<\/td>\n<td style=\"width: 192.799%; height: 31px;\">Coordinadora Coeducaci\u00f3, conviv\u00e8ncia i benestar<\/td>\n<\/tr>\n<tr style=\"height: 31px;\">\n<td style=\"width: 28.8942%; height: 31px;\"><span style=\"background-color: #ffffff;\"><span style=\"font-weight: 400;\"> Ester Cosp Vidal<\/span><\/span><\/td>\n<td style=\"width: 29.5471%; height: 31px;\">I5A<\/td>\n<td style=\"width: 192.799%; height: 31px;\"><span style=\"background-color: #ffffff;\">Coordinadora EI<\/span><\/td>\n<\/tr>\n<tr style=\"height: 31px;\">\n<td style=\"width: 28.8942%; height: 31px;\"><span style=\"background-color: #ffffff;\">Anna Plaja Ribas<\/span><\/td>\n<td style=\"width: 29.5471%; height: 31px;\">I5B<\/td>\n<td style=\"width: 192.799%; height: 31px;\"><\/td>\n<\/tr>\n<tr style=\"height: 31px;\">\n<td style=\"width: 28.8942%; height: 31px;\">Sandra Fern\u00e1ndez Par\u00eds<\/td>\n<td style=\"width: 29.5471%; height: 31px;\"><span style=\"background-color: #ffffff;\">Audici\u00f3 i llenguatge\u00a0<\/span><\/td>\n<td style=\"width: 192.799%; height: 31px;\"><span style=\"background-color: #ffffff;\">\u00a0<\/span><\/td>\n<\/tr>\n<tr style=\"height: 31px;\">\n<td style=\"width: 28.8942%; height: 31px;\">Marta Salvador Ramos<\/td>\n<td style=\"width: 29.5471%; height: 31px;\"><span style=\"background-color: #ffffff;\">Suport\u00a0<\/span><\/td>\n<td style=\"width: 192.799%; height: 31px;\"><\/td>\n<\/tr>\n<tr style=\"height: 31px;\">\n<td style=\"width: 28.8942%; height: 31px;\">Anna Farrer\u00f3s Santervas<\/td>\n<td style=\"width: 29.5471%; height: 31px;\"><span style=\"background-color: #ffffff;\">Suport\u00a0<\/span><\/td>\n<td style=\"width: 192.799%; height: 31px;\"><\/td>\n<\/tr>\n<tr style=\"height: 31px;\">\n<td style=\"width: 28.8942%; height: 10px;\"><span style=\"background-color: #ffffff;\">Fina Comajoan Safont<\/span><\/td>\n<td style=\"width: 29.5471%; height: 10px;\"><span style=\"background-color: #ffffff;\">TEI<\/span><\/td>\n<td style=\"width: 192.799%; height: 10px;\"><span style=\"background-color: #ffffff;\">\u00a0<\/span><\/td>\n<\/tr>\n<\/tbody>\n<\/table>\n<h4><strong>SIEI<\/strong><\/h4>\n<table style=\"width: 99.7615%; height: 41px;\">\n<tbody>\n<tr style=\"height: 31px;\">\n<td style=\"width: 29.1071%; height: 10px;\">Angel Garcia Romero<\/td>\n<td style=\"width: 28.791%; height: 10px;\">Tutor<\/td>\n<td style=\"width: 194.984%; height: 10px;\"><\/td>\n<\/tr>\n<tr style=\"height: 31px;\">\n<td style=\"width: 29.1071%; height: 31px;\"><span style=\"background-color: #ffffff;\"><span style=\"font-weight: 400;\">Aina S\u00e1nchez Mascort<\/span><\/span><\/td>\n<td style=\"width: 28.791%; height: 31px;\"><span style=\"background-color: #ffffff;\">Educadora<\/span><\/td>\n<td style=\"width: 194.984%; height: 31px;\"><span style=\"background-color: #ffffff;\">\u00a0<\/span><\/td>\n<\/tr>\n<\/tbody>\n<\/table>\n<h4><strong>EDUCACI\u00d3 PRIM\u00c0RIA<\/strong><\/h4>\n<p><strong>PRIMER CICLE<\/strong><\/p>\n<table style=\"width: 99.543%; height: 287px;\">\n<tbody>\n<tr style=\"height: 31px;\">\n<td style=\"width: 29.2837%; height: 32px;\">Maria Costa Picola<\/td>\n<td style=\"width: 28.5595%; height: 32px;\">1A<\/td>\n<td style=\"width: 188.505%; height: 32px;\"><\/td>\n<\/tr>\n<tr style=\"height: 31px;\">\n<td style=\"width: 29.2837%; height: 32px;\">Josep Perales Cerd\u00e1n<\/td>\n<td style=\"width: 28.5595%; height: 32px;\">1B<\/td>\n<td style=\"width: 188.505%; height: 32px;\"><\/td>\n<\/tr>\n<tr style=\"height: 31px;\">\n<td style=\"width: 29.2837%; height: 32px;\">Rocio Casado Damas<\/td>\n<td style=\"width: 28.5595%; height: 32px;\">2A<\/td>\n<td style=\"width: 188.505%; height: 32px;\">Coordinadora Primer cicle<\/td>\n<\/tr>\n<tr style=\"height: 31px;\">\n<td style=\"width: 29.2837%; height: 32px;\">Rafel Esteva Fornos<\/td>\n<td style=\"width: 28.5595%; height: 32px;\">2B<\/td>\n<td style=\"width: 188.505%; height: 32px;\"><\/td>\n<\/tr>\n<tr style=\"height: 31px;\">\n<td style=\"width: 29.2837%; height: 30px;\">Nat\u00e0lia Vizcaino Quintana<\/td>\n<td style=\"width: 28.5595%; height: 30px;\">Angl\u00e8s<\/td>\n<td style=\"width: 188.505%; height: 30px;\"><\/td>\n<\/tr>\n<tr style=\"height: 33px;\">\n<td style=\"width: 29.2837%; height: 33px;\"><span style=\"background-color: #ffffff;\">Montse Plaja Ribas<\/span><\/td>\n<td style=\"width: 28.5595%; height: 33px;\">Valors, cultures i tradicions del m\u00f3n<\/td>\n<td style=\"width: 188.505%; height: 33px;\"><\/td>\n<\/tr>\n<tr style=\"height: 33px;\">\n<td style=\"width: 29.2837%; height: 33px;\"><span style=\"background-color: #ffffff;\">Rosa Carballude Junc\u00e0<\/span><\/td>\n<td style=\"width: 28.5595%; height: 33px;\">Educaci\u00f3 F\u00edsica<\/td>\n<td style=\"width: 188.505%; height: 33px;\">Coordinadora Pla Catal\u00e0 de l&#8217;Esport<\/td>\n<\/tr>\n<\/tbody>\n<\/table>\n<p><strong style=\"font-family: inherit; font-size: 1em;\">SEGON CICLE\u00a0<\/strong><\/p>\n<table style=\"width: 99.6757%; height: 214px;\">\n<tbody>\n<tr style=\"height: 31px;\">\n<td style=\"width: 29.2804%; height: 41px;\">Carmina Puig Bargas<\/td>\n<td style=\"width: 28.5354%; height: 41px;\">3A<\/td>\n<td style=\"width: 206.319%; height: 41px;\">Coordinadora Segon cicle<\/td>\n<\/tr>\n<tr style=\"height: 31px;\">\n<td style=\"width: 29.2804%; height: 33px;\">Marc Rodr\u00edguez Brujats<\/td>\n<td style=\"width: 28.5354%; height: 33px;\">3B<\/td>\n<td style=\"width: 206.319%; height: 33px;\">Coordinador EDC<\/td>\n<\/tr>\n<tr style=\"height: 31px;\">\n<td style=\"width: 29.2804%; height: 33px;\">Laura Mont Falgueras<\/td>\n<td style=\"width: 28.5354%; height: 33px;\">4A<\/td>\n<td style=\"width: 206.319%; height: 33px;\"><\/td>\n<\/tr>\n<tr style=\"height: 31px;\">\n<td style=\"width: 29.2804%; height: 33px;\">Natasha Langdon-Davies Santiago<\/td>\n<td style=\"width: 28.5354%; height: 33px;\">4B<\/td>\n<td style=\"width: 206.319%; height: 33px;\"><\/td>\n<\/tr>\n<tr style=\"height: 31px;\">\n<td style=\"width: 29.2804%; height: 33px;\">Llu\u00eds Sala Vila<\/td>\n<td style=\"width: 28.5354%; height: 33px;\">Educaci\u00f3 F\u00edsica<\/td>\n<td style=\"width: 206.319%; height: 33px;\">Coordinador Riscos laborals<\/td>\n<\/tr>\n<tr style=\"height: 31px;\">\n<td style=\"width: 29.2804%; height: 33px;\">Miriam Duran Cabrera<\/td>\n<td style=\"width: 28.5354%; height: 33px;\">M\u00fasica<\/td>\n<td style=\"width: 206.319%; height: 33px;\"><\/td>\n<\/tr>\n<tr style=\"height: 31px;\">\n<td style=\"width: 29.2804%; height: 31px;\"><span style=\"font-weight: 400;\">Emma Cresp\u00ed Font<\/span><\/td>\n<td style=\"width: 28.5354%; height: 31px;\">Educaci\u00f3 Especial<\/td>\n<td style=\"width: 206.319%; height: 31px;\"><span style=\"background-color: #ffffff;\">\u00a0<\/span><\/td>\n<\/tr>\n<tr style=\"height: 31px;\">\n<td style=\"width: 29.2804%; height: 10px;\">S\u00f2nia Fuentes Herreros<\/td>\n<td style=\"width: 28.5354%; height: 10px;\">Aula Acollida<\/td>\n<td style=\"width: 206.319%; height: 10px;\">Coordinadora LIC<\/td>\n<\/tr>\n<\/tbody>\n<\/table>\n<p><strong style=\"font-family: inherit; font-size: 1em;\">TERCER CICLE\u00a0<\/strong><\/p>\n<table style=\"width: 99.824%; height: 250px;\">\n<tbody>\n<tr style=\"height: 31px;\">\n<td style=\"width: 29.178%; height: 31px;\">Llu\u00eds Planas Muns\u00f3<\/td>\n<td style=\"width: 28.4235%; height: 31px;\">5A<\/td>\n<td style=\"width: 191.999%; height: 31px;\"><\/td>\n<\/tr>\n<tr style=\"height: 31px;\">\n<td style=\"width: 29.178%; height: 31px;\">Rut Plana Garcia<\/td>\n<td style=\"width: 28.4235%; height: 31px;\">5B<\/td>\n<td style=\"width: 191.999%; height: 31px;\"><\/td>\n<\/tr>\n<tr style=\"height: 31px;\">\n<td style=\"width: 29.178%; height: 31px;\">Marta Corominas Arxer<\/td>\n<td style=\"width: 28.4235%; height: 31px;\">6A<\/td>\n<td style=\"width: 191.999%; height: 31px;\">Coordinadora Tercer cicle<\/td>\n<\/tr>\n<tr style=\"height: 31px;\">\n<td style=\"width: 29.178%; height: 31px;\">Lourdes Taberner Bou<\/td>\n<td style=\"width: 28.4235%; height: 31px;\">6B<\/td>\n<td style=\"width: 191.999%; height: 31px;\"><\/td>\n<\/tr>\n<tr style=\"height: 31px;\">\n<td style=\"width: 29.178%; height: 31px;\">Aurora Marco Miquel<\/td>\n<td style=\"width: 28.4235%; height: 31px;\">Matem\u00e0tiques<\/td>\n<td style=\"width: 191.999%; height: 31px;\">Coordinadora Florence<\/td>\n<\/tr>\n<tr style=\"height: 31px;\">\n<td style=\"width: 29.178%; height: 31px;\"><span style=\"background-color: #ffffff;\">Nathalie Amaro Hosey<\/span><\/td>\n<td style=\"width: 28.4235%; height: 31px;\"><span style=\"background-color: #ffffff;\">Angl\u00e8s<\/span><\/td>\n<td style=\"width: 191.999%; height: 31px;\"><\/td>\n<\/tr>\n<tr style=\"height: 33px;\">\n<td style=\"width: 29.178%; height: 33px;\"><span style=\"background-color: #ffffff;\">Marta Puig Arbat<\/span><\/td>\n<td style=\"width: 28.4235%; height: 33px;\"><span style=\"background-color: #ffffff;\">Laboratori (CLIL)<\/span><\/td>\n<td style=\"width: 191.999%; height: 33px;\"><span style=\"background-color: #ffffff;\">Escola Verda<\/span><\/td>\n<\/tr>\n<tr style=\"height: 31px;\">\n<td style=\"width: 29.178%; height: 31px;\"><span style=\"font-weight: 400;\">Cristina Ros\u00e9s Formatger<\/span><\/td>\n<td style=\"width: 28.4235%; height: 31px;\">Educaci\u00f3 Especial<\/td>\n<td style=\"width: 191.999%; height: 31px;\"><\/td>\n<\/tr>\n<\/tbody>\n<\/table>\n","protected":false},"excerpt":{"rendered":"<p>MESTRES CURS 2025-2026 EQUIP DIRECTIU Esther Verd\u00fa Ventura Directora Perfil professional Sandra Fern\u00e1ndez Par\u00eds Cap d&#8217;estudis Perfil professional Marta Corominas Arxer Secret\u00e0ria Perfil professional EDUCACI\u00d3 INFANTIL Imma Mart\u00ednez Tornay I3A Mireia Figueras Casta\u00f1\u00e9 I3B Elena Molina Hern\u00e1ndez I4A \u00a0 Merc\u00e8 Roqueta Miralles I4B Coordinadora Coeducaci\u00f3, conviv\u00e8ncia i benestar Ester Cosp Vidal I5A Coordinadora EI Anna [&hellip;]<\/p>\n","protected":false},"author":1,"featured_media":0,"parent":22,"menu_order":0,"comment_status":"closed","ping_status":"closed","template":"","meta":{"_bbp_topic_count":0,"_bbp_reply_count":0,"_bbp_total_topic_count":0,"_bbp_total_reply_count":0,"_bbp_voice_count":0,"_bbp_anonymous_reply_count":0,"_bbp_topic_count_hidden":0,"_bbp_reply_count_hidden":0,"_bbp_forum_subforum_count":0,"site-sidebar-layout":"default","site-content-layout":"","ast-site-content-layout":"default","site-content-style":"default","site-sidebar-style":"default","ast-global-header-display":"","ast-banner-title-visibility":"","ast-main-header-display":"","ast-hfb-above-header-display":"","ast-hfb-below-header-display":"","ast-hfb-mobile-header-display":"","site-post-title":"","ast-breadcrumbs-content":"","ast-featured-img":"","footer-sml-layout":"","theme-transparent-header-meta":"","adv-header-id-meta":"","stick-header-meta":"","header-above-stick-meta":"","header-main-stick-meta":"","header-below-stick-meta":"","astra-migrate-meta-layouts":"set","ast-page-background-enabled":"default","ast-page-background-meta":{"desktop":{"background-color":"var(--ast-global-color-4)","background-image":"","background-repeat":"repeat","background-position":"center center","background-size":"auto","background-attachment":"scroll","background-type":"","background-media":"","overlay-type":"","overlay-color":"","overlay-opacity":"","overlay-gradient":""},"tablet":{"background-color":"","background-image":"","background-repeat":"repeat","background-position":"center center","background-size":"auto","background-attachment":"scroll","background-type":"","background-media":"","overlay-type":"","overlay-color":"","overlay-opacity":"","overlay-gradient":""},"mobile":{"background-color":"","background-image":"","background-repeat":"repeat","background-position":"center center","background-size":"auto","background-attachment":"scroll","background-type":"","background-media":"","overlay-type":"","overlay-color":"","overlay-opacity":"","overlay-gradient":""}},"ast-content-background-meta":{"desktop":{"background-color":"var(--ast-global-color-5)","background-image":"","background-repeat":"repeat","background-position":"center center","background-size":"auto","background-attachment":"scroll","background-type":"","background-media":"","overlay-type":"","overlay-color":"","overlay-opacity":"","overlay-gradient":""},"tablet":{"background-color":"var(--ast-global-color-5)","background-image":"","background-repeat":"repeat","background-position":"center center","background-size":"auto","background-attachment":"scroll","background-type":"","background-media":"","overlay-type":"","overlay-color":"","overlay-opacity":"","overlay-gradient":""},"mobile":{"background-color":"var(--ast-global-color-5)","background-image":"","background-repeat":"repeat","background-position":"center center","background-size":"auto","background-attachment":"scroll","background-type":"","background-media":"","overlay-type":"","overlay-color":"","overlay-opacity":"","overlay-gradient":""}},"footnotes":""},"class_list":["post-309","page","type-page","status-publish","hentry"],"post_mailing_queue_ids":[],"_links":{"self":[{"href":"https:\/\/agora.xtec.cat\/escola-elsestanys\/wp-json\/wp\/v2\/pages\/309","targetHints":{"allow":["GET"]}}],"collection":[{"href":"https:\/\/agora.xtec.cat\/escola-elsestanys\/wp-json\/wp\/v2\/pages"}],"about":[{"href":"https:\/\/agora.xtec.cat\/escola-elsestanys\/wp-json\/wp\/v2\/types\/page"}],"author":[{"embeddable":true,"href":"https:\/\/agora.xtec.cat\/escola-elsestanys\/wp-json\/wp\/v2\/users\/1"}],"replies":[{"embeddable":true,"href":"https:\/\/agora.xtec.cat\/escola-elsestanys\/wp-json\/wp\/v2\/comments?post=309"}],"version-history":[{"count":5,"href":"https:\/\/agora.xtec.cat\/escola-elsestanys\/wp-json\/wp\/v2\/pages\/309\/revisions"}],"predecessor-version":[{"id":26834,"href":"https:\/\/agora.xtec.cat\/escola-elsestanys\/wp-json\/wp\/v2\/pages\/309\/revisions\/26834"}],"up":[{"embeddable":true,"href":"https:\/\/agora.xtec.cat\/escola-elsestanys\/wp-json\/wp\/v2\/pages\/22"}],"wp:attachment":[{"href":"https:\/\/agora.xtec.cat\/escola-elsestanys\/wp-json\/wp\/v2\/media?parent=309"}],"curies":[{"name":"wp","href":"https:\/\/api.w.org\/{rel}","templated":true}]}}