{"id":2481,"date":"2016-09-14T10:06:31","date_gmt":"2016-09-14T09:06:31","guid":{"rendered":"http:\/\/agora.xtec.cat\/escola-elsestanys\/?page_id=2481"},"modified":"2016-10-13T09:18:23","modified_gmt":"2016-10-13T08:18:23","slug":"jornada-compactada","status":"publish","type":"page","link":"https:\/\/agora.xtec.cat\/escola-elsestanys\/projectes\/jornada-compactada\/","title":{"rendered":"Jornada compactada"},"content":{"rendered":"<p>La supressi\u00f3 de la sisena hora va fer que els pares*, representats per l&#8217;AMPA es\u00a0plantegessin l&#8217;horari pel seg\u00fcent curs (11-12). Van passar una enquesta amb\u00a0diferents opcions d&#8217;horaris a totes les fam\u00edlies on van comprovar que un alt\u00a0percentatge, un 70%, volia la jornada compactada. A principis del curs passat van\u00a0tornar a passar l&#8217;enquesta i els resultats van ser encara m\u00e9s sorprenents:<\/p>\n<p>Amb una participaci\u00f3 del 83%, un 78% volia horari compactat i un 22% horari\u00a0partit.<\/p>\n<p>Aquests resultats els vam notificar i aprovar en els nostres consells escolars i\u00a0tamb\u00e9 en el consell escolar municipal.<\/p>\n<p>En previsi\u00f3 que el \u00a0curs 2014-2015 era\u00a0el darrer de la prova pilot de la jornada compactada \u00a0es va tornar a passar l&#8217;enquesta als pares i un 95&#8217;5% estava a favor de la jornada compactada. Vam\u00a0\u00a0comprovar que durant aquests dos cursos la satisfacci\u00f3 de les fam\u00edlies havia augmentat considerablement amb el nou horari fins a la quasi totalitat.<\/p>\n<p>Aquest horari facilita i concilia la vida familiar i laboral amb l\u2019escolar. Vivim en una zona tur\u00edstica i que moltes fam\u00edlies durant la temporada escolar no treballen i molts dels contractes laborals s\u00f3n per la temporada estival.<\/p>\n<p>L\u2019Ajuntament d\u00f3na una gran varietat d\u2019oferta l\u00fadica, cultural i esportiva tot l\u2019any i s\u2019ha adaptat als horaris escolars i als laborals de les fam\u00edlies i a uns preus assequibles per a tothom.<\/p>\n<p>L&#8217; AMPA tamb\u00e9 oferim \u00a0gran diversitat d\u2019activitats extraescolars i adaptades a les necessitats de les fam\u00edlies; fins i tot algunes d\u2019aquestes activitats, com la rob\u00f2tica, estan obertes a tots els infants del municipi.<\/p>\n<p>Aquest curs formem part d&#8217;un grup experimental d&#8217;escoles que fan \u00a0jornada continuada. Aquest pla \u00e9s per 3 anys, del 2016 al 2019.<\/p>\n<p><a href=\"https:\/\/drive.google.com\/file\/d\/0B3yGBZGtUqopN3dfMHg2emRHNDg\/view?usp=sharing\" target=\"_blank\">Jornada compactada<\/a><\/p>\n","protected":false},"excerpt":{"rendered":"<p>La supressi\u00f3 de la sisena hora va fer que els pares*, representats per l&#8217;AMPA es\u00a0plantegessin l&#8217;horari pel seg\u00fcent curs (11-12). Van passar una enquesta amb\u00a0diferents opcions d&#8217;horaris a totes les fam\u00edlies on van comprovar que un alt\u00a0percentatge, un 70%, volia la jornada compactada. A principis del curs passat van\u00a0tornar a passar l&#8217;enquesta i els resultats [&hellip;]<\/p>\n","protected":false},"author":1,"featured_media":0,"parent":191,"menu_order":100,"comment_status":"closed","ping_status":"closed","template":"page-templates\/side-menu.php","meta":{"_bbp_topic_count":0,"_bbp_reply_count":0,"_bbp_total_topic_count":0,"_bbp_total_reply_count":0,"_bbp_voice_count":0,"_bbp_anonymous_reply_count":0,"_bbp_topic_count_hidden":0,"_bbp_reply_count_hidden":0,"_bbp_forum_subforum_count":0,"site-sidebar-layout":"default","site-content-layout":"","ast-site-content-layout":"","site-content-style":"default","site-sidebar-style":"default","ast-global-header-display":"","ast-banner-title-visibility":"","ast-main-header-display":"","ast-hfb-above-header-display":"","ast-hfb-below-header-display":"","ast-hfb-mobile-header-display":"","site-post-title":"","ast-breadcrumbs-content":"","ast-featured-img":"","footer-sml-layout":"","theme-transparent-header-meta":"","adv-header-id-meta":"","stick-header-meta":"","header-above-stick-meta":"","header-main-stick-meta":"","header-below-stick-meta":"","astra-migrate-meta-layouts":"default","ast-page-background-enabled":"default","ast-page-background-meta":{"desktop":{"background-color":"var(--ast-global-color-4)","background-image":"","background-repeat":"repeat","background-position":"center center","background-size":"auto","background-attachment":"scroll","background-type":"","background-media":"","overlay-type":"","overlay-color":"","overlay-opacity":"","overlay-gradient":""},"tablet":{"background-color":"","background-image":"","background-repeat":"repeat","background-position":"center center","background-size":"auto","background-attachment":"scroll","background-type":"","background-media":"","overlay-type":"","overlay-color":"","overlay-opacity":"","overlay-gradient":""},"mobile":{"background-color":"","background-image":"","background-repeat":"repeat","background-position":"center center","background-size":"auto","background-attachment":"scroll","background-type":"","background-media":"","overlay-type":"","overlay-color":"","overlay-opacity":"","overlay-gradient":""}},"ast-content-background-meta":{"desktop":{"background-color":"var(--ast-global-color-5)","background-image":"","background-repeat":"repeat","background-position":"center center","background-size":"auto","background-attachment":"scroll","background-type":"","background-media":"","overlay-type":"","overlay-color":"","overlay-opacity":"","overlay-gradient":""},"tablet":{"background-color":"var(--ast-global-color-5)","background-image":"","background-repeat":"repeat","background-position":"center center","background-size":"auto","background-attachment":"scroll","background-type":"","background-media":"","overlay-type":"","overlay-color":"","overlay-opacity":"","overlay-gradient":""},"mobile":{"background-color":"var(--ast-global-color-5)","background-image":"","background-repeat":"repeat","background-position":"center center","background-size":"auto","background-attachment":"scroll","background-type":"","background-media":"","overlay-type":"","overlay-color":"","overlay-opacity":"","overlay-gradient":""}},"footnotes":""},"class_list":["post-2481","page","type-page","status-publish","hentry"],"post_mailing_queue_ids":[],"_links":{"self":[{"href":"https:\/\/agora.xtec.cat\/escola-elsestanys\/wp-json\/wp\/v2\/pages\/2481","targetHints":{"allow":["GET"]}}],"collection":[{"href":"https:\/\/agora.xtec.cat\/escola-elsestanys\/wp-json\/wp\/v2\/pages"}],"about":[{"href":"https:\/\/agora.xtec.cat\/escola-elsestanys\/wp-json\/wp\/v2\/types\/page"}],"author":[{"embeddable":true,"href":"https:\/\/agora.xtec.cat\/escola-elsestanys\/wp-json\/wp\/v2\/users\/1"}],"replies":[{"embeddable":true,"href":"https:\/\/agora.xtec.cat\/escola-elsestanys\/wp-json\/wp\/v2\/comments?post=2481"}],"version-history":[{"count":4,"href":"https:\/\/agora.xtec.cat\/escola-elsestanys\/wp-json\/wp\/v2\/pages\/2481\/revisions"}],"predecessor-version":[{"id":2659,"href":"https:\/\/agora.xtec.cat\/escola-elsestanys\/wp-json\/wp\/v2\/pages\/2481\/revisions\/2659"}],"up":[{"embeddable":true,"href":"https:\/\/agora.xtec.cat\/escola-elsestanys\/wp-json\/wp\/v2\/pages\/191"}],"wp:attachment":[{"href":"https:\/\/agora.xtec.cat\/escola-elsestanys\/wp-json\/wp\/v2\/media?parent=2481"}],"curies":[{"name":"wp","href":"https:\/\/api.w.org\/{rel}","templated":true}]}}