{"id":208,"date":"2015-11-11T12:27:08","date_gmt":"2015-11-11T11:27:08","guid":{"rendered":"http:\/\/agora.xtec.cat\/escola-elsestanys\/?page_id=208"},"modified":"2017-04-02T09:56:23","modified_gmt":"2017-04-02T07:56:23","slug":"robotica","status":"publish","type":"page","link":"https:\/\/agora.xtec.cat\/escola-elsestanys\/projectes\/robotica\/","title":{"rendered":"Rob\u00f2tica"},"content":{"rendered":"<p>La nostra escola fa rob\u00f2tica a tota l&#8217;escola des d&#8217;educaci\u00f3 infantil fins al cicle superior.<\/p>\n<p>La rob\u00f2tica fomenta:<br \/>\n-La creativitat en la resoluci\u00f3 de problemes i el descobriment\u00a0aut\u00f2nom de la ci\u00e8ncia i la tecnologia.<br \/>\n-El m\u00e8tode cient\u00edfic com a mitj\u00e0 per resoldre reptes, amb\u00a0l\u2019experimentaci\u00f3 i la pr\u00e0ctica.<br \/>\n-Ajuda a comprendre el funcionament d\u2019eines i objectes de la\u00a0vida quotidiana.<br \/>\n-El desenvolupament de vocacions cient\u00edfiques i tecnol\u00f2giques.<br \/>\n-L\u2019\u00fas de vocabulari especialitzat.<br \/>\n-El treball en equip, l\u2019emprenedoria, la innovaci\u00f3 i la creativitat.<br \/>\n<iframe loading=\"lazy\" src=\"https:\/\/docs.google.com\/presentation\/d\/1ksOJMdKiLOUGtmEPNyxzDi-mbYClIyll7cU8acKe3_Y\/embed?start=false&amp;loop=false&amp;delayms=3000\" width=\"960\" height=\"569\" frameborder=\"0\" allowfullscreen=\"allowfullscreen\"><\/iframe><\/p>\n<p>Presentaci\u00f3 al Mobile Learning Awards 2017<\/p>\n<div class=\"ast-oembed-container \" style=\"height: 100%;\"><iframe loading=\"lazy\" title=\"Mobile Learning Awards 2017  Escola Els Estanys\" width=\"500\" height=\"281\" src=\"https:\/\/www.youtube.com\/embed\/PndMdihHpxM?feature=oembed\" frameborder=\"0\" allow=\"accelerometer; autoplay; clipboard-write; encrypted-media; gyroscope; picture-in-picture; web-share\" referrerpolicy=\"strict-origin-when-cross-origin\" allowfullscreen><\/iframe><\/div>\n<p>Presentaci\u00f3 al Mobile Learning Awards 2017 (English version)<\/p>\n<div class=\"ast-oembed-container \" style=\"height: 100%;\"><iframe loading=\"lazy\" title=\"Mobile Learning Awards 2017  Escola Els Estanys (English)\" width=\"500\" height=\"281\" src=\"https:\/\/www.youtube.com\/embed\/Owxo38Gn0c4?feature=oembed\" frameborder=\"0\" allow=\"accelerometer; autoplay; clipboard-write; encrypted-media; gyroscope; picture-in-picture; web-share\" referrerpolicy=\"strict-origin-when-cross-origin\" allowfullscreen><\/iframe><\/div>\n<p>&nbsp;<\/p>\n","protected":false},"excerpt":{"rendered":"<p>La nostra escola fa rob\u00f2tica a tota l&#8217;escola des d&#8217;educaci\u00f3 infantil fins al cicle superior. La rob\u00f2tica fomenta: -La creativitat en la resoluci\u00f3 de problemes i el descobriment\u00a0aut\u00f2nom de la ci\u00e8ncia i la tecnologia. -El m\u00e8tode cient\u00edfic com a mitj\u00e0 per resoldre reptes, amb\u00a0l\u2019experimentaci\u00f3 i la pr\u00e0ctica. -Ajuda a comprendre el funcionament d\u2019eines i objectes [&hellip;]<\/p>\n","protected":false},"author":1,"featured_media":0,"parent":191,"menu_order":80,"comment_status":"closed","ping_status":"closed","template":"page-templates\/side-menu.php","meta":{"_bbp_topic_count":0,"_bbp_reply_count":0,"_bbp_total_topic_count":0,"_bbp_total_reply_count":0,"_bbp_voice_count":0,"_bbp_anonymous_reply_count":0,"_bbp_topic_count_hidden":0,"_bbp_reply_count_hidden":0,"_bbp_forum_subforum_count":0,"site-sidebar-layout":"default","site-content-layout":"","ast-site-content-layout":"","site-content-style":"default","site-sidebar-style":"default","ast-global-header-display":"","ast-banner-title-visibility":"","ast-main-header-display":"","ast-hfb-above-header-display":"","ast-hfb-below-header-display":"","ast-hfb-mobile-header-display":"","site-post-title":"","ast-breadcrumbs-content":"","ast-featured-img":"","footer-sml-layout":"","theme-transparent-header-meta":"","adv-header-id-meta":"","stick-header-meta":"","header-above-stick-meta":"","header-main-stick-meta":"","header-below-stick-meta":"","astra-migrate-meta-layouts":"default","ast-page-background-enabled":"default","ast-page-background-meta":{"desktop":{"background-color":"var(--ast-global-color-4)","background-image":"","background-repeat":"repeat","background-position":"center center","background-size":"auto","background-attachment":"scroll","background-type":"","background-media":"","overlay-type":"","overlay-color":"","overlay-opacity":"","overlay-gradient":""},"tablet":{"background-color":"","background-image":"","background-repeat":"repeat","background-position":"center center","background-size":"auto","background-attachment":"scroll","background-type":"","background-media":"","overlay-type":"","overlay-color":"","overlay-opacity":"","overlay-gradient":""},"mobile":{"background-color":"","background-image":"","background-repeat":"repeat","background-position":"center center","background-size":"auto","background-attachment":"scroll","background-type":"","background-media":"","overlay-type":"","overlay-color":"","overlay-opacity":"","overlay-gradient":""}},"ast-content-background-meta":{"desktop":{"background-color":"var(--ast-global-color-5)","background-image":"","background-repeat":"repeat","background-position":"center center","background-size":"auto","background-attachment":"scroll","background-type":"","background-media":"","overlay-type":"","overlay-color":"","overlay-opacity":"","overlay-gradient":""},"tablet":{"background-color":"var(--ast-global-color-5)","background-image":"","background-repeat":"repeat","background-position":"center center","background-size":"auto","background-attachment":"scroll","background-type":"","background-media":"","overlay-type":"","overlay-color":"","overlay-opacity":"","overlay-gradient":""},"mobile":{"background-color":"var(--ast-global-color-5)","background-image":"","background-repeat":"repeat","background-position":"center center","background-size":"auto","background-attachment":"scroll","background-type":"","background-media":"","overlay-type":"","overlay-color":"","overlay-opacity":"","overlay-gradient":""}},"footnotes":""},"class_list":["post-208","page","type-page","status-publish","hentry"],"post_mailing_queue_ids":[],"_links":{"self":[{"href":"https:\/\/agora.xtec.cat\/escola-elsestanys\/wp-json\/wp\/v2\/pages\/208","targetHints":{"allow":["GET"]}}],"collection":[{"href":"https:\/\/agora.xtec.cat\/escola-elsestanys\/wp-json\/wp\/v2\/pages"}],"about":[{"href":"https:\/\/agora.xtec.cat\/escola-elsestanys\/wp-json\/wp\/v2\/types\/page"}],"author":[{"embeddable":true,"href":"https:\/\/agora.xtec.cat\/escola-elsestanys\/wp-json\/wp\/v2\/users\/1"}],"replies":[{"embeddable":true,"href":"https:\/\/agora.xtec.cat\/escola-elsestanys\/wp-json\/wp\/v2\/comments?post=208"}],"version-history":[{"count":3,"href":"https:\/\/agora.xtec.cat\/escola-elsestanys\/wp-json\/wp\/v2\/pages\/208\/revisions"}],"predecessor-version":[{"id":3415,"href":"https:\/\/agora.xtec.cat\/escola-elsestanys\/wp-json\/wp\/v2\/pages\/208\/revisions\/3415"}],"up":[{"embeddable":true,"href":"https:\/\/agora.xtec.cat\/escola-elsestanys\/wp-json\/wp\/v2\/pages\/191"}],"wp:attachment":[{"href":"https:\/\/agora.xtec.cat\/escola-elsestanys\/wp-json\/wp\/v2\/media?parent=208"}],"curies":[{"name":"wp","href":"https:\/\/api.w.org\/{rel}","templated":true}]}}