{"id":64,"date":"2014-09-18T12:39:08","date_gmt":"2014-09-18T11:39:08","guid":{"rendered":"http:\/\/agora.xtec.cat\/escola-elboscmontral\/?page_id=64"},"modified":"2020-10-08T09:30:12","modified_gmt":"2020-10-08T07:30:12","slug":"projecte-educatiu","status":"publish","type":"page","link":"https:\/\/agora.xtec.cat\/escola-elboscmontral\/projecte-educatiu\/","title":{"rendered":"Documents de centre i  de ZER"},"content":{"rendered":"<p><strong>Projecte Educatiu ZER.<\/strong><\/p>\n<p><a href=\"https:\/\/agora.xtec.cat\/escola-elboscmontral\/wp-content\/uploads\/usu158\/2019\/10\/Projecte-Educatiu-ZER-12juny19.pdf\">Projecte Educatiu ZER-12juny19<\/a><\/p>\n<p>Peculiaritats de l&#8217;Escola EL Bosc- PEC <a href=\"https:\/\/agora.xtec.cat\/escola-elboscmontral\/wp-content\/uploads\/usu158\/2020\/06\/Annex-PEZ-Escola-El-Bosc.pdf\">Annex PEZ Escola El Bosc<\/a><\/p>\n<p><strong>Projecte de conviv\u00e8ncia de ZER.<\/strong><\/p>\n<p><a href=\"https:\/\/agora.xtec.cat\/escola-elboscmontral\/wp-content\/uploads\/usu158\/2020\/05\/Projecte-de-Conviv\u00e8ncia-1-d_abril-2020.pdf\">Projecte de Conviv\u00e8ncia 1 d_abril 2020<\/a><\/p>\n<p><strong>NOFZ de ZER.<\/strong><\/p>\n<p><a href=\"https:\/\/agora.xtec.cat\/escola-elboscmontral\/wp-content\/uploads\/usu158\/2020\/05\/NOFZ-13febrer19-1.pdf\">NOFZ-13febrer19 (1)<\/a><\/p>\n<p><strong>Projecte de direcci\u00f3 20\/24- presentaci\u00f3<\/strong><\/p>\n<p><a href=\"https:\/\/agora.xtec.cat\/escola-elboscmontral\/wp-content\/uploads\/usu158\/2020\/05\/Presentaci\u00f3-Eva.pptx\">Presentaci\u00f3 Eva<\/a><\/p>\n<p><strong>Protocol d&#8217;obertura curs 2020\/2021<\/strong><\/p>\n<p><a href=\"https:\/\/agora.xtec.cat\/escola-elboscmontral\/wp-content\/uploads\/usu158\/2020\/10\/Pla-dorganitzaci\u00f3-curs-20-21-ZER-El-Francol\u00ed.-aprovat-consell-escolar.-pdf.pdf\">Pla d&#8217;organitzaci\u00f3 curs 20-21 ZER El Francol\u00ed. aprovat consell escolar. pdf<\/a><\/p>\n<p>&nbsp;<\/p>\n<p>&nbsp;<\/p>\n<p>&nbsp;<\/p>\n","protected":false},"excerpt":{"rendered":"<p>Projecte Educatiu ZER. Projecte Educatiu ZER-12juny19 Peculiaritats de l&#8217;Escola EL Bosc- PEC Annex PEZ Escola El Bosc Projecte de conviv\u00e8ncia de ZER. Projecte de Conviv\u00e8ncia 1 d_abril 2020 NOFZ de ZER. NOFZ-13febrer19 (1) Projecte de direcci\u00f3 20\/24- presentaci\u00f3 Presentaci\u00f3 Eva Protocol d&#8217;obertura curs 2020\/2021 Pla d&#8217;organitzaci\u00f3 curs 20-21 ZER El Francol\u00ed. aprovat consell escolar. pdf [&hellip;]<\/p>\n","protected":false},"author":1,"featured_media":0,"parent":0,"menu_order":0,"comment_status":"closed","ping_status":"closed","template":"page-templates\/side-menu.php","meta":{"_bbp_topic_count":0,"_bbp_reply_count":0,"_bbp_total_topic_count":0,"_bbp_total_reply_count":0,"_bbp_voice_count":0,"_bbp_anonymous_reply_count":0,"_bbp_topic_count_hidden":0,"_bbp_reply_count_hidden":0,"_bbp_forum_subforum_count":0,"site-sidebar-layout":"default","site-content-layout":"","ast-site-content-layout":"","site-content-style":"default","site-sidebar-style":"default","ast-global-header-display":"","ast-banner-title-visibility":"","ast-main-header-display":"","ast-hfb-above-header-display":"","ast-hfb-below-header-display":"","ast-hfb-mobile-header-display":"","site-post-title":"","ast-breadcrumbs-content":"","ast-featured-img":"","footer-sml-layout":"","theme-transparent-header-meta":"","adv-header-id-meta":"","stick-header-meta":"","header-above-stick-meta":"","header-main-stick-meta":"","header-below-stick-meta":"","astra-migrate-meta-layouts":"default","ast-page-background-enabled":"default","ast-page-background-meta":{"desktop":{"background-color":"var(--ast-global-color-4)","background-image":"","background-repeat":"repeat","background-position":"center center","background-size":"auto","background-attachment":"scroll","background-type":"","background-media":"","overlay-type":"","overlay-color":"","overlay-opacity":"","overlay-gradient":""},"tablet":{"background-color":"","background-image":"","background-repeat":"repeat","background-position":"center center","background-size":"auto","background-attachment":"scroll","background-type":"","background-media":"","overlay-type":"","overlay-color":"","overlay-opacity":"","overlay-gradient":""},"mobile":{"background-color":"","background-image":"","background-repeat":"repeat","background-position":"center center","background-size":"auto","background-attachment":"scroll","background-type":"","background-media":"","overlay-type":"","overlay-color":"","overlay-opacity":"","overlay-gradient":""}},"ast-content-background-meta":{"desktop":{"background-color":"var(--ast-global-color-5)","background-image":"","background-repeat":"repeat","background-position":"center center","background-size":"auto","background-attachment":"scroll","background-type":"","background-media":"","overlay-type":"","overlay-color":"","overlay-opacity":"","overlay-gradient":""},"tablet":{"background-color":"var(--ast-global-color-5)","background-image":"","background-repeat":"repeat","background-position":"center center","background-size":"auto","background-attachment":"scroll","background-type":"","background-media":"","overlay-type":"","overlay-color":"","overlay-opacity":"","overlay-gradient":""},"mobile":{"background-color":"var(--ast-global-color-5)","background-image":"","background-repeat":"repeat","background-position":"center center","background-size":"auto","background-attachment":"scroll","background-type":"","background-media":"","overlay-type":"","overlay-color":"","overlay-opacity":"","overlay-gradient":""}},"footnotes":""},"class_list":["post-64","page","type-page","status-publish","hentry"],"post_mailing_queue_ids":[],"_links":{"self":[{"href":"https:\/\/agora.xtec.cat\/escola-elboscmontral\/wp-json\/wp\/v2\/pages\/64","targetHints":{"allow":["GET"]}}],"collection":[{"href":"https:\/\/agora.xtec.cat\/escola-elboscmontral\/wp-json\/wp\/v2\/pages"}],"about":[{"href":"https:\/\/agora.xtec.cat\/escola-elboscmontral\/wp-json\/wp\/v2\/types\/page"}],"author":[{"embeddable":true,"href":"https:\/\/agora.xtec.cat\/escola-elboscmontral\/wp-json\/wp\/v2\/users\/1"}],"replies":[{"embeddable":true,"href":"https:\/\/agora.xtec.cat\/escola-elboscmontral\/wp-json\/wp\/v2\/comments?post=64"}],"version-history":[{"count":4,"href":"https:\/\/agora.xtec.cat\/escola-elboscmontral\/wp-json\/wp\/v2\/pages\/64\/revisions"}],"predecessor-version":[{"id":1890,"href":"https:\/\/agora.xtec.cat\/escola-elboscmontral\/wp-json\/wp\/v2\/pages\/64\/revisions\/1890"}],"wp:attachment":[{"href":"https:\/\/agora.xtec.cat\/escola-elboscmontral\/wp-json\/wp\/v2\/media?parent=64"}],"curies":[{"name":"wp","href":"https:\/\/api.w.org\/{rel}","templated":true}]}}