{"id":36,"date":"2014-09-18T12:33:11","date_gmt":"2014-09-18T11:33:11","guid":{"rendered":"http:\/\/agora.xtec.cat\/escola-elboscmontral\/?page_id=36"},"modified":"2024-09-22T01:07:58","modified_gmt":"2024-09-21T23:07:58","slug":"material-escolar","status":"publish","type":"page","link":"https:\/\/agora.xtec.cat\/escola-elboscmontral\/lescola\/material-escolar\/","title":{"rendered":"Material escolar"},"content":{"rendered":"<p><strong><u>MATERIAL PER L\u2019EDUCACI\u00d3 INFANTIL I PRIM\u00c0RIA.<\/u><\/strong><\/p>\n<ul>\n<li>1 Tovallola petita de bany amb beta i el nom o distintiu.<\/li>\n<li>2 Paquets de mocadors.<\/li>\n<li>1 Baieta per netejar.<\/li>\n<li>Roba de recanvi amb el nom.<\/li>\n<li>Botes d\u2019aigua amb el nom.<\/li>\n<li>Sabates per dins de l\u2019escola.<\/li>\n<\/ul>\n<ul>\n<li>Els infants que es quedin al <strong>MENJADOR<\/strong>, cal que portin un <strong>tovall\u00f3<\/strong> de roba amb el nom, un <strong>necesser<\/strong> amb el raspall de dents, la crema dent\u00edfrica. Els nens i les nenes que necessitin <strong>dormir<\/strong> despr\u00e8s de dinar cal que portin un llen\u00e7ol de llit petit, una manteta i si \u00e9s necessari algun objecte personal: peluix, nina i\/ o xumet.<\/li>\n<\/ul>\n<ul>\n<li>Per fer <strong>PSICOMOTRICITAT I EDUCACI\u00d3 F\u00cdSICA<\/strong> cal portar el xandall de la ZER i unes bambes amb velcro (els petits). Els alumnes de prim\u00e0ria cal portar el xandall de ZER.<\/li>\n<li>El <strong>xandall<\/strong> el podreu comprar directament a la botiga FRUIT &amp; CO WEAR de Valls, carrer Anselm Clav\u00e9s 14, tel\u00e8fon 977613539.<\/li>\n<\/ul>\n","protected":false},"excerpt":{"rendered":"<p>MATERIAL PER L\u2019EDUCACI\u00d3 INFANTIL I PRIM\u00c0RIA. 1 Tovallola petita de bany amb beta i el nom o distintiu. 2 Paquets de mocadors. 1 Baieta per netejar. Roba de recanvi amb el nom. Botes d\u2019aigua amb el nom. Sabates per dins de l\u2019escola. Els infants que es quedin al MENJADOR, cal que portin un tovall\u00f3 de [&hellip;]<\/p>\n","protected":false},"author":1,"featured_media":0,"parent":22,"menu_order":70,"comment_status":"closed","ping_status":"closed","template":"page-templates\/side-menu.php","meta":{"_bbp_topic_count":0,"_bbp_reply_count":0,"_bbp_total_topic_count":0,"_bbp_total_reply_count":0,"_bbp_voice_count":0,"_bbp_anonymous_reply_count":0,"_bbp_topic_count_hidden":0,"_bbp_reply_count_hidden":0,"_bbp_forum_subforum_count":0,"site-sidebar-layout":"default","site-content-layout":"","ast-site-content-layout":"","site-content-style":"default","site-sidebar-style":"default","ast-global-header-display":"","ast-banner-title-visibility":"","ast-main-header-display":"","ast-hfb-above-header-display":"","ast-hfb-below-header-display":"","ast-hfb-mobile-header-display":"","site-post-title":"","ast-breadcrumbs-content":"","ast-featured-img":"","footer-sml-layout":"","theme-transparent-header-meta":"","adv-header-id-meta":"","stick-header-meta":"","header-above-stick-meta":"","header-main-stick-meta":"","header-below-stick-meta":"","astra-migrate-meta-layouts":"default","ast-page-background-enabled":"default","ast-page-background-meta":{"desktop":{"background-color":"var(--ast-global-color-4)","background-image":"","background-repeat":"repeat","background-position":"center center","background-size":"auto","background-attachment":"scroll","background-type":"","background-media":"","overlay-type":"","overlay-color":"","overlay-opacity":"","overlay-gradient":""},"tablet":{"background-color":"","background-image":"","background-repeat":"repeat","background-position":"center center","background-size":"auto","background-attachment":"scroll","background-type":"","background-media":"","overlay-type":"","overlay-color":"","overlay-opacity":"","overlay-gradient":""},"mobile":{"background-color":"","background-image":"","background-repeat":"repeat","background-position":"center center","background-size":"auto","background-attachment":"scroll","background-type":"","background-media":"","overlay-type":"","overlay-color":"","overlay-opacity":"","overlay-gradient":""}},"ast-content-background-meta":{"desktop":{"background-color":"var(--ast-global-color-5)","background-image":"","background-repeat":"repeat","background-position":"center center","background-size":"auto","background-attachment":"scroll","background-type":"","background-media":"","overlay-type":"","overlay-color":"","overlay-opacity":"","overlay-gradient":""},"tablet":{"background-color":"var(--ast-global-color-5)","background-image":"","background-repeat":"repeat","background-position":"center center","background-size":"auto","background-attachment":"scroll","background-type":"","background-media":"","overlay-type":"","overlay-color":"","overlay-opacity":"","overlay-gradient":""},"mobile":{"background-color":"var(--ast-global-color-5)","background-image":"","background-repeat":"repeat","background-position":"center center","background-size":"auto","background-attachment":"scroll","background-type":"","background-media":"","overlay-type":"","overlay-color":"","overlay-opacity":"","overlay-gradient":""}},"footnotes":""},"class_list":["post-36","page","type-page","status-publish","hentry"],"post_mailing_queue_ids":[],"_links":{"self":[{"href":"https:\/\/agora.xtec.cat\/escola-elboscmontral\/wp-json\/wp\/v2\/pages\/36","targetHints":{"allow":["GET"]}}],"collection":[{"href":"https:\/\/agora.xtec.cat\/escola-elboscmontral\/wp-json\/wp\/v2\/pages"}],"about":[{"href":"https:\/\/agora.xtec.cat\/escola-elboscmontral\/wp-json\/wp\/v2\/types\/page"}],"author":[{"embeddable":true,"href":"https:\/\/agora.xtec.cat\/escola-elboscmontral\/wp-json\/wp\/v2\/users\/1"}],"replies":[{"embeddable":true,"href":"https:\/\/agora.xtec.cat\/escola-elboscmontral\/wp-json\/wp\/v2\/comments?post=36"}],"version-history":[{"count":5,"href":"https:\/\/agora.xtec.cat\/escola-elboscmontral\/wp-json\/wp\/v2\/pages\/36\/revisions"}],"predecessor-version":[{"id":2196,"href":"https:\/\/agora.xtec.cat\/escola-elboscmontral\/wp-json\/wp\/v2\/pages\/36\/revisions\/2196"}],"up":[{"embeddable":true,"href":"https:\/\/agora.xtec.cat\/escola-elboscmontral\/wp-json\/wp\/v2\/pages\/22"}],"wp:attachment":[{"href":"https:\/\/agora.xtec.cat\/escola-elboscmontral\/wp-json\/wp\/v2\/media?parent=36"}],"curies":[{"name":"wp","href":"https:\/\/api.w.org\/{rel}","templated":true}]}}