{"id":32,"date":"2014-09-18T12:31:33","date_gmt":"2014-09-18T11:31:33","guid":{"rendered":"http:\/\/agora.xtec.cat\/escola-elboscmontral\/?page_id=32"},"modified":"2025-01-28T23:38:08","modified_gmt":"2025-01-28T22:38:08","slug":"calendari-del-curs","status":"publish","type":"page","link":"https:\/\/agora.xtec.cat\/escola-elboscmontral\/lescola\/calendari-del-curs\/","title":{"rendered":"Calendari del curs"},"content":{"rendered":"<h4><strong>Inici de curs:<\/strong><\/h4>\n<p>9 de setembre de 2024<\/p>\n<h4><strong>Vacances:<\/strong><\/h4>\n<p><strong>Nadal:<\/strong> Del 21 de desembre de 2024 al 7 de gener de 2025 (ambd\u00f3s inclosos).<\/p>\n<p><strong>Pasqua:<\/strong> Del 14 d&#8217;abril al 21 d&#8217;abril de 2025 (ambd\u00f3s inclosos).<\/p>\n<p><strong>Estiu:<\/strong> A partir del 21 de juny de 2025.<\/p>\n<h4><strong>Dies festius de lliure disposici\u00f3:<\/strong><\/h4>\n<p>18 d&#8217;octubre del 2024.<\/p>\n<p>4 de novembre del 2024.<\/p>\n<p>3 de febrer de 2025.<\/p>\n<p>3 de mar\u00e7 de 2025.<\/p>\n<p>2 de maig\u00a0 del 2025.<\/p>\n<h4><strong>Jornada compactada:<\/strong><\/h4>\n<p>20 de desembre de 2024 i del 9 al 20 de juny de\u00a0 2025 (ambd\u00f3s inclosos)<\/p>\n<p><strong>L&#8217;HORARI DEL CURS 24\/25<\/strong><\/p>\n<p><strong>L<\/strong>\u2019<b>horari lectiu<\/b> ser\u00e0\u00a0 de 8.45 a 13 h i de 14:30,a 16:30 h per l&#8217;alumnat del centre.<\/p>\n<p>-Menjador de 13 a 14:30h<\/p>\n<p>-Els divendres sortim a les 16:15h.<\/p>\n<p>&nbsp;<\/p>\n<p>&nbsp;<\/p>\n<p>CALENDARI 24\/25 <a href=\"https:\/\/agora.xtec.cat\/escola-elboscmontral\/calendar\/calendari-24-25\/\">calendari 24-25<\/a><\/p>\n","protected":false},"excerpt":{"rendered":"<p>Inici de curs: 9 de setembre de 2024 Vacances: Nadal: Del 21 de desembre de 2024 al 7 de gener de 2025 (ambd\u00f3s inclosos). Pasqua: Del 14 d&#8217;abril al 21 d&#8217;abril de 2025 (ambd\u00f3s inclosos). Estiu: A partir del 21 de juny de 2025. Dies festius de lliure disposici\u00f3: 18 d&#8217;octubre del 2024. 4 de [&hellip;]<\/p>\n","protected":false},"author":1,"featured_media":0,"parent":22,"menu_order":50,"comment_status":"closed","ping_status":"closed","template":"page-templates\/side-menu.php","meta":{"_bbp_topic_count":0,"_bbp_reply_count":0,"_bbp_total_topic_count":0,"_bbp_total_reply_count":0,"_bbp_voice_count":0,"_bbp_anonymous_reply_count":0,"_bbp_topic_count_hidden":0,"_bbp_reply_count_hidden":0,"_bbp_forum_subforum_count":0,"site-sidebar-layout":"default","site-content-layout":"","ast-site-content-layout":"","site-content-style":"default","site-sidebar-style":"default","ast-global-header-display":"","ast-banner-title-visibility":"","ast-main-header-display":"","ast-hfb-above-header-display":"","ast-hfb-below-header-display":"","ast-hfb-mobile-header-display":"","site-post-title":"","ast-breadcrumbs-content":"","ast-featured-img":"","footer-sml-layout":"","theme-transparent-header-meta":"","adv-header-id-meta":"","stick-header-meta":"","header-above-stick-meta":"","header-main-stick-meta":"","header-below-stick-meta":"","astra-migrate-meta-layouts":"default","ast-page-background-enabled":"default","ast-page-background-meta":{"desktop":{"background-color":"var(--ast-global-color-4)","background-image":"","background-repeat":"repeat","background-position":"center center","background-size":"auto","background-attachment":"scroll","background-type":"","background-media":"","overlay-type":"","overlay-color":"","overlay-opacity":"","overlay-gradient":""},"tablet":{"background-color":"","background-image":"","background-repeat":"repeat","background-position":"center center","background-size":"auto","background-attachment":"scroll","background-type":"","background-media":"","overlay-type":"","overlay-color":"","overlay-opacity":"","overlay-gradient":""},"mobile":{"background-color":"","background-image":"","background-repeat":"repeat","background-position":"center center","background-size":"auto","background-attachment":"scroll","background-type":"","background-media":"","overlay-type":"","overlay-color":"","overlay-opacity":"","overlay-gradient":""}},"ast-content-background-meta":{"desktop":{"background-color":"var(--ast-global-color-5)","background-image":"","background-repeat":"repeat","background-position":"center center","background-size":"auto","background-attachment":"scroll","background-type":"","background-media":"","overlay-type":"","overlay-color":"","overlay-opacity":"","overlay-gradient":""},"tablet":{"background-color":"var(--ast-global-color-5)","background-image":"","background-repeat":"repeat","background-position":"center center","background-size":"auto","background-attachment":"scroll","background-type":"","background-media":"","overlay-type":"","overlay-color":"","overlay-opacity":"","overlay-gradient":""},"mobile":{"background-color":"var(--ast-global-color-5)","background-image":"","background-repeat":"repeat","background-position":"center center","background-size":"auto","background-attachment":"scroll","background-type":"","background-media":"","overlay-type":"","overlay-color":"","overlay-opacity":"","overlay-gradient":""}},"footnotes":""},"class_list":["post-32","page","type-page","status-publish","hentry"],"post_mailing_queue_ids":[],"_links":{"self":[{"href":"https:\/\/agora.xtec.cat\/escola-elboscmontral\/wp-json\/wp\/v2\/pages\/32","targetHints":{"allow":["GET"]}}],"collection":[{"href":"https:\/\/agora.xtec.cat\/escola-elboscmontral\/wp-json\/wp\/v2\/pages"}],"about":[{"href":"https:\/\/agora.xtec.cat\/escola-elboscmontral\/wp-json\/wp\/v2\/types\/page"}],"author":[{"embeddable":true,"href":"https:\/\/agora.xtec.cat\/escola-elboscmontral\/wp-json\/wp\/v2\/users\/1"}],"replies":[{"embeddable":true,"href":"https:\/\/agora.xtec.cat\/escola-elboscmontral\/wp-json\/wp\/v2\/comments?post=32"}],"version-history":[{"count":6,"href":"https:\/\/agora.xtec.cat\/escola-elboscmontral\/wp-json\/wp\/v2\/pages\/32\/revisions"}],"predecessor-version":[{"id":2247,"href":"https:\/\/agora.xtec.cat\/escola-elboscmontral\/wp-json\/wp\/v2\/pages\/32\/revisions\/2247"}],"up":[{"embeddable":true,"href":"https:\/\/agora.xtec.cat\/escola-elboscmontral\/wp-json\/wp\/v2\/pages\/22"}],"wp:attachment":[{"href":"https:\/\/agora.xtec.cat\/escola-elboscmontral\/wp-json\/wp\/v2\/media?parent=32"}],"curies":[{"name":"wp","href":"https:\/\/api.w.org\/{rel}","templated":true}]}}