{"id":30,"date":"2014-09-18T12:30:23","date_gmt":"2014-09-18T11:30:23","guid":{"rendered":"http:\/\/agora.xtec.cat\/escola-elboscmontral\/?page_id=30"},"modified":"2024-09-22T01:01:35","modified_gmt":"2024-09-21T23:01:35","slug":"instal%c2%b7lacions","status":"publish","type":"page","link":"https:\/\/agora.xtec.cat\/escola-elboscmontral\/lescola\/instal%c2%b7lacions\/","title":{"rendered":"Agrupaments i entorns d&#8217;aprenentatge"},"content":{"rendered":"<p style=\"text-align: justify;\">A l&#8217;Escola El Bosc hi ha dues aules multigrau i internivell, on els infants no es separen per edats, s\u00ed que optem per fer agrupaments per comunitats quan \u00e9s necessari (Comunitat Petita: 3-6 i Comunitat Mitjana: 7- 9 anys). Les dues aules estan distribu\u00efdes en racons i espais d&#8217;aprenentatge, que anem variant en funci\u00f3 de les necessitats i interessos del moment.<\/p>\n<p style=\"text-align: justify;\">Aquests espais s\u00f3n; <em>llengua, matem\u00e0tiques, descoberta i medi, biblioteca, jocs de taula, experimentaci\u00f3, art, construccions, llum, art\u00edstica pl\u00e0stica, de joc simb\u00f2lic, de llengua, descoberta i experimentaci\u00f3, m\u00fasica, l&#8217;espai exterior i el m\u00e9s important: el Bosc de Mont-ral.<\/em><\/p>\n","protected":false},"excerpt":{"rendered":"<p>A l&#8217;Escola El Bosc hi ha dues aules multigrau i internivell, on els infants no es separen per edats, s\u00ed que optem per fer agrupaments per comunitats quan \u00e9s necessari (Comunitat Petita: 3-6 i Comunitat Mitjana: 7- 9 anys). Les dues aules estan distribu\u00efdes en racons i espais d&#8217;aprenentatge, que anem variant en funci\u00f3 de [&hellip;]<\/p>\n","protected":false},"author":1,"featured_media":0,"parent":22,"menu_order":40,"comment_status":"closed","ping_status":"closed","template":"page-templates\/side-menu.php","meta":{"_bbp_topic_count":0,"_bbp_reply_count":0,"_bbp_total_topic_count":0,"_bbp_total_reply_count":0,"_bbp_voice_count":0,"_bbp_anonymous_reply_count":0,"_bbp_topic_count_hidden":0,"_bbp_reply_count_hidden":0,"_bbp_forum_subforum_count":0,"site-sidebar-layout":"default","site-content-layout":"","ast-site-content-layout":"","site-content-style":"default","site-sidebar-style":"default","ast-global-header-display":"","ast-banner-title-visibility":"","ast-main-header-display":"","ast-hfb-above-header-display":"","ast-hfb-below-header-display":"","ast-hfb-mobile-header-display":"","site-post-title":"","ast-breadcrumbs-content":"","ast-featured-img":"","footer-sml-layout":"","theme-transparent-header-meta":"","adv-header-id-meta":"","stick-header-meta":"","header-above-stick-meta":"","header-main-stick-meta":"","header-below-stick-meta":"","astra-migrate-meta-layouts":"default","ast-page-background-enabled":"default","ast-page-background-meta":{"desktop":{"background-color":"var(--ast-global-color-4)","background-image":"","background-repeat":"repeat","background-position":"center center","background-size":"auto","background-attachment":"scroll","background-type":"","background-media":"","overlay-type":"","overlay-color":"","overlay-opacity":"","overlay-gradient":""},"tablet":{"background-color":"","background-image":"","background-repeat":"repeat","background-position":"center center","background-size":"auto","background-attachment":"scroll","background-type":"","background-media":"","overlay-type":"","overlay-color":"","overlay-opacity":"","overlay-gradient":""},"mobile":{"background-color":"","background-image":"","background-repeat":"repeat","background-position":"center center","background-size":"auto","background-attachment":"scroll","background-type":"","background-media":"","overlay-type":"","overlay-color":"","overlay-opacity":"","overlay-gradient":""}},"ast-content-background-meta":{"desktop":{"background-color":"var(--ast-global-color-5)","background-image":"","background-repeat":"repeat","background-position":"center center","background-size":"auto","background-attachment":"scroll","background-type":"","background-media":"","overlay-type":"","overlay-color":"","overlay-opacity":"","overlay-gradient":""},"tablet":{"background-color":"var(--ast-global-color-5)","background-image":"","background-repeat":"repeat","background-position":"center center","background-size":"auto","background-attachment":"scroll","background-type":"","background-media":"","overlay-type":"","overlay-color":"","overlay-opacity":"","overlay-gradient":""},"mobile":{"background-color":"var(--ast-global-color-5)","background-image":"","background-repeat":"repeat","background-position":"center center","background-size":"auto","background-attachment":"scroll","background-type":"","background-media":"","overlay-type":"","overlay-color":"","overlay-opacity":"","overlay-gradient":""}},"footnotes":""},"class_list":["post-30","page","type-page","status-publish","hentry"],"post_mailing_queue_ids":[],"_links":{"self":[{"href":"https:\/\/agora.xtec.cat\/escola-elboscmontral\/wp-json\/wp\/v2\/pages\/30","targetHints":{"allow":["GET"]}}],"collection":[{"href":"https:\/\/agora.xtec.cat\/escola-elboscmontral\/wp-json\/wp\/v2\/pages"}],"about":[{"href":"https:\/\/agora.xtec.cat\/escola-elboscmontral\/wp-json\/wp\/v2\/types\/page"}],"author":[{"embeddable":true,"href":"https:\/\/agora.xtec.cat\/escola-elboscmontral\/wp-json\/wp\/v2\/users\/1"}],"replies":[{"embeddable":true,"href":"https:\/\/agora.xtec.cat\/escola-elboscmontral\/wp-json\/wp\/v2\/comments?post=30"}],"version-history":[{"count":6,"href":"https:\/\/agora.xtec.cat\/escola-elboscmontral\/wp-json\/wp\/v2\/pages\/30\/revisions"}],"predecessor-version":[{"id":2190,"href":"https:\/\/agora.xtec.cat\/escola-elboscmontral\/wp-json\/wp\/v2\/pages\/30\/revisions\/2190"}],"up":[{"embeddable":true,"href":"https:\/\/agora.xtec.cat\/escola-elboscmontral\/wp-json\/wp\/v2\/pages\/22"}],"wp:attachment":[{"href":"https:\/\/agora.xtec.cat\/escola-elboscmontral\/wp-json\/wp\/v2\/media?parent=30"}],"curies":[{"name":"wp","href":"https:\/\/api.w.org\/{rel}","templated":true}]}}