{"id":28,"date":"2014-09-18T12:29:35","date_gmt":"2014-09-18T11:29:35","guid":{"rendered":"http:\/\/agora.xtec.cat\/escola-elboscmontral\/?page_id=28"},"modified":"2024-09-22T01:02:55","modified_gmt":"2024-09-21T23:02:55","slug":"consell-escolar","status":"publish","type":"page","link":"https:\/\/agora.xtec.cat\/escola-elboscmontral\/lescola\/consell-escolar\/","title":{"rendered":"Consell escolar"},"content":{"rendered":"<p>&nbsp;<\/p>\n<p><a href=\"http:\/\/agora.xtec.cat\/escola-elboscmontral\/wp-content\/uploads\/usu158\/2014\/09\/FUNCIONS-DEL-CONSELL-ESCOLAR-DE-CENTRES-P\u00daBLICS.docx\">funcions-del-consell-escolar-de-centres-publics<\/a><\/p>\n<p><a href=\"http:\/\/agora.xtec.cat\/escola-elboscmontral\/wp-content\/uploads\/usu158\/2014\/09\/articles-decret-dautonomia-consell-i-LEC.docx\">articles-decret-dautonomia-consell-i-lec<\/a><\/p>\n<p>El Consell Escolar del centre \u00e9s l\u2019\u00f2rgan col\u00b7legiat de participaci\u00f3 de la comunitat escolar en el govern del centre. Corresponen al consell escolar les funcions establertes a la Llei 12\/2009, de 10 de juliol d\u2019educaci\u00f3. Les persones del consell escolar s\u00f3n elegides per<strong>\u00a0un per\u00edode de quatre anys\u00a0<\/strong>i es renoven per meitats cada dos anys.<\/p>\n<p><span style=\"color: #0000ff;\"><strong>\u00d2rgans col.legiats del consell escolar de L&#8217;escola El Bosc de Mont-ral.<\/strong><\/span><\/p>\n<p><span style=\"font-size: 12.0pt; font-family: 'Calibri','sans-serif';\">Presidenta i directora de l\u2019escola: <strong>Manuela Pay Caro<\/strong><\/span><\/p>\n<p><span style=\"font-size: 12.0pt; font-family: 'Calibri','sans-serif';\">Representant mestres i secretari del consell escolar: <strong>Anna Roig Rubi\u00f3 <\/strong>(suplent de Laia Subir\u00e0 Catal\u00e0).<\/span><\/p>\n<p><span style=\"font-size: 12.0pt; font-family: 'Calibri','sans-serif';\">Representant sector AFA- <strong>\u00a0Yolanda Acedo Esquinas.<\/strong><\/span><\/p>\n<p><span style=\"font-size: 12.0pt; font-family: 'Calibri','sans-serif';\">Representant sector Ajuntament- <strong>Michel Mar\u00edn.<\/strong><\/span><\/p>\n<p><span style=\"color: #0000ff;\">Dates i acords\u00a0 <strong>Consell Escolar Escola El Bosc curs 23\/24<\/strong><\/span><\/p>\n<ul style=\"list-style-type: circle;\">\n<li>13 de setembre del 2023 <a href=\"https:\/\/agora.xtec.cat\/escola-elboscmontral\/wp-content\/uploads\/usu158\/2023\/10\/acords-13-09-23.docx\">acords 13-09-23<\/a><\/li>\n<li>Extraordinari del 9 d&#8217;octubre del 2023<\/li>\n<li>31 de gener del 2024 <a href=\"https:\/\/agora.xtec.cat\/escola-elboscmontral\/wp-content\/uploads\/usu158\/2024\/02\/Acord-31-1-24.pdf\">Acord 31-1-24<\/a><\/li>\n<li>5 de juny del 2024<\/li>\n<\/ul>\n<p><strong>Dates Consell Escolar de la ZER El Francol\u00ed curs 23\/24<\/strong><\/p>\n<ul>\n<li>20 de setembre del 2023<\/li>\n<li>7 de febrer del 2024<\/li>\n<li>12 de juny del 2024.<\/li>\n<\/ul>\n<p><span style=\"color: #0000ff;\">Dates i acords\u00a0 <strong>Consell Escolar Escola El Bosc curs 22\/23<\/strong><\/span><\/p>\n<ul>\n<li>14 de setembre del 2022 <a href=\"https:\/\/agora.xtec.cat\/escola-elboscmontral\/wp-content\/uploads\/usu158\/2022\/09\/acords-14-09-22.pdf\">acords 14-09-22<\/a><\/li>\n<li>7 de febrer del 2023 <a href=\"https:\/\/agora.xtec.cat\/escola-elboscmontral\/wp-content\/uploads\/usu158\/2023\/02\/acords-7-02-23.pdf\">acords 7-02-23<\/a><\/li>\n<li>Extraordinari 24 de febrer del 2023. <a href=\"https:\/\/agora.xtec.cat\/escola-elboscmontral\/wp-content\/uploads\/usu158\/2023\/02\/acords-24-02-23.pdf\">acords 24-02-23<\/a><\/li>\n<li>7 de juny del 2023.<\/li>\n<\/ul>\n<p><strong>Dates Consell Escolar de la ZER El Francol\u00ed curs 22\/23<\/strong><\/p>\n<ul>\n<li>21 de setembre del 2022<\/li>\n<li>15 de febrer del 2023<\/li>\n<li>14 de juny del 2023.<\/li>\n<\/ul>\n<p><span style=\"color: #0000ff;\">Dates i acords\u00a0 <strong>Consell Escolar Escola El Bosc curs 21\/22<\/strong><\/span><\/p>\n<ul>\n<li>29 de setembre del 2021 <a href=\"https:\/\/agora.xtec.cat\/escola-elboscmontral\/wp-content\/uploads\/usu158\/2021\/10\/acords-29-09-21.pdf\">acords 29-09- 21<\/a><\/li>\n<li>Extraordinari 29 de novembre del 2021 <a href=\"https:\/\/agora.xtec.cat\/escola-elboscmontral\/wp-content\/uploads\/usu158\/2022\/02\/acords-29-11-21.pdf\">acords 29-11- 21<\/a><\/li>\n<li>26 de gener del 2022 <a href=\"https:\/\/agora.xtec.cat\/escola-elboscmontral\/wp-content\/uploads\/usu158\/2022\/02\/acords-26-01-22.pdf\">acords 26-01- 22<\/a><\/li>\n<li>8 de juny del 2022. <a href=\"https:\/\/agora.xtec.cat\/escola-elboscmontral\/wp-content\/uploads\/usu158\/2022\/06\/acords-8-06-22.pdf\">acords 8-06- 22<\/a><\/li>\n<li>Extraordinari 16 de juny del 2022. <a href=\"https:\/\/agora.xtec.cat\/escola-elboscmontral\/wp-content\/uploads\/usu158\/2022\/06\/acords-Extraordinari-16-06-22.pdf\">acords Extraordinari 16-06- 22<\/a><\/li>\n<\/ul>\n<p><strong>Dates Consell Escolar de la ZER El Francol\u00ed curs 21\/22<\/strong><\/p>\n<p>. 6 d&#8217;octubre del 2021<\/p>\n<p>. 16 de febrer del 2022<\/p>\n<p>. 15 de juny 2022<\/p>\n<p><span style=\"color: #0000ff;\">Dates i acords\u00a0 <strong>Consell Escolar Escola El Bosc curs 20\/21<\/strong><\/span><\/p>\n<ul>\n<li>Extraordinari 9 de setembre 2020 <a href=\"https:\/\/agora.xtec.cat\/escola-elboscmontral\/wp-content\/uploads\/usu158\/2020\/10\/acords-9-9-20-1.pdf\">acords 9-9-20<\/a><\/li>\n<li>30 de setembre de 2020 <a href=\"https:\/\/agora.xtec.cat\/escola-elboscmontral\/wp-content\/uploads\/usu158\/2020\/10\/acords-30-9-20.pdf\">acords 30-9-20<\/a><\/li>\n<li>27 de gener de 2021 <a href=\"https:\/\/agora.xtec.cat\/escola-elboscmontral\/wp-content\/uploads\/usu158\/2021\/01\/acords-27-01-21.pdf\">acords 27-01-21<\/a><\/li>\n<li>9 de juny del 2021 <a href=\"https:\/\/agora.xtec.cat\/escola-elboscmontral\/wp-content\/uploads\/usu158\/2021\/06\/acords-9-06-21.pdf\">acords 9-06- 21<\/a><\/li>\n<\/ul>\n<p><strong>Dates Consell Escolar de la ZER El Francol\u00ed<\/strong><\/p>\n<ul>\n<li>Extraordinari 16 de setembre 2020<\/li>\n<li>7 d&#8217;octubre 2020<\/li>\n<li>3 de febrer 2021<\/li>\n<li>16 de juny del 2021<\/li>\n<\/ul>\n<p><span style=\"color: #0000ff;\">Dates i acords\u00a0 <strong>Consell Escolar Escola El Bosc curs 19\/20<\/strong><\/span><\/p>\n<ul>\n<li>7 d\u2019octubre de 2019 <a href=\"https:\/\/agora.xtec.cat\/escola-elboscmontral\/wp-content\/uploads\/usu158\/2019\/10\/acords-7-10-19.docx\">acords 7-10-19<\/a><\/li>\n<li>29 de gener de 2020<\/li>\n<li>10 de juny de 2020 <a href=\"https:\/\/agora.xtec.cat\/escola-elboscmontral\/wp-content\/uploads\/usu158\/2020\/06\/acords-10-06-20.pdf\">acords 10-06-20<\/a><\/li>\n<\/ul>\n<p><em>El Consell Escolar de l\u2019Escola el Bosc sempre comen\u00e7ar\u00e0 a les <strong>13 h<\/strong> amb una durada aproximada d\u2019una hora. Ens reunirem a la Sala de Plens de l\u2019Ajuntament o telem\u00e0ticament per google meet.<\/em><\/p>\n<p><strong>Dates Consell Escolar de la ZER El Francol\u00ed<\/strong><\/p>\n<ul>\n<li>16 d\u2019octubre de 2019<\/li>\n<li>5 de febrer de 2020<\/li>\n<li>17 de juny de 2020<\/li>\n<\/ul>\n<p><em>El Consell Escolar de la ZER El Francol\u00ed sempre comen\u00e7ar\u00e0 a les 16.30 h amb una durada aproximada d\u2019una hora. Ens reunirem a l\u2019escola de Picamoixons. En \u00e8poca COVID-19 les reunions es faran telem\u00e0ticament.<\/em><\/p>\n<p>En situaci\u00f3 excepcional hi pot haver una convocat\u00f2ria de Consell Extraordinari la qual s\u2019hauria de convocar amb un m\u00ednim de 48 hores d\u2019antelaci\u00f3.<\/p>\n","protected":false},"excerpt":{"rendered":"<p>&nbsp; funcions-del-consell-escolar-de-centres-publics articles-decret-dautonomia-consell-i-lec El Consell Escolar del centre \u00e9s l\u2019\u00f2rgan col\u00b7legiat de participaci\u00f3 de la comunitat escolar en el govern del centre. Corresponen al consell escolar les funcions establertes a la Llei 12\/2009, de 10 de juliol d\u2019educaci\u00f3. Les persones del consell escolar s\u00f3n elegides per\u00a0un per\u00edode de quatre anys\u00a0i es renoven per meitats cada [&hellip;]<\/p>\n","protected":false},"author":1,"featured_media":0,"parent":22,"menu_order":30,"comment_status":"closed","ping_status":"closed","template":"page-templates\/side-menu.php","meta":{"_bbp_topic_count":0,"_bbp_reply_count":0,"_bbp_total_topic_count":0,"_bbp_total_reply_count":0,"_bbp_voice_count":0,"_bbp_anonymous_reply_count":0,"_bbp_topic_count_hidden":0,"_bbp_reply_count_hidden":0,"_bbp_forum_subforum_count":0,"site-sidebar-layout":"default","site-content-layout":"","ast-site-content-layout":"","site-content-style":"default","site-sidebar-style":"default","ast-global-header-display":"","ast-banner-title-visibility":"","ast-main-header-display":"","ast-hfb-above-header-display":"","ast-hfb-below-header-display":"","ast-hfb-mobile-header-display":"","site-post-title":"","ast-breadcrumbs-content":"","ast-featured-img":"","footer-sml-layout":"","theme-transparent-header-meta":"","adv-header-id-meta":"","stick-header-meta":"","header-above-stick-meta":"","header-main-stick-meta":"","header-below-stick-meta":"","astra-migrate-meta-layouts":"default","ast-page-background-enabled":"default","ast-page-background-meta":{"desktop":{"background-color":"var(--ast-global-color-4)","background-image":"","background-repeat":"repeat","background-position":"center center","background-size":"auto","background-attachment":"scroll","background-type":"","background-media":"","overlay-type":"","overlay-color":"","overlay-opacity":"","overlay-gradient":""},"tablet":{"background-color":"","background-image":"","background-repeat":"repeat","background-position":"center center","background-size":"auto","background-attachment":"scroll","background-type":"","background-media":"","overlay-type":"","overlay-color":"","overlay-opacity":"","overlay-gradient":""},"mobile":{"background-color":"","background-image":"","background-repeat":"repeat","background-position":"center center","background-size":"auto","background-attachment":"scroll","background-type":"","background-media":"","overlay-type":"","overlay-color":"","overlay-opacity":"","overlay-gradient":""}},"ast-content-background-meta":{"desktop":{"background-color":"var(--ast-global-color-5)","background-image":"","background-repeat":"repeat","background-position":"center center","background-size":"auto","background-attachment":"scroll","background-type":"","background-media":"","overlay-type":"","overlay-color":"","overlay-opacity":"","overlay-gradient":""},"tablet":{"background-color":"var(--ast-global-color-5)","background-image":"","background-repeat":"repeat","background-position":"center center","background-size":"auto","background-attachment":"scroll","background-type":"","background-media":"","overlay-type":"","overlay-color":"","overlay-opacity":"","overlay-gradient":""},"mobile":{"background-color":"var(--ast-global-color-5)","background-image":"","background-repeat":"repeat","background-position":"center center","background-size":"auto","background-attachment":"scroll","background-type":"","background-media":"","overlay-type":"","overlay-color":"","overlay-opacity":"","overlay-gradient":""}},"footnotes":""},"class_list":["post-28","page","type-page","status-publish","hentry"],"post_mailing_queue_ids":[],"_links":{"self":[{"href":"https:\/\/agora.xtec.cat\/escola-elboscmontral\/wp-json\/wp\/v2\/pages\/28","targetHints":{"allow":["GET"]}}],"collection":[{"href":"https:\/\/agora.xtec.cat\/escola-elboscmontral\/wp-json\/wp\/v2\/pages"}],"about":[{"href":"https:\/\/agora.xtec.cat\/escola-elboscmontral\/wp-json\/wp\/v2\/types\/page"}],"author":[{"embeddable":true,"href":"https:\/\/agora.xtec.cat\/escola-elboscmontral\/wp-json\/wp\/v2\/users\/1"}],"replies":[{"embeddable":true,"href":"https:\/\/agora.xtec.cat\/escola-elboscmontral\/wp-json\/wp\/v2\/comments?post=28"}],"version-history":[{"count":7,"href":"https:\/\/agora.xtec.cat\/escola-elboscmontral\/wp-json\/wp\/v2\/pages\/28\/revisions"}],"predecessor-version":[{"id":2194,"href":"https:\/\/agora.xtec.cat\/escola-elboscmontral\/wp-json\/wp\/v2\/pages\/28\/revisions\/2194"}],"up":[{"embeddable":true,"href":"https:\/\/agora.xtec.cat\/escola-elboscmontral\/wp-json\/wp\/v2\/pages\/22"}],"wp:attachment":[{"href":"https:\/\/agora.xtec.cat\/escola-elboscmontral\/wp-json\/wp\/v2\/media?parent=28"}],"curies":[{"name":"wp","href":"https:\/\/api.w.org\/{rel}","templated":true}]}}