{"id":26,"date":"2014-09-18T12:24:32","date_gmt":"2014-09-18T11:24:32","guid":{"rendered":"http:\/\/agora.xtec.cat\/escola-elboscmontral\/?page_id=26"},"modified":"2024-09-22T01:15:24","modified_gmt":"2024-09-21T23:15:24","slug":"historia","status":"publish","type":"page","link":"https:\/\/agora.xtec.cat\/escola-elboscmontral\/lescola\/historia\/","title":{"rendered":"Hist\u00f2ria"},"content":{"rendered":"<p style=\"text-align: justify;\">L\u2019escola El Bosc est\u00e0 situada al poble de Mont-ral, tal i com indica el seu nom. El centre escolar neix el curs 2016\/2017 despr\u00e8s de re-obrir l&#8217;escola que portava 18 anys tancada.<\/p>\n<p style=\"text-align: justify;\">L\u2019escola de Mont-ral forma part de la ZER el Francol\u00ed, que agrupa alhora les comunitats educatives de 4 municipis: Picamoixons, La Mas\u00f3, La Riba i Mont-ral, que formen part de l\u2019Alt Camp.<\/p>\n<p style=\"text-align: justify;\">La poblaci\u00f3 no forma un sol nucli agrupat, al contrari, \u00e9s distribu\u00efda de manera desigual dins el territori. Cal distingir quatre nuclis urbans: Mont-ral, Farena, l&#8217;Aix\u00e0viga i el Bosquet, i dues zones de masies disperses: Cabrera i la Cadeneta. Hi ha, a m\u00e9s, diferents masos a\u00efllats. Amb una poblaci\u00f3 aproximada de 182 habitants, el territori \u00e9s enlairat i divers, format per dues zones ben diferenciades: la vall del riu de Glorieta i la vall del riu Brugent.\u00a0 Malgrat la seva proximitat a la mar, el clima \u00e9s molt extremat, degut a l&#8217;altitud del terme, que arriba fins als 1.075 m al Puig Pelat i la seva cota m\u00e9s baixa \u00e9s de 375 m, al l\u00edmit inferior de la vall del riu de Glorieta.<\/p>\n<p style=\"text-align: justify;\">Mont-ral \u00e9s un bonic poble amb un entorn natural d\u2019una gran bellesa, que ha de tenir una escola preciosa, plena de persones amb il\u00b7lusi\u00f3. Una escola que tingui com a objectiu com\u00fa ser un espai d\u2019aprenentatge, benestar i seguretat que permeti els infants equivocar-se per aprendre, on conviure de forma harm\u00f2nica i desenvolupar al m\u00e0xim les seves capacitats, compet\u00e8ncies, habilitats i aprenentatges, amb una s\u00f2lida base emocional i social.<\/p>\n<p style=\"text-align: justify;\">\u00c9s dif\u00edcil imaginar aquest projecte sense la complicitat, la cohesi\u00f3 i el suport de tots els membres de la comunitat educativa. Amb el convenciment que aquest projecte sigui viu, engrescador i comprom\u00e8s, esperem poder obrir nous horitzons, fent-ne part\u00edcip a tota la comunitat educativa, amb la il\u00b7lusi\u00f3, el desig de participar i col\u00b7laborar, l\u2019emoci\u00f3 per compartir, l\u2019afany de tirar endavant un projecte no nom\u00e9s educatiu, sin\u00f3 un projecte de vida que ens acompanyar\u00e0 a tots i a totes al llarg de molts anys.<\/p>\n<p style=\"text-align: justify;\">\n","protected":false},"excerpt":{"rendered":"<p>L\u2019escola El Bosc est\u00e0 situada al poble de Mont-ral, tal i com indica el seu nom. El centre escolar neix el curs 2016\/2017 despr\u00e8s de re-obrir l&#8217;escola que portava 18 anys tancada. L\u2019escola de Mont-ral forma part de la ZER el Francol\u00ed, que agrupa alhora les comunitats educatives de 4 municipis: Picamoixons, La Mas\u00f3, La [&hellip;]<\/p>\n","protected":false},"author":1,"featured_media":0,"parent":22,"menu_order":20,"comment_status":"closed","ping_status":"closed","template":"page-templates\/side-menu.php","meta":{"_bbp_topic_count":0,"_bbp_reply_count":0,"_bbp_total_topic_count":0,"_bbp_total_reply_count":0,"_bbp_voice_count":0,"_bbp_anonymous_reply_count":0,"_bbp_topic_count_hidden":0,"_bbp_reply_count_hidden":0,"_bbp_forum_subforum_count":0,"site-sidebar-layout":"default","site-content-layout":"","ast-site-content-layout":"","site-content-style":"default","site-sidebar-style":"default","ast-global-header-display":"","ast-banner-title-visibility":"","ast-main-header-display":"","ast-hfb-above-header-display":"","ast-hfb-below-header-display":"","ast-hfb-mobile-header-display":"","site-post-title":"","ast-breadcrumbs-content":"","ast-featured-img":"","footer-sml-layout":"","theme-transparent-header-meta":"","adv-header-id-meta":"","stick-header-meta":"","header-above-stick-meta":"","header-main-stick-meta":"","header-below-stick-meta":"","astra-migrate-meta-layouts":"default","ast-page-background-enabled":"default","ast-page-background-meta":{"desktop":{"background-color":"var(--ast-global-color-4)","background-image":"","background-repeat":"repeat","background-position":"center center","background-size":"auto","background-attachment":"scroll","background-type":"","background-media":"","overlay-type":"","overlay-color":"","overlay-opacity":"","overlay-gradient":""},"tablet":{"background-color":"","background-image":"","background-repeat":"repeat","background-position":"center center","background-size":"auto","background-attachment":"scroll","background-type":"","background-media":"","overlay-type":"","overlay-color":"","overlay-opacity":"","overlay-gradient":""},"mobile":{"background-color":"","background-image":"","background-repeat":"repeat","background-position":"center center","background-size":"auto","background-attachment":"scroll","background-type":"","background-media":"","overlay-type":"","overlay-color":"","overlay-opacity":"","overlay-gradient":""}},"ast-content-background-meta":{"desktop":{"background-color":"var(--ast-global-color-5)","background-image":"","background-repeat":"repeat","background-position":"center center","background-size":"auto","background-attachment":"scroll","background-type":"","background-media":"","overlay-type":"","overlay-color":"","overlay-opacity":"","overlay-gradient":""},"tablet":{"background-color":"var(--ast-global-color-5)","background-image":"","background-repeat":"repeat","background-position":"center center","background-size":"auto","background-attachment":"scroll","background-type":"","background-media":"","overlay-type":"","overlay-color":"","overlay-opacity":"","overlay-gradient":""},"mobile":{"background-color":"var(--ast-global-color-5)","background-image":"","background-repeat":"repeat","background-position":"center center","background-size":"auto","background-attachment":"scroll","background-type":"","background-media":"","overlay-type":"","overlay-color":"","overlay-opacity":"","overlay-gradient":""}},"footnotes":""},"class_list":["post-26","page","type-page","status-publish","hentry"],"post_mailing_queue_ids":[],"_links":{"self":[{"href":"https:\/\/agora.xtec.cat\/escola-elboscmontral\/wp-json\/wp\/v2\/pages\/26","targetHints":{"allow":["GET"]}}],"collection":[{"href":"https:\/\/agora.xtec.cat\/escola-elboscmontral\/wp-json\/wp\/v2\/pages"}],"about":[{"href":"https:\/\/agora.xtec.cat\/escola-elboscmontral\/wp-json\/wp\/v2\/types\/page"}],"author":[{"embeddable":true,"href":"https:\/\/agora.xtec.cat\/escola-elboscmontral\/wp-json\/wp\/v2\/users\/1"}],"replies":[{"embeddable":true,"href":"https:\/\/agora.xtec.cat\/escola-elboscmontral\/wp-json\/wp\/v2\/comments?post=26"}],"version-history":[{"count":5,"href":"https:\/\/agora.xtec.cat\/escola-elboscmontral\/wp-json\/wp\/v2\/pages\/26\/revisions"}],"predecessor-version":[{"id":554,"href":"https:\/\/agora.xtec.cat\/escola-elboscmontral\/wp-json\/wp\/v2\/pages\/26\/revisions\/554"}],"up":[{"embeddable":true,"href":"https:\/\/agora.xtec.cat\/escola-elboscmontral\/wp-json\/wp\/v2\/pages\/22"}],"wp:attachment":[{"href":"https:\/\/agora.xtec.cat\/escola-elboscmontral\/wp-json\/wp\/v2\/media?parent=26"}],"curies":[{"name":"wp","href":"https:\/\/api.w.org\/{rel}","templated":true}]}}