{"id":22,"date":"2014-09-18T12:19:57","date_gmt":"2014-09-18T11:19:57","guid":{"rendered":"http:\/\/agora.xtec.cat\/escola-elboscmontral\/?page_id=22"},"modified":"2025-11-03T08:51:43","modified_gmt":"2025-11-03T07:51:43","slug":"lescola","status":"publish","type":"page","link":"https:\/\/agora.xtec.cat\/escola-elboscmontral\/lescola\/","title":{"rendered":"L&#8217;escola"},"content":{"rendered":"<p style=\"text-align: justify;\"><a href=\"https:\/\/agora.xtec.cat\/escola-elboscmontral\/wp-content\/uploads\/usu158\/2025\/02\/Cartell-Portes-Obertes-25-2.jpg\"><img loading=\"lazy\" decoding=\"async\" class=\"size-medium wp-image-2252 aligncenter\" src=\"https:\/\/agora.xtec.cat\/escola-elboscmontral\/wp-content\/uploads\/usu158\/2025\/02\/Cartell-Portes-Obertes-25-2-212x300.jpg\" alt=\"\" width=\"212\" height=\"300\" \/><\/a><\/p>\n<p style=\"text-align: justify;\"><span style=\"font-family: inherit; font-size: 1em;\">Al bonic poble de <strong>Mont-ral<\/strong> est\u00e0 ubicada l&#8217;acollidora Escola El Bosc. En aquest poble cal distingir quatre nuclis urbans: <\/span><em style=\"font-family: inherit; font-size: 1em;\">Mont-ral, Farena, l&#8217;Aix\u00e0viga i el Bosquet, i dues zones de masies disperses: Cabrera i la Cadeneta.<\/em><span style=\"font-family: inherit; font-size: 1em;\"> Hi ha, a m\u00e9s, diferents masos a\u00efllats. Amb una poblaci\u00f3 aproximada de 164 habitants. El territori \u00e9s enlairat i divers, format per dues zones ben diferenciades: la vall del riu de la Glorieta i la vall del riu Brugent. Mont-ral \u00e9s un poble que ho t\u00e9 tot: la seva proximitat al mar ens ofereix una visi\u00f3 espectacular d&#8217;aquest, des de l&#8217;Esplanada i, a m\u00e9s podem gaudir del bosc que ens ofereixen Les Muntanyes de Prades.\u00a0<\/span><\/p>\n<p style=\"text-align: justify;\">L\u2019<strong>Escola el Bosc<\/strong> es va reobrir el curs 2016-17, despr\u00e9s de m\u00e9s de 18 anys tancada. Fa uns quants anys amb l\u2019onada de repoblaci\u00f3 de fam\u00edlies joves, emprenedores, amb una mirada oberta, respectuosa i innovadora vers l\u2019educaci\u00f3 i amb la recerca d\u2019una nova vida m\u00e9s tranquil\u00b7la, allunyada de les ciutats i en contacte directe amb la natura, es va decidir reobrir l\u2019escola amb el suport de l\u2019Ajuntament i el Departament d\u2019Educaci\u00f3. Algunes d\u2019aquestes fam\u00edlies treballen en el mateix Municipi, elaborant els seus propis productes locals i ecol\u00f2gics, fomentant les petites empreses del sector agr\u00edcola m\u00e9s proper o b\u00e9 promocionant el poble i l\u2019entorn en diversos tipus d\u2019allotjaments i cases rurals pr\u00f2pies dins el sector de la permacultura i del sector responsable i coherent amb el medi natural i els ecosistemes.<\/p>\n<p style=\"text-align: justify;\">Des del projecte de direcci\u00f3 i el projecte educatiu s\u2019opta per una escola que tingui com a objectiu com\u00fa ser un espai d\u2019aprenentatge, benestar i seguretat que permeti als infants equivocar-se per aprendre i cr\u00e9ixer en autonomia, on conviure de forma harm\u00f2nica i desenvolupar al m\u00e0xim les seves capacitats, compet\u00e8ncies, habilitats i aprenentatges, amb una s\u00f2lida base emocional i social. Tot aix\u00f2 des d\u2019una visi\u00f3 human\u00edstica i hol\u00edstica de l\u2019educaci\u00f3. \u00c9s un projecte basat en els principis de la <em>pedagogia sist\u00e8mica, l\u2019enfocament de l\u2019educaci\u00f3 viva i activa, la mirada respectuosa<\/em> envers els infants, fam\u00edlies i entorn i una educaci\u00f3 en i per la Natura. Tamb\u00e9 es prioritza que els infants, mitjan\u00e7ant la manera de treballar de l\u2019escola, adquireixin uns valors i actituds personals com pot ser la responsabilitat, la perseveran\u00e7a, la creativitat lliure, la gesti\u00f3 emocional, la capacitat d\u2019escollir, d\u2019imaginar projectes i de convertir les idees en les accions, d\u2019aprendre de les errades, d\u2019assumir riscos i de treballar en equip. L&#8217;Escola El Bosc es converteix aix\u00ed, en una nova oportunitat de reconsiderar el vincle entre educaci\u00f3, desenvolupament social i entorn natural, ent\u00e8s com un desenvolupament col\u00b7lectiu harmoni\u00f3s, que concep les persones dins el context de les comunitats socials i culturals i del seu entorn natural.<\/p>\n","protected":false},"excerpt":{"rendered":"<p>Al bonic poble de Mont-ral est\u00e0 ubicada l&#8217;acollidora Escola El Bosc. En aquest poble cal distingir quatre nuclis urbans: Mont-ral, Farena, l&#8217;Aix\u00e0viga i el Bosquet, i dues zones de masies disperses: Cabrera i la Cadeneta. Hi ha, a m\u00e9s, diferents masos a\u00efllats. Amb una poblaci\u00f3 aproximada de 164 habitants. El territori \u00e9s enlairat i divers, [&hellip;]<\/p>\n","protected":false},"author":1,"featured_media":0,"parent":0,"menu_order":0,"comment_status":"closed","ping_status":"closed","template":"","meta":{"_bbp_topic_count":0,"_bbp_reply_count":0,"_bbp_total_topic_count":0,"_bbp_total_reply_count":0,"_bbp_voice_count":0,"_bbp_anonymous_reply_count":0,"_bbp_topic_count_hidden":0,"_bbp_reply_count_hidden":0,"_bbp_forum_subforum_count":0,"site-sidebar-layout":"default","site-content-layout":"","ast-site-content-layout":"default","site-content-style":"default","site-sidebar-style":"default","ast-global-header-display":"","ast-banner-title-visibility":"","ast-main-header-display":"","ast-hfb-above-header-display":"","ast-hfb-below-header-display":"","ast-hfb-mobile-header-display":"","site-post-title":"","ast-breadcrumbs-content":"","ast-featured-img":"","footer-sml-layout":"","theme-transparent-header-meta":"default","adv-header-id-meta":"","stick-header-meta":"","header-above-stick-meta":"","header-main-stick-meta":"","header-below-stick-meta":"","astra-migrate-meta-layouts":"set","ast-page-background-enabled":"default","ast-page-background-meta":{"desktop":{"background-color":"var(--ast-global-color-4)","background-image":"","background-repeat":"repeat","background-position":"center center","background-size":"auto","background-attachment":"scroll","background-type":"","background-media":"","overlay-type":"","overlay-color":"","overlay-opacity":"","overlay-gradient":""},"tablet":{"background-color":"","background-image":"","background-repeat":"repeat","background-position":"center center","background-size":"auto","background-attachment":"scroll","background-type":"","background-media":"","overlay-type":"","overlay-color":"","overlay-opacity":"","overlay-gradient":""},"mobile":{"background-color":"","background-image":"","background-repeat":"repeat","background-position":"center center","background-size":"auto","background-attachment":"scroll","background-type":"","background-media":"","overlay-type":"","overlay-color":"","overlay-opacity":"","overlay-gradient":""}},"ast-content-background-meta":{"desktop":{"background-color":"var(--ast-global-color-5)","background-image":"","background-repeat":"repeat","background-position":"center center","background-size":"auto","background-attachment":"scroll","background-type":"","background-media":"","overlay-type":"","overlay-color":"","overlay-opacity":"","overlay-gradient":""},"tablet":{"background-color":"var(--ast-global-color-5)","background-image":"","background-repeat":"repeat","background-position":"center center","background-size":"auto","background-attachment":"scroll","background-type":"","background-media":"","overlay-type":"","overlay-color":"","overlay-opacity":"","overlay-gradient":""},"mobile":{"background-color":"var(--ast-global-color-5)","background-image":"","background-repeat":"repeat","background-position":"center center","background-size":"auto","background-attachment":"scroll","background-type":"","background-media":"","overlay-type":"","overlay-color":"","overlay-opacity":"","overlay-gradient":""}},"footnotes":""},"class_list":["post-22","page","type-page","status-publish","hentry"],"post_mailing_queue_ids":[],"_links":{"self":[{"href":"https:\/\/agora.xtec.cat\/escola-elboscmontral\/wp-json\/wp\/v2\/pages\/22","targetHints":{"allow":["GET"]}}],"collection":[{"href":"https:\/\/agora.xtec.cat\/escola-elboscmontral\/wp-json\/wp\/v2\/pages"}],"about":[{"href":"https:\/\/agora.xtec.cat\/escola-elboscmontral\/wp-json\/wp\/v2\/types\/page"}],"author":[{"embeddable":true,"href":"https:\/\/agora.xtec.cat\/escola-elboscmontral\/wp-json\/wp\/v2\/users\/1"}],"replies":[{"embeddable":true,"href":"https:\/\/agora.xtec.cat\/escola-elboscmontral\/wp-json\/wp\/v2\/comments?post=22"}],"version-history":[{"count":3,"href":"https:\/\/agora.xtec.cat\/escola-elboscmontral\/wp-json\/wp\/v2\/pages\/22\/revisions"}],"predecessor-version":[{"id":2324,"href":"https:\/\/agora.xtec.cat\/escola-elboscmontral\/wp-json\/wp\/v2\/pages\/22\/revisions\/2324"}],"wp:attachment":[{"href":"https:\/\/agora.xtec.cat\/escola-elboscmontral\/wp-json\/wp\/v2\/media?parent=22"}],"curies":[{"name":"wp","href":"https:\/\/api.w.org\/{rel}","templated":true}]}}