{"id":683,"date":"2022-01-31T12:37:08","date_gmt":"2022-01-31T11:37:08","guid":{"rendered":"https:\/\/agora.xtec.cat\/escola-ciutat-alba\/?page_id=683"},"modified":"2022-02-07T12:26:51","modified_gmt":"2022-02-07T11:26:51","slug":"petits-musics-solidaris","status":"publish","type":"page","link":"https:\/\/agora.xtec.cat\/escola-ciutat-alba\/petits-musics-solidaris\/","title":{"rendered":"Petits m\u00fasics solidaris"},"content":{"rendered":"<p>&#8220;Petits m\u00fasics solidaris&#8221; \u00e9s una iniciativa d&#8217;un grup de mares caminadores que t\u00e9 com a objectiu apropar els nostres infants a realitats socials molt diferents i, alhora, fer-los conscients.<\/p>\n<p>Tot comen\u00e7a l&#8217;any 2014 quan aquest grup de mares decideix participar a la\u00a0<em>BARCELONA MAGIC LINE &#8220;BML&#8221;<\/em>\u00a0-caminada ben\u00e8fica de l&#8217;Obra Social Sant Joan de D\u00e9u- i amb el pretext del recapte de fons, sensibilitzar els m\u00e9s joves, oferint-los la possibilitat de ser-ne els protagonistes.<\/p>\n<p>Amb l&#8217;ajuda\u00a0 dels mestres de m\u00fasica del Ciutat d&#8217;Alba, proposen fer un concert dinamitzat i interpretat \u00fanicament per nens i nenes de l&#8217;escola. A partir d&#8217;aqu\u00ed, s&#8217;engega\u00a0tot un engranatge que va des del disseny dels cartells del concert o la venda d&#8217;entrades, fins les seves\u00a0interpretacions\u00a0musicals\u00a0al Teatre de Mira-sol.<\/p>\n<p>Una iniciativa en la que els valors socials i l&#8217;art s&#8217;uneixen per ajudar els m\u00e9s desfavorits de la m\u00e0 dels m\u00e9s petits i que, encara avui, es mant\u00e9 gr\u00e0cies a la implicaci\u00f3 de la nostra comunitat educativa.<\/p>\n<p><a href=\"https:\/\/www.magiclinesjd.org\/ca\/actualitat\/Les-activitats-per-captar-fons-poden-ser-una-eina-educativa\">https:\/\/www.magiclinesjd.org\/ca\/actualitat\/Les-activitats-per-captar-fons-poden-ser-una-eina-educativa<\/a><\/p>\n<p><a href=\"https:\/\/youtu.be\/_u4iIpfNTJg\">Petits m\u00fasics de Ciutat d&#8217;Alba<\/a><\/p>\n","protected":false},"excerpt":{"rendered":"<p>&#8220;Petits m\u00fasics solidaris&#8221; \u00e9s una iniciativa d&#8217;un grup de mares caminadores que t\u00e9 com a objectiu apropar els nostres infants [&hellip;]<\/p>\n","protected":false},"author":1,"featured_media":0,"parent":0,"menu_order":0,"comment_status":"closed","ping_status":"closed","template":"","meta":{"_bbp_topic_count":0,"_bbp_reply_count":0,"_bbp_total_topic_count":0,"_bbp_total_reply_count":0,"_bbp_voice_count":0,"_bbp_anonymous_reply_count":0,"_bbp_topic_count_hidden":0,"_bbp_reply_count_hidden":0,"_bbp_forum_subforum_count":0,"site-sidebar-layout":"default","site-content-layout":"","ast-site-content-layout":"","site-content-style":"default","site-sidebar-style":"default","ast-global-header-display":"","ast-banner-title-visibility":"","ast-main-header-display":"","ast-hfb-above-header-display":"","ast-hfb-below-header-display":"","ast-hfb-mobile-header-display":"","site-post-title":"","ast-breadcrumbs-content":"","ast-featured-img":"","footer-sml-layout":"","theme-transparent-header-meta":"","adv-header-id-meta":"","stick-header-meta":"","header-above-stick-meta":"","header-main-stick-meta":"","header-below-stick-meta":"","astra-migrate-meta-layouts":"default","ast-page-background-enabled":"default","ast-page-background-meta":{"desktop":{"background-color":"var(--ast-global-color-4)","background-image":"","background-repeat":"repeat","background-position":"center center","background-size":"auto","background-attachment":"scroll","background-type":"","background-media":"","overlay-type":"","overlay-color":"","overlay-opacity":"","overlay-gradient":""},"tablet":{"background-color":"","background-image":"","background-repeat":"repeat","background-position":"center center","background-size":"auto","background-attachment":"scroll","background-type":"","background-media":"","overlay-type":"","overlay-color":"","overlay-opacity":"","overlay-gradient":""},"mobile":{"background-color":"","background-image":"","background-repeat":"repeat","background-position":"center center","background-size":"auto","background-attachment":"scroll","background-type":"","background-media":"","overlay-type":"","overlay-color":"","overlay-opacity":"","overlay-gradient":""}},"ast-content-background-meta":{"desktop":{"background-color":"var(--ast-global-color-5)","background-image":"","background-repeat":"repeat","background-position":"center center","background-size":"auto","background-attachment":"scroll","background-type":"","background-media":"","overlay-type":"","overlay-color":"","overlay-opacity":"","overlay-gradient":""},"tablet":{"background-color":"var(--ast-global-color-5)","background-image":"","background-repeat":"repeat","background-position":"center center","background-size":"auto","background-attachment":"scroll","background-type":"","background-media":"","overlay-type":"","overlay-color":"","overlay-opacity":"","overlay-gradient":""},"mobile":{"background-color":"var(--ast-global-color-5)","background-image":"","background-repeat":"repeat","background-position":"center center","background-size":"auto","background-attachment":"scroll","background-type":"","background-media":"","overlay-type":"","overlay-color":"","overlay-opacity":"","overlay-gradient":""}},"footnotes":""},"class_list":["post-683","page","type-page","status-publish","hentry"],"post_mailing_queue_ids":[],"_links":{"self":[{"href":"https:\/\/agora.xtec.cat\/escola-ciutat-alba\/wp-json\/wp\/v2\/pages\/683","targetHints":{"allow":["GET"]}}],"collection":[{"href":"https:\/\/agora.xtec.cat\/escola-ciutat-alba\/wp-json\/wp\/v2\/pages"}],"about":[{"href":"https:\/\/agora.xtec.cat\/escola-ciutat-alba\/wp-json\/wp\/v2\/types\/page"}],"author":[{"embeddable":true,"href":"https:\/\/agora.xtec.cat\/escola-ciutat-alba\/wp-json\/wp\/v2\/users\/1"}],"replies":[{"embeddable":true,"href":"https:\/\/agora.xtec.cat\/escola-ciutat-alba\/wp-json\/wp\/v2\/comments?post=683"}],"version-history":[{"count":3,"href":"https:\/\/agora.xtec.cat\/escola-ciutat-alba\/wp-json\/wp\/v2\/pages\/683\/revisions"}],"predecessor-version":[{"id":693,"href":"https:\/\/agora.xtec.cat\/escola-ciutat-alba\/wp-json\/wp\/v2\/pages\/683\/revisions\/693"}],"wp:attachment":[{"href":"https:\/\/agora.xtec.cat\/escola-ciutat-alba\/wp-json\/wp\/v2\/media?parent=683"}],"curies":[{"name":"wp","href":"https:\/\/api.w.org\/{rel}","templated":true}]}}