{"id":679,"date":"2022-01-31T12:35:52","date_gmt":"2022-01-31T11:35:52","guid":{"rendered":"https:\/\/agora.xtec.cat\/escola-ciutat-alba\/?page_id=679"},"modified":"2022-01-31T12:56:03","modified_gmt":"2022-01-31T11:56:03","slug":"remis","status":"publish","type":"page","link":"https:\/\/agora.xtec.cat\/escola-ciutat-alba\/remis\/","title":{"rendered":"REMIS"},"content":{"rendered":"<p>Treballem el projecte REMIS a Prim\u00e0ria.<\/p>\n<p><strong><em>Projecte REMIS<\/em><\/strong>\u00a0(<em>Recerca en Educaci\u00f3 musical i interacci\u00f3 social<\/em>) \u2013 M\u00fasica en conjunt.<\/p>\n<p>El projecte\u00a0<em>Remis \u2013 M\u00fasica en conjunt<\/em>\u00a0sorgeix del grup de recerca de M\u00fasica i Educaci\u00f3 GRUMED de la Universitat Aut\u00f2noma de Barcelona amb col\u00b7laboraci\u00f3 amb el Conservatori de M\u00fasica Vict\u00f2ria dels \u00c0ngels de Sant Cugat del Vall\u00e8s.<\/p>\n<p>Els eixos del projecte es basen en tres grans pilars:<\/p>\n<p>1)\u00a0\u00a0\u00a0\u00a0\u00a0\u00a0Escoltar: escolto i aprenc dels grans m\u00fasics.<\/p>\n<p>2)\u00a0\u00a0\u00a0\u00a0\u00a0\u00a0Interpretar: copio les obres que he escoltat.<\/p>\n<p>3)\u00a0\u00a0\u00a0\u00a0\u00a0\u00a0Crear: experimento, provo com es fa i creo la meva m\u00fasica.<\/p>\n<p>Comptarem amb la intervenci\u00f3 de diferents professors del Conservatori que entraran a l\u2019aula de m\u00fasica i desenvoluparan, juntament amb l\u2019especialista de m\u00fasica, el repertori escollit.<\/p>\n<p>El projecte\u00a0<em>Remis \u2013 M\u00fasica en conjunt<\/em> durar\u00e0 4 anys amb la iniciaci\u00f3 d\u2019un instrument a Cicle Mitj\u00e0 (guitarra\/percussi\u00f3).<\/p>\n<p>Com a objectius principals, el projecte REMIS destaca:<\/p>\n<p>\u2013\u00a0\u00a0\u00a0\u00a0\u00a0\u00a0\u00a0\u00a0\u00a0\u00a0Formaci\u00f3 permanent de l\u2019especialista de m\u00fasica de l\u2019escola i, per tant, trasp\u00e0s de coneixements.<\/p>\n<p>\u2013\u00a0\u00a0\u00a0\u00a0\u00a0\u00a0\u00a0\u00a0\u00a0\u00a0Democratitzaci\u00f3 l\u2019educaci\u00f3 musical. La m\u00fasica ha d\u2019estar a l\u2019abast de tothom.<\/p>\n","protected":false},"excerpt":{"rendered":"<p>Treballem el projecte REMIS a Prim\u00e0ria. Projecte REMIS\u00a0(Recerca en Educaci\u00f3 musical i interacci\u00f3 social) \u2013 M\u00fasica en conjunt. El projecte\u00a0Remis [&hellip;]<\/p>\n","protected":false},"author":1,"featured_media":0,"parent":0,"menu_order":0,"comment_status":"closed","ping_status":"closed","template":"","meta":{"_bbp_topic_count":0,"_bbp_reply_count":0,"_bbp_total_topic_count":0,"_bbp_total_reply_count":0,"_bbp_voice_count":0,"_bbp_anonymous_reply_count":0,"_bbp_topic_count_hidden":0,"_bbp_reply_count_hidden":0,"_bbp_forum_subforum_count":0,"site-sidebar-layout":"default","site-content-layout":"","ast-site-content-layout":"","site-content-style":"default","site-sidebar-style":"default","ast-global-header-display":"","ast-banner-title-visibility":"","ast-main-header-display":"","ast-hfb-above-header-display":"","ast-hfb-below-header-display":"","ast-hfb-mobile-header-display":"","site-post-title":"","ast-breadcrumbs-content":"","ast-featured-img":"","footer-sml-layout":"","theme-transparent-header-meta":"","adv-header-id-meta":"","stick-header-meta":"","header-above-stick-meta":"","header-main-stick-meta":"","header-below-stick-meta":"","astra-migrate-meta-layouts":"default","ast-page-background-enabled":"default","ast-page-background-meta":{"desktop":{"background-color":"var(--ast-global-color-4)","background-image":"","background-repeat":"repeat","background-position":"center center","background-size":"auto","background-attachment":"scroll","background-type":"","background-media":"","overlay-type":"","overlay-color":"","overlay-opacity":"","overlay-gradient":""},"tablet":{"background-color":"","background-image":"","background-repeat":"repeat","background-position":"center center","background-size":"auto","background-attachment":"scroll","background-type":"","background-media":"","overlay-type":"","overlay-color":"","overlay-opacity":"","overlay-gradient":""},"mobile":{"background-color":"","background-image":"","background-repeat":"repeat","background-position":"center center","background-size":"auto","background-attachment":"scroll","background-type":"","background-media":"","overlay-type":"","overlay-color":"","overlay-opacity":"","overlay-gradient":""}},"ast-content-background-meta":{"desktop":{"background-color":"var(--ast-global-color-5)","background-image":"","background-repeat":"repeat","background-position":"center center","background-size":"auto","background-attachment":"scroll","background-type":"","background-media":"","overlay-type":"","overlay-color":"","overlay-opacity":"","overlay-gradient":""},"tablet":{"background-color":"var(--ast-global-color-5)","background-image":"","background-repeat":"repeat","background-position":"center center","background-size":"auto","background-attachment":"scroll","background-type":"","background-media":"","overlay-type":"","overlay-color":"","overlay-opacity":"","overlay-gradient":""},"mobile":{"background-color":"var(--ast-global-color-5)","background-image":"","background-repeat":"repeat","background-position":"center center","background-size":"auto","background-attachment":"scroll","background-type":"","background-media":"","overlay-type":"","overlay-color":"","overlay-opacity":"","overlay-gradient":""}},"footnotes":""},"class_list":["post-679","page","type-page","status-publish","hentry"],"post_mailing_queue_ids":[],"_links":{"self":[{"href":"https:\/\/agora.xtec.cat\/escola-ciutat-alba\/wp-json\/wp\/v2\/pages\/679","targetHints":{"allow":["GET"]}}],"collection":[{"href":"https:\/\/agora.xtec.cat\/escola-ciutat-alba\/wp-json\/wp\/v2\/pages"}],"about":[{"href":"https:\/\/agora.xtec.cat\/escola-ciutat-alba\/wp-json\/wp\/v2\/types\/page"}],"author":[{"embeddable":true,"href":"https:\/\/agora.xtec.cat\/escola-ciutat-alba\/wp-json\/wp\/v2\/users\/1"}],"replies":[{"embeddable":true,"href":"https:\/\/agora.xtec.cat\/escola-ciutat-alba\/wp-json\/wp\/v2\/comments?post=679"}],"version-history":[{"count":3,"href":"https:\/\/agora.xtec.cat\/escola-ciutat-alba\/wp-json\/wp\/v2\/pages\/679\/revisions"}],"predecessor-version":[{"id":691,"href":"https:\/\/agora.xtec.cat\/escola-ciutat-alba\/wp-json\/wp\/v2\/pages\/679\/revisions\/691"}],"wp:attachment":[{"href":"https:\/\/agora.xtec.cat\/escola-ciutat-alba\/wp-json\/wp\/v2\/media?parent=679"}],"curies":[{"name":"wp","href":"https:\/\/api.w.org\/{rel}","templated":true}]}}