{"id":487,"date":"2021-11-09T11:39:01","date_gmt":"2021-11-09T10:39:01","guid":{"rendered":"https:\/\/agora.xtec.cat\/escola-ciutat-alba\/?page_id=487"},"modified":"2025-09-16T12:10:32","modified_gmt":"2025-09-16T10:10:32","slug":"equip-docent","status":"publish","type":"page","link":"https:\/\/agora.xtec.cat\/escola-ciutat-alba\/equip-docent\/","title":{"rendered":"Equip Hum\u00e0"},"content":{"rendered":"<h3><\/h3>\n<h3>TUTORIES D\u2019INFANTIL<\/h3>\n<p>I3A \u00c0NECS &#8211; Vanessa Exp\u00f3sito<\/p>\n<p>I3B CONILLS &#8211; Cristina Cruxent<\/p>\n<p>I4A TAURONS- Berta Bacarisas<\/p>\n<p>I4B\u00a0 TORTUGUES MARINES &#8211; Andrea Sampons\u00a0&#8211; <em>Coordinadora de cicle d&#8217;infantil\u00a0<\/em><\/p>\n<p>I5A CAVALLS- S\u00f2nia Garcia<\/p>\n<p>I5B GUINEUS- Zara Hern\u00e1ndez<\/p>\n<p>&nbsp;<\/p>\n<h3>TUTORIES DE PRIM\u00c0RIA<\/h3>\n<p>CICLE INICIAL<\/p>\n<p>1rA FLOCS DE NEU &#8211; Cristina Cortecero<\/p>\n<p>1rB ESQUELETS- Sheila Reina &#8211; <em>Coordinadora de cicle inicial<\/em><\/p>\n<p>2nA PLANTES- Alexandra Pocurull<\/p>\n<p>2nB COETS- Sandra Moreno<\/p>\n<p>CICLE MITJ\u00c0<\/p>\n<p>3rA &#8211; Mar Jauset &#8211; <em>Coordinadora de cicle mitj\u00e0<\/em><\/p>\n<p>3rB -Susana Calbo &#8211; <em>Coordinadora de riscos laborals<\/em><\/p>\n<p>4tA ESPIES -Mireia Negre &#8211; <em>Coordinadora LIC<\/em><\/p>\n<p>4tB ASTRONAUTES &#8211;\u00a0 Gemma Aguil\u00f3<\/p>\n<p>&nbsp;<\/p>\n<p>CICLE SUPERIOR<\/p>\n<p>5\u00e8A NATUREG\u00cdPCIS &#8211; Xavier Carbonell<\/p>\n<p>5\u00e8B INSECTOKERS -Ana Garc\u00eda<\/p>\n<p>6\u00e8A LA GAL\u00c0XIA &#8211; Anna Garrigosa &#8211; Adelaida Garcia<\/p>\n<p>6\u00e8B TECNOL\u00d2GICS &#8211; Al\u00edcia D\u00edaz &#8211;<em> Coordinadora de cicle superior<\/em><\/p>\n<p>&nbsp;<\/p>\n<h3>EQUIP DIRECTIU<\/h3>\n<p>Directora- Anna Garrigosa<\/p>\n<p>Cap d&#8217;estudis- Jordi Gonz\u00e1lez<\/p>\n<p>Secretari- Xavi Mart\u00ednez<\/p>\n<p>&nbsp;<\/p>\n<h3>ESPECIALISTES<\/h3>\n<p>SUPORTS:\u00a0 Montse Gonz\u00e1lez, M\u00f2nica Guirado , S\u00edlvia Ubeda, Jordi Gonz\u00e1lez<\/p>\n<p>TEI: Pili Garc\u00eda<\/p>\n<p>ATENCI\u00d3 A LA DIVERSITAT: Georgina Casamitjana i Maria Riera &#8211; <em>Coordinadora COCOBE<\/em><\/p>\n<p>EDUCADORS D&#8217;ATENCI\u00d3 A LA DIVERSITAT: S\u00edlvia Dot i Ferran \u00c1lvarez<\/p>\n<p>SIEI: N\u00faria Toledano<\/p>\n<p>SIEI +: Mayca Varea<\/p>\n<p>ANGL\u00c8S: \u00c0ngels Abarca i Urgell Obiols &#8211; <em>Coordinadora Digital<\/em><\/p>\n<p>M\u00daSICA: Raquel Belmonte<\/p>\n<p>EDUCACI\u00d3 F\u00cdSICA:\u00a0Alicia Cort\u00e9s\u00a0 i Xavi Mart\u00ednez<\/p>\n<p>&nbsp;<\/p>\n<h3>PERSONAL D\u2019ADMINISTRACI\u00d3 I SERVEIS<\/h3>\n<p>Carme Font- Conserge<\/p>\n<p>Sandra Garc\u00eda- Administrativa<\/p>\n<p>&nbsp;<\/p>\n<h3>ALTRES SERVEIS<\/h3>\n<p>S\u00edlvia Sanz- Psicopedagoga<\/p>\n<p>Marina Aimerich &#8211; Logopeda<\/p>\n<p>Marta Dom\u00ednguez &#8211; Fisioterapeuta<\/p>\n<p>Gemma Gallego, Pau Cobos, Sandra Mazuera i Mariona Galli- Vetlladors<\/p>\n<p>&nbsp;<\/p>\n<h3>EQUIP DE MONITORS<\/h3>\n<p>A c\u00e0rrec de l&#8217;empresa PAIDOS<\/p>\n<p>Artur Riba:<em> Coordinaci\u00f3 migdia<\/em><\/p>\n<p>Adri\u00e0 Illa: <em>Coordinador extraescolars\u00a0<\/em><\/p>\n","protected":false},"excerpt":{"rendered":"<p>TUTORIES D\u2019INFANTIL I3A \u00c0NECS &#8211; Vanessa Exp\u00f3sito I3B CONILLS &#8211; Cristina Cruxent I4A TAURONS- Berta Bacarisas I4B\u00a0 TORTUGUES MARINES &#8211; [&hellip;]<\/p>\n","protected":false},"author":1,"featured_media":0,"parent":0,"menu_order":0,"comment_status":"closed","ping_status":"closed","template":"","meta":{"_bbp_topic_count":0,"_bbp_reply_count":0,"_bbp_total_topic_count":0,"_bbp_total_reply_count":0,"_bbp_voice_count":0,"_bbp_anonymous_reply_count":0,"_bbp_topic_count_hidden":0,"_bbp_reply_count_hidden":0,"_bbp_forum_subforum_count":0,"site-sidebar-layout":"default","site-content-layout":"","ast-site-content-layout":"default","site-content-style":"default","site-sidebar-style":"default","ast-global-header-display":"","ast-banner-title-visibility":"","ast-main-header-display":"","ast-hfb-above-header-display":"","ast-hfb-below-header-display":"","ast-hfb-mobile-header-display":"","site-post-title":"","ast-breadcrumbs-content":"","ast-featured-img":"","footer-sml-layout":"","theme-transparent-header-meta":"default","adv-header-id-meta":"","stick-header-meta":"","header-above-stick-meta":"","header-main-stick-meta":"","header-below-stick-meta":"","astra-migrate-meta-layouts":"set","ast-page-background-enabled":"default","ast-page-background-meta":{"desktop":{"background-color":"var(--ast-global-color-4)","background-image":"","background-repeat":"repeat","background-position":"center center","background-size":"auto","background-attachment":"scroll","background-type":"","background-media":"","overlay-type":"","overlay-color":"","overlay-opacity":"","overlay-gradient":""},"tablet":{"background-color":"","background-image":"","background-repeat":"repeat","background-position":"center center","background-size":"auto","background-attachment":"scroll","background-type":"","background-media":"","overlay-type":"","overlay-color":"","overlay-opacity":"","overlay-gradient":""},"mobile":{"background-color":"","background-image":"","background-repeat":"repeat","background-position":"center center","background-size":"auto","background-attachment":"scroll","background-type":"","background-media":"","overlay-type":"","overlay-color":"","overlay-opacity":"","overlay-gradient":""}},"ast-content-background-meta":{"desktop":{"background-color":"var(--ast-global-color-5)","background-image":"","background-repeat":"repeat","background-position":"center center","background-size":"auto","background-attachment":"scroll","background-type":"","background-media":"","overlay-type":"","overlay-color":"","overlay-opacity":"","overlay-gradient":""},"tablet":{"background-color":"var(--ast-global-color-5)","background-image":"","background-repeat":"repeat","background-position":"center center","background-size":"auto","background-attachment":"scroll","background-type":"","background-media":"","overlay-type":"","overlay-color":"","overlay-opacity":"","overlay-gradient":""},"mobile":{"background-color":"var(--ast-global-color-5)","background-image":"","background-repeat":"repeat","background-position":"center center","background-size":"auto","background-attachment":"scroll","background-type":"","background-media":"","overlay-type":"","overlay-color":"","overlay-opacity":"","overlay-gradient":""}},"footnotes":""},"class_list":["post-487","page","type-page","status-publish","hentry"],"post_mailing_queue_ids":[],"_links":{"self":[{"href":"https:\/\/agora.xtec.cat\/escola-ciutat-alba\/wp-json\/wp\/v2\/pages\/487","targetHints":{"allow":["GET"]}}],"collection":[{"href":"https:\/\/agora.xtec.cat\/escola-ciutat-alba\/wp-json\/wp\/v2\/pages"}],"about":[{"href":"https:\/\/agora.xtec.cat\/escola-ciutat-alba\/wp-json\/wp\/v2\/types\/page"}],"author":[{"embeddable":true,"href":"https:\/\/agora.xtec.cat\/escola-ciutat-alba\/wp-json\/wp\/v2\/users\/1"}],"replies":[{"embeddable":true,"href":"https:\/\/agora.xtec.cat\/escola-ciutat-alba\/wp-json\/wp\/v2\/comments?post=487"}],"version-history":[{"count":6,"href":"https:\/\/agora.xtec.cat\/escola-ciutat-alba\/wp-json\/wp\/v2\/pages\/487\/revisions"}],"predecessor-version":[{"id":3294,"href":"https:\/\/agora.xtec.cat\/escola-ciutat-alba\/wp-json\/wp\/v2\/pages\/487\/revisions\/3294"}],"wp:attachment":[{"href":"https:\/\/agora.xtec.cat\/escola-ciutat-alba\/wp-json\/wp\/v2\/media?parent=487"}],"curies":[{"name":"wp","href":"https:\/\/api.w.org\/{rel}","templated":true}]}}