{"id":989,"date":"2022-05-13T12:49:51","date_gmt":"2022-05-13T10:49:51","guid":{"rendered":"https:\/\/agora.xtec.cat\/escola-can-clos\/?page_id=989"},"modified":"2026-02-05T19:48:26","modified_gmt":"2026-02-05T18:48:26","slug":"projecte-educatiu-de-centre-pec","status":"publish","type":"page","link":"https:\/\/agora.xtec.cat\/escola-can-clos\/projecte-educatiu\/projecte-educatiu-de-centre-pec\/","title":{"rendered":"Projecte Educatiu de Centre (PEC)"},"content":{"rendered":"<p style=\"text-align: justify;\">Aquest document defineix la identitat i el car\u00e0cter propi del nostre centre, tenint en compte la nostra realitat dins el context s\u00f2cio-econ\u00f2mic i cultural de les fam\u00edlies i alumnes que en formen part. Explicita els objectius per sistematitzar les activitats, concreta els plantejaments educatius, els elements organitzatius i precisa els indicadors per a l\u2019avaluaci\u00f3. T\u00e9 per finalitat que el nostre alumnat assoleixi les compet\u00e8ncies b\u00e0siques i en tregui el m\u00e0xim aprofitament educatiu.<\/p>\n<p style=\"text-align: justify;\">Som una escola centrada en les persones i en la seva formaci\u00f3 on s\u2019integren els processos d\u2019ensenyament-aprenentatge als continguts vinculats a la coeducaci\u00f3, la ciutadania, la conviv\u00e8ncia, l\u2019educaci\u00f3 ambiental, la salut i ajuden als alumnes a obrir-se a un m\u00f3n de dimensions m\u00e9s \u00e0mplies, garantint l\u2019equitat com a garantia d\u2019igualtat d\u2019oportunitats.<\/p>\n<p style=\"text-align: justify;\">A l\u2019Escola Can Clos pretenem formar els nostres alumnes de forma respectuosa i inclusiva en la diversitat social. Amb una din\u00e0mica oberta al nostre entorn, volem aconseguir un comprom\u00eds de les fam\u00edlies, que afavoreixi la seva confian\u00e7a per fer un cam\u00ed com\u00fa i participatiu en el proc\u00e9s educatiu.<\/p>\n<p style=\"text-align: justify;\"><a href=\"https:\/\/drive.google.com\/file\/d\/1whk2zWHe9sQjvkfDEObnaxQ-85zIVOB1\/view?usp=sharing\">PEC 2025<\/a><\/p>\n","protected":false},"excerpt":{"rendered":"<p>Aquest document defineix la identitat i el car\u00e0cter propi del nostre centre, tenint en compte la nostra realitat dins el context s\u00f2cio-econ\u00f2mic i cultural de les fam\u00edlies i alumnes que en formen part. Explicita els objectius per sistematitzar les activitats, concreta els plantejaments educatius, els elements organitzatius i precisa els indicadors per a l\u2019avaluaci\u00f3. T\u00e9 [&hellip;]<\/p>\n","protected":false},"author":1,"featured_media":0,"parent":64,"menu_order":1,"comment_status":"closed","ping_status":"closed","template":"","meta":{"_bbp_topic_count":0,"_bbp_reply_count":0,"_bbp_total_topic_count":0,"_bbp_total_reply_count":0,"_bbp_voice_count":0,"_bbp_anonymous_reply_count":0,"_bbp_topic_count_hidden":0,"_bbp_reply_count_hidden":0,"_bbp_forum_subforum_count":0,"site-sidebar-layout":"default","site-content-layout":"","ast-site-content-layout":"default","site-content-style":"default","site-sidebar-style":"default","ast-global-header-display":"","ast-banner-title-visibility":"","ast-main-header-display":"","ast-hfb-above-header-display":"","ast-hfb-below-header-display":"","ast-hfb-mobile-header-display":"","site-post-title":"","ast-breadcrumbs-content":"","ast-featured-img":"","footer-sml-layout":"","theme-transparent-header-meta":"default","adv-header-id-meta":"","stick-header-meta":"","header-above-stick-meta":"","header-main-stick-meta":"","header-below-stick-meta":"","astra-migrate-meta-layouts":"set","ast-page-background-enabled":"default","ast-page-background-meta":{"desktop":{"background-color":"var(--ast-global-color-4)","background-image":"","background-repeat":"repeat","background-position":"center center","background-size":"auto","background-attachment":"scroll","background-type":"","background-media":"","overlay-type":"","overlay-color":"","overlay-opacity":"","overlay-gradient":""},"tablet":{"background-color":"","background-image":"","background-repeat":"repeat","background-position":"center center","background-size":"auto","background-attachment":"scroll","background-type":"","background-media":"","overlay-type":"","overlay-color":"","overlay-opacity":"","overlay-gradient":""},"mobile":{"background-color":"","background-image":"","background-repeat":"repeat","background-position":"center center","background-size":"auto","background-attachment":"scroll","background-type":"","background-media":"","overlay-type":"","overlay-color":"","overlay-opacity":"","overlay-gradient":""}},"ast-content-background-meta":{"desktop":{"background-color":"var(--ast-global-color-5)","background-image":"","background-repeat":"repeat","background-position":"center center","background-size":"auto","background-attachment":"scroll","background-type":"","background-media":"","overlay-type":"","overlay-color":"","overlay-opacity":"","overlay-gradient":""},"tablet":{"background-color":"var(--ast-global-color-5)","background-image":"","background-repeat":"repeat","background-position":"center center","background-size":"auto","background-attachment":"scroll","background-type":"","background-media":"","overlay-type":"","overlay-color":"","overlay-opacity":"","overlay-gradient":""},"mobile":{"background-color":"var(--ast-global-color-5)","background-image":"","background-repeat":"repeat","background-position":"center center","background-size":"auto","background-attachment":"scroll","background-type":"","background-media":"","overlay-type":"","overlay-color":"","overlay-opacity":"","overlay-gradient":""}},"footnotes":""},"class_list":["post-989","page","type-page","status-publish","hentry"],"post_mailing_queue_ids":[],"_links":{"self":[{"href":"https:\/\/agora.xtec.cat\/escola-can-clos\/wp-json\/wp\/v2\/pages\/989","targetHints":{"allow":["GET"]}}],"collection":[{"href":"https:\/\/agora.xtec.cat\/escola-can-clos\/wp-json\/wp\/v2\/pages"}],"about":[{"href":"https:\/\/agora.xtec.cat\/escola-can-clos\/wp-json\/wp\/v2\/types\/page"}],"author":[{"embeddable":true,"href":"https:\/\/agora.xtec.cat\/escola-can-clos\/wp-json\/wp\/v2\/users\/1"}],"replies":[{"embeddable":true,"href":"https:\/\/agora.xtec.cat\/escola-can-clos\/wp-json\/wp\/v2\/comments?post=989"}],"version-history":[{"count":6,"href":"https:\/\/agora.xtec.cat\/escola-can-clos\/wp-json\/wp\/v2\/pages\/989\/revisions"}],"predecessor-version":[{"id":4467,"href":"https:\/\/agora.xtec.cat\/escola-can-clos\/wp-json\/wp\/v2\/pages\/989\/revisions\/4467"}],"up":[{"embeddable":true,"href":"https:\/\/agora.xtec.cat\/escola-can-clos\/wp-json\/wp\/v2\/pages\/64"}],"wp:attachment":[{"href":"https:\/\/agora.xtec.cat\/escola-can-clos\/wp-json\/wp\/v2\/media?parent=989"}],"curies":[{"name":"wp","href":"https:\/\/api.w.org\/{rel}","templated":true}]}}