{"id":73,"date":"2014-09-18T14:01:51","date_gmt":"2014-09-18T13:01:51","guid":{"rendered":"http:\/\/agora.xtec.cat\/escola-can-clos\/?page_id=73"},"modified":"2026-03-27T15:20:14","modified_gmt":"2026-03-27T14:20:14","slug":"menjador-escolar","status":"publish","type":"page","link":"https:\/\/agora.xtec.cat\/escola-can-clos\/serveis\/menjador-escolar\/","title":{"rendered":"Menjador escolar"},"content":{"rendered":"<p>Disposem d\u2019un menjador amb cuina pr\u00f2pia. El menjador escolar \u00e9s un servei de car\u00e0cter voluntari que t\u00e9 com objectiu vetllar per garantir una bona alimentaci\u00f3 als nostres infants, aix\u00ed com desenvolupar activitats encaminades a l&#8217;adquisici\u00f3 d&#8217;h\u00e0bits d&#8217;higiene i socials.<\/p>\n<table style=\"border-collapse: collapse; width: 100%;\">\n<tbody>\n<tr>\n<td style=\"width: 20%; text-align: center;\"><a href=\"https:\/\/agora.xtec.cat\/escola-can-clos\/wp-content\/uploads\/usu2456\/2026\/03\/ESCOLA-CAN-CLOS-MENU-BASAL-ABRIL-2026-1.png\"><strong>MEN\u00da BASAL<\/strong><\/a><\/td>\n<td style=\"width: 20%; text-align: center;\"><a href=\"https:\/\/agora.xtec.cat\/escola-can-clos\/wp-content\/uploads\/usu2456\/2026\/03\/ESCOLA_CAN_CLOS-Menu_Halal_-Abril_2026_832_6_4_2026-1.png\"><strong>MEN\u00da HALAL<\/strong><\/a><\/td>\n<td style=\"width: 20%; text-align: center;\"><a href=\"https:\/\/agora.xtec.cat\/escola-can-clos\/wp-content\/uploads\/usu2456\/2026\/03\/ESCOLA_CAN_CLOS-Menu_vega-Abril_2026_832_25_4_2026-1.png\"><strong>MEN\u00da VEG\u00c0<\/strong><\/a><\/td>\n<td style=\"width: 20%; text-align: center;\"><a href=\"https:\/\/agora.xtec.cat\/escola-can-clos\/wp-content\/uploads\/usu2456\/2026\/03\/ESCOLA_CAN_CLOS-Menu_sense_ou-Abril_2026_832_7_4_2026-1.png\"><strong>MEN\u00da SENSE OU<\/strong><\/a><\/td>\n<td style=\"width: 20%; text-align: center;\"><a href=\"https:\/\/agora.xtec.cat\/escola-can-clos\/wp-content\/uploads\/usu2456\/2026\/03\/ESCOLA_CAN_CLOS-Menu_sense_lactosa_ni_soja-Abril_2026_832_255_4_2026-1.png\"><strong>MEN\u00da SENSE LACTOSA NI SOJA<\/strong><\/a><\/td>\n<\/tr>\n<tr>\n<td style=\"width: 20%;\"><a href=\"https:\/\/agora.xtec.cat\/escola-can-clos\/wp-content\/uploads\/usu2456\/2026\/03\/ESCOLA-CAN-CLOS-MENU-BASAL-ABRIL-2026-1.png\"><img loading=\"lazy\" decoding=\"async\" class=\"aligncenter size-large wp-image-4619\" src=\"https:\/\/agora.xtec.cat\/escola-can-clos\/wp-content\/uploads\/usu2456\/2026\/03\/ESCOLA-CAN-CLOS-MENU-BASAL-ABRIL-2026-1-1024x724.png\" alt=\"\" width=\"1024\" height=\"724\" srcset=\"https:\/\/agora.xtec.cat\/escola-can-clos\/wp-content\/uploads\/usu2456\/2026\/03\/ESCOLA-CAN-CLOS-MENU-BASAL-ABRIL-2026-1-1024x724.png 1024w, https:\/\/agora.xtec.cat\/escola-can-clos\/wp-content\/uploads\/usu2456\/2026\/03\/ESCOLA-CAN-CLOS-MENU-BASAL-ABRIL-2026-1-300x212.png 300w, https:\/\/agora.xtec.cat\/escola-can-clos\/wp-content\/uploads\/usu2456\/2026\/03\/ESCOLA-CAN-CLOS-MENU-BASAL-ABRIL-2026-1-768x543.png 768w, https:\/\/agora.xtec.cat\/escola-can-clos\/wp-content\/uploads\/usu2456\/2026\/03\/ESCOLA-CAN-CLOS-MENU-BASAL-ABRIL-2026-1-1536x1086.png 1536w, https:\/\/agora.xtec.cat\/escola-can-clos\/wp-content\/uploads\/usu2456\/2026\/03\/ESCOLA-CAN-CLOS-MENU-BASAL-ABRIL-2026-1-2048x1448.png 2048w\" sizes=\"auto, (max-width: 1024px) 100vw, 1024px\" \/><\/a><\/td>\n<td style=\"width: 20%;\"><a href=\"https:\/\/agora.xtec.cat\/escola-can-clos\/wp-content\/uploads\/usu2456\/2026\/03\/ESCOLA_CAN_CLOS-Menu_Halal_-Abril_2026_832_6_4_2026-1.png\"><img loading=\"lazy\" decoding=\"async\" class=\"aligncenter size-large wp-image-4620\" src=\"https:\/\/agora.xtec.cat\/escola-can-clos\/wp-content\/uploads\/usu2456\/2026\/03\/ESCOLA_CAN_CLOS-Menu_Halal_-Abril_2026_832_6_4_2026-1-1024x724.png\" alt=\"\" width=\"1024\" height=\"724\" srcset=\"https:\/\/agora.xtec.cat\/escola-can-clos\/wp-content\/uploads\/usu2456\/2026\/03\/ESCOLA_CAN_CLOS-Menu_Halal_-Abril_2026_832_6_4_2026-1-1024x724.png 1024w, https:\/\/agora.xtec.cat\/escola-can-clos\/wp-content\/uploads\/usu2456\/2026\/03\/ESCOLA_CAN_CLOS-Menu_Halal_-Abril_2026_832_6_4_2026-1-300x212.png 300w, https:\/\/agora.xtec.cat\/escola-can-clos\/wp-content\/uploads\/usu2456\/2026\/03\/ESCOLA_CAN_CLOS-Menu_Halal_-Abril_2026_832_6_4_2026-1-768x543.png 768w, https:\/\/agora.xtec.cat\/escola-can-clos\/wp-content\/uploads\/usu2456\/2026\/03\/ESCOLA_CAN_CLOS-Menu_Halal_-Abril_2026_832_6_4_2026-1-1536x1086.png 1536w, https:\/\/agora.xtec.cat\/escola-can-clos\/wp-content\/uploads\/usu2456\/2026\/03\/ESCOLA_CAN_CLOS-Menu_Halal_-Abril_2026_832_6_4_2026-1-2048x1448.png 2048w\" sizes=\"auto, (max-width: 1024px) 100vw, 1024px\" \/><\/a><\/td>\n<td style=\"width: 20%;\"><a href=\"https:\/\/agora.xtec.cat\/escola-can-clos\/wp-content\/uploads\/usu2456\/2026\/03\/ESCOLA_CAN_CLOS-Menu_vega-Abril_2026_832_25_4_2026-1.png\"><img loading=\"lazy\" decoding=\"async\" class=\"aligncenter size-large wp-image-4621\" src=\"https:\/\/agora.xtec.cat\/escola-can-clos\/wp-content\/uploads\/usu2456\/2026\/03\/ESCOLA_CAN_CLOS-Menu_vega-Abril_2026_832_25_4_2026-1-1024x724.png\" alt=\"\" width=\"1024\" height=\"724\" srcset=\"https:\/\/agora.xtec.cat\/escola-can-clos\/wp-content\/uploads\/usu2456\/2026\/03\/ESCOLA_CAN_CLOS-Menu_vega-Abril_2026_832_25_4_2026-1-1024x724.png 1024w, https:\/\/agora.xtec.cat\/escola-can-clos\/wp-content\/uploads\/usu2456\/2026\/03\/ESCOLA_CAN_CLOS-Menu_vega-Abril_2026_832_25_4_2026-1-300x212.png 300w, https:\/\/agora.xtec.cat\/escola-can-clos\/wp-content\/uploads\/usu2456\/2026\/03\/ESCOLA_CAN_CLOS-Menu_vega-Abril_2026_832_25_4_2026-1-768x543.png 768w, https:\/\/agora.xtec.cat\/escola-can-clos\/wp-content\/uploads\/usu2456\/2026\/03\/ESCOLA_CAN_CLOS-Menu_vega-Abril_2026_832_25_4_2026-1-1536x1086.png 1536w, https:\/\/agora.xtec.cat\/escola-can-clos\/wp-content\/uploads\/usu2456\/2026\/03\/ESCOLA_CAN_CLOS-Menu_vega-Abril_2026_832_25_4_2026-1-2048x1448.png 2048w\" sizes=\"auto, (max-width: 1024px) 100vw, 1024px\" \/><\/a><\/td>\n<td style=\"width: 20%;\"><a href=\"https:\/\/agora.xtec.cat\/escola-can-clos\/wp-content\/uploads\/usu2456\/2026\/03\/ESCOLA_CAN_CLOS-Menu_sense_ou-Abril_2026_832_7_4_2026-1.png\"><img loading=\"lazy\" decoding=\"async\" class=\"aligncenter size-large wp-image-4622\" src=\"https:\/\/agora.xtec.cat\/escola-can-clos\/wp-content\/uploads\/usu2456\/2026\/03\/ESCOLA_CAN_CLOS-Menu_sense_ou-Abril_2026_832_7_4_2026-1-1024x724.png\" alt=\"\" width=\"1024\" height=\"724\" srcset=\"https:\/\/agora.xtec.cat\/escola-can-clos\/wp-content\/uploads\/usu2456\/2026\/03\/ESCOLA_CAN_CLOS-Menu_sense_ou-Abril_2026_832_7_4_2026-1-1024x724.png 1024w, https:\/\/agora.xtec.cat\/escola-can-clos\/wp-content\/uploads\/usu2456\/2026\/03\/ESCOLA_CAN_CLOS-Menu_sense_ou-Abril_2026_832_7_4_2026-1-300x212.png 300w, https:\/\/agora.xtec.cat\/escola-can-clos\/wp-content\/uploads\/usu2456\/2026\/03\/ESCOLA_CAN_CLOS-Menu_sense_ou-Abril_2026_832_7_4_2026-1-768x543.png 768w, https:\/\/agora.xtec.cat\/escola-can-clos\/wp-content\/uploads\/usu2456\/2026\/03\/ESCOLA_CAN_CLOS-Menu_sense_ou-Abril_2026_832_7_4_2026-1-1536x1086.png 1536w, https:\/\/agora.xtec.cat\/escola-can-clos\/wp-content\/uploads\/usu2456\/2026\/03\/ESCOLA_CAN_CLOS-Menu_sense_ou-Abril_2026_832_7_4_2026-1-2048x1448.png 2048w\" sizes=\"auto, (max-width: 1024px) 100vw, 1024px\" \/><\/a><\/td>\n<td style=\"width: 20%;\"><a href=\"https:\/\/agora.xtec.cat\/escola-can-clos\/wp-content\/uploads\/usu2456\/2026\/03\/ESCOLA_CAN_CLOS-Menu_sense_lactosa_ni_soja-Abril_2026_832_255_4_2026-1.png\"><img loading=\"lazy\" decoding=\"async\" class=\"aligncenter size-large wp-image-4623\" src=\"https:\/\/agora.xtec.cat\/escola-can-clos\/wp-content\/uploads\/usu2456\/2026\/03\/ESCOLA_CAN_CLOS-Menu_sense_lactosa_ni_soja-Abril_2026_832_255_4_2026-1-1024x724.png\" alt=\"\" width=\"1024\" height=\"724\" srcset=\"https:\/\/agora.xtec.cat\/escola-can-clos\/wp-content\/uploads\/usu2456\/2026\/03\/ESCOLA_CAN_CLOS-Menu_sense_lactosa_ni_soja-Abril_2026_832_255_4_2026-1-1024x724.png 1024w, https:\/\/agora.xtec.cat\/escola-can-clos\/wp-content\/uploads\/usu2456\/2026\/03\/ESCOLA_CAN_CLOS-Menu_sense_lactosa_ni_soja-Abril_2026_832_255_4_2026-1-300x212.png 300w, https:\/\/agora.xtec.cat\/escola-can-clos\/wp-content\/uploads\/usu2456\/2026\/03\/ESCOLA_CAN_CLOS-Menu_sense_lactosa_ni_soja-Abril_2026_832_255_4_2026-1-768x543.png 768w, https:\/\/agora.xtec.cat\/escola-can-clos\/wp-content\/uploads\/usu2456\/2026\/03\/ESCOLA_CAN_CLOS-Menu_sense_lactosa_ni_soja-Abril_2026_832_255_4_2026-1-1536x1086.png 1536w, https:\/\/agora.xtec.cat\/escola-can-clos\/wp-content\/uploads\/usu2456\/2026\/03\/ESCOLA_CAN_CLOS-Menu_sense_lactosa_ni_soja-Abril_2026_832_255_4_2026-1-2048x1448.png 2048w\" sizes=\"auto, (max-width: 1024px) 100vw, 1024px\" \/><\/a><\/td>\n<\/tr>\n<\/tbody>\n<\/table>\n","protected":false},"excerpt":{"rendered":"<p>Disposem d\u2019un menjador amb cuina pr\u00f2pia. El menjador escolar \u00e9s un servei de car\u00e0cter voluntari que t\u00e9 com objectiu vetllar per garantir una bona alimentaci\u00f3 als nostres infants, aix\u00ed com desenvolupar activitats encaminades a l&#8217;adquisici\u00f3 d&#8217;h\u00e0bits d&#8217;higiene i socials. MEN\u00da BASAL MEN\u00da HALAL MEN\u00da VEG\u00c0 MEN\u00da SENSE OU MEN\u00da SENSE LACTOSA NI SOJA<\/p>\n","protected":false},"author":1,"featured_media":0,"parent":66,"menu_order":1,"comment_status":"closed","ping_status":"closed","template":"","meta":{"_bbp_topic_count":0,"_bbp_reply_count":0,"_bbp_total_topic_count":0,"_bbp_total_reply_count":0,"_bbp_voice_count":0,"_bbp_anonymous_reply_count":0,"_bbp_topic_count_hidden":0,"_bbp_reply_count_hidden":0,"_bbp_forum_subforum_count":0,"site-sidebar-layout":"default","site-content-layout":"","ast-site-content-layout":"default","site-content-style":"default","site-sidebar-style":"default","ast-global-header-display":"","ast-banner-title-visibility":"","ast-main-header-display":"","ast-hfb-above-header-display":"","ast-hfb-below-header-display":"","ast-hfb-mobile-header-display":"","site-post-title":"","ast-breadcrumbs-content":"","ast-featured-img":"","footer-sml-layout":"","theme-transparent-header-meta":"default","adv-header-id-meta":"","stick-header-meta":"","header-above-stick-meta":"","header-main-stick-meta":"","header-below-stick-meta":"","astra-migrate-meta-layouts":"set","ast-page-background-enabled":"default","ast-page-background-meta":{"desktop":{"background-color":"var(--ast-global-color-4)","background-image":"","background-repeat":"repeat","background-position":"center center","background-size":"auto","background-attachment":"scroll","background-type":"","background-media":"","overlay-type":"","overlay-color":"","overlay-opacity":"","overlay-gradient":""},"tablet":{"background-color":"","background-image":"","background-repeat":"repeat","background-position":"center center","background-size":"auto","background-attachment":"scroll","background-type":"","background-media":"","overlay-type":"","overlay-color":"","overlay-opacity":"","overlay-gradient":""},"mobile":{"background-color":"","background-image":"","background-repeat":"repeat","background-position":"center center","background-size":"auto","background-attachment":"scroll","background-type":"","background-media":"","overlay-type":"","overlay-color":"","overlay-opacity":"","overlay-gradient":""}},"ast-content-background-meta":{"desktop":{"background-color":"var(--ast-global-color-5)","background-image":"","background-repeat":"repeat","background-position":"center center","background-size":"auto","background-attachment":"scroll","background-type":"","background-media":"","overlay-type":"","overlay-color":"","overlay-opacity":"","overlay-gradient":""},"tablet":{"background-color":"var(--ast-global-color-5)","background-image":"","background-repeat":"repeat","background-position":"center center","background-size":"auto","background-attachment":"scroll","background-type":"","background-media":"","overlay-type":"","overlay-color":"","overlay-opacity":"","overlay-gradient":""},"mobile":{"background-color":"var(--ast-global-color-5)","background-image":"","background-repeat":"repeat","background-position":"center center","background-size":"auto","background-attachment":"scroll","background-type":"","background-media":"","overlay-type":"","overlay-color":"","overlay-opacity":"","overlay-gradient":""}},"footnotes":""},"class_list":["post-73","page","type-page","status-publish","hentry"],"post_mailing_queue_ids":[],"_links":{"self":[{"href":"https:\/\/agora.xtec.cat\/escola-can-clos\/wp-json\/wp\/v2\/pages\/73","targetHints":{"allow":["GET"]}}],"collection":[{"href":"https:\/\/agora.xtec.cat\/escola-can-clos\/wp-json\/wp\/v2\/pages"}],"about":[{"href":"https:\/\/agora.xtec.cat\/escola-can-clos\/wp-json\/wp\/v2\/types\/page"}],"author":[{"embeddable":true,"href":"https:\/\/agora.xtec.cat\/escola-can-clos\/wp-json\/wp\/v2\/users\/1"}],"replies":[{"embeddable":true,"href":"https:\/\/agora.xtec.cat\/escola-can-clos\/wp-json\/wp\/v2\/comments?post=73"}],"version-history":[{"count":8,"href":"https:\/\/agora.xtec.cat\/escola-can-clos\/wp-json\/wp\/v2\/pages\/73\/revisions"}],"predecessor-version":[{"id":4624,"href":"https:\/\/agora.xtec.cat\/escola-can-clos\/wp-json\/wp\/v2\/pages\/73\/revisions\/4624"}],"up":[{"embeddable":true,"href":"https:\/\/agora.xtec.cat\/escola-can-clos\/wp-json\/wp\/v2\/pages\/66"}],"wp:attachment":[{"href":"https:\/\/agora.xtec.cat\/escola-can-clos\/wp-json\/wp\/v2\/media?parent=73"}],"curies":[{"name":"wp","href":"https:\/\/api.w.org\/{rel}","templated":true}]}}