{"id":26,"date":"2014-09-18T12:24:32","date_gmt":"2014-09-18T11:24:32","guid":{"rendered":"http:\/\/agora.xtec.cat\/escola-can-clos\/?page_id=26"},"modified":"2024-02-01T20:55:49","modified_gmt":"2024-02-01T19:55:49","slug":"historia","status":"publish","type":"page","link":"https:\/\/agora.xtec.cat\/escola-can-clos\/lescola\/historia\/","title":{"rendered":"Presentaci\u00f3"},"content":{"rendered":"<p style=\"text-align: justify;\">Una escola centrada en les persones i en la seva formaci\u00f3 on s\u2019integren els processos d\u2019ensenyament-aprenentatge als continguts vinculats a la coeducaci\u00f3, la ciutadania, la conviv\u00e8ncia, l\u2019educaci\u00f3 ambiental, la salut i ajuden als alumnes a obrir-se a un m\u00f3n de dimensions m\u00e9s \u00e0mplies, garantint l&#8217;equitat com a garantia d&#8217;igualtat d&#8217;oportunitats.<\/p>\n<p style=\"text-align: justify;\">A l\u2019Escola Can Clos pretenem formar els nostres alumnes de forma respectuosa i inclusiva en la diversitat social. Amb una din\u00e0mica oberta al nostre entorn, volem aconseguir un comprom\u00eds de les fam\u00edlies, que afavoreixi la seva confian\u00e7a per fer un cam\u00ed com\u00fa i participatiu en el proc\u00e9s educatiu.<\/p>\n<p style=\"text-align: justify;\">\n<h4 style=\"text-align: justify;\">CAR\u00c0CTER PROPI<\/h4>\n<p style=\"text-align: justify;\"><strong>Una escola que creu en les persones i treballa per una societat m\u00e9s justa i humanitzada:<\/strong><\/p>\n<ul style=\"text-align: justify;\">\n<li>Eduquem per a la llibertat, la just\u00edcia, la solidaritat i la pau.<\/li>\n<li>Ajudem a descobrir i potenciar les pr\u00f2pies possibilitats, tan intel\u00b7lectuals com afectives.<\/li>\n<li>Promovem la inserci\u00f3 en la societat de forma responsable i constructiva.<\/li>\n<\/ul>\n<p style=\"text-align: justify;\"><strong>Una escola global que permet canvis d&#8217;una forma harm\u00f2nica i integral :<\/strong><\/p>\n<ul style=\"text-align: justify;\">\n<li>Ambient educatiu, acollidor, alegre, creatiu i amb dedicaci\u00f3 il\u00b7lusionada al treball de cada dia.<\/li>\n<li>Relaci\u00f3 educativa personal basada en la familiaritat, en la confian\u00e7a, en el di\u00e0leg i en la pres\u00e8ncia-conviv\u00e8ncia dels mestres amb els alumnes.<\/li>\n<li>Aplicaci\u00f3 del criteri preventiu, pel qual, mitjan\u00e7ant la ra\u00f3, la sensibilitat i l\u2019afecte, intentem promoure actituds positives en els nens\/es.<\/li>\n<li>Foment dels valors, actituds i normes d&#8217;una diversitat cultural i ideol\u00f2gica dels membres de la comunitat escolar.<\/li>\n<\/ul>\n<p style=\"text-align: justify;\"><strong>Una escola oberta al seu entorn:<\/strong><\/p>\n<ul style=\"text-align: justify;\">\n<li>Participaci\u00f3 activa en els Plans de barri i de zona.<\/li>\n<li>Millorar la imatge del centre vers el barri i la zona, positivant la imatge de l\u2019alumnat i les fam\u00edlies.<\/li>\n<li>Dinamitzaci\u00f3 d\u2019activitats extraescolars en el propi centre, obertes al barri i a la zona.<\/li>\n<li>Potenciar el respecte pel medi ambient col.laborant de forma activa en la proposta de l&#8217;Agenda 21; disposant l&#8217;escola d&#8217;un hort i una aula taller per a afavorir de forma m\u00e9s directa les actuacions ambientals per a la sostenibilitat.<\/li>\n<\/ul>\n<p style=\"text-align: justify;\"><strong>Una escola innovadora en els m\u00e8todes i en la pr\u00e0ctica educativa:<\/strong><\/p>\n<ul style=\"text-align: justify;\">\n<li>Orientem els alumnes en el seu treball formatiu, per tal que descobreixin les seves aptituds i limitacions, i aprenguin a desenvolupar totes les seves capacitats.<\/li>\n<li>Practiquem una metodologia did\u00e0ctica oberta i flexible, que faci realment possible l\u2019adquisici\u00f3 de coneixements, destreses i habilitats, i potenci\u00ef el treball cooperatiu.<\/li>\n<li>Potenciem l&#8217;aspecte instructiu i fomentem l&#8217;experimentaci\u00f3 i la investigaci\u00f3, alhora que treballem per a l&#8217;adquisici\u00f3 de la compet\u00e8ncia d&#8217;aprendre a aprendre, mitjan\u00e7ant el treball per projectes.<\/li>\n<li>Posem la tecnologia al servei de l\u2019educaci\u00f3, i preparem als alumnes per a la vida ensenyant-los a comprendre i criticar les noves formes d\u2019expressi\u00f3 que van essent habituals en la societat del segle XXI.<\/li>\n<li>Integrem els processos d\u2019ensenyament i aprenentatge als continguts vinculats a la coeducaci\u00f3, la ciutadania, la conviv\u00e8ncia, l\u2019educaci\u00f3 ambiental, la salut, la comunicaci\u00f3 audiovisual, l\u2019acc\u00e9s a la informaci\u00f3 i el gust per la lectura.<\/li>\n<li>Projectem l\u2019educaci\u00f3 m\u00e9s enll\u00e0 de l\u2019aula per potenciar l&#8217;aprenentatge, programant activitats que ajuden els alumnes a obrir-se a un m\u00f3n de dimensions m\u00e9s \u00e0mplies.<\/li>\n<\/ul>\n<p style=\"text-align: justify;\"><strong>Una escola que fomenta la participaci\u00f3 i vinculaci\u00f3 de tota la comunitat educativa :<br \/>\n<\/strong><\/p>\n<ul>\n<li style=\"text-align: justify;\">Una comunitat educativa basada en la participaci\u00f3 per a la gesti\u00f3 i organitzaci\u00f3 escolar.<\/li>\n<li style=\"text-align: justify;\">Un sistema normatiu que d\u00f3na claredat a les relacions, com a eina de bon ambient i de respecte de drets i deures de tothom.<\/li>\n<li style=\"text-align: justify;\">Un grup de mestres que treballen en equip, programen i es formen en permanent recerca de la qualitat docent i humana.<\/li>\n<li style=\"text-align: justify;\">Un projecte d\u2019acci\u00f3 tutorial que permet l\u2019atenci\u00f3 personalitzada als alumnes, com a principal eina d\u2019orientaci\u00f3 psicopedag\u00f2gica i de cura de les necessitats de tothom.<\/li>\n<li style=\"text-align: justify;\">Posem els mitjans necessaris perqu\u00e8 tothom se senti at\u00e8s, orientat i valorat, quan ho necessiti sense cap tipus de discriminaci\u00f3.<\/li>\n<li style=\"text-align: justify;\">Un equip que intenta garantir la integraci\u00f3 escolar i social de tot l\u2019alumnat, vetllant per obtenir el m\u00e0xim rendiment escolar, mitjan\u00e7ant les eines disponibles i mostrant expectatives positives respecte a les seves possibilitats.<\/li>\n<li style=\"text-align: justify;\">La participaci\u00f3 activa de professors, pares, personal no docent i alumnes s\u00f3n un ingredient b\u00e0sic de la vida de l\u2019escola per fer un cam\u00ed com\u00fa i participatiu en el proc\u00e9s educatiu.<\/li>\n<\/ul>\n","protected":false},"excerpt":{"rendered":"<p>Una escola centrada en les persones i en la seva formaci\u00f3 on s\u2019integren els processos d\u2019ensenyament-aprenentatge als continguts vinculats a la coeducaci\u00f3, la ciutadania, la conviv\u00e8ncia, l\u2019educaci\u00f3 ambiental, la salut i ajuden als alumnes a obrir-se a un m\u00f3n de dimensions m\u00e9s \u00e0mplies, garantint l&#8217;equitat com a garantia d&#8217;igualtat d&#8217;oportunitats. A l\u2019Escola Can Clos pretenem [&hellip;]<\/p>\n","protected":false},"author":1,"featured_media":0,"parent":22,"menu_order":20,"comment_status":"closed","ping_status":"closed","template":"page-templates\/side-menu.php","meta":{"_bbp_topic_count":0,"_bbp_reply_count":0,"_bbp_total_topic_count":0,"_bbp_total_reply_count":0,"_bbp_voice_count":0,"_bbp_anonymous_reply_count":0,"_bbp_topic_count_hidden":0,"_bbp_reply_count_hidden":0,"_bbp_forum_subforum_count":0,"site-sidebar-layout":"default","site-content-layout":"","ast-site-content-layout":"","site-content-style":"default","site-sidebar-style":"default","ast-global-header-display":"","ast-banner-title-visibility":"","ast-main-header-display":"","ast-hfb-above-header-display":"","ast-hfb-below-header-display":"","ast-hfb-mobile-header-display":"","site-post-title":"","ast-breadcrumbs-content":"","ast-featured-img":"","footer-sml-layout":"","theme-transparent-header-meta":"","adv-header-id-meta":"","stick-header-meta":"","header-above-stick-meta":"","header-main-stick-meta":"","header-below-stick-meta":"","astra-migrate-meta-layouts":"default","ast-page-background-enabled":"default","ast-page-background-meta":{"desktop":{"background-color":"var(--ast-global-color-4)","background-image":"","background-repeat":"repeat","background-position":"center center","background-size":"auto","background-attachment":"scroll","background-type":"","background-media":"","overlay-type":"","overlay-color":"","overlay-opacity":"","overlay-gradient":""},"tablet":{"background-color":"","background-image":"","background-repeat":"repeat","background-position":"center center","background-size":"auto","background-attachment":"scroll","background-type":"","background-media":"","overlay-type":"","overlay-color":"","overlay-opacity":"","overlay-gradient":""},"mobile":{"background-color":"","background-image":"","background-repeat":"repeat","background-position":"center center","background-size":"auto","background-attachment":"scroll","background-type":"","background-media":"","overlay-type":"","overlay-color":"","overlay-opacity":"","overlay-gradient":""}},"ast-content-background-meta":{"desktop":{"background-color":"var(--ast-global-color-5)","background-image":"","background-repeat":"repeat","background-position":"center center","background-size":"auto","background-attachment":"scroll","background-type":"","background-media":"","overlay-type":"","overlay-color":"","overlay-opacity":"","overlay-gradient":""},"tablet":{"background-color":"var(--ast-global-color-5)","background-image":"","background-repeat":"repeat","background-position":"center center","background-size":"auto","background-attachment":"scroll","background-type":"","background-media":"","overlay-type":"","overlay-color":"","overlay-opacity":"","overlay-gradient":""},"mobile":{"background-color":"var(--ast-global-color-5)","background-image":"","background-repeat":"repeat","background-position":"center center","background-size":"auto","background-attachment":"scroll","background-type":"","background-media":"","overlay-type":"","overlay-color":"","overlay-opacity":"","overlay-gradient":""}},"footnotes":""},"class_list":["post-26","page","type-page","status-publish","hentry"],"post_mailing_queue_ids":[],"_links":{"self":[{"href":"https:\/\/agora.xtec.cat\/escola-can-clos\/wp-json\/wp\/v2\/pages\/26","targetHints":{"allow":["GET"]}}],"collection":[{"href":"https:\/\/agora.xtec.cat\/escola-can-clos\/wp-json\/wp\/v2\/pages"}],"about":[{"href":"https:\/\/agora.xtec.cat\/escola-can-clos\/wp-json\/wp\/v2\/types\/page"}],"author":[{"embeddable":true,"href":"https:\/\/agora.xtec.cat\/escola-can-clos\/wp-json\/wp\/v2\/users\/1"}],"replies":[{"embeddable":true,"href":"https:\/\/agora.xtec.cat\/escola-can-clos\/wp-json\/wp\/v2\/comments?post=26"}],"version-history":[{"count":2,"href":"https:\/\/agora.xtec.cat\/escola-can-clos\/wp-json\/wp\/v2\/pages\/26\/revisions"}],"predecessor-version":[{"id":2666,"href":"https:\/\/agora.xtec.cat\/escola-can-clos\/wp-json\/wp\/v2\/pages\/26\/revisions\/2666"}],"up":[{"embeddable":true,"href":"https:\/\/agora.xtec.cat\/escola-can-clos\/wp-json\/wp\/v2\/pages\/22"}],"wp:attachment":[{"href":"https:\/\/agora.xtec.cat\/escola-can-clos\/wp-json\/wp\/v2\/media?parent=26"}],"curies":[{"name":"wp","href":"https:\/\/api.w.org\/{rel}","templated":true}]}}