{"id":1061,"date":"2022-05-17T12:45:33","date_gmt":"2022-05-17T10:45:33","guid":{"rendered":"https:\/\/agora.xtec.cat\/escola-can-clos\/?page_id=1061"},"modified":"2024-02-01T22:25:04","modified_gmt":"2024-02-01T21:25:04","slug":"dansa-ara-2","status":"publish","type":"page","link":"https:\/\/agora.xtec.cat\/escola-can-clos\/projectes\/dansa-ara-2\/","title":{"rendered":"Dansa Ara"},"content":{"rendered":"<p style=\"text-align: justify;\"><strong>Dansa Ara<\/strong> \u00e9s un gran esdeveniment de dansa contempor\u00e0nia organitzat per l\u2019Ajuntament de Barcelona i adre\u00e7at a l\u2019alumnat de cicle inicial d\u2019escoles de Barcelona. L&#8217;objectiu \u00e9s promocionar l\u2019aprenentatge de les habilitats r\u00edtmiques i art\u00edstiques dels infants mitjan\u00e7ant la dansa contempor\u00e0nia.<\/p>\n<p style=\"text-align: justify;\">La companyia Factoria Mascar\u00f3 \u00e9s l&#8217;encarregada de crear cada any un repertori de danses per l&#8217;ocasi\u00f3.<\/p>\n<p style=\"text-align: justify;\">Despr\u00e9s del treball d\u2019aprenentatge d\u2019un repertori de danses amb el professorat al centre educatiu, l\u2019alumnat participa en una jornada de dansa en la qual els nens i les nenes s\u00f3n protagonistes d\u2019un gran espectacle de dansa contempor\u00e0nia que t\u00e9 lloc actualment de nou al Palau Sant Jordi despr\u00e9s d\u2019haver passat per l\u2019Estadi Ol\u00edmpic Llu\u00eds Companys l\u2019any 2022.<\/p>\n<p style=\"text-align: justify;\">Aquesta activitat tamb\u00e9 compta amb la col\u00b7laboraci\u00f3 de les seg\u00fcents entitats: Companyia IT Dansa de l\u2019Institut del Teatre, Factoria Mascar\u00f3, Palau Sant Jordi-BSM i Barcelona Promoci\u00f3- Anella Ol\u00edmpica.<\/p>\n<p style=\"text-align: justify;\">Podeu con\u00e8ixer m\u00e9s sobre el Dansa Ara a: <a href=\"https:\/\/www.barcelona.cat\/ca\/que-pots-fer-a-bcn\/parc-montjuic\/noticies\/esport-i-dansa-ara-en-directe-2_1272323\">https:\/\/www.barcelona.cat\/ca\/que-pots-fer-a-bcn\/parc-montjuic\/noticies\/esport-i-dansa-ara-en-directe-2_1272323<\/a><\/p>\n<p><img decoding=\"async\" class=\"aligncenter\" src=\"https:\/\/palausantjordi.barcelona\/sites\/default\/files\/styles\/large\/public\/2023-05\/dansa%20ara.jpg?itok=weOa7t08\" alt=\"dansa%20ara\" \/><\/p>\n","protected":false},"excerpt":{"rendered":"<p>Dansa Ara \u00e9s un gran esdeveniment de dansa contempor\u00e0nia organitzat per l\u2019Ajuntament de Barcelona i adre\u00e7at a l\u2019alumnat de cicle inicial d\u2019escoles de Barcelona. L&#8217;objectiu \u00e9s promocionar l\u2019aprenentatge de les habilitats r\u00edtmiques i art\u00edstiques dels infants mitjan\u00e7ant la dansa contempor\u00e0nia. La companyia Factoria Mascar\u00f3 \u00e9s l&#8217;encarregada de crear cada any un repertori de danses per [&hellip;]<\/p>\n","protected":false},"author":1,"featured_media":0,"parent":993,"menu_order":6,"comment_status":"closed","ping_status":"closed","template":"page-templates\/side-menu.php","meta":{"_bbp_topic_count":0,"_bbp_reply_count":0,"_bbp_total_topic_count":0,"_bbp_total_reply_count":0,"_bbp_voice_count":0,"_bbp_anonymous_reply_count":0,"_bbp_topic_count_hidden":0,"_bbp_reply_count_hidden":0,"_bbp_forum_subforum_count":0,"site-sidebar-layout":"default","site-content-layout":"","ast-site-content-layout":"","site-content-style":"default","site-sidebar-style":"default","ast-global-header-display":"","ast-banner-title-visibility":"","ast-main-header-display":"","ast-hfb-above-header-display":"","ast-hfb-below-header-display":"","ast-hfb-mobile-header-display":"","site-post-title":"","ast-breadcrumbs-content":"","ast-featured-img":"","footer-sml-layout":"","theme-transparent-header-meta":"","adv-header-id-meta":"","stick-header-meta":"","header-above-stick-meta":"","header-main-stick-meta":"","header-below-stick-meta":"","astra-migrate-meta-layouts":"default","ast-page-background-enabled":"default","ast-page-background-meta":{"desktop":{"background-color":"var(--ast-global-color-4)","background-image":"","background-repeat":"repeat","background-position":"center center","background-size":"auto","background-attachment":"scroll","background-type":"","background-media":"","overlay-type":"","overlay-color":"","overlay-opacity":"","overlay-gradient":""},"tablet":{"background-color":"","background-image":"","background-repeat":"repeat","background-position":"center center","background-size":"auto","background-attachment":"scroll","background-type":"","background-media":"","overlay-type":"","overlay-color":"","overlay-opacity":"","overlay-gradient":""},"mobile":{"background-color":"","background-image":"","background-repeat":"repeat","background-position":"center center","background-size":"auto","background-attachment":"scroll","background-type":"","background-media":"","overlay-type":"","overlay-color":"","overlay-opacity":"","overlay-gradient":""}},"ast-content-background-meta":{"desktop":{"background-color":"var(--ast-global-color-5)","background-image":"","background-repeat":"repeat","background-position":"center center","background-size":"auto","background-attachment":"scroll","background-type":"","background-media":"","overlay-type":"","overlay-color":"","overlay-opacity":"","overlay-gradient":""},"tablet":{"background-color":"var(--ast-global-color-5)","background-image":"","background-repeat":"repeat","background-position":"center center","background-size":"auto","background-attachment":"scroll","background-type":"","background-media":"","overlay-type":"","overlay-color":"","overlay-opacity":"","overlay-gradient":""},"mobile":{"background-color":"var(--ast-global-color-5)","background-image":"","background-repeat":"repeat","background-position":"center center","background-size":"auto","background-attachment":"scroll","background-type":"","background-media":"","overlay-type":"","overlay-color":"","overlay-opacity":"","overlay-gradient":""}},"footnotes":""},"class_list":["post-1061","page","type-page","status-publish","hentry"],"post_mailing_queue_ids":[],"_links":{"self":[{"href":"https:\/\/agora.xtec.cat\/escola-can-clos\/wp-json\/wp\/v2\/pages\/1061","targetHints":{"allow":["GET"]}}],"collection":[{"href":"https:\/\/agora.xtec.cat\/escola-can-clos\/wp-json\/wp\/v2\/pages"}],"about":[{"href":"https:\/\/agora.xtec.cat\/escola-can-clos\/wp-json\/wp\/v2\/types\/page"}],"author":[{"embeddable":true,"href":"https:\/\/agora.xtec.cat\/escola-can-clos\/wp-json\/wp\/v2\/users\/1"}],"replies":[{"embeddable":true,"href":"https:\/\/agora.xtec.cat\/escola-can-clos\/wp-json\/wp\/v2\/comments?post=1061"}],"version-history":[{"count":4,"href":"https:\/\/agora.xtec.cat\/escola-can-clos\/wp-json\/wp\/v2\/pages\/1061\/revisions"}],"predecessor-version":[{"id":2695,"href":"https:\/\/agora.xtec.cat\/escola-can-clos\/wp-json\/wp\/v2\/pages\/1061\/revisions\/2695"}],"up":[{"embeddable":true,"href":"https:\/\/agora.xtec.cat\/escola-can-clos\/wp-json\/wp\/v2\/pages\/993"}],"wp:attachment":[{"href":"https:\/\/agora.xtec.cat\/escola-can-clos\/wp-json\/wp\/v2\/media?parent=1061"}],"curies":[{"name":"wp","href":"https:\/\/api.w.org\/{rel}","templated":true}]}}