{"id":1054,"date":"2022-05-16T12:54:47","date_gmt":"2022-05-16T10:54:47","guid":{"rendered":"https:\/\/agora.xtec.cat\/escola-can-clos\/?page_id=1054"},"modified":"2024-02-01T23:18:17","modified_gmt":"2024-02-01T22:18:17","slug":"modelatge-0-6","status":"publish","type":"page","link":"https:\/\/agora.xtec.cat\/escola-can-clos\/projectes\/modelatge-0-6\/","title":{"rendered":"Modelatge 0-6"},"content":{"rendered":"<p style=\"text-align: justify;\">El <strong>Projecte Modelatge 0-6<\/strong> est\u00e0 impulsat pel Consorci d\u2019Educaci\u00f3 de Barcelona, l\u2019IMEB i l\u2019ICE de la Universitat Aut\u00f2noma de Barcelona. L\u2019objectiu principal d\u2019aquest programa \u00e9s donar continu\u00eftat i coher\u00e8ncia a l\u2019escolaritzaci\u00f3 dels infants de 0 a 6 anys per tal de garantir el seu desenvolupament harm\u00f2nic.<\/p>\n<p style=\"text-align: justify;\">Com a objectius m\u00e9s espec\u00edfics estarien:<\/p>\n<p style=\"text-align: justify;\">\u2022 Analitzar estrat\u00e8gies metodol\u00f2giques pr\u00f2pies de l&#8217;etapa per tal de facilitar l&#8217;assoliment de les capacitats de l&#8217;infant en finalitzar l&#8217;etapa.<br \/>\n\u2022 Analitzar aspectes organitzatius del centre per tal de facilitar l&#8217;assoliment dels reptes educatius plantejats durant l&#8217;etapa.<br \/>\n\u2022 Detectar aspectes comuns en l&#8217;acompanyament a les fam\u00edlies per tal de crear l\u00ednies de visualitzaci\u00f3 d&#8217;etapa \u00fanica.<br \/>\n\u2022 Detectar sinergies afavoridores que s&#8217;han creat durant el projecte per tal d&#8217;assolir l&#8217;objectiu general plantejat.<\/p>\n<p style=\"text-align: justify;\">\u00c9s un projecte amb una durada de 3 anys amb el qual es pret\u00e9n que hi hagi una major coher\u00e8ncia en aquesta etapa de 0-6 anys, la qual \u00e9s molt important pel desenvolupament integral de l\u2019infant i es basa en la formaci\u00f3 entre iguals, en l\u2019observaci\u00f3 de l\u2019altra, en l\u2019autoobservaci\u00f3, en la reflexi\u00f3, en la concreci\u00f3 d\u2019objectius de millora i en la implementaci\u00f3 de transformacions per assolir les millores.<\/p>\n<p style=\"text-align: justify;\">La nostra escola ha iniciat aquest projecte el curs 2021\/2022 i fa binomi amb l\u2019Escola Bressol Niu d\u2019Infants.<\/p>\n<p><img decoding=\"async\" class=\"aligncenter\" src=\"https:\/\/ajuntament.barcelona.cat\/escolesbressol\/sites\/default\/files\/img_20200506_073056.jpg\" \/><\/p>\n","protected":false},"excerpt":{"rendered":"<p>El Projecte Modelatge 0-6 est\u00e0 impulsat pel Consorci d\u2019Educaci\u00f3 de Barcelona, l\u2019IMEB i l\u2019ICE de la Universitat Aut\u00f2noma de Barcelona. L\u2019objectiu principal d\u2019aquest programa \u00e9s donar continu\u00eftat i coher\u00e8ncia a l\u2019escolaritzaci\u00f3 dels infants de 0 a 6 anys per tal de garantir el seu desenvolupament harm\u00f2nic. Com a objectius m\u00e9s espec\u00edfics estarien: \u2022 Analitzar estrat\u00e8gies [&hellip;]<\/p>\n","protected":false},"author":1,"featured_media":0,"parent":993,"menu_order":2,"comment_status":"closed","ping_status":"closed","template":"page-templates\/side-menu.php","meta":{"_bbp_topic_count":0,"_bbp_reply_count":0,"_bbp_total_topic_count":0,"_bbp_total_reply_count":0,"_bbp_voice_count":0,"_bbp_anonymous_reply_count":0,"_bbp_topic_count_hidden":0,"_bbp_reply_count_hidden":0,"_bbp_forum_subforum_count":0,"site-sidebar-layout":"default","site-content-layout":"","ast-site-content-layout":"","site-content-style":"default","site-sidebar-style":"default","ast-global-header-display":"","ast-banner-title-visibility":"","ast-main-header-display":"","ast-hfb-above-header-display":"","ast-hfb-below-header-display":"","ast-hfb-mobile-header-display":"","site-post-title":"","ast-breadcrumbs-content":"","ast-featured-img":"","footer-sml-layout":"","theme-transparent-header-meta":"","adv-header-id-meta":"","stick-header-meta":"","header-above-stick-meta":"","header-main-stick-meta":"","header-below-stick-meta":"","astra-migrate-meta-layouts":"default","ast-page-background-enabled":"default","ast-page-background-meta":{"desktop":{"background-color":"var(--ast-global-color-4)","background-image":"","background-repeat":"repeat","background-position":"center center","background-size":"auto","background-attachment":"scroll","background-type":"","background-media":"","overlay-type":"","overlay-color":"","overlay-opacity":"","overlay-gradient":""},"tablet":{"background-color":"","background-image":"","background-repeat":"repeat","background-position":"center center","background-size":"auto","background-attachment":"scroll","background-type":"","background-media":"","overlay-type":"","overlay-color":"","overlay-opacity":"","overlay-gradient":""},"mobile":{"background-color":"","background-image":"","background-repeat":"repeat","background-position":"center center","background-size":"auto","background-attachment":"scroll","background-type":"","background-media":"","overlay-type":"","overlay-color":"","overlay-opacity":"","overlay-gradient":""}},"ast-content-background-meta":{"desktop":{"background-color":"var(--ast-global-color-5)","background-image":"","background-repeat":"repeat","background-position":"center center","background-size":"auto","background-attachment":"scroll","background-type":"","background-media":"","overlay-type":"","overlay-color":"","overlay-opacity":"","overlay-gradient":""},"tablet":{"background-color":"var(--ast-global-color-5)","background-image":"","background-repeat":"repeat","background-position":"center center","background-size":"auto","background-attachment":"scroll","background-type":"","background-media":"","overlay-type":"","overlay-color":"","overlay-opacity":"","overlay-gradient":""},"mobile":{"background-color":"var(--ast-global-color-5)","background-image":"","background-repeat":"repeat","background-position":"center center","background-size":"auto","background-attachment":"scroll","background-type":"","background-media":"","overlay-type":"","overlay-color":"","overlay-opacity":"","overlay-gradient":""}},"footnotes":""},"class_list":["post-1054","page","type-page","status-publish","hentry"],"post_mailing_queue_ids":[],"_links":{"self":[{"href":"https:\/\/agora.xtec.cat\/escola-can-clos\/wp-json\/wp\/v2\/pages\/1054","targetHints":{"allow":["GET"]}}],"collection":[{"href":"https:\/\/agora.xtec.cat\/escola-can-clos\/wp-json\/wp\/v2\/pages"}],"about":[{"href":"https:\/\/agora.xtec.cat\/escola-can-clos\/wp-json\/wp\/v2\/types\/page"}],"author":[{"embeddable":true,"href":"https:\/\/agora.xtec.cat\/escola-can-clos\/wp-json\/wp\/v2\/users\/1"}],"replies":[{"embeddable":true,"href":"https:\/\/agora.xtec.cat\/escola-can-clos\/wp-json\/wp\/v2\/comments?post=1054"}],"version-history":[{"count":4,"href":"https:\/\/agora.xtec.cat\/escola-can-clos\/wp-json\/wp\/v2\/pages\/1054\/revisions"}],"predecessor-version":[{"id":2709,"href":"https:\/\/agora.xtec.cat\/escola-can-clos\/wp-json\/wp\/v2\/pages\/1054\/revisions\/2709"}],"up":[{"embeddable":true,"href":"https:\/\/agora.xtec.cat\/escola-can-clos\/wp-json\/wp\/v2\/pages\/993"}],"wp:attachment":[{"href":"https:\/\/agora.xtec.cat\/escola-can-clos\/wp-json\/wp\/v2\/media?parent=1054"}],"curies":[{"name":"wp","href":"https:\/\/api.w.org\/{rel}","templated":true}]}}