{"id":1046,"date":"2022-05-16T12:52:53","date_gmt":"2022-05-16T10:52:53","guid":{"rendered":"https:\/\/agora.xtec.cat\/escola-can-clos\/?page_id=1046"},"modified":"2024-05-20T17:09:10","modified_gmt":"2024-05-20T15:09:10","slug":"escoles-sostenibles","status":"publish","type":"page","link":"https:\/\/agora.xtec.cat\/escola-can-clos\/projectes\/escoles-sostenibles\/","title":{"rendered":"Escoles + Sostenibles"},"content":{"rendered":"<p style=\"text-align: justify;\">El Programa<strong> Escoles + Sostenibles<\/strong> va n\u00e9ixer l\u2019any 2001 en el marc del Comprom\u00eds Ciutad\u00e0 per la Sostenibilitat de Barcelona, amb la voluntat de proporcionar una oferta consistent i estimulant de suport als centres educatius de la ciutat per ajudar-los a situar la sostenibilitat al cor de la seva tasca.<\/p>\n<p style=\"text-align: justify;\">Des del programa Escoles + Sostenibles s&#8217;impulsa la cultura de la sostenibilitat, una cultura en construcci\u00f3, que suposa repensar com organitzem la nostra societat i les nostres vides, de manera que trobem solucions que augmentin la nostra qualitat de vida i que minimitzin els impactes que degraden el medi i els recursos. La cultura de la sostenibilitat t\u00e9 a veure amb noves maneres de veure el futur com\u00fa i de participar en la resoluci\u00f3 de problemes (repensar, experimentar, innovar).<\/p>\n<p style=\"text-align: justify;\">La visi\u00f3 del programa \u00e9s la d\u2019una ciutat on tots els centres educatius formen persones conscients d\u2019elles mateixes, del seu entorn i dels l\u00edmits planetaris, i que se senten responsables de cercar camins per a un desenvolupament ecol\u00f2gicament viable, socialment equitatiu i econ\u00f2micament efica\u00e7 per distribuir riquesa. S\u00f3n persones actives i creatives, h\u00e0bils per clarificar valors i interessos, imaginar alternatives, negociar solucions i participar en la seva implementaci\u00f3.<\/p>\n<p style=\"text-align: justify;\">La nostra escola participa en el programa des de fa molts anys, actualment estem en el Projecte Triennal 2022-2025, el qual t\u00e9 com a objectius:<\/p>\n<ul>\n<li style=\"text-align: justify;\">Disminuir l\u2019impacte que tenen les nostres activitats quotidianes sobre el medi ambient.<\/li>\n<li style=\"text-align: justify;\">Motivar l\u2019alumnat a ser part del canvi per formar-los com a persones amb esperit cr\u00edtic i activament compromeses per a solucionar i prevenir problem\u00e0tiques mediambientals.<\/li>\n<li style=\"text-align: justify;\">Fer de la sostenibilitat una manera de viure i dur a terme un aprenentatge transversal per desenvolupar la consci\u00e8ncia ecol\u00f2gica i col\u00b7lectiva de la nostra comunitat educativa.<\/li>\n<li style=\"text-align: justify;\"><span style=\"font-family: inherit; font-size: 1em;\">Garantir la m\u00e0xima coher\u00e8ncia entre el missatge que donem i les accions que portem a terme. Ser <\/span>conscients de la realitat, que cada petita acci\u00f3 compta i les\u00a0 conseq\u00fc\u00e8ncies de les nostres accions per tal de construir un m\u00f3n m\u00e9s just i amb m\u00e9s empatia.<\/li>\n<li style=\"text-align: justify;\">Sistematitzar i consolidar la realitzaci\u00f3 d&#8217;activitats que permetin desenvolupar-hi aprenentatges a tots els espais exterior de l&#8217;escola (hort, pati, entorn proper, jard\u00ed vertical&#8230;).<\/li>\n<\/ul>\n<p><img loading=\"lazy\" decoding=\"async\" class=\"wp-image-2742 aligncenter\" src=\"https:\/\/agora.xtec.cat\/escola-can-clos\/wp-content\/uploads\/usu2456\/2024\/02\/ES-1-1024x752.png\" alt=\"\" width=\"784\" height=\"576\" srcset=\"https:\/\/agora.xtec.cat\/escola-can-clos\/wp-content\/uploads\/usu2456\/2024\/02\/ES-1-1024x752.png 1024w, https:\/\/agora.xtec.cat\/escola-can-clos\/wp-content\/uploads\/usu2456\/2024\/02\/ES-1-300x220.png 300w, https:\/\/agora.xtec.cat\/escola-can-clos\/wp-content\/uploads\/usu2456\/2024\/02\/ES-1-768x564.png 768w, https:\/\/agora.xtec.cat\/escola-can-clos\/wp-content\/uploads\/usu2456\/2024\/02\/ES-1-1536x1128.png 1536w, https:\/\/agora.xtec.cat\/escola-can-clos\/wp-content\/uploads\/usu2456\/2024\/02\/ES-1.png 1700w\" sizes=\"auto, (max-width: 784px) 100vw, 784px\" \/>Podeu con\u00e8ixer m\u00e9s sobre el programa d&#8217;Escoles+Sostenibles a: <a href=\"https:\/\/www.barcelona.cat\/barcelonasostenible\/ca\/escoles-sostenibles\">https:\/\/www.barcelona.cat\/barcelonasostenible\/ca\/escoles-sostenibles<\/a><\/p>\n","protected":false},"excerpt":{"rendered":"<p>El Programa Escoles + Sostenibles va n\u00e9ixer l\u2019any 2001 en el marc del Comprom\u00eds Ciutad\u00e0 per la Sostenibilitat de Barcelona, amb la voluntat de proporcionar una oferta consistent i estimulant de suport als centres educatius de la ciutat per ajudar-los a situar la sostenibilitat al cor de la seva tasca. Des del programa Escoles + [&hellip;]<\/p>\n","protected":false},"author":1,"featured_media":0,"parent":993,"menu_order":3,"comment_status":"closed","ping_status":"closed","template":"page-templates\/side-menu.php","meta":{"_bbp_topic_count":0,"_bbp_reply_count":0,"_bbp_total_topic_count":0,"_bbp_total_reply_count":0,"_bbp_voice_count":0,"_bbp_anonymous_reply_count":0,"_bbp_topic_count_hidden":0,"_bbp_reply_count_hidden":0,"_bbp_forum_subforum_count":0,"site-sidebar-layout":"default","site-content-layout":"","ast-site-content-layout":"","site-content-style":"default","site-sidebar-style":"default","ast-global-header-display":"","ast-banner-title-visibility":"","ast-main-header-display":"","ast-hfb-above-header-display":"","ast-hfb-below-header-display":"","ast-hfb-mobile-header-display":"","site-post-title":"","ast-breadcrumbs-content":"","ast-featured-img":"","footer-sml-layout":"","theme-transparent-header-meta":"","adv-header-id-meta":"","stick-header-meta":"","header-above-stick-meta":"","header-main-stick-meta":"","header-below-stick-meta":"","astra-migrate-meta-layouts":"default","ast-page-background-enabled":"default","ast-page-background-meta":{"desktop":{"background-color":"var(--ast-global-color-4)","background-image":"","background-repeat":"repeat","background-position":"center center","background-size":"auto","background-attachment":"scroll","background-type":"","background-media":"","overlay-type":"","overlay-color":"","overlay-opacity":"","overlay-gradient":""},"tablet":{"background-color":"","background-image":"","background-repeat":"repeat","background-position":"center center","background-size":"auto","background-attachment":"scroll","background-type":"","background-media":"","overlay-type":"","overlay-color":"","overlay-opacity":"","overlay-gradient":""},"mobile":{"background-color":"","background-image":"","background-repeat":"repeat","background-position":"center center","background-size":"auto","background-attachment":"scroll","background-type":"","background-media":"","overlay-type":"","overlay-color":"","overlay-opacity":"","overlay-gradient":""}},"ast-content-background-meta":{"desktop":{"background-color":"var(--ast-global-color-5)","background-image":"","background-repeat":"repeat","background-position":"center center","background-size":"auto","background-attachment":"scroll","background-type":"","background-media":"","overlay-type":"","overlay-color":"","overlay-opacity":"","overlay-gradient":""},"tablet":{"background-color":"var(--ast-global-color-5)","background-image":"","background-repeat":"repeat","background-position":"center center","background-size":"auto","background-attachment":"scroll","background-type":"","background-media":"","overlay-type":"","overlay-color":"","overlay-opacity":"","overlay-gradient":""},"mobile":{"background-color":"var(--ast-global-color-5)","background-image":"","background-repeat":"repeat","background-position":"center center","background-size":"auto","background-attachment":"scroll","background-type":"","background-media":"","overlay-type":"","overlay-color":"","overlay-opacity":"","overlay-gradient":""}},"footnotes":""},"class_list":["post-1046","page","type-page","status-publish","hentry"],"post_mailing_queue_ids":[],"_links":{"self":[{"href":"https:\/\/agora.xtec.cat\/escola-can-clos\/wp-json\/wp\/v2\/pages\/1046","targetHints":{"allow":["GET"]}}],"collection":[{"href":"https:\/\/agora.xtec.cat\/escola-can-clos\/wp-json\/wp\/v2\/pages"}],"about":[{"href":"https:\/\/agora.xtec.cat\/escola-can-clos\/wp-json\/wp\/v2\/types\/page"}],"author":[{"embeddable":true,"href":"https:\/\/agora.xtec.cat\/escola-can-clos\/wp-json\/wp\/v2\/users\/1"}],"replies":[{"embeddable":true,"href":"https:\/\/agora.xtec.cat\/escola-can-clos\/wp-json\/wp\/v2\/comments?post=1046"}],"version-history":[{"count":6,"href":"https:\/\/agora.xtec.cat\/escola-can-clos\/wp-json\/wp\/v2\/pages\/1046\/revisions"}],"predecessor-version":[{"id":3085,"href":"https:\/\/agora.xtec.cat\/escola-can-clos\/wp-json\/wp\/v2\/pages\/1046\/revisions\/3085"}],"up":[{"embeddable":true,"href":"https:\/\/agora.xtec.cat\/escola-can-clos\/wp-json\/wp\/v2\/pages\/993"}],"wp:attachment":[{"href":"https:\/\/agora.xtec.cat\/escola-can-clos\/wp-json\/wp\/v2\/media?parent=1046"}],"curies":[{"name":"wp","href":"https:\/\/api.w.org\/{rel}","templated":true}]}}