{"id":1044,"date":"2022-05-16T12:52:17","date_gmt":"2022-05-16T10:52:17","guid":{"rendered":"https:\/\/agora.xtec.cat\/escola-can-clos\/?page_id=1044"},"modified":"2024-02-02T08:31:17","modified_gmt":"2024-02-02T07:31:17","slug":"xarxes-per-al-canvi-2","status":"publish","type":"page","link":"https:\/\/agora.xtec.cat\/escola-can-clos\/projectes\/xarxes-per-al-canvi-2\/","title":{"rendered":"Xarxes per al canvi"},"content":{"rendered":"<p style=\"text-align: justify;\">El programa<strong> Xarxes per al canvi<\/strong> neix el gener de 2017 liderat pel Consorci d\u2019Educaci\u00f3 de Barcelona amb l\u2019objectiu de contribuir a l&#8217;impuls de la transformaci\u00f3 educativa de la ciutat.<\/p>\n<p style=\"text-align: justify;\">La finalitat \u00e9s avan\u00e7ar cap un sistema educatiu equitatiu i de qualitat. Les xarxes com a context d\u2019aprenentatge professional i entre iguals s\u00f3n una estrat\u00e8gia per impulsar aquesta orientaci\u00f3 al canvi dels centres de Barcelona. L\u2019acci\u00f3 de les xarxes es basa en la reflexi\u00f3 profunda sobre les pr\u00e0ctiques des dels marcs te\u00f2rics de la recerca actualitzada.<\/p>\n<p>Xarxes per al Canvi \u00e9s el programa que emmarca el treball en xarxa entre els centres educatius de la ciutat de Barcelona:<\/p>\n<ul>\n<li>Per afavorir la transformaci\u00f3 educativa<\/li>\n<li>Per alinear i compartir la visi\u00f3 de centre<\/li>\n<li>Per millorar i canviar les pr\u00e0ctiques per avan\u00e7ar en l\u2019aprenentatge de l\u2019alumnat<\/li>\n<li>Per aprendre els uns dels altres compartint reptes i experi\u00e8ncies<\/li>\n<li>Per compartir referents i un marc com\u00fa de cultura de canvi<\/li>\n<\/ul>\n<p style=\"text-align: justify;\">Cada centre educatiu es vincula i interacciona amb la xarxa a trav\u00e9s de representants de centre que lideren la seva pr\u00f2pia transformaci\u00f3. En aquest moment hi ha 18 Xarxes territorials a la Ciutat de Barcelona facilitades i condu\u00efdes per un grup de docents que s\u2019encarreguen de facilitar i promoure reflexions en els membres dels grups impulsors que faran la transfer\u00e8ncia als seus claustres.<\/p>\n<p style=\"text-align: justify;\">La nostra escola est\u00e0 adherida a Xarxes per al Canvi de Sants-Montju\u00efc I, on tamb\u00e9 hi participen altres escoles de la zona de La Marina.<\/p>\n<p><a href=\"https:\/\/agora.xtec.cat\/escola-can-clos\/wp-content\/uploads\/usu2456\/2024\/02\/Sin-titulo.png\"><img loading=\"lazy\" decoding=\"async\" class=\"alignnone wp-image-2707 size-medium\" src=\"https:\/\/agora.xtec.cat\/escola-can-clos\/wp-content\/uploads\/usu2456\/2024\/02\/Sin-titulo-300x118.png\" alt=\"\" width=\"300\" height=\"118\" srcset=\"https:\/\/agora.xtec.cat\/escola-can-clos\/wp-content\/uploads\/usu2456\/2024\/02\/Sin-titulo-300x118.png 300w, https:\/\/agora.xtec.cat\/escola-can-clos\/wp-content\/uploads\/usu2456\/2024\/02\/Sin-titulo.png 587w\" sizes=\"auto, (max-width: 300px) 100vw, 300px\" \/><\/a><\/p>\n<p>Podeu con\u00e8ixer m\u00e9s sobre Xarxes per al canvi a: <a href=\"https:\/\/www.edubcn.cat\/ca\/suport_educatiu_recursos\/plans_programes\/xarxes_per_al_canvi\">https:\/\/www.edubcn.cat\/ca\/suport_educatiu_recursos\/plans_programes\/xarxes_per_al_canvi<\/a><\/p>\n","protected":false},"excerpt":{"rendered":"<p>El programa Xarxes per al canvi neix el gener de 2017 liderat pel Consorci d\u2019Educaci\u00f3 de Barcelona amb l\u2019objectiu de contribuir a l&#8217;impuls de la transformaci\u00f3 educativa de la ciutat. La finalitat \u00e9s avan\u00e7ar cap un sistema educatiu equitatiu i de qualitat. Les xarxes com a context d\u2019aprenentatge professional i entre iguals s\u00f3n una estrat\u00e8gia [&hellip;]<\/p>\n","protected":false},"author":1,"featured_media":0,"parent":993,"menu_order":1,"comment_status":"closed","ping_status":"closed","template":"page-templates\/side-menu.php","meta":{"_bbp_topic_count":0,"_bbp_reply_count":0,"_bbp_total_topic_count":0,"_bbp_total_reply_count":0,"_bbp_voice_count":0,"_bbp_anonymous_reply_count":0,"_bbp_topic_count_hidden":0,"_bbp_reply_count_hidden":0,"_bbp_forum_subforum_count":0,"site-sidebar-layout":"default","site-content-layout":"","ast-site-content-layout":"","site-content-style":"default","site-sidebar-style":"default","ast-global-header-display":"","ast-banner-title-visibility":"","ast-main-header-display":"","ast-hfb-above-header-display":"","ast-hfb-below-header-display":"","ast-hfb-mobile-header-display":"","site-post-title":"","ast-breadcrumbs-content":"","ast-featured-img":"","footer-sml-layout":"","theme-transparent-header-meta":"","adv-header-id-meta":"","stick-header-meta":"","header-above-stick-meta":"","header-main-stick-meta":"","header-below-stick-meta":"","astra-migrate-meta-layouts":"default","ast-page-background-enabled":"default","ast-page-background-meta":{"desktop":{"background-color":"var(--ast-global-color-4)","background-image":"","background-repeat":"repeat","background-position":"center center","background-size":"auto","background-attachment":"scroll","background-type":"","background-media":"","overlay-type":"","overlay-color":"","overlay-opacity":"","overlay-gradient":""},"tablet":{"background-color":"","background-image":"","background-repeat":"repeat","background-position":"center center","background-size":"auto","background-attachment":"scroll","background-type":"","background-media":"","overlay-type":"","overlay-color":"","overlay-opacity":"","overlay-gradient":""},"mobile":{"background-color":"","background-image":"","background-repeat":"repeat","background-position":"center center","background-size":"auto","background-attachment":"scroll","background-type":"","background-media":"","overlay-type":"","overlay-color":"","overlay-opacity":"","overlay-gradient":""}},"ast-content-background-meta":{"desktop":{"background-color":"var(--ast-global-color-5)","background-image":"","background-repeat":"repeat","background-position":"center center","background-size":"auto","background-attachment":"scroll","background-type":"","background-media":"","overlay-type":"","overlay-color":"","overlay-opacity":"","overlay-gradient":""},"tablet":{"background-color":"var(--ast-global-color-5)","background-image":"","background-repeat":"repeat","background-position":"center center","background-size":"auto","background-attachment":"scroll","background-type":"","background-media":"","overlay-type":"","overlay-color":"","overlay-opacity":"","overlay-gradient":""},"mobile":{"background-color":"var(--ast-global-color-5)","background-image":"","background-repeat":"repeat","background-position":"center center","background-size":"auto","background-attachment":"scroll","background-type":"","background-media":"","overlay-type":"","overlay-color":"","overlay-opacity":"","overlay-gradient":""}},"footnotes":""},"class_list":["post-1044","page","type-page","status-publish","hentry"],"post_mailing_queue_ids":[],"_links":{"self":[{"href":"https:\/\/agora.xtec.cat\/escola-can-clos\/wp-json\/wp\/v2\/pages\/1044","targetHints":{"allow":["GET"]}}],"collection":[{"href":"https:\/\/agora.xtec.cat\/escola-can-clos\/wp-json\/wp\/v2\/pages"}],"about":[{"href":"https:\/\/agora.xtec.cat\/escola-can-clos\/wp-json\/wp\/v2\/types\/page"}],"author":[{"embeddable":true,"href":"https:\/\/agora.xtec.cat\/escola-can-clos\/wp-json\/wp\/v2\/users\/1"}],"replies":[{"embeddable":true,"href":"https:\/\/agora.xtec.cat\/escola-can-clos\/wp-json\/wp\/v2\/comments?post=1044"}],"version-history":[{"count":3,"href":"https:\/\/agora.xtec.cat\/escola-can-clos\/wp-json\/wp\/v2\/pages\/1044\/revisions"}],"predecessor-version":[{"id":2722,"href":"https:\/\/agora.xtec.cat\/escola-can-clos\/wp-json\/wp\/v2\/pages\/1044\/revisions\/2722"}],"up":[{"embeddable":true,"href":"https:\/\/agora.xtec.cat\/escola-can-clos\/wp-json\/wp\/v2\/pages\/993"}],"wp:attachment":[{"href":"https:\/\/agora.xtec.cat\/escola-can-clos\/wp-json\/wp\/v2\/media?parent=1044"}],"curies":[{"name":"wp","href":"https:\/\/api.w.org\/{rel}","templated":true}]}}