{"id":1015,"date":"2022-05-15T19:55:38","date_gmt":"2022-05-15T17:55:38","guid":{"rendered":"https:\/\/agora.xtec.cat\/escola-can-clos\/?page_id=1015"},"modified":"2024-10-21T20:29:51","modified_gmt":"2024-10-21T18:29:51","slug":"documentacio","status":"publish","type":"page","link":"https:\/\/agora.xtec.cat\/escola-can-clos\/lescola\/documentacio\/","title":{"rendered":"Secretaria"},"content":{"rendered":"<p>Formularis i documentaci\u00f3<\/p>\n<table style=\"border-collapse: collapse; width: 69.9525%; height: 280px;\">\n<tbody>\n<tr style=\"height: 31px;\">\n<td style=\"width: 810.75px; height: 31px;\"><a href=\"https:\/\/agora.xtec.cat\/escola-can-clos\/wp-content\/uploads\/usu2456\/2024\/10\/FITXA-SALUT.pdf\">Fitxa salut<\/a><\/td>\n<\/tr>\n<tr style=\"height: 31px;\">\n<td style=\"width: 810.75px; height: 31px;\"><a href=\"https:\/\/agora.xtec.cat\/escola-can-clos\/wp-content\/uploads\/usu2456\/2024\/10\/AUTORITZACIO-TORNAR-SOLS.pdf\">Autoritzaci\u00f3 marxar sols<\/a><\/td>\n<\/tr>\n<tr style=\"height: 31px;\">\n<td style=\"width: 810.75px; height: 31px;\">Autoritzaci\u00f3 marxar sols amb un germ\u00e0<\/td>\n<\/tr>\n<tr style=\"height: 31px;\">\n<td style=\"width: 810.75px; height: 31px;\"><a href=\"https:\/\/agora.xtec.cat\/escola-can-clos\/wp-content\/uploads\/usu2456\/2024\/10\/AUTORITZACIO-PER-MARXAR-AMB-UNA-ALTRA-PERSONA.pdf\">Autoritzaci\u00f3 per marxar amb una altra persona<\/a><\/td>\n<\/tr>\n<tr style=\"height: 31px;\">\n<td style=\"width: 810.75px; height: 31px;\"><a href=\"https:\/\/agora.xtec.cat\/escola-can-clos\/wp-content\/uploads\/usu2456\/2024\/10\/AUTORITZACIO-MOBIL.pdf\">Autoritzaci\u00f3 m\u00f2bil<\/a><\/td>\n<\/tr>\n<tr style=\"height: 31px;\">\n<td style=\"width: 810.75px; height: 31px;\"><a href=\"https:\/\/agora.xtec.cat\/escola-can-clos\/wp-content\/uploads\/usu2456\/2024\/10\/Autoritzacio-IMATGE-23-24-V2.pdf\">Dret d&#8217;imatge<\/a><\/td>\n<\/tr>\n<tr style=\"height: 31px;\">\n<td style=\"width: 810.75px; height: 31px;\"><a href=\"https:\/\/agora.xtec.cat\/escola-can-clos\/wp-content\/uploads\/usu2456\/2024\/10\/AUTORITZACIO-SORTIDES.pdf\">Autoritzaci\u00f3 sortides<\/a><\/td>\n<\/tr>\n<tr style=\"height: 32px;\">\n<td style=\"width: 810.75px; height: 32px;\"><a href=\"https:\/\/agora.xtec.cat\/escola-can-clos\/wp-content\/uploads\/usu2456\/2024\/10\/AUTORITZACIO-ADMINISTRACIO-MEDICACIO.pdf\">Autoritzaci\u00f3 administraci\u00f3 medicaci\u00f3<\/a><\/td>\n<\/tr>\n<\/tbody>\n<\/table>\n<p>&nbsp;<\/p>\n","protected":false},"excerpt":{"rendered":"<p>Formularis i documentaci\u00f3 Fitxa salut Autoritzaci\u00f3 marxar sols Autoritzaci\u00f3 marxar sols amb un germ\u00e0 Autoritzaci\u00f3 per marxar amb una altra persona Autoritzaci\u00f3 m\u00f2bil Dret d&#8217;imatge Autoritzaci\u00f3 sortides Autoritzaci\u00f3 administraci\u00f3 medicaci\u00f3 &nbsp;<\/p>\n","protected":false},"author":1,"featured_media":0,"parent":22,"menu_order":80,"comment_status":"closed","ping_status":"closed","template":"page-templates\/side-menu.php","meta":{"_bbp_topic_count":0,"_bbp_reply_count":0,"_bbp_total_topic_count":0,"_bbp_total_reply_count":0,"_bbp_voice_count":0,"_bbp_anonymous_reply_count":0,"_bbp_topic_count_hidden":0,"_bbp_reply_count_hidden":0,"_bbp_forum_subforum_count":0,"site-sidebar-layout":"default","site-content-layout":"","ast-site-content-layout":"","site-content-style":"default","site-sidebar-style":"default","ast-global-header-display":"","ast-banner-title-visibility":"","ast-main-header-display":"","ast-hfb-above-header-display":"","ast-hfb-below-header-display":"","ast-hfb-mobile-header-display":"","site-post-title":"","ast-breadcrumbs-content":"","ast-featured-img":"","footer-sml-layout":"","theme-transparent-header-meta":"","adv-header-id-meta":"","stick-header-meta":"","header-above-stick-meta":"","header-main-stick-meta":"","header-below-stick-meta":"","astra-migrate-meta-layouts":"default","ast-page-background-enabled":"default","ast-page-background-meta":{"desktop":{"background-color":"var(--ast-global-color-4)","background-image":"","background-repeat":"repeat","background-position":"center center","background-size":"auto","background-attachment":"scroll","background-type":"","background-media":"","overlay-type":"","overlay-color":"","overlay-opacity":"","overlay-gradient":""},"tablet":{"background-color":"","background-image":"","background-repeat":"repeat","background-position":"center center","background-size":"auto","background-attachment":"scroll","background-type":"","background-media":"","overlay-type":"","overlay-color":"","overlay-opacity":"","overlay-gradient":""},"mobile":{"background-color":"","background-image":"","background-repeat":"repeat","background-position":"center center","background-size":"auto","background-attachment":"scroll","background-type":"","background-media":"","overlay-type":"","overlay-color":"","overlay-opacity":"","overlay-gradient":""}},"ast-content-background-meta":{"desktop":{"background-color":"var(--ast-global-color-5)","background-image":"","background-repeat":"repeat","background-position":"center center","background-size":"auto","background-attachment":"scroll","background-type":"","background-media":"","overlay-type":"","overlay-color":"","overlay-opacity":"","overlay-gradient":""},"tablet":{"background-color":"var(--ast-global-color-5)","background-image":"","background-repeat":"repeat","background-position":"center center","background-size":"auto","background-attachment":"scroll","background-type":"","background-media":"","overlay-type":"","overlay-color":"","overlay-opacity":"","overlay-gradient":""},"mobile":{"background-color":"var(--ast-global-color-5)","background-image":"","background-repeat":"repeat","background-position":"center center","background-size":"auto","background-attachment":"scroll","background-type":"","background-media":"","overlay-type":"","overlay-color":"","overlay-opacity":"","overlay-gradient":""}},"footnotes":""},"class_list":["post-1015","page","type-page","status-publish","hentry"],"post_mailing_queue_ids":[],"_links":{"self":[{"href":"https:\/\/agora.xtec.cat\/escola-can-clos\/wp-json\/wp\/v2\/pages\/1015","targetHints":{"allow":["GET"]}}],"collection":[{"href":"https:\/\/agora.xtec.cat\/escola-can-clos\/wp-json\/wp\/v2\/pages"}],"about":[{"href":"https:\/\/agora.xtec.cat\/escola-can-clos\/wp-json\/wp\/v2\/types\/page"}],"author":[{"embeddable":true,"href":"https:\/\/agora.xtec.cat\/escola-can-clos\/wp-json\/wp\/v2\/users\/1"}],"replies":[{"embeddable":true,"href":"https:\/\/agora.xtec.cat\/escola-can-clos\/wp-json\/wp\/v2\/comments?post=1015"}],"version-history":[{"count":6,"href":"https:\/\/agora.xtec.cat\/escola-can-clos\/wp-json\/wp\/v2\/pages\/1015\/revisions"}],"predecessor-version":[{"id":3286,"href":"https:\/\/agora.xtec.cat\/escola-can-clos\/wp-json\/wp\/v2\/pages\/1015\/revisions\/3286"}],"up":[{"embeddable":true,"href":"https:\/\/agora.xtec.cat\/escola-can-clos\/wp-json\/wp\/v2\/pages\/22"}],"wp:attachment":[{"href":"https:\/\/agora.xtec.cat\/escola-can-clos\/wp-json\/wp\/v2\/media?parent=1015"}],"curies":[{"name":"wp","href":"https:\/\/api.w.org\/{rel}","templated":true}]}}